{"id":4788,"date":"2025-07-25T07:20:55","date_gmt":"2025-07-25T07:20:55","guid":{"rendered":"https:\/\/jinancuchem.com\/?post_type=product&#038;p=4788"},"modified":"2025-07-25T07:20:55","modified_gmt":"2025-07-25T07:20:55","slug":"skimmed-milk-powder","status":"publish","type":"product","link":"https:\/\/jinancuchem.com\/es\/producto\/skimmed-milk-powder\/","title":{"rendered":"Leche desnatada en polvo"},"content":{"rendered":"<h4><strong><b>1. Propiedad del producto<\/b><\/strong><\/h4>\n<p>La leche desnatada en polvo es un polvo cremoso de color blanco a amarillo claro con un sabor y aroma caracter\u00edsticos a leche. Contiene aproximadamente 26-28% de grasa, 25-27% de prote\u00edna y 36-38% de lactosa, junto con vitaminas y minerales esenciales. El producto se obtiene por evaporaci\u00f3n y secado por pulverizaci\u00f3n de leche desnatada pasteurizada, obteni\u00e9ndose un polvo estable en almac\u00e9n con un contenido de humedad inferior a 4%. Se reconstituye f\u00e1cilmente en agua y mantiene la mayor\u00eda de las propiedades nutricionales de la leche fresca. El polvo es higrosc\u00f3pico y requiere un envasado adecuado para evitar la absorci\u00f3n de humedad y la oxidaci\u00f3n.<\/p>\n<h3><\/h3>\n<h4><b>2.\u00a0<\/b><strong><b>Normas de calidad<\/b><\/strong><\/h4>\n<table>\n<tbody>\n<tr>\n<td><strong><b>Par\u00e1metro<\/b><\/strong><\/td>\n<td><strong><b>Especificaci\u00f3n de calidad alimentaria<\/b><\/strong><\/td>\n<\/tr>\n<tr>\n<td><strong><b>Contenido en humedad<\/b><\/strong><\/td>\n<td>\u2264 4.0%<\/td>\n<\/tr>\n<tr>\n<td><strong><b>Contenido de grasa de la leche<\/b><\/strong><\/td>\n<td>\u2264 1.5%<\/td>\n<\/tr>\n<tr>\n<td><strong><b>Contenido en prote\u00ednas (N\u00d76,38)<\/b><\/strong><\/td>\n<td>\u2265 34.0%<\/td>\n<\/tr>\n<tr>\n<td><strong><b>Contenido en lactosa<\/b><\/strong><\/td>\n<td>50-52%<\/td>\n<\/tr>\n<tr>\n<td><strong><b>Acidez valorable<\/b><\/strong><\/td>\n<td>\u2264 0,15%<\/td>\n<\/tr>\n<tr>\n<td><strong><b>\u00cdndice de solubilidad<\/b><\/strong><\/td>\n<td>\u2264 1.0 mL<\/td>\n<\/tr>\n<tr>\n<td><strong><b>Recuento total de placas<\/b><\/strong><\/td>\n<td>\u2264 50.000 ufc\/g<\/td>\n<\/tr>\n<tr>\n<td><strong><b>Bacterias coliformes<\/b><\/strong><\/td>\n<td>\u2264 10 ufc\/g<\/td>\n<\/tr>\n<tr>\n<td><strong><b>Salmonella<\/b><\/strong><\/td>\n<td>Ausente en 25 g<\/td>\n<\/tr>\n<tr>\n<td><strong><b>Contenido en cenizas<\/b><\/strong><\/td>\n<td>8-9%<\/td>\n<\/tr>\n<\/tbody>\n<\/table>\n<p>&nbsp;<\/p>\n<h4><strong><b>3. \u00c1mbito de aplicaci\u00f3n y uso<\/b><\/strong><\/h4>\n<p>La leche desnatada en polvo se utiliza ampliamente como ingrediente nutritivo en productos l\u00e1cteos, productos de panader\u00eda, confiter\u00eda y alimentos procesados. Sirve como sustituto completo de la leche en regiones que carecen de suministro de leche fresca. El producto es esencial en la fabricaci\u00f3n de chocolate, helados y bebidas listas para beber. Los fabricantes de preparados para lactantes lo utilizan como material de base tras el enriquecimiento. Las industrias alimentarias lo utilizan para blanquear el caf\u00e9 y en aplicaciones culinarias.<\/p>\n<h3><\/h3>\n<h4><strong><b>4. Embalaje y almacenamiento<\/b><\/strong><\/h4>\n<p>La leche desnatada en polvo se envasa en bolsas de l\u00e1mina multicapa con inyecci\u00f3n de nitr\u00f3geno (25 kg) o en latas de hojalata (1 kg) para evitar la oxidaci\u00f3n. Las cantidades industriales se envasan en bolsas de papel kraft forradas de polietileno de 25 kg. El almacenamiento requiere condiciones frescas (\u226425\u00b0C) y secas (RH\u226465%), lejos de la luz y los olores fuertes. Los envases bien cerrados mantienen la calidad durante 18-24 meses. Los envases abiertos deben volver a cerrarse y utilizarse en el plazo de 1 mes. El almacenamiento a granel requiere almacenes de temperatura controlada con medidas de control de plagas. El transporte debe evitar las altas temperaturas y la humedad para prevenir el apelmazamiento y el deterioro de la calidad. El producto es sensible a la oxidaci\u00f3n inducida por la luz, por lo que se requiere un envase opaco para las unidades de venta al por menor.<\/p>","protected":false},"excerpt":{"rendered":"<p>1. Product Property Skimmed Milk Powder\u00a0is a creamy white to light yellow powder with a characteristic milky flavor and aroma. It contains approximately 26-28% fat, 25-27% protein, and 36-38% lactose, along with essential vitamins and minerals. The product is produced by evaporating and spray-drying pasteurized Skimmed milk, resulting in a shelf-stable powder with moisture content [&hellip;]<\/p>\n","protected":false},"featured_media":4794,"template":"","meta":{"_seopress_robots_primary_cat":"","_seopress_titles_title":"","_seopress_titles_desc":"","_seopress_robots_index":"","_uag_custom_page_level_css":"","site-sidebar-layout":"default","site-content-layout":"","ast-site-content-layout":"default","site-content-style":"default","site-sidebar-style":"default","ast-global-header-display":"","ast-banner-title-visibility":"","ast-main-header-display":"","ast-hfb-above-header-display":"","ast-hfb-below-header-display":"","ast-hfb-mobile-header-display":"","site-post-title":"","ast-breadcrumbs-content":"","ast-featured-img":"","footer-sml-layout":"","theme-transparent-header-meta":"default","adv-header-id-meta":"","stick-header-meta":"default","header-above-stick-meta":"","header-main-stick-meta":"","header-below-stick-meta":"","astra-migrate-meta-layouts":"set","ast-page-background-enabled":"default","ast-page-background-meta":{"desktop":{"background-color":"","background-image":"","background-repeat":"repeat","background-position":"center center","background-size":"auto","background-attachment":"scroll","background-type":"","background-media":"","overlay-type":"","overlay-color":"","overlay-opacity":"","overlay-gradient":""},"tablet":{"background-color":"","background-image":"","background-repeat":"repeat","background-position":"center center","background-size":"auto","background-attachment":"scroll","background-type":"","background-media":"","overlay-type":"","overlay-color":"","overlay-opacity":"","overlay-gradient":""},"mobile":{"background-color":"","background-image":"","background-repeat":"repeat","background-position":"center center","background-size":"auto","background-attachment":"scroll","background-type":"","background-media":"","overlay-type":"","overlay-color":"","overlay-opacity":"","overlay-gradient":""}},"ast-content-background-meta":{"desktop":{"background-color":"var(--ast-global-color-5)","background-image":"","background-repeat":"repeat","background-position":"center center","background-size":"auto","background-attachment":"scroll","background-type":"","background-media":"","overlay-type":"","overlay-color":"","overlay-opacity":"","overlay-gradient":""},"tablet":{"background-color":"var(--ast-global-color-5)","background-image":"","background-repeat":"repeat","background-position":"center center","background-size":"auto","background-attachment":"scroll","background-type":"","background-media":"","overlay-type":"","overlay-color":"","overlay-opacity":"","overlay-gradient":""},"mobile":{"background-color":"var(--ast-global-color-5)","background-image":"","background-repeat":"repeat","background-position":"center center","background-size":"auto","background-attachment":"scroll","background-type":"","background-media":"","overlay-type":"","overlay-color":"","overlay-opacity":"","overlay-gradient":""}}},"product_brand":[],"product_cat":[67],"product_tag":[],"class_list":{"0":"post-4788","1":"product","2":"type-product","3":"status-publish","4":"has-post-thumbnail","6":"product_cat-food-additives","7":"desktop-align-left","8":"tablet-align-left","9":"mobile-align-left","10":"ast-product-gallery-layout-horizontal-slider","11":"ast-product-gallery-with-no-image","12":"ast-product-tabs-layout-horizontal","14":"first","15":"instock","16":"shipping-taxable","17":"product-type-simple"},"uagb_featured_image_src":{"full":["https:\/\/jinancuchem.com\/wp-content\/uploads\/2025\/07\/72.png",800,800,false],"thumbnail":["https:\/\/jinancuchem.com\/wp-content\/uploads\/2025\/07\/72-150x150.png",150,150,true],"medium":["https:\/\/jinancuchem.com\/wp-content\/uploads\/2025\/07\/72-300x300.png",300,300,true],"medium_large":["https:\/\/jinancuchem.com\/wp-content\/uploads\/2025\/07\/72-768x768.png",768,768,true],"large":["https:\/\/jinancuchem.com\/wp-content\/uploads\/2025\/07\/72.png",800,800,false],"1536x1536":["https:\/\/jinancuchem.com\/wp-content\/uploads\/2025\/07\/72.png",800,800,false],"2048x2048":["https:\/\/jinancuchem.com\/wp-content\/uploads\/2025\/07\/72.png",800,800,false],"trp-custom-language-flag":["https:\/\/jinancuchem.com\/wp-content\/uploads\/2025\/07\/72-12x12.png",12,12,true],"woocommerce_thumbnail":["https:\/\/jinancuchem.com\/wp-content\/uploads\/2025\/07\/72-300x300.png",300,300,true],"woocommerce_single":["https:\/\/jinancuchem.com\/wp-content\/uploads\/2025\/07\/72-500x500.png",500,500,true],"woocommerce_gallery_thumbnail":["https:\/\/jinancuchem.com\/wp-content\/uploads\/2025\/07\/72-100x100.png",100,100,true]},"uagb_author_info":{"display_name":"jinxing6611@gmail.com","author_link":"https:\/\/jinancuchem.com\/es\/author\/"},"uagb_comment_info":0,"uagb_excerpt":"1. Product Property Skimmed Milk Powder\u00a0is a creamy white to light yellow powder with a characteristic milky flavor and aroma. It contains approximately 26-28% fat, 25-27% protein, and 36-38% lactose, along with essential vitamins and minerals. The product is produced by evaporating and spray-drying pasteurized Skimmed milk, resulting in a shelf-stable powder with moisture content&hellip;","_links":{"self":[{"href":"https:\/\/jinancuchem.com\/es\/wp-json\/wp\/v2\/product\/4788","targetHints":{"allow":["GET"]}}],"collection":[{"href":"https:\/\/jinancuchem.com\/es\/wp-json\/wp\/v2\/product"}],"about":[{"href":"https:\/\/jinancuchem.com\/es\/wp-json\/wp\/v2\/types\/product"}],"wp:featuredmedia":[{"embeddable":true,"href":"https:\/\/jinancuchem.com\/es\/wp-json\/wp\/v2\/media\/4794"}],"wp:attachment":[{"href":"https:\/\/jinancuchem.com\/es\/wp-json\/wp\/v2\/media?parent=4788"}],"wp:term":[{"taxonomy":"product_brand","embeddable":true,"href":"https:\/\/jinancuchem.com\/es\/wp-json\/wp\/v2\/product_brand?post=4788"},{"taxonomy":"product_cat","embeddable":true,"href":"https:\/\/jinancuchem.com\/es\/wp-json\/wp\/v2\/product_cat?post=4788"},{"taxonomy":"product_tag","embeddable":true,"href":"https:\/\/jinancuchem.com\/es\/wp-json\/wp\/v2\/product_tag?post=4788"}],"curies":[{"name":"wp","href":"https:\/\/api.w.org\/{rel}","templated":true}]}}