{"id":4834,"date":"2025-07-25T07:26:36","date_gmt":"2025-07-25T07:26:36","guid":{"rendered":"https:\/\/jinancuchem.com\/?post_type=product&#038;p=4834"},"modified":"2025-07-25T07:26:36","modified_gmt":"2025-07-25T07:26:36","slug":"isooctyl-alcohol","status":"publish","type":"product","link":"https:\/\/jinancuchem.com\/es\/producto\/isooctyl-alcohol\/","title":{"rendered":"Alcohol isooc\u00edlico"},"content":{"rendered":"<p><strong><b>CAS<\/b><\/strong>: 26952-21-6<br \/>\n<strong><b>Alias<\/b><\/strong>2-Etilhexanol; 2-EH<br \/>\n<strong><b>F\u00f3rmula molecular<\/b><\/strong>: C\u2088H\u2081\u2088O<br \/>\n<strong><b>Masa molecular relativa<\/b><\/strong>: 130.23<br \/>\n<strong><b>F\u00f3rmula estructural<\/b><\/strong>:<img alt=\"\" fetchpriority=\"high\" decoding=\"async\" class=\"alignnone size-medium wp-image-4840\" src=\"https:\/\/jinancuchem.com\/wp-content\/uploads\/2025\/07\/\u672a\u6807\u9898-1-70-300x300.jpg\" width=\"300\" height=\"300\" srcset=\"https:\/\/jinancuchem.com\/wp-content\/uploads\/2025\/07\/\u672a\u6807\u9898-1-70-300x300.jpg 300w, https:\/\/jinancuchem.com\/wp-content\/uploads\/2025\/07\/\u672a\u6807\u9898-1-70-100x100.jpg 100w, https:\/\/jinancuchem.com\/wp-content\/uploads\/2025\/07\/\u672a\u6807\u9898-1-70-500x500.jpg 500w, https:\/\/jinancuchem.com\/wp-content\/uploads\/2025\/07\/\u672a\u6807\u9898-1-70-150x150.jpg 150w, https:\/\/jinancuchem.com\/wp-content\/uploads\/2025\/07\/\u672a\u6807\u9898-1-70-768x768.jpg 768w, https:\/\/jinancuchem.com\/wp-content\/uploads\/2025\/07\/\u672a\u6807\u9898-1-70-12x12.jpg 12w, https:\/\/jinancuchem.com\/wp-content\/uploads\/2025\/07\/\u672a\u6807\u9898-1-70.jpg 800w\" sizes=\"(max-width: 300px) 100vw, 300px\" \/><\/p>\n<h3><strong><b>1. Propiedad del producto<\/b><\/strong><\/h3>\n<p>El isooctanol es un l\u00edquido incoloro con un olor tenue y agradable\u3002Tiene una densidad de aproximadamente 0,832 y un punto de ebullici\u00f3n de 183,5\u00b0C (367\u00b0F)\u3002Es insoluble en agua pero soluble en la mayor\u00eda de los disolventes org\u00e1nicos\u3002El compuesto es inflamable y tiene un punto de inflamaci\u00f3n de 81,1\u00b0C (180\u00b0F)\u3002<\/p>\n<h3><strong><b>2. Norma de calidad<\/b><\/strong><\/h3>\n<table>\n<tbody>\n<tr>\n<td><strong><b>Par\u00e1metro<\/b><\/strong><\/td>\n<td><strong><b>Especificaci\u00f3n<\/b><\/strong><\/td>\n<\/tr>\n<tr>\n<td>Pureza (GC)<\/td>\n<td>\u2265 99.0%<\/td>\n<\/tr>\n<tr>\n<td>Color (Pt-Co)<\/td>\n<td>\u2264 50<\/td>\n<\/tr>\n<tr>\n<td>\u00cdndice de acidez<\/td>\n<td>\u2264 0,1 mgKOH\/g<\/td>\n<\/tr>\n<tr>\n<td>Contenido en agua<\/td>\n<td>\u2264 0,1%<\/td>\n<\/tr>\n<tr>\n<td>Densidad (20\u00b0C, g\/cm\u00b3)<\/td>\n<td>0.855-0.865<\/td>\n<\/tr>\n<tr>\n<td>\u00cdndice de refracci\u00f3n (20\u00b0C)<\/td>\n<td>1.420-1.424<\/td>\n<\/tr>\n<\/tbody>\n<\/table>\n<h3><strong><b>3. \u00c1mbito de aplicaci\u00f3n y uso<\/b><\/strong><\/h3>\n<p>El isooctanol se utiliza principalmente en la producci\u00f3n de plastificantes como el ftalato de dioctilo y el tereftalato de dioctilo\u3002Sirve como disolvente en revestimientos, tintas y adhesivos debido a sus excelentes propiedades de disoluci\u00f3n\u3002Adem\u00e1s, se utiliza en la s\u00edntesis de fragancias, aromatizantes y como antiespumante en diversos procesos industriales\u3002<\/p>\n<h3><strong><b>4. Embalaje y almacenamiento<\/b><\/strong><\/h3>\n<p>El isoctanol suele envasarse en bidones de 200 litros o en contenedores IBC de 1000 litros\u3002Debe almacenarse en un lugar fresco, seco y bien ventilado, alejado de fuentes de calor y de la luz solar directa\u3002La temperatura de almacenamiento no debe superar los 30\u00b0C\u3002El envasado en bidones es habitual para cantidades m\u00e1s peque\u00f1as, lo que garantiza que el producto est\u00e9 protegido de la humedad y la contaminaci\u00f3n\u3002<\/p>","protected":false},"excerpt":{"rendered":"<p>CAS: 26952-21-6 Alias: 2-Ethylhexanol; 2-EH Molecular formula: C\u2088H\u2081\u2088O Relative molecular mass: 130.23 Structural formula: 1. Product Property Isooctanol is a colorless liquid with a faint, pleasant odor\u3002It has a density of approximately 0.832 and a boiling point of 367\u00b0F (183.5\u00b0C)\u3002It is insoluble in water but soluble in most organic solvents\u3002The compound is flammable and has [&hellip;]<\/p>\n","protected":false},"featured_media":4840,"template":"","meta":{"_seopress_robots_primary_cat":"","_seopress_titles_title":"","_seopress_titles_desc":"","_seopress_robots_index":"","_uag_custom_page_level_css":"","site-sidebar-layout":"default","site-content-layout":"","ast-site-content-layout":"default","site-content-style":"default","site-sidebar-style":"default","ast-global-header-display":"","ast-banner-title-visibility":"","ast-main-header-display":"","ast-hfb-above-header-display":"","ast-hfb-below-header-display":"","ast-hfb-mobile-header-display":"","site-post-title":"","ast-breadcrumbs-content":"","ast-featured-img":"","footer-sml-layout":"","theme-transparent-header-meta":"default","adv-header-id-meta":"","stick-header-meta":"default","header-above-stick-meta":"","header-main-stick-meta":"","header-below-stick-meta":"","astra-migrate-meta-layouts":"set","ast-page-background-enabled":"default","ast-page-background-meta":{"desktop":{"background-color":"","background-image":"","background-repeat":"repeat","background-position":"center center","background-size":"auto","background-attachment":"scroll","background-type":"","background-media":"","overlay-type":"","overlay-color":"","overlay-opacity":"","overlay-gradient":""},"tablet":{"background-color":"","background-image":"","background-repeat":"repeat","background-position":"center center","background-size":"auto","background-attachment":"scroll","background-type":"","background-media":"","overlay-type":"","overlay-color":"","overlay-opacity":"","overlay-gradient":""},"mobile":{"background-color":"","background-image":"","background-repeat":"repeat","background-position":"center center","background-size":"auto","background-attachment":"scroll","background-type":"","background-media":"","overlay-type":"","overlay-color":"","overlay-opacity":"","overlay-gradient":""}},"ast-content-background-meta":{"desktop":{"background-color":"var(--ast-global-color-5)","background-image":"","background-repeat":"repeat","background-position":"center center","background-size":"auto","background-attachment":"scroll","background-type":"","background-media":"","overlay-type":"","overlay-color":"","overlay-opacity":"","overlay-gradient":""},"tablet":{"background-color":"var(--ast-global-color-5)","background-image":"","background-repeat":"repeat","background-position":"center center","background-size":"auto","background-attachment":"scroll","background-type":"","background-media":"","overlay-type":"","overlay-color":"","overlay-opacity":"","overlay-gradient":""},"mobile":{"background-color":"var(--ast-global-color-5)","background-image":"","background-repeat":"repeat","background-position":"center center","background-size":"auto","background-attachment":"scroll","background-type":"","background-media":"","overlay-type":"","overlay-color":"","overlay-opacity":"","overlay-gradient":""}}},"product_brand":[],"product_cat":[69],"product_tag":[],"class_list":{"0":"post-4834","1":"product","2":"type-product","3":"status-publish","4":"has-post-thumbnail","6":"product_cat-daily-chemical-product","7":"desktop-align-left","8":"tablet-align-left","9":"mobile-align-left","10":"ast-product-gallery-layout-horizontal-slider","11":"ast-product-gallery-with-no-image","12":"ast-product-tabs-layout-horizontal","14":"first","15":"instock","16":"shipping-taxable","17":"product-type-simple"},"uagb_featured_image_src":{"full":["https:\/\/jinancuchem.com\/wp-content\/uploads\/2025\/07\/\u672a\u6807\u9898-1-70.jpg",800,800,false],"thumbnail":["https:\/\/jinancuchem.com\/wp-content\/uploads\/2025\/07\/\u672a\u6807\u9898-1-70-150x150.jpg",150,150,true],"medium":["https:\/\/jinancuchem.com\/wp-content\/uploads\/2025\/07\/\u672a\u6807\u9898-1-70-300x300.jpg",300,300,true],"medium_large":["https:\/\/jinancuchem.com\/wp-content\/uploads\/2025\/07\/\u672a\u6807\u9898-1-70-768x768.jpg",768,768,true],"large":["https:\/\/jinancuchem.com\/wp-content\/uploads\/2025\/07\/\u672a\u6807\u9898-1-70.jpg",800,800,false],"1536x1536":["https:\/\/jinancuchem.com\/wp-content\/uploads\/2025\/07\/\u672a\u6807\u9898-1-70.jpg",800,800,false],"2048x2048":["https:\/\/jinancuchem.com\/wp-content\/uploads\/2025\/07\/\u672a\u6807\u9898-1-70.jpg",800,800,false],"trp-custom-language-flag":["https:\/\/jinancuchem.com\/wp-content\/uploads\/2025\/07\/\u672a\u6807\u9898-1-70-12x12.jpg",12,12,true],"woocommerce_thumbnail":["https:\/\/jinancuchem.com\/wp-content\/uploads\/2025\/07\/\u672a\u6807\u9898-1-70-300x300.jpg",300,300,true],"woocommerce_single":["https:\/\/jinancuchem.com\/wp-content\/uploads\/2025\/07\/\u672a\u6807\u9898-1-70-500x500.jpg",500,500,true],"woocommerce_gallery_thumbnail":["https:\/\/jinancuchem.com\/wp-content\/uploads\/2025\/07\/\u672a\u6807\u9898-1-70-100x100.jpg",100,100,true]},"uagb_author_info":{"display_name":"jinxing6611@gmail.com","author_link":"https:\/\/jinancuchem.com\/es\/author\/"},"uagb_comment_info":0,"uagb_excerpt":"CAS: 26952-21-6 Alias: 2-Ethylhexanol; 2-EH Molecular formula: C\u2088H\u2081\u2088O Relative molecular mass: 130.23 Structural formula: 1. Product Property Isooctanol is a colorless liquid with a faint, pleasant odor\u3002It has a density of approximately 0.832 and a boiling point of 367\u00b0F (183.5\u00b0C)\u3002It is insoluble in water but soluble in most organic solvents\u3002The compound is flammable and has&hellip;","_links":{"self":[{"href":"https:\/\/jinancuchem.com\/es\/wp-json\/wp\/v2\/product\/4834","targetHints":{"allow":["GET"]}}],"collection":[{"href":"https:\/\/jinancuchem.com\/es\/wp-json\/wp\/v2\/product"}],"about":[{"href":"https:\/\/jinancuchem.com\/es\/wp-json\/wp\/v2\/types\/product"}],"wp:featuredmedia":[{"embeddable":true,"href":"https:\/\/jinancuchem.com\/es\/wp-json\/wp\/v2\/media\/4840"}],"wp:attachment":[{"href":"https:\/\/jinancuchem.com\/es\/wp-json\/wp\/v2\/media?parent=4834"}],"wp:term":[{"taxonomy":"product_brand","embeddable":true,"href":"https:\/\/jinancuchem.com\/es\/wp-json\/wp\/v2\/product_brand?post=4834"},{"taxonomy":"product_cat","embeddable":true,"href":"https:\/\/jinancuchem.com\/es\/wp-json\/wp\/v2\/product_cat?post=4834"},{"taxonomy":"product_tag","embeddable":true,"href":"https:\/\/jinancuchem.com\/es\/wp-json\/wp\/v2\/product_tag?post=4834"}],"curies":[{"name":"wp","href":"https:\/\/api.w.org\/{rel}","templated":true}]}}