{"id":4853,"date":"2025-07-25T07:29:23","date_gmt":"2025-07-25T07:29:23","guid":{"rendered":"https:\/\/jinancuchem.com\/?post_type=product&#038;p=4853"},"modified":"2025-07-25T07:29:23","modified_gmt":"2025-07-25T07:29:23","slug":"guar-gum","status":"publish","type":"product","link":"https:\/\/jinancuchem.com\/es\/producto\/guar-gum\/","title":{"rendered":"Goma guar"},"content":{"rendered":"<p>\u3010CAS\u30119000-30-0<\/p>\n<p>Alias: Guar flour\u3001Guaran\u3001Cyamopsis gum\u3001E412<\/p>\n<p>F\u00f3rmula molecular: C10H14N5Na2O12P3 Masa molecular relativa: 535.15<\/p>\n<p>F\u00f3rmula estructural:<img alt=\"\" decoding=\"async\" class=\"alignnone size-medium wp-image-4858\" src=\"https:\/\/jinancuchem.com\/wp-content\/uploads\/2025\/07\/\u56fe\u724777-148x300.png\" width=\"148\" height=\"300\" srcset=\"https:\/\/jinancuchem.com\/wp-content\/uploads\/2025\/07\/\u56fe\u724777-148x300.png 148w, https:\/\/jinancuchem.com\/wp-content\/uploads\/2025\/07\/\u56fe\u724777-6x12.png 6w, https:\/\/jinancuchem.com\/wp-content\/uploads\/2025\/07\/\u56fe\u724777.png 267w\" sizes=\"(max-width: 148px) 100vw, 148px\" \/><\/p>\n<p>&nbsp;<\/p>\n<h4>1.Propiedad del producto<\/h4>\n<p>La goma guar es un polisac\u00e1rido natural altamente purificado que se extrae de las alubias guar, un tipo de planta leguminosa ampliamente cultivada en el subcontinente indio. Gracias a su estructura molecular \u00fanica y a sus propiedades naturales, se ha convertido r\u00e1pidamente en un nuevo tipo de aditivo superior para la fabricaci\u00f3n de papel respetuoso con el medio ambiente; al mismo tiempo, tambi\u00e9n se utiliza ampliamente en los campos de la alimentaci\u00f3n, el petr\u00f3leo y la medicina.<\/p>\n<p>&nbsp;<\/p>\n<h4>2.<\/h4>\n<table>\n<tbody>\n<tr>\n<td rowspan=\"2\" width=\"188\">Proyecto<\/td>\n<td colspan=\"2\" width=\"364\">Indicadores<\/td>\n<\/tr>\n<tr>\n<td width=\"180\">Tipo HV de alta viscosidad<\/td>\n<td width=\"184\">MV tipo de viscosidad media<\/td>\n<\/tr>\n<tr>\n<td width=\"188\">1% viscosidad de la soluci\u00f3n acuosa<\/td>\n<td width=\"180\">\u22656000mPa.s<\/td>\n<td width=\"184\">\u22655000mPa.s<\/td>\n<\/tr>\n<tr>\n<td width=\"188\">P\u00e9rdida por secado<\/td>\n<td width=\"180\">\u226412.0%<\/td>\n<td width=\"184\">\u226412.0%<\/td>\n<\/tr>\n<tr>\n<td width=\"188\">Contenido en cenizas<\/td>\n<td width=\"180\">\u22641.0%<\/td>\n<td width=\"184\">\u22641.5%<\/td>\n<\/tr>\n<tr>\n<td width=\"188\">\u00c1cido insoluble<\/td>\n<td width=\"180\">\u22647%<\/td>\n<td width=\"184\">\u22647%<\/td>\n<\/tr>\n<tr>\n<td width=\"188\">Sal de \u00e1cido b\u00f3rico<\/td>\n<td width=\"180\">No detectable<\/td>\n<td width=\"184\">No detectable<\/td>\n<\/tr>\n<tr>\n<td width=\"188\">Prote\u00edna<\/td>\n<td width=\"180\">\u226410%<\/td>\n<td width=\"184\">\u226410%<\/td>\n<\/tr>\n<tr>\n<td width=\"188\">Prueba del almid\u00f3n<\/td>\n<td width=\"180\">No detectable<\/td>\n<td width=\"184\">No detectable<\/td>\n<\/tr>\n<tr>\n<td width=\"188\">Ars\u00e9nico<\/td>\n<td width=\"180\">\u22643ppm<\/td>\n<td width=\"184\">\u22643ppm<\/td>\n<\/tr>\n<tr>\n<td width=\"188\">Plomo<\/td>\n<td width=\"180\">\u226410ppm<\/td>\n<td width=\"184\">\u226410ppm<\/td>\n<\/tr>\n<\/tbody>\n<\/table>\n<p>&nbsp;<\/p>\n<h4>3. \u00c1mbito de aplicaci\u00f3n y uso<\/h4>\n<p>La goma guar (E412) se utiliza ampliamente como espesante natural, estabilizador y aglutinante en la industria alimentaria (helados, salsas, panader\u00eda), farmac\u00e9utica (aglutinante de comprimidos), cosm\u00e9tica (lociones), de perforaci\u00f3n petrol\u00edfera (fluidos de fracturaci\u00f3n) y textil\/papelera debido a su alta viscosidad, retenci\u00f3n de agua y rentabilidad.<\/p>\n<p>&nbsp;<\/p>\n<h4>4.Embalaje y almacenamiento<\/h4>\n<p>La goma guar suele envasarse en bolsas de papel kraft multicapa de 25 kg o en bolsas tejidas a prueba de humedad con forro interior de polietileno. Debe almacenarse en un almac\u00e9n fresco, seco y bien ventilado, alejado de la luz solar directa y de la humedad, manteniendo la temperatura por debajo de 25\u00b0C y la humedad relativa por debajo de 65%. El producto se mantiene estable durante 24 meses si se sella y almacena correctamente, protegido de plagas y olores fuertes.<\/p>","protected":false},"excerpt":{"rendered":"<p>\u3010CAS\u30119000-30-0 Alias: Guar flour\u3001Guaran\u3001Cyamopsis gum\u3001E412 Molecular formula: C10H14N5Na2O12P3 \u00a0\u00a0\u00a0Relative molecular mass:\u00a0535.15 Structural formula: &nbsp; 1.Product Property Guar gum is a highly purified natural polysaccharide extracted from guar beans, a type of leguminous plant widely cultivated in the Indian subcontinent. Due to its unique molecular structure and natural properties, it has rapidly become a superior new [&hellip;]<\/p>\n","protected":false},"featured_media":4862,"template":"","meta":{"_seopress_robots_primary_cat":"","_seopress_titles_title":"","_seopress_titles_desc":"","_seopress_robots_index":"","_uag_custom_page_level_css":"","site-sidebar-layout":"default","site-content-layout":"","ast-site-content-layout":"default","site-content-style":"default","site-sidebar-style":"default","ast-global-header-display":"","ast-banner-title-visibility":"","ast-main-header-display":"","ast-hfb-above-header-display":"","ast-hfb-below-header-display":"","ast-hfb-mobile-header-display":"","site-post-title":"","ast-breadcrumbs-content":"","ast-featured-img":"","footer-sml-layout":"","theme-transparent-header-meta":"default","adv-header-id-meta":"","stick-header-meta":"default","header-above-stick-meta":"","header-main-stick-meta":"","header-below-stick-meta":"","astra-migrate-meta-layouts":"set","ast-page-background-enabled":"default","ast-page-background-meta":{"desktop":{"background-color":"","background-image":"","background-repeat":"repeat","background-position":"center center","background-size":"auto","background-attachment":"scroll","background-type":"","background-media":"","overlay-type":"","overlay-color":"","overlay-opacity":"","overlay-gradient":""},"tablet":{"background-color":"","background-image":"","background-repeat":"repeat","background-position":"center center","background-size":"auto","background-attachment":"scroll","background-type":"","background-media":"","overlay-type":"","overlay-color":"","overlay-opacity":"","overlay-gradient":""},"mobile":{"background-color":"","background-image":"","background-repeat":"repeat","background-position":"center center","background-size":"auto","background-attachment":"scroll","background-type":"","background-media":"","overlay-type":"","overlay-color":"","overlay-opacity":"","overlay-gradient":""}},"ast-content-background-meta":{"desktop":{"background-color":"var(--ast-global-color-5)","background-image":"","background-repeat":"repeat","background-position":"center center","background-size":"auto","background-attachment":"scroll","background-type":"","background-media":"","overlay-type":"","overlay-color":"","overlay-opacity":"","overlay-gradient":""},"tablet":{"background-color":"var(--ast-global-color-5)","background-image":"","background-repeat":"repeat","background-position":"center center","background-size":"auto","background-attachment":"scroll","background-type":"","background-media":"","overlay-type":"","overlay-color":"","overlay-opacity":"","overlay-gradient":""},"mobile":{"background-color":"var(--ast-global-color-5)","background-image":"","background-repeat":"repeat","background-position":"center center","background-size":"auto","background-attachment":"scroll","background-type":"","background-media":"","overlay-type":"","overlay-color":"","overlay-opacity":"","overlay-gradient":""}}},"product_brand":[],"product_cat":[67],"product_tag":[],"class_list":{"0":"post-4853","1":"product","2":"type-product","3":"status-publish","4":"has-post-thumbnail","6":"product_cat-food-additives","7":"desktop-align-left","8":"tablet-align-left","9":"mobile-align-left","10":"ast-product-gallery-layout-horizontal-slider","11":"ast-product-gallery-with-no-image","12":"ast-product-tabs-layout-horizontal","14":"first","15":"instock","16":"shipping-taxable","17":"product-type-simple"},"uagb_featured_image_src":{"full":["https:\/\/jinancuchem.com\/wp-content\/uploads\/2025\/07\/77.png",800,800,false],"thumbnail":["https:\/\/jinancuchem.com\/wp-content\/uploads\/2025\/07\/77-150x150.png",150,150,true],"medium":["https:\/\/jinancuchem.com\/wp-content\/uploads\/2025\/07\/77-300x300.png",300,300,true],"medium_large":["https:\/\/jinancuchem.com\/wp-content\/uploads\/2025\/07\/77-768x768.png",768,768,true],"large":["https:\/\/jinancuchem.com\/wp-content\/uploads\/2025\/07\/77.png",800,800,false],"1536x1536":["https:\/\/jinancuchem.com\/wp-content\/uploads\/2025\/07\/77.png",800,800,false],"2048x2048":["https:\/\/jinancuchem.com\/wp-content\/uploads\/2025\/07\/77.png",800,800,false],"trp-custom-language-flag":["https:\/\/jinancuchem.com\/wp-content\/uploads\/2025\/07\/77-12x12.png",12,12,true],"woocommerce_thumbnail":["https:\/\/jinancuchem.com\/wp-content\/uploads\/2025\/07\/77-300x300.png",300,300,true],"woocommerce_single":["https:\/\/jinancuchem.com\/wp-content\/uploads\/2025\/07\/77-500x500.png",500,500,true],"woocommerce_gallery_thumbnail":["https:\/\/jinancuchem.com\/wp-content\/uploads\/2025\/07\/77-100x100.png",100,100,true]},"uagb_author_info":{"display_name":"jinxing6611@gmail.com","author_link":"https:\/\/jinancuchem.com\/es\/author\/"},"uagb_comment_info":0,"uagb_excerpt":"\u3010CAS\u30119000-30-0 Alias: Guar flour\u3001Guaran\u3001Cyamopsis gum\u3001E412 Molecular formula: C10H14N5Na2O12P3 \u00a0\u00a0\u00a0Relative molecular mass:\u00a0535.15 Structural formula: &nbsp; 1.Product Property Guar gum is a highly purified natural polysaccharide extracted from guar beans, a type of leguminous plant widely cultivated in the Indian subcontinent. Due to its unique molecular structure and natural properties, it has rapidly become a superior new&hellip;","_links":{"self":[{"href":"https:\/\/jinancuchem.com\/es\/wp-json\/wp\/v2\/product\/4853","targetHints":{"allow":["GET"]}}],"collection":[{"href":"https:\/\/jinancuchem.com\/es\/wp-json\/wp\/v2\/product"}],"about":[{"href":"https:\/\/jinancuchem.com\/es\/wp-json\/wp\/v2\/types\/product"}],"wp:featuredmedia":[{"embeddable":true,"href":"https:\/\/jinancuchem.com\/es\/wp-json\/wp\/v2\/media\/4862"}],"wp:attachment":[{"href":"https:\/\/jinancuchem.com\/es\/wp-json\/wp\/v2\/media?parent=4853"}],"wp:term":[{"taxonomy":"product_brand","embeddable":true,"href":"https:\/\/jinancuchem.com\/es\/wp-json\/wp\/v2\/product_brand?post=4853"},{"taxonomy":"product_cat","embeddable":true,"href":"https:\/\/jinancuchem.com\/es\/wp-json\/wp\/v2\/product_cat?post=4853"},{"taxonomy":"product_tag","embeddable":true,"href":"https:\/\/jinancuchem.com\/es\/wp-json\/wp\/v2\/product_tag?post=4853"}],"curies":[{"name":"wp","href":"https:\/\/api.w.org\/{rel}","templated":true}]}}