{"id":4857,"date":"2025-07-25T07:29:29","date_gmt":"2025-07-25T07:29:29","guid":{"rendered":"https:\/\/jinancuchem.com\/?post_type=product&#038;p=4857"},"modified":"2025-07-25T07:29:29","modified_gmt":"2025-07-25T07:29:29","slug":"diethylene-glycol","status":"publish","type":"product","link":"https:\/\/jinancuchem.com\/es\/producto\/diethylene-glycol\/","title":{"rendered":"Dietilenglicol"},"content":{"rendered":"<p><strong><b>CAS<\/b><\/strong><strong>: 111-46-6<\/strong><strong><br \/>\n<\/strong><strong><b>Alias<\/b><\/strong><strong>: DEG; Diglicol<\/strong><strong><br \/>\n<\/strong><strong><b>F\u00f3rmula molecular<\/b><\/strong><strong>: C\u2084H\u2081\u2080O\u2083<\/strong><strong><br \/>\n<\/strong><strong><b>Masa molecular relativa<\/b><\/strong><strong>: 106.12<\/strong><\/p>\n<p>F\u00f3rmula estructural:<img alt=\"\" fetchpriority=\"high\" decoding=\"async\" class=\"alignnone size-medium wp-image-4861\" src=\"https:\/\/jinancuchem.com\/wp-content\/uploads\/2025\/07\/\u672a\u6807\u9898-1-72-300x300.jpg\" width=\"300\" height=\"300\" srcset=\"https:\/\/jinancuchem.com\/wp-content\/uploads\/2025\/07\/\u672a\u6807\u9898-1-72-300x300.jpg 300w, https:\/\/jinancuchem.com\/wp-content\/uploads\/2025\/07\/\u672a\u6807\u9898-1-72-100x100.jpg 100w, https:\/\/jinancuchem.com\/wp-content\/uploads\/2025\/07\/\u672a\u6807\u9898-1-72-500x500.jpg 500w, https:\/\/jinancuchem.com\/wp-content\/uploads\/2025\/07\/\u672a\u6807\u9898-1-72-150x150.jpg 150w, https:\/\/jinancuchem.com\/wp-content\/uploads\/2025\/07\/\u672a\u6807\u9898-1-72-768x768.jpg 768w, https:\/\/jinancuchem.com\/wp-content\/uploads\/2025\/07\/\u672a\u6807\u9898-1-72-12x12.jpg 12w, https:\/\/jinancuchem.com\/wp-content\/uploads\/2025\/07\/\u672a\u6807\u9898-1-72.jpg 800w\" sizes=\"(max-width: 300px) 100vw, 300px\" \/><\/p>\n<h3><strong><b>1. Propiedad del producto<\/b><\/strong><\/h3>\n<p>El dietilenglicol (DEG) es un l\u00edquido incoloro, inodoro y viscoso. Es higrosc\u00f3pico y tiene un sabor dulce. El DEG tiene una densidad aproximada de 1,116 g\/cm\u00b3 y un punto de ebullici\u00f3n de 244\u00b0C. Es miscible con agua y con la mayor\u00eda de los disolventes org\u00e1nicos. Es miscible con agua y con la mayor\u00eda de los disolventes org\u00e1nicos, y presenta buenas propiedades como disolvente.<\/p>\n<h3><strong><b>2. Norma de calidad<\/b><\/strong><\/h3>\n<table>\n<tbody>\n<tr>\n<td><strong><b>Par\u00e1metro<\/b><\/strong><\/td>\n<td><strong><b>Especificaci\u00f3n<\/b><\/strong><\/td>\n<\/tr>\n<tr>\n<td>Pureza (GC)<\/td>\n<td>\u2265 99,5%<\/td>\n<\/tr>\n<tr>\n<td>Contenido en agua<\/td>\n<td>\u2264 0,1%<\/td>\n<\/tr>\n<tr>\n<td>Acidez (como \u00e1cido ac\u00e9tico)<\/td>\n<td>\u2264 0,005%<\/td>\n<\/tr>\n<tr>\n<td>Densidad (20\u00b0C, g\/cm\u00b3)<\/td>\n<td>1.116-1.118<\/td>\n<\/tr>\n<tr>\n<td>\u00cdndice de refracci\u00f3n (20\u00b0C)<\/td>\n<td>1.4450-1.4470<\/td>\n<\/tr>\n<tr>\n<td>Rango de destilaci\u00f3n (\u00b0C)<\/td>\n<td>245-250 (95% vol)<\/td>\n<\/tr>\n<tr>\n<td>Residuos al evaporarse<\/td>\n<td>\u2264 0,005%<\/td>\n<\/tr>\n<\/tbody>\n<\/table>\n<p>&nbsp;<\/p>\n<h3><strong><b>3. \u00c1mbito de aplicaci\u00f3n y uso<\/b><\/strong><\/h3>\n<p>Se utiliza principalmente como agente deshidratante de gases y extractor de arom\u00e1ticos. Tambi\u00e9n se utiliza como disolvente para nitrocelulosa, resinas, aceites, tintas de impresi\u00f3n, etc., como suavizante y agente de acabado para textiles, as\u00ed como para extraer cumarina e indeno del alquitr\u00e1n de hulla. Adem\u00e1s, el dietilenglicol tambi\u00e9n se utiliza como aditivo del l\u00edquido de frenos, suavizante del celuloide, agente anticongelante y diluyente en la polimerizaci\u00f3n de emulsiones. Tambi\u00e9n se utiliza como plastificante para caucho y resinas; resinas de poli\u00e9ster; fibra de vidrio; espumas de carbamato de amina; mejoradores de viscosidad para lubricantes, etc. Se utiliza en la fabricaci\u00f3n de productos como resinas sint\u00e9ticas de poli\u00e9ster insaturado.<\/p>\n<h3><strong><b>4. Embalaje y almacenamiento<\/b><\/strong><\/h3>\n<p>El dietilenglicol suele envasarse en bidones de 200 litros o tanques IBC de 1000 litros. Debe almacenarse en un lugar fresco, seco y bien ventilado, alejado de fuentes de calor y de la luz solar directa. La temperatura de almacenamiento debe mantenerse por debajo de 30\u00b0C. Es esencial utilizar el equipo de protecci\u00f3n adecuado al manipular DEG, y asegurarse de que los contenedores est\u00e1n bien cerrados para evitar la contaminaci\u00f3n\u3002<\/p>","protected":false},"excerpt":{"rendered":"<p>CAS: 111-46-6 Alias: DEG; Diglycol Molecular formula: C\u2084H\u2081\u2080O\u2083 Relative molecular mass: 106.12 Structural\u00a0formula: 1. Product Property Diethylene glycol (DEG) is a colorless, odorless, and viscous liquid. It is hygroscopic and has a sweet taste. DEG has a density of approximately 1.116 g\/cm\u00b3 and a boiling point of 244\u00b0C. It is miscible with water and most [&hellip;]<\/p>\n","protected":false},"featured_media":4861,"template":"","meta":{"_seopress_robots_primary_cat":"","_seopress_titles_title":"","_seopress_titles_desc":"","_seopress_robots_index":"","_uag_custom_page_level_css":"","site-sidebar-layout":"default","site-content-layout":"","ast-site-content-layout":"default","site-content-style":"default","site-sidebar-style":"default","ast-global-header-display":"","ast-banner-title-visibility":"","ast-main-header-display":"","ast-hfb-above-header-display":"","ast-hfb-below-header-display":"","ast-hfb-mobile-header-display":"","site-post-title":"","ast-breadcrumbs-content":"","ast-featured-img":"","footer-sml-layout":"","theme-transparent-header-meta":"default","adv-header-id-meta":"","stick-header-meta":"default","header-above-stick-meta":"","header-main-stick-meta":"","header-below-stick-meta":"","astra-migrate-meta-layouts":"set","ast-page-background-enabled":"default","ast-page-background-meta":{"desktop":{"background-color":"","background-image":"","background-repeat":"repeat","background-position":"center center","background-size":"auto","background-attachment":"scroll","background-type":"","background-media":"","overlay-type":"","overlay-color":"","overlay-opacity":"","overlay-gradient":""},"tablet":{"background-color":"","background-image":"","background-repeat":"repeat","background-position":"center center","background-size":"auto","background-attachment":"scroll","background-type":"","background-media":"","overlay-type":"","overlay-color":"","overlay-opacity":"","overlay-gradient":""},"mobile":{"background-color":"","background-image":"","background-repeat":"repeat","background-position":"center center","background-size":"auto","background-attachment":"scroll","background-type":"","background-media":"","overlay-type":"","overlay-color":"","overlay-opacity":"","overlay-gradient":""}},"ast-content-background-meta":{"desktop":{"background-color":"var(--ast-global-color-5)","background-image":"","background-repeat":"repeat","background-position":"center center","background-size":"auto","background-attachment":"scroll","background-type":"","background-media":"","overlay-type":"","overlay-color":"","overlay-opacity":"","overlay-gradient":""},"tablet":{"background-color":"var(--ast-global-color-5)","background-image":"","background-repeat":"repeat","background-position":"center center","background-size":"auto","background-attachment":"scroll","background-type":"","background-media":"","overlay-type":"","overlay-color":"","overlay-opacity":"","overlay-gradient":""},"mobile":{"background-color":"var(--ast-global-color-5)","background-image":"","background-repeat":"repeat","background-position":"center center","background-size":"auto","background-attachment":"scroll","background-type":"","background-media":"","overlay-type":"","overlay-color":"","overlay-opacity":"","overlay-gradient":""}}},"product_brand":[],"product_cat":[69],"product_tag":[],"class_list":{"0":"post-4857","1":"product","2":"type-product","3":"status-publish","4":"has-post-thumbnail","6":"product_cat-daily-chemical-product","7":"desktop-align-left","8":"tablet-align-left","9":"mobile-align-left","10":"ast-product-gallery-layout-horizontal-slider","11":"ast-product-gallery-with-no-image","12":"ast-product-tabs-layout-horizontal","14":"first","15":"instock","16":"shipping-taxable","17":"product-type-simple"},"uagb_featured_image_src":{"full":["https:\/\/jinancuchem.com\/wp-content\/uploads\/2025\/07\/\u672a\u6807\u9898-1-72.jpg",800,800,false],"thumbnail":["https:\/\/jinancuchem.com\/wp-content\/uploads\/2025\/07\/\u672a\u6807\u9898-1-72-150x150.jpg",150,150,true],"medium":["https:\/\/jinancuchem.com\/wp-content\/uploads\/2025\/07\/\u672a\u6807\u9898-1-72-300x300.jpg",300,300,true],"medium_large":["https:\/\/jinancuchem.com\/wp-content\/uploads\/2025\/07\/\u672a\u6807\u9898-1-72-768x768.jpg",768,768,true],"large":["https:\/\/jinancuchem.com\/wp-content\/uploads\/2025\/07\/\u672a\u6807\u9898-1-72.jpg",800,800,false],"1536x1536":["https:\/\/jinancuchem.com\/wp-content\/uploads\/2025\/07\/\u672a\u6807\u9898-1-72.jpg",800,800,false],"2048x2048":["https:\/\/jinancuchem.com\/wp-content\/uploads\/2025\/07\/\u672a\u6807\u9898-1-72.jpg",800,800,false],"trp-custom-language-flag":["https:\/\/jinancuchem.com\/wp-content\/uploads\/2025\/07\/\u672a\u6807\u9898-1-72-12x12.jpg",12,12,true],"woocommerce_thumbnail":["https:\/\/jinancuchem.com\/wp-content\/uploads\/2025\/07\/\u672a\u6807\u9898-1-72-300x300.jpg",300,300,true],"woocommerce_single":["https:\/\/jinancuchem.com\/wp-content\/uploads\/2025\/07\/\u672a\u6807\u9898-1-72-500x500.jpg",500,500,true],"woocommerce_gallery_thumbnail":["https:\/\/jinancuchem.com\/wp-content\/uploads\/2025\/07\/\u672a\u6807\u9898-1-72-100x100.jpg",100,100,true]},"uagb_author_info":{"display_name":"jinxing6611@gmail.com","author_link":"https:\/\/jinancuchem.com\/es\/author\/"},"uagb_comment_info":0,"uagb_excerpt":"CAS: 111-46-6 Alias: DEG; Diglycol Molecular formula: C\u2084H\u2081\u2080O\u2083 Relative molecular mass: 106.12 Structural\u00a0formula: 1. Product Property Diethylene glycol (DEG) is a colorless, odorless, and viscous liquid. It is hygroscopic and has a sweet taste. DEG has a density of approximately 1.116 g\/cm\u00b3 and a boiling point of 244\u00b0C. It is miscible with water and most&hellip;","_links":{"self":[{"href":"https:\/\/jinancuchem.com\/es\/wp-json\/wp\/v2\/product\/4857","targetHints":{"allow":["GET"]}}],"collection":[{"href":"https:\/\/jinancuchem.com\/es\/wp-json\/wp\/v2\/product"}],"about":[{"href":"https:\/\/jinancuchem.com\/es\/wp-json\/wp\/v2\/types\/product"}],"wp:featuredmedia":[{"embeddable":true,"href":"https:\/\/jinancuchem.com\/es\/wp-json\/wp\/v2\/media\/4861"}],"wp:attachment":[{"href":"https:\/\/jinancuchem.com\/es\/wp-json\/wp\/v2\/media?parent=4857"}],"wp:term":[{"taxonomy":"product_brand","embeddable":true,"href":"https:\/\/jinancuchem.com\/es\/wp-json\/wp\/v2\/product_brand?post=4857"},{"taxonomy":"product_cat","embeddable":true,"href":"https:\/\/jinancuchem.com\/es\/wp-json\/wp\/v2\/product_cat?post=4857"},{"taxonomy":"product_tag","embeddable":true,"href":"https:\/\/jinancuchem.com\/es\/wp-json\/wp\/v2\/product_tag?post=4857"}],"curies":[{"name":"wp","href":"https:\/\/api.w.org\/{rel}","templated":true}]}}