{"id":4867,"date":"2025-07-25T07:31:09","date_gmt":"2025-07-25T07:31:09","guid":{"rendered":"https:\/\/jinancuchem.com\/?post_type=product&#038;p=4867"},"modified":"2025-07-25T07:31:09","modified_gmt":"2025-07-25T07:31:09","slug":"maleic-anhydride","status":"publish","type":"product","link":"https:\/\/jinancuchem.com\/es\/producto\/maleic-anhydride\/","title":{"rendered":"Anh\u00eddrido maleico"},"content":{"rendered":"<p><strong><b>CAS<\/b><\/strong><strong>: 108-31-6<\/strong><strong><br \/>\n<\/strong><strong><b>Alias<\/b><\/strong><strong>: Anh\u00eddrido del \u00e1cido maleico; Anh\u00eddrido t\u00f3xico<\/strong><strong><br \/>\n<\/strong><strong><b>F\u00f3rmula molecular<\/b><\/strong><strong>: C\u2084H\u2082O\u2083<\/strong><strong><br \/>\n<\/strong><strong><b>Masa molecular relativa<\/b><\/strong><strong>: 98.06<\/strong><\/p>\n<h3><strong><b>1. Propiedad del producto<\/b><\/strong><\/h3>\n<p>El anh\u00eddrido maleico, abreviado como EMA, tambi\u00e9n conocido como \"anh\u00eddrido trans-butenedioico\", es el anh\u00eddrido del \u00e1cido trans-butenedioico. A temperatura ambiente, es un s\u00f3lido incoloro o blanco de sabor agrio, con la f\u00f3rmula molecular C4H2O3. Su peso molecular es 98,06. Se obtiene en forma de cristales aciculares a partir de cloroformo o \u00e9ter. Su punto de fusi\u00f3n es de 60\u00b0C, su punto de ebullici\u00f3n es de 82\u00b0C (1,8665 kPa) y su densidad relativa es de 1,31460. Es soluble en acetona, cloroformo y \u00e9ter, y ligeramente soluble en \u00e9ter de petr\u00f3leo. Se disuelve en agua para formar \u00e1cido trans-butenedioico, y forma \u00e9steres cuando se disuelve en alcohol, y puede sufrir reacciones de s\u00edntesis de dienos con compuestos que contienen dobles enlaces conjugados. Es t\u00f3xico e irrita fuertemente las mucosas.<\/p>\n<h3><strong><b>2. Norma de calidad<\/b><\/strong><\/h3>\n<table>\n<tbody>\n<tr>\n<td><strong><b>Par\u00e1metro<\/b><\/strong><\/td>\n<td><strong><b>Especificaci\u00f3n<\/b><\/strong><\/td>\n<\/tr>\n<tr>\n<td>Apariencia<\/td>\n<td>S\u00f3lido cristalino blanco<\/td>\n<\/tr>\n<tr>\n<td>Pureza (GC)<\/td>\n<td>\u2265 99,5%<\/td>\n<\/tr>\n<tr>\n<td>Acidez (como \u00e1cido ac\u00e9tico)<\/td>\n<td>\u2264 0,005%<\/td>\n<\/tr>\n<tr>\n<td>Contenido en agua<\/td>\n<td>\u2264 0,1%<\/td>\n<\/tr>\n<tr>\n<td>Densidad (20\u00b0C, g\/cm\u00b3)<\/td>\n<td>1,48 g\/cm\u00b3<\/td>\n<\/tr>\n<tr>\n<td>\u00cdndice de refracci\u00f3n<\/td>\n<td>1.420-1.424<\/td>\n<\/tr>\n<tr>\n<td>Residuos al evaporarse<\/td>\n<td>\u2264 0,005%<\/td>\n<\/tr>\n<\/tbody>\n<\/table>\n<p>&nbsp;<\/p>\n<h3><strong><b>3. \u00c1mbito de aplicaci\u00f3n y uso<\/b><\/strong><\/h3>\n<p><sub>El adiponitrilo se utiliza en la s\u00edntesis de dienos, en la producci\u00f3n de medicamentos, pesticidas, colorantes <\/sub>intermedios, as\u00ed como en la producci\u00f3n de resinas de poli\u00e9ster, resinas alqu\u00eddicas, \u00e1cido maleico y otros \u00e1cidos org\u00e1nicos. Tambi\u00e9n se utiliza como conservante de grasas y aceites, y es materia prima para resinas de poli\u00e9ster insaturado, resinas alqu\u00eddicas y yodamina de larga duraci\u00f3n. Tambi\u00e9n es un mon\u00f3mero copol\u00edmero para resinas de poli\u00e9ster insaturado, resinas alqu\u00eddicas y copol\u00edmeros de anh\u00eddrido maleico y anh\u00eddrido polimaleico. Tambi\u00e9n es una materia prima qu\u00edmica org\u00e1nica para producir aditivos de tinta, auxiliares de fabricaci\u00f3n de papel, plastificantes, \u00e1cido tart\u00e1rico, \u00e1cido fum\u00e1rico, tetrahidrofurano, etc.<\/p>\n<p>&nbsp;<\/p>\n<h3><strong><b>4. Embalaje y almacenamiento<\/b><\/strong><\/h3>\n<p>El anh\u00eddrido maleico suele envasarse en sacos de polipropileno de 25 kg o en sacos de escamas de 500 kg. Para su almacenamiento, debe mantenerse en un lugar fresco, seco y bien ventilado, alejado de fuentes de calor y de la luz solar directa. La temperatura de almacenamiento no debe superar los 25\u00b0C para garantizar su estabilidad. Es fundamental almacenarlo de forma que se evite la entrada de humedad y la contaminaci\u00f3n.<\/p>","protected":false},"excerpt":{"rendered":"<p>CAS: 108-31-6 Alias: Maleic acid anhydride; Toxilic anhydride Molecular formula: C\u2084H\u2082O\u2083 Relative molecular mass: 98.06 1. Product Property Maleic anhydride, abbreviated as EMA, also known as &#8220;trans-butenedioic anhydride&#8221;, is the anhydride of trans-butenedioic acid. At room temperature, it is a sour-tasting colorless or white solid, with the molecular formula C4H2O3. Its molecular weight is 98.06. [&hellip;]<\/p>\n","protected":false},"featured_media":4871,"template":"","meta":{"_seopress_robots_primary_cat":"","_seopress_titles_title":"","_seopress_titles_desc":"","_seopress_robots_index":"","_uag_custom_page_level_css":"","site-sidebar-layout":"default","site-content-layout":"","ast-site-content-layout":"default","site-content-style":"default","site-sidebar-style":"default","ast-global-header-display":"","ast-banner-title-visibility":"","ast-main-header-display":"","ast-hfb-above-header-display":"","ast-hfb-below-header-display":"","ast-hfb-mobile-header-display":"","site-post-title":"","ast-breadcrumbs-content":"","ast-featured-img":"","footer-sml-layout":"","theme-transparent-header-meta":"default","adv-header-id-meta":"","stick-header-meta":"default","header-above-stick-meta":"","header-main-stick-meta":"","header-below-stick-meta":"","astra-migrate-meta-layouts":"set","ast-page-background-enabled":"default","ast-page-background-meta":{"desktop":{"background-color":"","background-image":"","background-repeat":"repeat","background-position":"center center","background-size":"auto","background-attachment":"scroll","background-type":"","background-media":"","overlay-type":"","overlay-color":"","overlay-opacity":"","overlay-gradient":""},"tablet":{"background-color":"","background-image":"","background-repeat":"repeat","background-position":"center center","background-size":"auto","background-attachment":"scroll","background-type":"","background-media":"","overlay-type":"","overlay-color":"","overlay-opacity":"","overlay-gradient":""},"mobile":{"background-color":"","background-image":"","background-repeat":"repeat","background-position":"center center","background-size":"auto","background-attachment":"scroll","background-type":"","background-media":"","overlay-type":"","overlay-color":"","overlay-opacity":"","overlay-gradient":""}},"ast-content-background-meta":{"desktop":{"background-color":"var(--ast-global-color-5)","background-image":"","background-repeat":"repeat","background-position":"center center","background-size":"auto","background-attachment":"scroll","background-type":"","background-media":"","overlay-type":"","overlay-color":"","overlay-opacity":"","overlay-gradient":""},"tablet":{"background-color":"var(--ast-global-color-5)","background-image":"","background-repeat":"repeat","background-position":"center center","background-size":"auto","background-attachment":"scroll","background-type":"","background-media":"","overlay-type":"","overlay-color":"","overlay-opacity":"","overlay-gradient":""},"mobile":{"background-color":"var(--ast-global-color-5)","background-image":"","background-repeat":"repeat","background-position":"center center","background-size":"auto","background-attachment":"scroll","background-type":"","background-media":"","overlay-type":"","overlay-color":"","overlay-opacity":"","overlay-gradient":""}}},"product_brand":[],"product_cat":[69],"product_tag":[],"class_list":{"0":"post-4867","1":"product","2":"type-product","3":"status-publish","4":"has-post-thumbnail","6":"product_cat-daily-chemical-product","7":"desktop-align-left","8":"tablet-align-left","9":"mobile-align-left","10":"ast-product-gallery-layout-horizontal-slider","11":"ast-product-gallery-with-no-image","12":"ast-product-tabs-layout-horizontal","14":"first","15":"instock","16":"shipping-taxable","17":"product-type-simple"},"uagb_featured_image_src":{"full":["https:\/\/jinancuchem.com\/wp-content\/uploads\/2025\/07\/\u672a\u6807\u9898-1-73.jpg",800,800,false],"thumbnail":["https:\/\/jinancuchem.com\/wp-content\/uploads\/2025\/07\/\u672a\u6807\u9898-1-73-150x150.jpg",150,150,true],"medium":["https:\/\/jinancuchem.com\/wp-content\/uploads\/2025\/07\/\u672a\u6807\u9898-1-73-300x300.jpg",300,300,true],"medium_large":["https:\/\/jinancuchem.com\/wp-content\/uploads\/2025\/07\/\u672a\u6807\u9898-1-73-768x768.jpg",768,768,true],"large":["https:\/\/jinancuchem.com\/wp-content\/uploads\/2025\/07\/\u672a\u6807\u9898-1-73.jpg",800,800,false],"1536x1536":["https:\/\/jinancuchem.com\/wp-content\/uploads\/2025\/07\/\u672a\u6807\u9898-1-73.jpg",800,800,false],"2048x2048":["https:\/\/jinancuchem.com\/wp-content\/uploads\/2025\/07\/\u672a\u6807\u9898-1-73.jpg",800,800,false],"trp-custom-language-flag":["https:\/\/jinancuchem.com\/wp-content\/uploads\/2025\/07\/\u672a\u6807\u9898-1-73-12x12.jpg",12,12,true],"woocommerce_thumbnail":["https:\/\/jinancuchem.com\/wp-content\/uploads\/2025\/07\/\u672a\u6807\u9898-1-73-300x300.jpg",300,300,true],"woocommerce_single":["https:\/\/jinancuchem.com\/wp-content\/uploads\/2025\/07\/\u672a\u6807\u9898-1-73-500x500.jpg",500,500,true],"woocommerce_gallery_thumbnail":["https:\/\/jinancuchem.com\/wp-content\/uploads\/2025\/07\/\u672a\u6807\u9898-1-73-100x100.jpg",100,100,true]},"uagb_author_info":{"display_name":"jinxing6611@gmail.com","author_link":"https:\/\/jinancuchem.com\/es\/author\/"},"uagb_comment_info":0,"uagb_excerpt":"CAS: 108-31-6 Alias: Maleic acid anhydride; Toxilic anhydride Molecular formula: C\u2084H\u2082O\u2083 Relative molecular mass: 98.06 1. Product Property Maleic anhydride, abbreviated as EMA, also known as &#8220;trans-butenedioic anhydride&#8221;, is the anhydride of trans-butenedioic acid. At room temperature, it is a sour-tasting colorless or white solid, with the molecular formula C4H2O3. Its molecular weight is 98.06.&hellip;","_links":{"self":[{"href":"https:\/\/jinancuchem.com\/es\/wp-json\/wp\/v2\/product\/4867","targetHints":{"allow":["GET"]}}],"collection":[{"href":"https:\/\/jinancuchem.com\/es\/wp-json\/wp\/v2\/product"}],"about":[{"href":"https:\/\/jinancuchem.com\/es\/wp-json\/wp\/v2\/types\/product"}],"wp:featuredmedia":[{"embeddable":true,"href":"https:\/\/jinancuchem.com\/es\/wp-json\/wp\/v2\/media\/4871"}],"wp:attachment":[{"href":"https:\/\/jinancuchem.com\/es\/wp-json\/wp\/v2\/media?parent=4867"}],"wp:term":[{"taxonomy":"product_brand","embeddable":true,"href":"https:\/\/jinancuchem.com\/es\/wp-json\/wp\/v2\/product_brand?post=4867"},{"taxonomy":"product_cat","embeddable":true,"href":"https:\/\/jinancuchem.com\/es\/wp-json\/wp\/v2\/product_cat?post=4867"},{"taxonomy":"product_tag","embeddable":true,"href":"https:\/\/jinancuchem.com\/es\/wp-json\/wp\/v2\/product_tag?post=4867"}],"curies":[{"name":"wp","href":"https:\/\/api.w.org\/{rel}","templated":true}]}}