{"id":4874,"date":"2025-07-25T07:32:58","date_gmt":"2025-07-25T07:32:58","guid":{"rendered":"https:\/\/jinancuchem.com\/?post_type=product&#038;p=4874"},"modified":"2025-07-25T07:32:58","modified_gmt":"2025-07-25T07:32:58","slug":"sodium-carbonate","status":"publish","type":"product","link":"https:\/\/jinancuchem.com\/es\/producto\/sodium-carbonate\/","title":{"rendered":"Carbonato s\u00f3dico"},"content":{"rendered":"<p>\u3010CAS\u3011497-19-8<\/p>\n<p>Alias: Sosa, \u00e1lcali puro, \u00e1lcali de cal, carbonato s\u00f3dico dihidratado, carbonato s\u00f3dico en polvo<\/p>\n<p>F\u00f3rmula molecular: Na<sub>2<\/sub>CO<sub>3<\/sub><\/p>\n<p>Masa molecular relativa: 105,99<\/p>\n<p>F\u00f3rmula estructural: <img alt=\"\" decoding=\"async\" class=\"alignnone size-full wp-image-4879\" src=\"https:\/\/jinancuchem.com\/wp-content\/uploads\/2025\/07\/\u56fe\u724779.png\" width=\"117\" height=\"41\" srcset=\"https:\/\/jinancuchem.com\/wp-content\/uploads\/2025\/07\/\u56fe\u724779.png 117w, https:\/\/jinancuchem.com\/wp-content\/uploads\/2025\/07\/\u56fe\u724779-18x6.png 18w\" sizes=\"(max-width: 117px) 100vw, 117px\" \/><\/p>\n<p>&nbsp;<\/p>\n<h4>1.Propiedad del producto<\/h4>\n<p>El carbonato s\u00f3dico, tambi\u00e9n conocido como ceniza de sosa o bicarbonato s\u00f3dico en polvo, es un compuesto inorg\u00e1nico en forma de polvo blanco (f\u00f3rmula qu\u00edmica: Na\u2082CO\u2083). Se utiliza ampliamente en la fabricaci\u00f3n de vidrio, la producci\u00f3n qu\u00edmica, la producci\u00f3n de detergentes y el procesado de alimentos (como regulador de \u00e1cidos, E500). Su elevada alcalinidad y capacidad de limpieza lo convierten en una importante materia prima para la limpieza industrial y el tratamiento del agua. Es estable a temperatura ambiente y f\u00e1cilmente soluble en agua.<\/p>\n<p>&nbsp;<\/p>\n<h4>2.<\/h4>\n<table>\n<tbody>\n<tr>\n<td width=\"179\"><strong><b>Par\u00e1metro<\/b><\/strong><\/td>\n<td width=\"170\"><strong><b>Grado industrial<\/b><\/strong><\/td>\n<td width=\"170\"><strong><b>Grado alimentario <\/b><\/strong><\/td>\n<\/tr>\n<tr>\n<td width=\"179\"><strong><b>Pureza (Na\u2082CO\u2083)<\/b><\/strong><\/td>\n<td width=\"170\">\u226599.2%<\/td>\n<td width=\"170\">\u226599.5%<\/td>\n<\/tr>\n<tr>\n<td width=\"179\"><strong><b>Cloruros (como NaCl)<\/b><\/strong><\/td>\n<td width=\"170\">\u22640.5%<\/td>\n<td width=\"170\">\u22640.1%<\/td>\n<\/tr>\n<tr>\n<td width=\"179\"><strong><b>Hierro (Fe)<\/b><\/strong><\/td>\n<td width=\"170\">\u22640.003%<\/td>\n<td width=\"170\">\u22640.001%<\/td>\n<\/tr>\n<tr>\n<td width=\"179\"><strong><b>Insolubles en agua<\/b><\/strong><\/td>\n<td width=\"170\">\u22640.1%<\/td>\n<td width=\"170\">\u22640.02%<\/td>\n<\/tr>\n<tr>\n<td width=\"179\"><strong><b>Densidad aparente<\/b><\/strong><\/td>\n<td width=\"170\">0,9-1,2 g\/cm\u00b3<\/td>\n<td width=\"170\">0,8-1,0 g\/cm\u00b3<\/td>\n<\/tr>\n<tr>\n<td width=\"179\"><strong><b>pH (soluci\u00f3n 1%)<\/b><\/strong><\/td>\n<td width=\"170\">11.0-11.6<\/td>\n<td width=\"170\">11.0-11.6<\/td>\n<\/tr>\n<\/tbody>\n<\/table>\n<p>&nbsp;<\/p>\n<h4>3.\u00c1mbito de aplicaci\u00f3n y uso<\/h4>\n<p>El carbonato s\u00f3dico (ceniza de sosa) se utiliza ampliamente en la fabricaci\u00f3n de vidrio (demanda mundial 50%), la producci\u00f3n de detergentes y productos qu\u00edmicos, el tratamiento del agua (ajuste del pH) y la elaboraci\u00f3n de alimentos (como agente leudante E500). Tambi\u00e9n se utiliza en la metalurgia, el procesamiento textil y la desulfuraci\u00f3n de gases de combusti\u00f3n debido a su fuerte alcalinidad y rentabilidad.<\/p>\n<p>&nbsp;<\/p>\n<h4>4.Embalaje y almacenamiento<\/h4>\n<p>El carbonato s\u00f3dico se envasa en bolsas tejidas de PP de 25 kg\/50 kg a prueba de humedad con forro de PE (para uso alimentario se utiliza protecci\u00f3n de doble capa). Almacenar en almacenes secos y ventilados a menos de 30\u00b0C, lejos de \u00e1cidos y humedad. Caducidad: 12 meses.<\/p>","protected":false},"excerpt":{"rendered":"<p>\u3010CAS\u3011497-19-8 Alias: Soda, pure alkali, lime alkali, sodium carbonate dihydrate, soda ash powder Molecular formula: Na2CO3 Relative molecular mass: 105.99 Structural formula: &nbsp; 1.Product Property Sodium carbonate, also known as soda ash or baking soda powder, is a white powdery inorganic compound (chemical formula: Na\u2082CO\u2083). It is widely used in glass manufacturing, chemical production, detergent [&hellip;]<\/p>\n","protected":false},"featured_media":4881,"template":"","meta":{"_seopress_robots_primary_cat":"","_seopress_titles_title":"","_seopress_titles_desc":"","_seopress_robots_index":"","_uag_custom_page_level_css":"","site-sidebar-layout":"default","site-content-layout":"","ast-site-content-layout":"default","site-content-style":"default","site-sidebar-style":"default","ast-global-header-display":"","ast-banner-title-visibility":"","ast-main-header-display":"","ast-hfb-above-header-display":"","ast-hfb-below-header-display":"","ast-hfb-mobile-header-display":"","site-post-title":"","ast-breadcrumbs-content":"","ast-featured-img":"","footer-sml-layout":"","theme-transparent-header-meta":"default","adv-header-id-meta":"","stick-header-meta":"default","header-above-stick-meta":"","header-main-stick-meta":"","header-below-stick-meta":"","astra-migrate-meta-layouts":"set","ast-page-background-enabled":"default","ast-page-background-meta":{"desktop":{"background-color":"","background-image":"","background-repeat":"repeat","background-position":"center center","background-size":"auto","background-attachment":"scroll","background-type":"","background-media":"","overlay-type":"","overlay-color":"","overlay-opacity":"","overlay-gradient":""},"tablet":{"background-color":"","background-image":"","background-repeat":"repeat","background-position":"center center","background-size":"auto","background-attachment":"scroll","background-type":"","background-media":"","overlay-type":"","overlay-color":"","overlay-opacity":"","overlay-gradient":""},"mobile":{"background-color":"","background-image":"","background-repeat":"repeat","background-position":"center center","background-size":"auto","background-attachment":"scroll","background-type":"","background-media":"","overlay-type":"","overlay-color":"","overlay-opacity":"","overlay-gradient":""}},"ast-content-background-meta":{"desktop":{"background-color":"var(--ast-global-color-5)","background-image":"","background-repeat":"repeat","background-position":"center center","background-size":"auto","background-attachment":"scroll","background-type":"","background-media":"","overlay-type":"","overlay-color":"","overlay-opacity":"","overlay-gradient":""},"tablet":{"background-color":"var(--ast-global-color-5)","background-image":"","background-repeat":"repeat","background-position":"center center","background-size":"auto","background-attachment":"scroll","background-type":"","background-media":"","overlay-type":"","overlay-color":"","overlay-opacity":"","overlay-gradient":""},"mobile":{"background-color":"var(--ast-global-color-5)","background-image":"","background-repeat":"repeat","background-position":"center center","background-size":"auto","background-attachment":"scroll","background-type":"","background-media":"","overlay-type":"","overlay-color":"","overlay-opacity":"","overlay-gradient":""}}},"product_brand":[],"product_cat":[67],"product_tag":[],"class_list":{"0":"post-4874","1":"product","2":"type-product","3":"status-publish","4":"has-post-thumbnail","6":"product_cat-food-additives","7":"desktop-align-left","8":"tablet-align-left","9":"mobile-align-left","10":"ast-product-gallery-layout-horizontal-slider","11":"ast-product-gallery-with-no-image","12":"ast-product-tabs-layout-horizontal","14":"first","15":"instock","16":"shipping-taxable","17":"product-type-simple"},"uagb_featured_image_src":{"full":["https:\/\/jinancuchem.com\/wp-content\/uploads\/2025\/07\/79.png",800,800,false],"thumbnail":["https:\/\/jinancuchem.com\/wp-content\/uploads\/2025\/07\/79-150x150.png",150,150,true],"medium":["https:\/\/jinancuchem.com\/wp-content\/uploads\/2025\/07\/79-300x300.png",300,300,true],"medium_large":["https:\/\/jinancuchem.com\/wp-content\/uploads\/2025\/07\/79-768x768.png",768,768,true],"large":["https:\/\/jinancuchem.com\/wp-content\/uploads\/2025\/07\/79.png",800,800,false],"1536x1536":["https:\/\/jinancuchem.com\/wp-content\/uploads\/2025\/07\/79.png",800,800,false],"2048x2048":["https:\/\/jinancuchem.com\/wp-content\/uploads\/2025\/07\/79.png",800,800,false],"trp-custom-language-flag":["https:\/\/jinancuchem.com\/wp-content\/uploads\/2025\/07\/79-12x12.png",12,12,true],"woocommerce_thumbnail":["https:\/\/jinancuchem.com\/wp-content\/uploads\/2025\/07\/79-300x300.png",300,300,true],"woocommerce_single":["https:\/\/jinancuchem.com\/wp-content\/uploads\/2025\/07\/79-500x500.png",500,500,true],"woocommerce_gallery_thumbnail":["https:\/\/jinancuchem.com\/wp-content\/uploads\/2025\/07\/79-100x100.png",100,100,true]},"uagb_author_info":{"display_name":"jinxing6611@gmail.com","author_link":"https:\/\/jinancuchem.com\/es\/author\/"},"uagb_comment_info":0,"uagb_excerpt":"\u3010CAS\u3011497-19-8 Alias: Soda, pure alkali, lime alkali, sodium carbonate dihydrate, soda ash powder Molecular formula: Na2CO3 Relative molecular mass: 105.99 Structural formula: &nbsp; 1.Product Property Sodium carbonate, also known as soda ash or baking soda powder, is a white powdery inorganic compound (chemical formula: Na\u2082CO\u2083). It is widely used in glass manufacturing, chemical production, detergent&hellip;","_links":{"self":[{"href":"https:\/\/jinancuchem.com\/es\/wp-json\/wp\/v2\/product\/4874","targetHints":{"allow":["GET"]}}],"collection":[{"href":"https:\/\/jinancuchem.com\/es\/wp-json\/wp\/v2\/product"}],"about":[{"href":"https:\/\/jinancuchem.com\/es\/wp-json\/wp\/v2\/types\/product"}],"wp:featuredmedia":[{"embeddable":true,"href":"https:\/\/jinancuchem.com\/es\/wp-json\/wp\/v2\/media\/4881"}],"wp:attachment":[{"href":"https:\/\/jinancuchem.com\/es\/wp-json\/wp\/v2\/media?parent=4874"}],"wp:term":[{"taxonomy":"product_brand","embeddable":true,"href":"https:\/\/jinancuchem.com\/es\/wp-json\/wp\/v2\/product_brand?post=4874"},{"taxonomy":"product_cat","embeddable":true,"href":"https:\/\/jinancuchem.com\/es\/wp-json\/wp\/v2\/product_cat?post=4874"},{"taxonomy":"product_tag","embeddable":true,"href":"https:\/\/jinancuchem.com\/es\/wp-json\/wp\/v2\/product_tag?post=4874"}],"curies":[{"name":"wp","href":"https:\/\/api.w.org\/{rel}","templated":true}]}}