{"id":4883,"date":"2025-07-25T07:37:16","date_gmt":"2025-07-25T07:37:16","guid":{"rendered":"https:\/\/jinancuchem.com\/?post_type=product&#038;p=4883"},"modified":"2025-07-25T07:37:16","modified_gmt":"2025-07-25T07:37:16","slug":"sodium-bicarbonate","status":"publish","type":"product","link":"https:\/\/jinancuchem.com\/es\/producto\/sodium-bicarbonate\/","title":{"rendered":"Bicarbonato s\u00f3dico"},"content":{"rendered":"<p>\u3010CAS\u3011144-55-8<\/p>\n<p>Alias: Bicarbonato s\u00f3dico; Bicarbonato de sodio; Bicarbonato pot\u00e1sico; Carbonato s\u00f3dico monohidratado<\/p>\n<p>F\u00f3rmula molecular: NaHCO<sub>3<\/sub> \u00a0Masa molecular relativa: 84,01 F\u00f3rmula estructural:<img alt=\"\" decoding=\"async\" class=\"alignnone size-full wp-image-4895\" src=\"https:\/\/jinancuchem.com\/wp-content\/uploads\/2025\/07\/\u56fe\u724781.png\" width=\"90\" height=\"41\" srcset=\"https:\/\/jinancuchem.com\/wp-content\/uploads\/2025\/07\/\u56fe\u724781.png 90w, https:\/\/jinancuchem.com\/wp-content\/uploads\/2025\/07\/\u56fe\u724781-18x8.png 18w\" sizes=\"(max-width: 90px) 100vw, 90px\" \/><\/p>\n<p>&nbsp;<\/p>\n<h4>1.Propiedad del producto<\/h4>\n<p>El bicarbonato s\u00f3dico, cuya f\u00f3rmula qu\u00edmica es NaHCO\u2083, es un compuesto inorg\u00e1nico. Es un polvo blanco o cristales finos, inodoro, de sabor salado, soluble en agua, ligeramente soluble en etanol (algunas fuentes dicen que es insoluble), y la soluci\u00f3n acuosa es ligeramente alcalina. Se descompone f\u00e1cilmente al calentarse, se descompone lentamente en el aire h\u00famedo, generando di\u00f3xido de carbono, empezando a descomponerse a unos 50\u2103, y se descompone completamente cuando se calienta a 270\u2103. Sufre una descomposici\u00f3n intensa cuando se expone al \u00e1cido, liberando di\u00f3xido de carbono.<\/p>\n<p>&nbsp;<\/p>\n<h4>2.<\/h4>\n<table>\n<tbody>\n<tr>\n<td><strong><b>Par\u00e1metro<\/b><\/strong><\/td>\n<td><strong><b>Grado industrial<\/b><\/strong><\/td>\n<td width=\"156\"><strong><b>Grado alimentario <\/b><\/strong><\/td>\n<\/tr>\n<tr>\n<td><strong><b>Pureza (NaHCO\u2083)<\/b><\/strong><\/td>\n<td>\u226599.0%<\/td>\n<td width=\"156\">\u226599.5%<\/td>\n<\/tr>\n<tr>\n<td><strong><b>P\u00e9rdida por secado<\/b><\/strong><\/td>\n<td>\u22640.2%<\/td>\n<td width=\"156\">\u22640.1%<\/td>\n<\/tr>\n<tr>\n<td><strong><b>pH (soluci\u00f3n 1%)<\/b><\/strong><\/td>\n<td>8.0-8.6<\/td>\n<td width=\"156\">8.0-8.5<\/td>\n<\/tr>\n<tr>\n<td><strong><b>Cloruros (Cl-)<\/b><\/strong><\/td>\n<td>\u22640.05%<\/td>\n<td width=\"156\">\u22640.03%<\/td>\n<\/tr>\n<tr>\n<td><strong><b>Metales pesados (Pb)<\/b><\/strong><\/td>\n<td>\u22645 ppm<\/td>\n<td width=\"156\">\u22642 ppm<\/td>\n<\/tr>\n<tr>\n<td><strong><b>Ars\u00e9nico (As)<\/b><\/strong><\/td>\n<td>\u22643 ppm<\/td>\n<td width=\"156\">\u22641 ppm<\/td>\n<\/tr>\n<\/tbody>\n<\/table>\n<p>&nbsp;<\/p>\n<h4>3.\u00c1mbito de aplicaci\u00f3n y uso<\/h4>\n<p>El bicarbonato s\u00f3dico (bicarbonato de sodio) se utiliza ampliamente en alimentaci\u00f3n, farmacia (anti\u00e1cidos, comprimidos efervescentes), cuidado personal (dent\u00edfricos, desodorantes) e industria (extintores, tratamiento de aguas, productos de limpieza). Seguro, vers\u00e1til y rentable.<\/p>\n<p>&nbsp;<\/p>\n<h4>4.Embalaje y almacenamiento<\/h4>\n<p>El bicarbonato s\u00f3dico se envasa en bolsas tejidas a prueba de humedad de 25 kg\/50 kg (pel\u00edcula interior de PE de calidad alimentaria, bolsas de papel de aluminio de calidad farmac\u00e9utica). Almacenar en lugar fresco y seco (&lt;25\u00b0C, humedad relativa \u226460%), evitando el contacto con sustancias \u00e1cidas. La caducidad es de 12 meses. Una vez abierto, debe sellarse para evitar la absorci\u00f3n de humedad y el apelmazamiento.<\/p>","protected":false},"excerpt":{"rendered":"<p>\u3010CAS\u3011144-55-8 Alias: Sodium bicarbonate; Baking soda; Potassium bicarbonate; Monohydrate sodium carbonate Molecular formula: NaHCO3 \u00a0Relative molecular mass: 84.01 Structural formula: &nbsp; 1.Product Property Sodium bicarbonate, with the chemical formula NaHCO\u2083, is an inorganic compound. It is a white powder or fine crystals, odorless, salty in taste, soluble in water, slightly soluble in ethanol (some sources [&hellip;]<\/p>\n","protected":false},"featured_media":4896,"template":"","meta":{"_seopress_robots_primary_cat":"","_seopress_titles_title":"","_seopress_titles_desc":"","_seopress_robots_index":"","_uag_custom_page_level_css":"","site-sidebar-layout":"default","site-content-layout":"","ast-site-content-layout":"default","site-content-style":"default","site-sidebar-style":"default","ast-global-header-display":"","ast-banner-title-visibility":"","ast-main-header-display":"","ast-hfb-above-header-display":"","ast-hfb-below-header-display":"","ast-hfb-mobile-header-display":"","site-post-title":"","ast-breadcrumbs-content":"","ast-featured-img":"","footer-sml-layout":"","theme-transparent-header-meta":"default","adv-header-id-meta":"","stick-header-meta":"default","header-above-stick-meta":"","header-main-stick-meta":"","header-below-stick-meta":"","astra-migrate-meta-layouts":"set","ast-page-background-enabled":"default","ast-page-background-meta":{"desktop":{"background-color":"","background-image":"","background-repeat":"repeat","background-position":"center center","background-size":"auto","background-attachment":"scroll","background-type":"","background-media":"","overlay-type":"","overlay-color":"","overlay-opacity":"","overlay-gradient":""},"tablet":{"background-color":"","background-image":"","background-repeat":"repeat","background-position":"center center","background-size":"auto","background-attachment":"scroll","background-type":"","background-media":"","overlay-type":"","overlay-color":"","overlay-opacity":"","overlay-gradient":""},"mobile":{"background-color":"","background-image":"","background-repeat":"repeat","background-position":"center center","background-size":"auto","background-attachment":"scroll","background-type":"","background-media":"","overlay-type":"","overlay-color":"","overlay-opacity":"","overlay-gradient":""}},"ast-content-background-meta":{"desktop":{"background-color":"var(--ast-global-color-5)","background-image":"","background-repeat":"repeat","background-position":"center center","background-size":"auto","background-attachment":"scroll","background-type":"","background-media":"","overlay-type":"","overlay-color":"","overlay-opacity":"","overlay-gradient":""},"tablet":{"background-color":"var(--ast-global-color-5)","background-image":"","background-repeat":"repeat","background-position":"center center","background-size":"auto","background-attachment":"scroll","background-type":"","background-media":"","overlay-type":"","overlay-color":"","overlay-opacity":"","overlay-gradient":""},"mobile":{"background-color":"var(--ast-global-color-5)","background-image":"","background-repeat":"repeat","background-position":"center center","background-size":"auto","background-attachment":"scroll","background-type":"","background-media":"","overlay-type":"","overlay-color":"","overlay-opacity":"","overlay-gradient":""}}},"product_brand":[],"product_cat":[67],"product_tag":[],"class_list":{"0":"post-4883","1":"product","2":"type-product","3":"status-publish","4":"has-post-thumbnail","6":"product_cat-food-additives","7":"desktop-align-left","8":"tablet-align-left","9":"mobile-align-left","10":"ast-product-gallery-layout-horizontal-slider","11":"ast-product-gallery-with-no-image","12":"ast-product-tabs-layout-horizontal","14":"first","15":"instock","16":"shipping-taxable","17":"product-type-simple"},"uagb_featured_image_src":{"full":["https:\/\/jinancuchem.com\/wp-content\/uploads\/2025\/07\/81.png",800,800,false],"thumbnail":["https:\/\/jinancuchem.com\/wp-content\/uploads\/2025\/07\/81-150x150.png",150,150,true],"medium":["https:\/\/jinancuchem.com\/wp-content\/uploads\/2025\/07\/81-300x300.png",300,300,true],"medium_large":["https:\/\/jinancuchem.com\/wp-content\/uploads\/2025\/07\/81-768x768.png",768,768,true],"large":["https:\/\/jinancuchem.com\/wp-content\/uploads\/2025\/07\/81.png",800,800,false],"1536x1536":["https:\/\/jinancuchem.com\/wp-content\/uploads\/2025\/07\/81.png",800,800,false],"2048x2048":["https:\/\/jinancuchem.com\/wp-content\/uploads\/2025\/07\/81.png",800,800,false],"trp-custom-language-flag":["https:\/\/jinancuchem.com\/wp-content\/uploads\/2025\/07\/81-12x12.png",12,12,true],"woocommerce_thumbnail":["https:\/\/jinancuchem.com\/wp-content\/uploads\/2025\/07\/81-300x300.png",300,300,true],"woocommerce_single":["https:\/\/jinancuchem.com\/wp-content\/uploads\/2025\/07\/81-500x500.png",500,500,true],"woocommerce_gallery_thumbnail":["https:\/\/jinancuchem.com\/wp-content\/uploads\/2025\/07\/81-100x100.png",100,100,true]},"uagb_author_info":{"display_name":"jinxing6611@gmail.com","author_link":"https:\/\/jinancuchem.com\/es\/author\/"},"uagb_comment_info":0,"uagb_excerpt":"\u3010CAS\u3011144-55-8 Alias: Sodium bicarbonate; Baking soda; Potassium bicarbonate; Monohydrate sodium carbonate Molecular formula: NaHCO3 \u00a0Relative molecular mass: 84.01 Structural formula: &nbsp; 1.Product Property Sodium bicarbonate, with the chemical formula NaHCO\u2083, is an inorganic compound. It is a white powder or fine crystals, odorless, salty in taste, soluble in water, slightly soluble in ethanol (some sources&hellip;","_links":{"self":[{"href":"https:\/\/jinancuchem.com\/es\/wp-json\/wp\/v2\/product\/4883","targetHints":{"allow":["GET"]}}],"collection":[{"href":"https:\/\/jinancuchem.com\/es\/wp-json\/wp\/v2\/product"}],"about":[{"href":"https:\/\/jinancuchem.com\/es\/wp-json\/wp\/v2\/types\/product"}],"wp:featuredmedia":[{"embeddable":true,"href":"https:\/\/jinancuchem.com\/es\/wp-json\/wp\/v2\/media\/4896"}],"wp:attachment":[{"href":"https:\/\/jinancuchem.com\/es\/wp-json\/wp\/v2\/media?parent=4883"}],"wp:term":[{"taxonomy":"product_brand","embeddable":true,"href":"https:\/\/jinancuchem.com\/es\/wp-json\/wp\/v2\/product_brand?post=4883"},{"taxonomy":"product_cat","embeddable":true,"href":"https:\/\/jinancuchem.com\/es\/wp-json\/wp\/v2\/product_cat?post=4883"},{"taxonomy":"product_tag","embeddable":true,"href":"https:\/\/jinancuchem.com\/es\/wp-json\/wp\/v2\/product_tag?post=4883"}],"curies":[{"name":"wp","href":"https:\/\/api.w.org\/{rel}","templated":true}]}}