{"id":4935,"date":"2025-07-25T07:45:06","date_gmt":"2025-07-25T07:45:06","guid":{"rendered":"https:\/\/jinancuchem.com\/?post_type=product&#038;p=4935"},"modified":"2025-07-25T07:45:06","modified_gmt":"2025-07-25T07:45:06","slug":"sodium-sulfite","status":"publish","type":"product","link":"https:\/\/jinancuchem.com\/es\/producto\/sodium-sulfite\/","title":{"rendered":"Sulfito s\u00f3dico"},"content":{"rendered":"<p>\u3010CAS\u30117757-83-7<\/p>\n<p>Alias: \u00c1cido benzoico, sal s\u00f3dica, Antimol.<\/p>\n<p>F\u00f3rmula molecular: Na<sub>2<\/sub>SO<sub>3<\/sub>\u00a0\u00a0Masa molecular relativa: 126.043<\/p>\n<p>F\u00f3rmula estructural:<img alt=\"\" decoding=\"async\" class=\"alignnone size-full wp-image-4941\" src=\"https:\/\/jinancuchem.com\/wp-content\/uploads\/2025\/07\/\u56fe\u724785.png\" width=\"98\" height=\"49\" srcset=\"https:\/\/jinancuchem.com\/wp-content\/uploads\/2025\/07\/\u56fe\u724785.png 98w, https:\/\/jinancuchem.com\/wp-content\/uploads\/2025\/07\/\u56fe\u724785-18x9.png 18w\" sizes=\"(max-width: 98px) 100vw, 98px\" \/><\/p>\n<p>&nbsp;<\/p>\n<h4>1.Propiedad del producto<\/h4>\n<p>El sulfito s\u00f3dico es una sustancia inorg\u00e1nica cuya f\u00f3rmula qu\u00edmica es Na<sub>2<\/sub>SO<sub>3<\/sub>. Es la sal de sulfito de sodio. Se utiliza principalmente como estabilizador para fibras artificiales, agente blanqueador para tejidos, revelador para fotograf\u00eda, desoxidante para te\u00f1ido y blanqueo, agente reductor para fragancias y tintes, y agente degradante de la madera para la fabricaci\u00f3n de papel.<\/p>\n<p>&nbsp;<\/p>\n<h4>2.<\/h4>\n<table>\n<tbody>\n<tr>\n<td width=\"160\"><strong><b>Par\u00e1metro<\/b><\/strong><\/td>\n<td width=\"179\"><strong><b>Grado industrial<\/b><\/strong><\/td>\n<td width=\"207\"><strong><b>Grado alimentario <\/b><\/strong><\/td>\n<\/tr>\n<tr>\n<td width=\"160\"><strong><b>Pureza (Na\u2082SO\u2083)<\/b><\/strong><\/td>\n<td width=\"179\">\u226596.0%<\/td>\n<td width=\"207\">\u226597.0%<\/td>\n<\/tr>\n<tr>\n<td width=\"160\"><strong><b>Hierro (Fe)<\/b><\/strong><\/td>\n<td width=\"179\">\u22640.005%<\/td>\n<td width=\"207\">\u22640.002%<\/td>\n<\/tr>\n<tr>\n<td width=\"160\"><strong><b>Insolubles en agua<\/b><\/strong><\/td>\n<td width=\"179\">\u22640.05%<\/td>\n<td width=\"207\">\u22640.02%<\/td>\n<\/tr>\n<tr>\n<td width=\"160\"><strong><b>Metales pesados (Pb)<\/b><\/strong><\/td>\n<td width=\"179\">\u226410 ppm<\/td>\n<td width=\"207\">\u22645 ppm<\/td>\n<\/tr>\n<tr>\n<td width=\"160\"><strong><b>Selenio (Se)<\/b><\/strong><\/td>\n<td width=\"179\">\u22640.003%<\/td>\n<td width=\"207\">\u22640.001%<\/td>\n<\/tr>\n<tr>\n<td width=\"160\"><strong><b>pH (soluci\u00f3n 10%)<\/b><\/strong><\/td>\n<td width=\"179\">9.0-10.5<\/td>\n<td width=\"207\">9.0-10.0<\/td>\n<\/tr>\n<\/tbody>\n<\/table>\n<p>&nbsp;<\/p>\n<h4>3.\u00c1mbito de aplicaci\u00f3n y uso<\/h4>\n<p>Se utiliza principalmente como estabilizador de fibras artificiales, agente blanqueador de tejidos, revelador fotogr\u00e1fico, decolorante blanqueador de tintes, agente aromatizante y reductor de tintes, y agente eliminador de lignina para la fabricaci\u00f3n de papel.<\/p>\n<p>&nbsp;<\/p>\n<h4>4.Embalaje y almacenamiento<\/h4>\n<p>El sulfito s\u00f3dico anhidro se envasa en bolsas de papel kraft recubiertas de pel\u00edcula de PE o en bolsas tejidas de pl\u00e1stico de 25 kg de interior. Para productos de grado alimentario, se requieren medidas de doble capa a prueba de humedad. Debe almacenarse en un almac\u00e9n fresco y seco (&lt;30\u2103), cerrado herm\u00e9ticamente para evitar la humedad y el aire (es propenso a la oxidaci\u00f3n), y mantenerse alejado de \u00e1cidos y oxidantes. Durante el funcionamiento, asegure una buena ventilaci\u00f3n (ya que la descomposici\u00f3n produce SO\u2082). La vida \u00fatil es de 24 meses.<\/p>","protected":false},"excerpt":{"rendered":"<p>\u3010CAS\u30117757-83-7 Alias: Benzoic acid, sodium salt, Antimol. Molecular formula: Na2SO3\u00a0\u00a0Relative molecular mass: 126.043 Structural formula: &nbsp; 1.Product Property Sodium sulfite is an inorganic substance with the chemical formula Na2SO3. It is the sulfite salt of sodium. It is mainly used as a stabilizer for artificial fibers, a bleaching agent for fabrics, a developer for photography, [&hellip;]<\/p>\n","protected":false},"featured_media":4946,"template":"","meta":{"_seopress_robots_primary_cat":"","_seopress_titles_title":"","_seopress_titles_desc":"","_seopress_robots_index":"","_uag_custom_page_level_css":"","site-sidebar-layout":"default","site-content-layout":"","ast-site-content-layout":"default","site-content-style":"default","site-sidebar-style":"default","ast-global-header-display":"","ast-banner-title-visibility":"","ast-main-header-display":"","ast-hfb-above-header-display":"","ast-hfb-below-header-display":"","ast-hfb-mobile-header-display":"","site-post-title":"","ast-breadcrumbs-content":"","ast-featured-img":"","footer-sml-layout":"","theme-transparent-header-meta":"default","adv-header-id-meta":"","stick-header-meta":"default","header-above-stick-meta":"","header-main-stick-meta":"","header-below-stick-meta":"","astra-migrate-meta-layouts":"set","ast-page-background-enabled":"default","ast-page-background-meta":{"desktop":{"background-color":"","background-image":"","background-repeat":"repeat","background-position":"center center","background-size":"auto","background-attachment":"scroll","background-type":"","background-media":"","overlay-type":"","overlay-color":"","overlay-opacity":"","overlay-gradient":""},"tablet":{"background-color":"","background-image":"","background-repeat":"repeat","background-position":"center center","background-size":"auto","background-attachment":"scroll","background-type":"","background-media":"","overlay-type":"","overlay-color":"","overlay-opacity":"","overlay-gradient":""},"mobile":{"background-color":"","background-image":"","background-repeat":"repeat","background-position":"center center","background-size":"auto","background-attachment":"scroll","background-type":"","background-media":"","overlay-type":"","overlay-color":"","overlay-opacity":"","overlay-gradient":""}},"ast-content-background-meta":{"desktop":{"background-color":"var(--ast-global-color-5)","background-image":"","background-repeat":"repeat","background-position":"center center","background-size":"auto","background-attachment":"scroll","background-type":"","background-media":"","overlay-type":"","overlay-color":"","overlay-opacity":"","overlay-gradient":""},"tablet":{"background-color":"var(--ast-global-color-5)","background-image":"","background-repeat":"repeat","background-position":"center center","background-size":"auto","background-attachment":"scroll","background-type":"","background-media":"","overlay-type":"","overlay-color":"","overlay-opacity":"","overlay-gradient":""},"mobile":{"background-color":"var(--ast-global-color-5)","background-image":"","background-repeat":"repeat","background-position":"center center","background-size":"auto","background-attachment":"scroll","background-type":"","background-media":"","overlay-type":"","overlay-color":"","overlay-opacity":"","overlay-gradient":""}}},"product_brand":[],"product_cat":[67],"product_tag":[],"class_list":{"0":"post-4935","1":"product","2":"type-product","3":"status-publish","4":"has-post-thumbnail","6":"product_cat-food-additives","7":"desktop-align-left","8":"tablet-align-left","9":"mobile-align-left","10":"ast-product-gallery-layout-horizontal-slider","11":"ast-product-gallery-with-no-image","12":"ast-product-tabs-layout-horizontal","14":"first","15":"instock","16":"shipping-taxable","17":"product-type-simple"},"uagb_featured_image_src":{"full":["https:\/\/jinancuchem.com\/wp-content\/uploads\/2025\/07\/85.png",800,800,false],"thumbnail":["https:\/\/jinancuchem.com\/wp-content\/uploads\/2025\/07\/85-150x150.png",150,150,true],"medium":["https:\/\/jinancuchem.com\/wp-content\/uploads\/2025\/07\/85-300x300.png",300,300,true],"medium_large":["https:\/\/jinancuchem.com\/wp-content\/uploads\/2025\/07\/85-768x768.png",768,768,true],"large":["https:\/\/jinancuchem.com\/wp-content\/uploads\/2025\/07\/85.png",800,800,false],"1536x1536":["https:\/\/jinancuchem.com\/wp-content\/uploads\/2025\/07\/85.png",800,800,false],"2048x2048":["https:\/\/jinancuchem.com\/wp-content\/uploads\/2025\/07\/85.png",800,800,false],"trp-custom-language-flag":["https:\/\/jinancuchem.com\/wp-content\/uploads\/2025\/07\/85-12x12.png",12,12,true],"woocommerce_thumbnail":["https:\/\/jinancuchem.com\/wp-content\/uploads\/2025\/07\/85-300x300.png",300,300,true],"woocommerce_single":["https:\/\/jinancuchem.com\/wp-content\/uploads\/2025\/07\/85-500x500.png",500,500,true],"woocommerce_gallery_thumbnail":["https:\/\/jinancuchem.com\/wp-content\/uploads\/2025\/07\/85-100x100.png",100,100,true]},"uagb_author_info":{"display_name":"jinxing6611@gmail.com","author_link":"https:\/\/jinancuchem.com\/es\/author\/"},"uagb_comment_info":0,"uagb_excerpt":"\u3010CAS\u30117757-83-7 Alias: Benzoic acid, sodium salt, Antimol. Molecular formula: Na2SO3\u00a0\u00a0Relative molecular mass: 126.043 Structural formula: &nbsp; 1.Product Property Sodium sulfite is an inorganic substance with the chemical formula Na2SO3. It is the sulfite salt of sodium. It is mainly used as a stabilizer for artificial fibers, a bleaching agent for fabrics, a developer for photography,&hellip;","_links":{"self":[{"href":"https:\/\/jinancuchem.com\/es\/wp-json\/wp\/v2\/product\/4935","targetHints":{"allow":["GET"]}}],"collection":[{"href":"https:\/\/jinancuchem.com\/es\/wp-json\/wp\/v2\/product"}],"about":[{"href":"https:\/\/jinancuchem.com\/es\/wp-json\/wp\/v2\/types\/product"}],"wp:featuredmedia":[{"embeddable":true,"href":"https:\/\/jinancuchem.com\/es\/wp-json\/wp\/v2\/media\/4946"}],"wp:attachment":[{"href":"https:\/\/jinancuchem.com\/es\/wp-json\/wp\/v2\/media?parent=4935"}],"wp:term":[{"taxonomy":"product_brand","embeddable":true,"href":"https:\/\/jinancuchem.com\/es\/wp-json\/wp\/v2\/product_brand?post=4935"},{"taxonomy":"product_cat","embeddable":true,"href":"https:\/\/jinancuchem.com\/es\/wp-json\/wp\/v2\/product_cat?post=4935"},{"taxonomy":"product_tag","embeddable":true,"href":"https:\/\/jinancuchem.com\/es\/wp-json\/wp\/v2\/product_tag?post=4935"}],"curies":[{"name":"wp","href":"https:\/\/api.w.org\/{rel}","templated":true}]}}