{"id":4969,"date":"2025-07-25T07:55:35","date_gmt":"2025-07-25T07:55:35","guid":{"rendered":"https:\/\/jinancuchem.com\/?post_type=product&#038;p=4969"},"modified":"2025-07-25T07:55:35","modified_gmt":"2025-07-25T07:55:35","slug":"sodium-hydrogen-sulfite","status":"publish","type":"product","link":"https:\/\/jinancuchem.com\/es\/producto\/sodium-hydrogen-sulfite\/","title":{"rendered":"Hidr\u00f3geno sulfito s\u00f3dico"},"content":{"rendered":"<p>\u3010CAS\u30117631-90-5<\/p>\n<p>Alias: Bisulfito s\u00f3dico<\/p>\n<p>F\u00f3rmula molecular: NaHSO<sub>3<\/sub>\u00a0\u00a0Masa molecular relativa: 104,061<\/p>\n<p>F\u00f3rmula estructural:<img alt=\"\" decoding=\"async\" class=\"alignnone size-full wp-image-4979\" src=\"https:\/\/jinancuchem.com\/wp-content\/uploads\/2025\/07\/\u56fe\u724787.png\" width=\"156\" height=\"125\" srcset=\"https:\/\/jinancuchem.com\/wp-content\/uploads\/2025\/07\/\u56fe\u724787.png 156w, https:\/\/jinancuchem.com\/wp-content\/uploads\/2025\/07\/\u56fe\u724787-15x12.png 15w\" sizes=\"(max-width: 156px) 100vw, 156px\" \/><\/p>\n<p>&nbsp;<\/p>\n<h4>1.Propiedad del producto<\/h4>\n<p>El bisulfito s\u00f3dico es un compuesto inorg\u00e1nico cuya f\u00f3rmula qu\u00edmica es NaHSO<sub>3<\/sub>. Es un polvo cristalino blanco con un desagradable olor a di\u00f3xido de azufre. Se utiliza principalmente como agente blanqueador, conservante, antioxidante y bacteriost\u00e1tico.<\/p>\n<p>&nbsp;<\/p>\n<h4>2.<\/h4>\n<table>\n<tbody>\n<tr>\n<td width=\"189\"><strong><b>Par\u00e1metro<\/b><\/strong><\/td>\n<td width=\"189\"><strong><b>Grado industrial<\/b><\/strong><\/td>\n<td width=\"189\"><strong><b>Grado alimentario <\/b><\/strong><\/td>\n<\/tr>\n<tr>\n<td width=\"189\"><strong><b>Pureza (NaHSO\u2083)<\/b><\/strong><\/td>\n<td width=\"189\">\u226595.0%<\/td>\n<td width=\"189\">\u226597.0%<\/td>\n<\/tr>\n<tr>\n<td width=\"189\"><strong><b>SO\u2082 Contenido<\/b><\/strong><\/td>\n<td width=\"189\">\u226558.0%<\/td>\n<td width=\"189\">\u226560.0%<\/td>\n<\/tr>\n<tr>\n<td width=\"189\"><strong><b>Hierro (Fe)<\/b><\/strong><\/td>\n<td width=\"189\">\u22640.005%<\/td>\n<td width=\"189\">\u22640.002%<\/td>\n<\/tr>\n<tr>\n<td width=\"189\"><strong><b>Metales pesados (Pb)<\/b><\/strong><\/td>\n<td width=\"189\">\u226410 ppm<\/td>\n<td width=\"189\">\u22645 ppm<\/td>\n<\/tr>\n<tr>\n<td width=\"189\"><strong><b>Insolubles en agua<\/b><\/strong><\/td>\n<td width=\"189\">\u22640.05%<\/td>\n<td width=\"189\">\u22640.02%<\/td>\n<\/tr>\n<tr>\n<td width=\"189\"><strong><b>pH (soluci\u00f3n 10%)<\/b><\/strong><\/td>\n<td width=\"189\">3.5-4.5<\/td>\n<td width=\"189\">4.0-4.5<\/td>\n<\/tr>\n<\/tbody>\n<\/table>\n<p>&nbsp;<\/p>\n<h4>3.\u00c1mbito de aplicaci\u00f3n y uso<\/h4>\n<p>El bisulfito s\u00f3dico se utiliza ampliamente como conservante alimentario (bebidas, frutos secos), agente de decloraci\u00f3n para el tratamiento del agua y auxiliar de blanqueo textil. Tambi\u00e9n sirve en s\u00edntesis qu\u00edmica y fotograf\u00eda por sus fuertes propiedades reductoras.<\/p>\n<p>&nbsp;<\/p>\n<h4>4.Embalaje y almacenamiento<\/h4>\n<p>El bisulfito s\u00f3dico se envasa en bolsas interiores de papel kraft recubiertas de pel\u00edcula de PE de 25 kg o en bolsas tejidas de pl\u00e1stico. Para uso alimentario, se requiere un envase de doble capa a prueba de humedad. Almacenar en un lugar fresco y seco (&lt;25\u2103), estrictamente sellado para evitar la humedad y el aire (susceptibles de oxidaci\u00f3n), y mantener alejado de \u00e1cidos y oxidantes fuertes. Preste atenci\u00f3n a la ventilaci\u00f3n durante el funcionamiento (puede generarse SO\u2082 durante la descomposici\u00f3n). La vida \u00fatil es de 12 meses.<\/p>","protected":false},"excerpt":{"rendered":"<p>\u3010CAS\u30117631-90-5 Alias: Sodium bisulfite Molecular formula: NaHSO3\u00a0\u00a0Relative molecular mass: 104.061 Structural formula: &nbsp; 1.Product Property Sodium bisulfite is an inorganic compound with the chemical formula NaHSO3. It is a white crystalline powder with an unpleasant odor of sulfur dioxide. It is mainly used as a bleaching agent, preservative, antioxidant, and bacteriostatic agent. &nbsp; 2. Parameter [&hellip;]<\/p>\n","protected":false},"featured_media":4982,"template":"","meta":{"_seopress_robots_primary_cat":"","_seopress_titles_title":"","_seopress_titles_desc":"","_seopress_robots_index":"","_uag_custom_page_level_css":"","site-sidebar-layout":"default","site-content-layout":"","ast-site-content-layout":"default","site-content-style":"default","site-sidebar-style":"default","ast-global-header-display":"","ast-banner-title-visibility":"","ast-main-header-display":"","ast-hfb-above-header-display":"","ast-hfb-below-header-display":"","ast-hfb-mobile-header-display":"","site-post-title":"","ast-breadcrumbs-content":"","ast-featured-img":"","footer-sml-layout":"","theme-transparent-header-meta":"default","adv-header-id-meta":"","stick-header-meta":"default","header-above-stick-meta":"","header-main-stick-meta":"","header-below-stick-meta":"","astra-migrate-meta-layouts":"set","ast-page-background-enabled":"default","ast-page-background-meta":{"desktop":{"background-color":"","background-image":"","background-repeat":"repeat","background-position":"center center","background-size":"auto","background-attachment":"scroll","background-type":"","background-media":"","overlay-type":"","overlay-color":"","overlay-opacity":"","overlay-gradient":""},"tablet":{"background-color":"","background-image":"","background-repeat":"repeat","background-position":"center center","background-size":"auto","background-attachment":"scroll","background-type":"","background-media":"","overlay-type":"","overlay-color":"","overlay-opacity":"","overlay-gradient":""},"mobile":{"background-color":"","background-image":"","background-repeat":"repeat","background-position":"center center","background-size":"auto","background-attachment":"scroll","background-type":"","background-media":"","overlay-type":"","overlay-color":"","overlay-opacity":"","overlay-gradient":""}},"ast-content-background-meta":{"desktop":{"background-color":"var(--ast-global-color-5)","background-image":"","background-repeat":"repeat","background-position":"center center","background-size":"auto","background-attachment":"scroll","background-type":"","background-media":"","overlay-type":"","overlay-color":"","overlay-opacity":"","overlay-gradient":""},"tablet":{"background-color":"var(--ast-global-color-5)","background-image":"","background-repeat":"repeat","background-position":"center center","background-size":"auto","background-attachment":"scroll","background-type":"","background-media":"","overlay-type":"","overlay-color":"","overlay-opacity":"","overlay-gradient":""},"mobile":{"background-color":"var(--ast-global-color-5)","background-image":"","background-repeat":"repeat","background-position":"center center","background-size":"auto","background-attachment":"scroll","background-type":"","background-media":"","overlay-type":"","overlay-color":"","overlay-opacity":"","overlay-gradient":""}}},"product_brand":[],"product_cat":[67],"product_tag":[],"class_list":{"0":"post-4969","1":"product","2":"type-product","3":"status-publish","4":"has-post-thumbnail","6":"product_cat-food-additives","7":"desktop-align-left","8":"tablet-align-left","9":"mobile-align-left","10":"ast-product-gallery-layout-horizontal-slider","11":"ast-product-gallery-with-no-image","12":"ast-product-tabs-layout-horizontal","14":"first","15":"instock","16":"shipping-taxable","17":"product-type-simple"},"uagb_featured_image_src":{"full":["https:\/\/jinancuchem.com\/wp-content\/uploads\/2025\/07\/87.png",800,800,false],"thumbnail":["https:\/\/jinancuchem.com\/wp-content\/uploads\/2025\/07\/87-150x150.png",150,150,true],"medium":["https:\/\/jinancuchem.com\/wp-content\/uploads\/2025\/07\/87-300x300.png",300,300,true],"medium_large":["https:\/\/jinancuchem.com\/wp-content\/uploads\/2025\/07\/87-768x768.png",768,768,true],"large":["https:\/\/jinancuchem.com\/wp-content\/uploads\/2025\/07\/87.png",800,800,false],"1536x1536":["https:\/\/jinancuchem.com\/wp-content\/uploads\/2025\/07\/87.png",800,800,false],"2048x2048":["https:\/\/jinancuchem.com\/wp-content\/uploads\/2025\/07\/87.png",800,800,false],"trp-custom-language-flag":["https:\/\/jinancuchem.com\/wp-content\/uploads\/2025\/07\/87-12x12.png",12,12,true],"woocommerce_thumbnail":["https:\/\/jinancuchem.com\/wp-content\/uploads\/2025\/07\/87-300x300.png",300,300,true],"woocommerce_single":["https:\/\/jinancuchem.com\/wp-content\/uploads\/2025\/07\/87-500x500.png",500,500,true],"woocommerce_gallery_thumbnail":["https:\/\/jinancuchem.com\/wp-content\/uploads\/2025\/07\/87-100x100.png",100,100,true]},"uagb_author_info":{"display_name":"jinxing6611@gmail.com","author_link":"https:\/\/jinancuchem.com\/es\/author\/"},"uagb_comment_info":0,"uagb_excerpt":"\u3010CAS\u30117631-90-5 Alias: Sodium bisulfite Molecular formula: NaHSO3\u00a0\u00a0Relative molecular mass: 104.061 Structural formula: &nbsp; 1.Product Property Sodium bisulfite is an inorganic compound with the chemical formula NaHSO3. It is a white crystalline powder with an unpleasant odor of sulfur dioxide. It is mainly used as a bleaching agent, preservative, antioxidant, and bacteriostatic agent. &nbsp; 2. Parameter&hellip;","_links":{"self":[{"href":"https:\/\/jinancuchem.com\/es\/wp-json\/wp\/v2\/product\/4969","targetHints":{"allow":["GET"]}}],"collection":[{"href":"https:\/\/jinancuchem.com\/es\/wp-json\/wp\/v2\/product"}],"about":[{"href":"https:\/\/jinancuchem.com\/es\/wp-json\/wp\/v2\/types\/product"}],"wp:featuredmedia":[{"embeddable":true,"href":"https:\/\/jinancuchem.com\/es\/wp-json\/wp\/v2\/media\/4982"}],"wp:attachment":[{"href":"https:\/\/jinancuchem.com\/es\/wp-json\/wp\/v2\/media?parent=4969"}],"wp:term":[{"taxonomy":"product_brand","embeddable":true,"href":"https:\/\/jinancuchem.com\/es\/wp-json\/wp\/v2\/product_brand?post=4969"},{"taxonomy":"product_cat","embeddable":true,"href":"https:\/\/jinancuchem.com\/es\/wp-json\/wp\/v2\/product_cat?post=4969"},{"taxonomy":"product_tag","embeddable":true,"href":"https:\/\/jinancuchem.com\/es\/wp-json\/wp\/v2\/product_tag?post=4969"}],"curies":[{"name":"wp","href":"https:\/\/api.w.org\/{rel}","templated":true}]}}