{"id":4984,"date":"2025-07-25T08:01:59","date_gmt":"2025-07-25T08:01:59","guid":{"rendered":"https:\/\/jinancuchem.com\/?post_type=product&#038;p=4984"},"modified":"2025-07-25T08:02:00","modified_gmt":"2025-07-25T08:02:00","slug":"ethyl-acetate","status":"publish","type":"product","link":"https:\/\/jinancuchem.com\/es\/producto\/ethyl-acetate\/","title":{"rendered":"Acetato de etilo"},"content":{"rendered":"<p>\u3010CAS\u3011141-78-6Alias: \u00e9ter ac\u00e9tico EAC<\/p>\n<p>F\u00f3rmula molecular: C<sub>4<\/sub>H<sub>8<\/sub>O<sub>2<\/sub><\/p>\n<p>Masa molecular relativa: 88,105<\/p>\n<p>F\u00f3rmula estructural: <img alt=\"\" decoding=\"async\" class=\"alignnone size-full wp-image-4991\" src=\"https:\/\/jinancuchem.com\/wp-content\/uploads\/2025\/07\/\u56fe\u724788.png\" width=\"76\" height=\"41\" srcset=\"https:\/\/jinancuchem.com\/wp-content\/uploads\/2025\/07\/\u56fe\u724788.png 76w, https:\/\/jinancuchem.com\/wp-content\/uploads\/2025\/07\/\u56fe\u724788-18x10.png 18w\" sizes=\"(max-width: 76px) 100vw, 76px\" \/><\/p>\n<p>&nbsp;<\/p>\n<h4>1.Propiedad del producto<\/h4>\n<p>El acetato de etilo, tambi\u00e9n conocido como \u00e9ster et\u00edlico del \u00e1cido ac\u00e9tico, es un compuesto org\u00e1nico cuya f\u00f3rmula qu\u00edmica es C<sub>4<\/sub>H<sub>8<\/sub>O<sub>2<\/sub>. Es un tipo de \u00e9ster (con un grupo funcional -COOR, en el que el carbono y el ox\u00edgeno forman un doble enlace) y puede someterse a las reacciones habituales de los \u00e9steres, como la alcoh\u00f3lisis, la hidr\u00f3lisis de amidas, el intercambio de \u00e9steres y la reducci\u00f3n. Se utiliza principalmente como disolvente, agente aromatizante de alimentos y eliminador de aceites de limpieza.<\/p>\n<p>&nbsp;<\/p>\n<h4>2.<\/h4>\n<table>\n<tbody>\n<tr>\n<td><strong><b>Par\u00e1metro<\/b><\/strong><\/td>\n<td><strong><b>Grado industrial<\/b><\/strong><\/td>\n<td><strong><b>Grado alimentario <\/b><\/strong><\/td>\n<\/tr>\n<tr>\n<td><strong><b>Pureza<\/b><\/strong><\/td>\n<td>\u226599.5%<\/td>\n<td>\u226599.7%<\/td>\n<\/tr>\n<tr>\n<td><strong><b>Densidad (20\u00b0C)<\/b><\/strong><\/td>\n<td>0,897-0,902 g\/cm\u00b3<\/td>\n<td>0,899-0,901 g\/cm\u00b3<\/td>\n<\/tr>\n<tr>\n<td><strong><b>Acidez (como CH\u2083COOH)<\/b><\/strong><\/td>\n<td>\u22640.005%<\/td>\n<td>\u22640.002%<\/td>\n<\/tr>\n<tr>\n<td><strong><b>Contenido en agua<\/b><\/strong><\/td>\n<td>\u22640.1%<\/td>\n<td>\u22640.05%<\/td>\n<\/tr>\n<tr>\n<td><strong><b>Residuo de evaporaci\u00f3n<\/b><\/strong><\/td>\n<td>\u22640.001%<\/td>\n<td>\u22640.0005%<\/td>\n<\/tr>\n<tr>\n<td><strong><b>Metanol<\/b><\/strong><\/td>\n<td>\u22640.05%<\/td>\n<td>\u22640.01%<\/td>\n<\/tr>\n<\/tbody>\n<\/table>\n<p>&nbsp;<\/p>\n<h4>3.\u00c1mbito de aplicaci\u00f3n y uso<\/h4>\n<p>El acetato de etilo es uno de los \u00e9steres de \u00e1cidos grasos m\u00e1s utilizados. Es un disolvente de secado r\u00e1pido con una excelente solubilidad y es un excelente disolvente industrial. Tambi\u00e9n puede utilizarse como eluyente en cromatograf\u00eda en columna. Puede utilizarse para nitrocelulosa, etilcelulosa, caucho clorado y resinas vin\u00edlicas, \u00e9steres de acetato de celulosa, acetato de butilo de celulosa y caucho sint\u00e9tico. Tambi\u00e9n puede utilizarse como tinta l\u00edquida de nitrocelulosa para fotocopiadoras. Puede utilizarse como disolvente para adhesivos y diluyente para pintura. El acetato de etilo es un disolvente muy eficaz para muchos tipos de resinas y se utiliza mucho en la producci\u00f3n de tintas y en la fabricaci\u00f3n de cuero artificial. Se utiliza como reactivo anal\u00edtico, sustancia patr\u00f3n para an\u00e1lisis cromatogr\u00e1ficos y disolvente.<\/p>\n<p>&nbsp;<\/p>\n<h4>4.Embalaje y almacenamiento<\/h4>\n<p>Grado alimentario: Normalmente se envasa en recipientes sellados de 25 kilogramos por bolsa o 20 kilogramos por barril, con una caducidad de 720 d\u00edas (dos a\u00f1os).<\/p>\n<p>Grado industrial: Los envases comunes incluyen 500ml, 2500ml y 20kg\/barril, con una caducidad general de 12 meses (un a\u00f1o).<\/p>\n<p>Almacenamiento herm\u00e9tico: La vida \u00fatil suele ser mayor si se almacena en condiciones herm\u00e9ticas, pero evite las altas temperaturas o la exposici\u00f3n al aire.<\/p>\n<p>Despu\u00e9s de abierto: Si no se cierra herm\u00e9ticamente o se expone al aire con frecuencia, los ingredientes activos pueden disminuir debido a la evaporaci\u00f3n. Se recomienda utilizarlo lo antes posible tras su apertura.<\/p>","protected":false},"excerpt":{"rendered":"<p>\u3010CAS\u3011141-78-6Alias: acetic ether \u00a0EAC Molecular formula: C4H8O2 Relative molecular mass: 88.105 Structural formula: &nbsp; 1.Product Property Ethyl acetate, also known as acetic acid ethyl ester, is an organic compound with the chemical formula C4H8O2. It is a type of ester (with a functional group -COOR, where carbon and oxygen form a double bond) and can [&hellip;]<\/p>\n","protected":false},"featured_media":5001,"template":"","meta":{"_seopress_robots_primary_cat":"","_seopress_titles_title":"","_seopress_titles_desc":"","_seopress_robots_index":"","_uag_custom_page_level_css":"","site-sidebar-layout":"default","site-content-layout":"","ast-site-content-layout":"default","site-content-style":"default","site-sidebar-style":"default","ast-global-header-display":"","ast-banner-title-visibility":"","ast-main-header-display":"","ast-hfb-above-header-display":"","ast-hfb-below-header-display":"","ast-hfb-mobile-header-display":"","site-post-title":"","ast-breadcrumbs-content":"","ast-featured-img":"","footer-sml-layout":"","theme-transparent-header-meta":"default","adv-header-id-meta":"","stick-header-meta":"default","header-above-stick-meta":"","header-main-stick-meta":"","header-below-stick-meta":"","astra-migrate-meta-layouts":"set","ast-page-background-enabled":"default","ast-page-background-meta":{"desktop":{"background-color":"","background-image":"","background-repeat":"repeat","background-position":"center center","background-size":"auto","background-attachment":"scroll","background-type":"","background-media":"","overlay-type":"","overlay-color":"","overlay-opacity":"","overlay-gradient":""},"tablet":{"background-color":"","background-image":"","background-repeat":"repeat","background-position":"center center","background-size":"auto","background-attachment":"scroll","background-type":"","background-media":"","overlay-type":"","overlay-color":"","overlay-opacity":"","overlay-gradient":""},"mobile":{"background-color":"","background-image":"","background-repeat":"repeat","background-position":"center center","background-size":"auto","background-attachment":"scroll","background-type":"","background-media":"","overlay-type":"","overlay-color":"","overlay-opacity":"","overlay-gradient":""}},"ast-content-background-meta":{"desktop":{"background-color":"var(--ast-global-color-5)","background-image":"","background-repeat":"repeat","background-position":"center center","background-size":"auto","background-attachment":"scroll","background-type":"","background-media":"","overlay-type":"","overlay-color":"","overlay-opacity":"","overlay-gradient":""},"tablet":{"background-color":"var(--ast-global-color-5)","background-image":"","background-repeat":"repeat","background-position":"center center","background-size":"auto","background-attachment":"scroll","background-type":"","background-media":"","overlay-type":"","overlay-color":"","overlay-opacity":"","overlay-gradient":""},"mobile":{"background-color":"var(--ast-global-color-5)","background-image":"","background-repeat":"repeat","background-position":"center center","background-size":"auto","background-attachment":"scroll","background-type":"","background-media":"","overlay-type":"","overlay-color":"","overlay-opacity":"","overlay-gradient":""}}},"product_brand":[],"product_cat":[67],"product_tag":[],"class_list":{"0":"post-4984","1":"product","2":"type-product","3":"status-publish","4":"has-post-thumbnail","6":"product_cat-food-additives","7":"desktop-align-left","8":"tablet-align-left","9":"mobile-align-left","10":"ast-product-gallery-layout-horizontal-slider","11":"ast-product-gallery-with-no-image","12":"ast-product-tabs-layout-horizontal","14":"first","15":"instock","16":"shipping-taxable","17":"product-type-simple"},"uagb_featured_image_src":{"full":["https:\/\/jinancuchem.com\/wp-content\/uploads\/2025\/07\/88.png",800,800,false],"thumbnail":["https:\/\/jinancuchem.com\/wp-content\/uploads\/2025\/07\/88-150x150.png",150,150,true],"medium":["https:\/\/jinancuchem.com\/wp-content\/uploads\/2025\/07\/88-300x300.png",300,300,true],"medium_large":["https:\/\/jinancuchem.com\/wp-content\/uploads\/2025\/07\/88-768x768.png",768,768,true],"large":["https:\/\/jinancuchem.com\/wp-content\/uploads\/2025\/07\/88.png",800,800,false],"1536x1536":["https:\/\/jinancuchem.com\/wp-content\/uploads\/2025\/07\/88.png",800,800,false],"2048x2048":["https:\/\/jinancuchem.com\/wp-content\/uploads\/2025\/07\/88.png",800,800,false],"trp-custom-language-flag":["https:\/\/jinancuchem.com\/wp-content\/uploads\/2025\/07\/88-12x12.png",12,12,true],"woocommerce_thumbnail":["https:\/\/jinancuchem.com\/wp-content\/uploads\/2025\/07\/88-300x300.png",300,300,true],"woocommerce_single":["https:\/\/jinancuchem.com\/wp-content\/uploads\/2025\/07\/88-500x500.png",500,500,true],"woocommerce_gallery_thumbnail":["https:\/\/jinancuchem.com\/wp-content\/uploads\/2025\/07\/88-100x100.png",100,100,true]},"uagb_author_info":{"display_name":"jinxing6611@gmail.com","author_link":"https:\/\/jinancuchem.com\/es\/author\/"},"uagb_comment_info":0,"uagb_excerpt":"\u3010CAS\u3011141-78-6Alias: acetic ether \u00a0EAC Molecular formula: C4H8O2 Relative molecular mass: 88.105 Structural formula: &nbsp; 1.Product Property Ethyl acetate, also known as acetic acid ethyl ester, is an organic compound with the chemical formula C4H8O2. It is a type of ester (with a functional group -COOR, where carbon and oxygen form a double bond) and can&hellip;","_links":{"self":[{"href":"https:\/\/jinancuchem.com\/es\/wp-json\/wp\/v2\/product\/4984","targetHints":{"allow":["GET"]}}],"collection":[{"href":"https:\/\/jinancuchem.com\/es\/wp-json\/wp\/v2\/product"}],"about":[{"href":"https:\/\/jinancuchem.com\/es\/wp-json\/wp\/v2\/types\/product"}],"wp:featuredmedia":[{"embeddable":true,"href":"https:\/\/jinancuchem.com\/es\/wp-json\/wp\/v2\/media\/5001"}],"wp:attachment":[{"href":"https:\/\/jinancuchem.com\/es\/wp-json\/wp\/v2\/media?parent=4984"}],"wp:term":[{"taxonomy":"product_brand","embeddable":true,"href":"https:\/\/jinancuchem.com\/es\/wp-json\/wp\/v2\/product_brand?post=4984"},{"taxonomy":"product_cat","embeddable":true,"href":"https:\/\/jinancuchem.com\/es\/wp-json\/wp\/v2\/product_cat?post=4984"},{"taxonomy":"product_tag","embeddable":true,"href":"https:\/\/jinancuchem.com\/es\/wp-json\/wp\/v2\/product_tag?post=4984"}],"curies":[{"name":"wp","href":"https:\/\/api.w.org\/{rel}","templated":true}]}}