{"id":5003,"date":"2025-07-25T08:04:50","date_gmt":"2025-07-25T08:04:50","guid":{"rendered":"https:\/\/jinancuchem.com\/?post_type=product&#038;p=5003"},"modified":"2025-07-25T08:04:50","modified_gmt":"2025-07-25T08:04:50","slug":"amino-acid-surfactants","status":"publish","type":"product","link":"https:\/\/jinancuchem.com\/es\/producto\/amino-acid-surfactants\/","title":{"rendered":"Tensioactivos amino\u00e1cidos"},"content":{"rendered":"<h3>1.Propiedad del producto<\/h3>\n<p>Los tensioactivos amino\u00e1cidos son suaves, biodegradables y derivados de fuentes naturales. Est\u00e1n disponibles en forma l\u00edquida o en polvo con distintos contenidos s\u00f3lidos (30%-100%). Estos tensioactivos presentan excelentes propiedades espumantes, estabilidad en aguas duras y baja irritaci\u00f3n de la piel y los ojos. Son adecuados para una amplia gama de aplicaciones debido a su naturaleza suave y respetuosa con el medio ambiente.<\/p>\n<h3>2.Norma t\u00e9cnica<\/h3>\n<p>&nbsp;<\/p>\n<table>\n<tbody>\n<tr>\n<td><strong><b>Nombre del producto<\/b><\/strong><\/td>\n<td><strong><b>Denominaci\u00f3n INCI<\/b><\/strong><\/td>\n<td><strong><b>Observaciones<\/b><\/strong><\/td>\n<\/tr>\n<tr>\n<td>ACS<\/td>\n<td>Cocoyl Isethionate de sodio<\/td>\n<td>L\u00edquido, contenido s\u00f3lido 30%<\/td>\n<\/tr>\n<tr>\n<td>ACS-30S<\/td>\n<td>Cocoyl Isethionate de sodio<\/td>\n<td>L\u00edquido, contenido s\u00f3lido 30%, alto contenido en sal<\/td>\n<\/tr>\n<tr>\n<td>S-12<\/td>\n<td>Lauroil sarcosinato s\u00f3dico<\/td>\n<td>L\u00edquido, contenido s\u00f3lido 30%<\/td>\n<\/tr>\n<tr>\n<td>ULS-30S<\/td>\n<td>Lauril glutamato s\u00f3dico<\/td>\n<td>L\u00edquido, contenido s\u00f3lido 30%<\/td>\n<\/tr>\n<tr>\n<td>ULS-100S<\/td>\n<td>Lauril glutamato s\u00f3dico<\/td>\n<td>Polvo, 100% contenido s\u00f3lido, alto contenido en sal<\/td>\n<\/tr>\n<tr>\n<td>UCS-30SG<\/td>\n<td>Glutamato dis\u00f3dico de cocoil<\/td>\n<td>L\u00edquido, contenido s\u00f3lido 30%<\/td>\n<\/tr>\n<tr>\n<td>UOS-30S<\/td>\n<td>Oleoil glutamato dis\u00f3dico<\/td>\n<td>L\u00edquido, contenido s\u00f3lido 30%<\/td>\n<\/tr>\n<tr>\n<td>YCS-30<\/td>\n<td>Cocoyl glicinato s\u00f3dico<\/td>\n<td>L\u00edquido, contenido s\u00f3lido 30%, bajo en sal<\/td>\n<\/tr>\n<tr>\n<td>YCS-30S<\/td>\n<td>Cocoyl glicinato s\u00f3dico<\/td>\n<td>L\u00edquido, contenido s\u00f3lido 30%, alto contenido en sal<\/td>\n<\/tr>\n<tr>\n<td>YCS-100S<\/td>\n<td>Cocoyl glicinato s\u00f3dico<\/td>\n<td>Polvo, 100% contenido s\u00f3lido, alto contenido en sal<\/td>\n<\/tr>\n<tr>\n<td>YCK<\/td>\n<td>Glicinato de cocoil pot\u00e1sico<\/td>\n<td>L\u00edquido, contenido s\u00f3lido 30%, bajo en sal<\/td>\n<\/tr>\n<tr>\n<td>YCK-30K<\/td>\n<td>Glicinato de cocoil pot\u00e1sico<\/td>\n<td>L\u00edquido, contenido s\u00f3lido 30%, alto contenido en sal<\/td>\n<\/tr>\n<tr>\n<td>YCK-100K<\/td>\n<td>Glicinato de cocoil pot\u00e1sico<\/td>\n<td>Polvo, 100% contenido s\u00f3lido, alto contenido en sal<\/td>\n<\/tr>\n<\/tbody>\n<\/table>\n<p>&nbsp;<\/p>\n<h3>3.\u00c1mbito de aplicaci\u00f3n y uso<\/h3>\n<p>&nbsp;<\/p>\n<p>Los tensioactivos amino\u00e1cidos se utilizan en productos de cuidado personal (champ\u00fas, limpiadores faciales, productos para beb\u00e9s) por su suavidad y excelentes propiedades espumantes. Tambi\u00e9n se utilizan en productos de limpieza dom\u00e9stica (lavavajillas l\u00edquidos, detergentes para la ropa) por su gran poder de limpieza y biodegradabilidad. En aplicaciones industriales, sirven como eficaces agentes limpiadores y emulsionantes. Los niveles de uso recomendados var\u00edan entre 0,5% y 15% en funci\u00f3n de la aplicaci\u00f3n y las propiedades deseadas.<\/p>\n<h3>4.Embalaje y almacenamiento<\/h3>\n<p>&nbsp;<\/p>\n<p>Los tensioactivos amino\u00e1cidos suelen envasarse en bidones de acero recubiertos de epoxi de 200 kg o en bidones de HDPE de 50 kg para los grados l\u00edquidos, y en bolsas de polietileno de 25 kg o 50 kg para los grados en polvo. Almacenar en un lugar fresco, seco y bien ventilado, alejado de la luz solar directa y de \u00e1cidos u oxidantes fuertes. La vida \u00fatil es generalmente de 24 meses a partir de la fecha de fabricaci\u00f3n cuando se almacena en las condiciones recomendadas.<\/p>","protected":false},"excerpt":{"rendered":"<p>1.Product Property Amino acid surfactants are mild, biodegradable, and derived from natural sources. They are available as liquids or powders with varying solid contents (30%\u2013100%). These surfactants exhibit excellent foaming properties, stability in hard water, and low irritation to skin and eyes. They are suitable for a wide range of applications due to their gentle [&hellip;]<\/p>\n","protected":false},"featured_media":5010,"template":"","meta":{"_seopress_robots_primary_cat":"","_seopress_titles_title":"","_seopress_titles_desc":"","_seopress_robots_index":"","_uag_custom_page_level_css":"","site-sidebar-layout":"default","site-content-layout":"","ast-site-content-layout":"default","site-content-style":"default","site-sidebar-style":"default","ast-global-header-display":"","ast-banner-title-visibility":"","ast-main-header-display":"","ast-hfb-above-header-display":"","ast-hfb-below-header-display":"","ast-hfb-mobile-header-display":"","site-post-title":"","ast-breadcrumbs-content":"","ast-featured-img":"","footer-sml-layout":"","theme-transparent-header-meta":"default","adv-header-id-meta":"","stick-header-meta":"default","header-above-stick-meta":"","header-main-stick-meta":"","header-below-stick-meta":"","astra-migrate-meta-layouts":"set","ast-page-background-enabled":"default","ast-page-background-meta":{"desktop":{"background-color":"","background-image":"","background-repeat":"repeat","background-position":"center center","background-size":"auto","background-attachment":"scroll","background-type":"","background-media":"","overlay-type":"","overlay-color":"","overlay-opacity":"","overlay-gradient":""},"tablet":{"background-color":"","background-image":"","background-repeat":"repeat","background-position":"center center","background-size":"auto","background-attachment":"scroll","background-type":"","background-media":"","overlay-type":"","overlay-color":"","overlay-opacity":"","overlay-gradient":""},"mobile":{"background-color":"","background-image":"","background-repeat":"repeat","background-position":"center center","background-size":"auto","background-attachment":"scroll","background-type":"","background-media":"","overlay-type":"","overlay-color":"","overlay-opacity":"","overlay-gradient":""}},"ast-content-background-meta":{"desktop":{"background-color":"var(--ast-global-color-5)","background-image":"","background-repeat":"repeat","background-position":"center center","background-size":"auto","background-attachment":"scroll","background-type":"","background-media":"","overlay-type":"","overlay-color":"","overlay-opacity":"","overlay-gradient":""},"tablet":{"background-color":"var(--ast-global-color-5)","background-image":"","background-repeat":"repeat","background-position":"center center","background-size":"auto","background-attachment":"scroll","background-type":"","background-media":"","overlay-type":"","overlay-color":"","overlay-opacity":"","overlay-gradient":""},"mobile":{"background-color":"var(--ast-global-color-5)","background-image":"","background-repeat":"repeat","background-position":"center center","background-size":"auto","background-attachment":"scroll","background-type":"","background-media":"","overlay-type":"","overlay-color":"","overlay-opacity":"","overlay-gradient":""}}},"product_brand":[],"product_cat":[69],"product_tag":[],"class_list":{"0":"post-5003","1":"product","2":"type-product","3":"status-publish","4":"has-post-thumbnail","6":"product_cat-daily-chemical-product","7":"desktop-align-left","8":"tablet-align-left","9":"mobile-align-left","10":"ast-product-gallery-layout-horizontal-slider","11":"ast-product-gallery-with-no-image","12":"ast-product-tabs-layout-horizontal","14":"first","15":"instock","16":"shipping-taxable","17":"product-type-simple"},"uagb_featured_image_src":{"full":["https:\/\/jinancuchem.com\/wp-content\/uploads\/2025\/07\/\u672a\u6807\u9898-1-89.jpg",800,800,false],"thumbnail":["https:\/\/jinancuchem.com\/wp-content\/uploads\/2025\/07\/\u672a\u6807\u9898-1-89-150x150.jpg",150,150,true],"medium":["https:\/\/jinancuchem.com\/wp-content\/uploads\/2025\/07\/\u672a\u6807\u9898-1-89-300x300.jpg",300,300,true],"medium_large":["https:\/\/jinancuchem.com\/wp-content\/uploads\/2025\/07\/\u672a\u6807\u9898-1-89-768x768.jpg",768,768,true],"large":["https:\/\/jinancuchem.com\/wp-content\/uploads\/2025\/07\/\u672a\u6807\u9898-1-89.jpg",800,800,false],"1536x1536":["https:\/\/jinancuchem.com\/wp-content\/uploads\/2025\/07\/\u672a\u6807\u9898-1-89.jpg",800,800,false],"2048x2048":["https:\/\/jinancuchem.com\/wp-content\/uploads\/2025\/07\/\u672a\u6807\u9898-1-89.jpg",800,800,false],"trp-custom-language-flag":["https:\/\/jinancuchem.com\/wp-content\/uploads\/2025\/07\/\u672a\u6807\u9898-1-89-12x12.jpg",12,12,true],"woocommerce_thumbnail":["https:\/\/jinancuchem.com\/wp-content\/uploads\/2025\/07\/\u672a\u6807\u9898-1-89-300x300.jpg",300,300,true],"woocommerce_single":["https:\/\/jinancuchem.com\/wp-content\/uploads\/2025\/07\/\u672a\u6807\u9898-1-89-500x500.jpg",500,500,true],"woocommerce_gallery_thumbnail":["https:\/\/jinancuchem.com\/wp-content\/uploads\/2025\/07\/\u672a\u6807\u9898-1-89-100x100.jpg",100,100,true]},"uagb_author_info":{"display_name":"jinxing6611@gmail.com","author_link":"https:\/\/jinancuchem.com\/es\/author\/"},"uagb_comment_info":0,"uagb_excerpt":"1.Product Property Amino acid surfactants are mild, biodegradable, and derived from natural sources. They are available as liquids or powders with varying solid contents (30%\u2013100%). These surfactants exhibit excellent foaming properties, stability in hard water, and low irritation to skin and eyes. They are suitable for a wide range of applications due to their gentle&hellip;","_links":{"self":[{"href":"https:\/\/jinancuchem.com\/es\/wp-json\/wp\/v2\/product\/5003","targetHints":{"allow":["GET"]}}],"collection":[{"href":"https:\/\/jinancuchem.com\/es\/wp-json\/wp\/v2\/product"}],"about":[{"href":"https:\/\/jinancuchem.com\/es\/wp-json\/wp\/v2\/types\/product"}],"wp:featuredmedia":[{"embeddable":true,"href":"https:\/\/jinancuchem.com\/es\/wp-json\/wp\/v2\/media\/5010"}],"wp:attachment":[{"href":"https:\/\/jinancuchem.com\/es\/wp-json\/wp\/v2\/media?parent=5003"}],"wp:term":[{"taxonomy":"product_brand","embeddable":true,"href":"https:\/\/jinancuchem.com\/es\/wp-json\/wp\/v2\/product_brand?post=5003"},{"taxonomy":"product_cat","embeddable":true,"href":"https:\/\/jinancuchem.com\/es\/wp-json\/wp\/v2\/product_cat?post=5003"},{"taxonomy":"product_tag","embeddable":true,"href":"https:\/\/jinancuchem.com\/es\/wp-json\/wp\/v2\/product_tag?post=5003"}],"curies":[{"name":"wp","href":"https:\/\/api.w.org\/{rel}","templated":true}]}}