{"id":5016,"date":"2025-07-25T08:07:52","date_gmt":"2025-07-25T08:07:52","guid":{"rendered":"https:\/\/jinancuchem.com\/?post_type=product&#038;p=5016"},"modified":"2025-07-25T08:07:52","modified_gmt":"2025-07-25T08:07:52","slug":"ethyl-heptanoate","status":"publish","type":"product","link":"https:\/\/jinancuchem.com\/es\/producto\/ethyl-heptanoate\/","title":{"rendered":"Heptanoato de etilo"},"content":{"rendered":"<p>\u3010CAS\u3011106-30-9Alias: ENANTATO DE ETILO;\u00c9TER OEN\u00c1NTICO;OENANTATO DE ETILO;HEPTOATO DE ETILO;HEPTILATO DE ETILO.<br \/>\nF\u00f3rmula molecular: C<sub>9<\/sub>H<sub>18<\/sub>O<sub>2<\/sub>\u00a0\u00a0Masa molecular relativa: 158,24<\/p>\n<p>F\u00f3rmula estructural:<img alt=\"\" decoding=\"async\" class=\"alignnone size-medium wp-image-5019\" src=\"https:\/\/jinancuchem.com\/wp-content\/uploads\/2025\/07\/\u56fe\u724790-300x73.png\" width=\"300\" height=\"73\" srcset=\"https:\/\/jinancuchem.com\/wp-content\/uploads\/2025\/07\/\u56fe\u724790-300x73.png 300w, https:\/\/jinancuchem.com\/wp-content\/uploads\/2025\/07\/\u56fe\u724790-18x4.png 18w, https:\/\/jinancuchem.com\/wp-content\/uploads\/2025\/07\/\u56fe\u724790.png 320w\" sizes=\"(max-width: 300px) 100vw, 300px\" \/><\/p>\n<p>&nbsp;<\/p>\n<h4>1.Propiedad del producto<\/h4>\n<p>Heptanoato de etilo. A temperatura ambiente, es un l\u00edquido transparente incoloro con olor a pi\u00f1a. Es soluble en disolventes org\u00e1nicos como el etanol y el \u00e9ter, pero insoluble en agua. Puede ser miscible con alcoholes, \u00e9teres y cloroformo; puede formar una mezcla azeotr\u00f3pica con agua, con un punto de ebullici\u00f3n de 98,5\u2103. Contiene 92% Heptanoato de etilo. Se utiliza principalmente como agente aromatizante de alimentos, en s\u00edntesis org\u00e1nica y para preparar fragancias.<\/p>\n<p>&nbsp;<\/p>\n<h4>2.<\/h4>\n<table>\n<tbody>\n<tr>\n<td><strong><b>Par\u00e1metro<\/b><\/strong><\/td>\n<td><strong><b>Grado industrial<\/b><\/strong><\/td>\n<td><strong><b>Grado alimentario (FEMA 2437)<\/b><\/strong><\/td>\n<\/tr>\n<tr>\n<td><strong><b>Pureza<\/b><\/strong><\/td>\n<td>\u226597.0%<\/td>\n<td>\u226598.5%<\/td>\n<\/tr>\n<tr>\n<td><strong><b>Apariencia<\/b><\/strong><\/td>\n<td>L\u00edquido incoloro<\/td>\n<td>L\u00edquido incoloro<\/td>\n<\/tr>\n<tr>\n<td><strong><b>Olor<\/b><\/strong><\/td>\n<td>Afrutado (tipo co\u00f1ac)<\/td>\n<td>Vino fuerte<\/td>\n<\/tr>\n<tr>\n<td><strong><b>\u00cdndice de acidez<\/b><\/strong><\/td>\n<td>\u22641,0 mg KOH\/g<\/td>\n<td>\u22640,5 mg KOH\/g<\/td>\n<\/tr>\n<tr>\n<td><strong><b>\u00cdndice de refracci\u00f3n (20\u00b0C)<\/b><\/strong><\/td>\n<td>1.411-1.417<\/td>\n<td>1.412-1.416<\/td>\n<\/tr>\n<tr>\n<td><strong><b>Densidad (20\u00b0C)<\/b><\/strong><\/td>\n<td>0,865-0,872 g\/cm\u00b3<\/td>\n<td>0,866-0,870 g\/cm\u00b3<\/td>\n<\/tr>\n<tr>\n<td><strong><b>Metales pesados (Pb)<\/b><\/strong><\/td>\n<td>\u22645 ppm<\/td>\n<td>\u22642 ppm<\/td>\n<\/tr>\n<\/tbody>\n<\/table>\n<p>&nbsp;<\/p>\n<h4>3.\u00c1mbito de aplicaci\u00f3n y uso<\/h4>\n<p>El heptanoato de etilo se utiliza como agente aromatizante de alimentos, as\u00ed como para dar sabor a diversos tipos de alimentos como uvas, cerezas, albaricoques, melocotones, nata, queso, y para bebidas como champ\u00e1n, brandy y ron.<\/p>\n<p>&nbsp;<\/p>\n<h4>4.Embalaje y almacenamiento<\/h4>\n<p>El heptanoato de etilo se envasa en bidones de aluminio de 25 kg o en bidones de acero inoxidable con un revestimiento interior de pel\u00edcula de PE de calidad alimentaria. Debe almacenarse en un lugar fresco y oscuro (&lt; 25\u2103), alejado de fuentes de fuego y oxidantes, y mantenerse herm\u00e9ticamente cerrado para evitar la evaporaci\u00f3n. Su vida \u00fatil es de 24 meses.<\/p>","protected":false},"excerpt":{"rendered":"<p>\u3010CAS\u3011106-30-9Alias:\u00a0ETHYL ENANTHATE;OENANTHIC ETHER;ETHYL OENANTHATE;ETHYL HEPTOATE;ETHYL HEPTYLATE Molecular formula: C9H18O2\u00a0\u00a0Relative molecular mass: 158.24 Structural formula: &nbsp; 1.Product Property Ethyl Heptanoate. At room temperature, it is a colorless transparent liquid with a pineapple-like odor. It is soluble in organic solvents such as ethanol and ether, but insoluble in water. It can be miscible with alcohols, ethers, and [&hellip;]<\/p>\n","protected":false},"featured_media":5020,"template":"","meta":{"_seopress_robots_primary_cat":"","_seopress_titles_title":"","_seopress_titles_desc":"","_seopress_robots_index":"","_uag_custom_page_level_css":"","site-sidebar-layout":"default","site-content-layout":"","ast-site-content-layout":"default","site-content-style":"default","site-sidebar-style":"default","ast-global-header-display":"","ast-banner-title-visibility":"","ast-main-header-display":"","ast-hfb-above-header-display":"","ast-hfb-below-header-display":"","ast-hfb-mobile-header-display":"","site-post-title":"","ast-breadcrumbs-content":"","ast-featured-img":"","footer-sml-layout":"","theme-transparent-header-meta":"default","adv-header-id-meta":"","stick-header-meta":"default","header-above-stick-meta":"","header-main-stick-meta":"","header-below-stick-meta":"","astra-migrate-meta-layouts":"set","ast-page-background-enabled":"default","ast-page-background-meta":{"desktop":{"background-color":"","background-image":"","background-repeat":"repeat","background-position":"center center","background-size":"auto","background-attachment":"scroll","background-type":"","background-media":"","overlay-type":"","overlay-color":"","overlay-opacity":"","overlay-gradient":""},"tablet":{"background-color":"","background-image":"","background-repeat":"repeat","background-position":"center center","background-size":"auto","background-attachment":"scroll","background-type":"","background-media":"","overlay-type":"","overlay-color":"","overlay-opacity":"","overlay-gradient":""},"mobile":{"background-color":"","background-image":"","background-repeat":"repeat","background-position":"center center","background-size":"auto","background-attachment":"scroll","background-type":"","background-media":"","overlay-type":"","overlay-color":"","overlay-opacity":"","overlay-gradient":""}},"ast-content-background-meta":{"desktop":{"background-color":"var(--ast-global-color-5)","background-image":"","background-repeat":"repeat","background-position":"center center","background-size":"auto","background-attachment":"scroll","background-type":"","background-media":"","overlay-type":"","overlay-color":"","overlay-opacity":"","overlay-gradient":""},"tablet":{"background-color":"var(--ast-global-color-5)","background-image":"","background-repeat":"repeat","background-position":"center center","background-size":"auto","background-attachment":"scroll","background-type":"","background-media":"","overlay-type":"","overlay-color":"","overlay-opacity":"","overlay-gradient":""},"mobile":{"background-color":"var(--ast-global-color-5)","background-image":"","background-repeat":"repeat","background-position":"center center","background-size":"auto","background-attachment":"scroll","background-type":"","background-media":"","overlay-type":"","overlay-color":"","overlay-opacity":"","overlay-gradient":""}}},"product_brand":[],"product_cat":[67],"product_tag":[],"class_list":{"0":"post-5016","1":"product","2":"type-product","3":"status-publish","4":"has-post-thumbnail","6":"product_cat-food-additives","7":"desktop-align-left","8":"tablet-align-left","9":"mobile-align-left","10":"ast-product-gallery-layout-horizontal-slider","11":"ast-product-gallery-with-no-image","12":"ast-product-tabs-layout-horizontal","14":"first","15":"instock","16":"shipping-taxable","17":"product-type-simple"},"uagb_featured_image_src":{"full":["https:\/\/jinancuchem.com\/wp-content\/uploads\/2025\/07\/90.png",800,800,false],"thumbnail":["https:\/\/jinancuchem.com\/wp-content\/uploads\/2025\/07\/90-150x150.png",150,150,true],"medium":["https:\/\/jinancuchem.com\/wp-content\/uploads\/2025\/07\/90-300x300.png",300,300,true],"medium_large":["https:\/\/jinancuchem.com\/wp-content\/uploads\/2025\/07\/90-768x768.png",768,768,true],"large":["https:\/\/jinancuchem.com\/wp-content\/uploads\/2025\/07\/90.png",800,800,false],"1536x1536":["https:\/\/jinancuchem.com\/wp-content\/uploads\/2025\/07\/90.png",800,800,false],"2048x2048":["https:\/\/jinancuchem.com\/wp-content\/uploads\/2025\/07\/90.png",800,800,false],"trp-custom-language-flag":["https:\/\/jinancuchem.com\/wp-content\/uploads\/2025\/07\/90-12x12.png",12,12,true],"woocommerce_thumbnail":["https:\/\/jinancuchem.com\/wp-content\/uploads\/2025\/07\/90-300x300.png",300,300,true],"woocommerce_single":["https:\/\/jinancuchem.com\/wp-content\/uploads\/2025\/07\/90-500x500.png",500,500,true],"woocommerce_gallery_thumbnail":["https:\/\/jinancuchem.com\/wp-content\/uploads\/2025\/07\/90-100x100.png",100,100,true]},"uagb_author_info":{"display_name":"jinxing6611@gmail.com","author_link":"https:\/\/jinancuchem.com\/es\/author\/"},"uagb_comment_info":0,"uagb_excerpt":"\u3010CAS\u3011106-30-9Alias:\u00a0ETHYL ENANTHATE;OENANTHIC ETHER;ETHYL OENANTHATE;ETHYL HEPTOATE;ETHYL HEPTYLATE Molecular formula: C9H18O2\u00a0\u00a0Relative molecular mass: 158.24 Structural formula: &nbsp; 1.Product Property Ethyl Heptanoate. At room temperature, it is a colorless transparent liquid with a pineapple-like odor. It is soluble in organic solvents such as ethanol and ether, but insoluble in water. It can be miscible with alcohols, ethers, and&hellip;","_links":{"self":[{"href":"https:\/\/jinancuchem.com\/es\/wp-json\/wp\/v2\/product\/5016","targetHints":{"allow":["GET"]}}],"collection":[{"href":"https:\/\/jinancuchem.com\/es\/wp-json\/wp\/v2\/product"}],"about":[{"href":"https:\/\/jinancuchem.com\/es\/wp-json\/wp\/v2\/types\/product"}],"wp:featuredmedia":[{"embeddable":true,"href":"https:\/\/jinancuchem.com\/es\/wp-json\/wp\/v2\/media\/5020"}],"wp:attachment":[{"href":"https:\/\/jinancuchem.com\/es\/wp-json\/wp\/v2\/media?parent=5016"}],"wp:term":[{"taxonomy":"product_brand","embeddable":true,"href":"https:\/\/jinancuchem.com\/es\/wp-json\/wp\/v2\/product_brand?post=5016"},{"taxonomy":"product_cat","embeddable":true,"href":"https:\/\/jinancuchem.com\/es\/wp-json\/wp\/v2\/product_cat?post=5016"},{"taxonomy":"product_tag","embeddable":true,"href":"https:\/\/jinancuchem.com\/es\/wp-json\/wp\/v2\/product_tag?post=5016"}],"curies":[{"name":"wp","href":"https:\/\/api.w.org\/{rel}","templated":true}]}}