{"id":5087,"date":"2025-07-25T08:30:01","date_gmt":"2025-07-25T08:30:01","guid":{"rendered":"https:\/\/jinancuchem.com\/?post_type=product&#038;p=5087"},"modified":"2025-07-25T08:30:02","modified_gmt":"2025-07-25T08:30:02","slug":"acetic-acid-2","status":"publish","type":"product","link":"https:\/\/jinancuchem.com\/es\/producto\/acetic-acid-2\/","title":{"rendered":"\u00c1cido ac\u00e9tico"},"content":{"rendered":"<p>\u3010CAS\u301164-19-7<\/p>\n<p>Alias: \u00c1cido ac\u00e9tico natural; SOLUCI\u00d3N DE WIJS;CLORURO DE WIJS<\/p>\n<p>F\u00f3rmula molecular: C<sub>2<\/sub>H<sub>4<\/sub>O<sub>2<\/sub><\/p>\n<p>Masa molecular relativa: 60,05<\/p>\n<p>F\u00f3rmula estructural:<img alt=\"\" decoding=\"async\" class=\"alignnone size-full wp-image-5090\" src=\"https:\/\/jinancuchem.com\/wp-content\/uploads\/2025\/07\/\u56fe\u724797.png\" width=\"172\" height=\"148\" srcset=\"https:\/\/jinancuchem.com\/wp-content\/uploads\/2025\/07\/\u56fe\u724797.png 172w, https:\/\/jinancuchem.com\/wp-content\/uploads\/2025\/07\/\u56fe\u724797-14x12.png 14w\" sizes=\"(max-width: 172px) 100vw, 172px\" \/><\/p>\n<p>&nbsp;<\/p>\n<h4>1.Propiedad del producto<\/h4>\n<p>El \u00e1cido ac\u00e9tico se conoce com\u00fanmente como \u00e1cido del vinagre. Debe su nombre a que es el principal componente del vinagre. Es uno de los \u00e1cidos grasos m\u00e1s importantes. El \u00e1cido ac\u00e9tico puro es un l\u00edquido incoloro de olor penetrante. Se disuelve en agua, etanol, glicerol, \u00e9ter y tetracloruro de carbono; no se disuelve en diclorosulfuro. Cuando el \u00e1cido ac\u00e9tico puro se enfr\u00eda a bajas temperaturas, se solidifica en una forma parecida al hielo, que se conoce com\u00fanmente como \u00e1cido ac\u00e9tico glacial.<\/p>\n<p>&nbsp;<\/p>\n<h4>2.<\/h4>\n<table>\n<tbody>\n<tr>\n<td><strong><b>Par\u00e1metro<\/b><\/strong><\/td>\n<td><strong><b>Grado industrial<\/b><\/strong><\/td>\n<td><strong><b>Grado alimentario (E260)<\/b><\/strong><\/td>\n<\/tr>\n<tr>\n<td><strong><b>Pureza<\/b><\/strong><\/td>\n<td>\u226599.8%<\/td>\n<td>\u226599.8%<\/td>\n<\/tr>\n<tr>\n<td><strong><b>Punto de congelaci\u00f3n<\/b><\/strong><\/td>\n<td>\u226516.6\u00b0C<\/td>\n<td>\u226516.6\u00b0C<\/td>\n<\/tr>\n<tr>\n<td><strong><b>Contenido en agua<\/b><\/strong><\/td>\n<td>\u22640.15%<\/td>\n<td>\u22640.05%<\/td>\n<\/tr>\n<tr>\n<td><strong><b>\u00c1cido f\u00f3rmico<\/b><\/strong><\/td>\n<td>\u22640.05%<\/td>\n<td>\u22640.03%<\/td>\n<\/tr>\n<tr>\n<td><strong><b>Metales pesados (Pb)<\/b><\/strong><\/td>\n<td>\u22642 ppm<\/td>\n<td>\u22641 ppm<\/td>\n<\/tr>\n<tr>\n<td><strong><b>Sulfato (SO\u2084\u00b2-)<\/b><\/strong><\/td>\n<td>\u22642 ppm<\/td>\n<td>\u22641 ppm<\/td>\n<\/tr>\n<tr>\n<td><strong><b>Residuos de la evaporaci\u00f3n<\/b><\/strong><\/td>\n<td>\u226410 ppm<\/td>\n<td>\u22645 ppm<\/td>\n<\/tr>\n<\/tbody>\n<\/table>\n<p>&nbsp;<\/p>\n<h4>3.\u00c1mbito de aplicaci\u00f3n y uso<\/h4>\n<p>Se utiliza principalmente para preparar anh\u00eddrido ac\u00e9tico, acetato de vinilo, \u00e9steres ac\u00e9ticos, acetatos met\u00e1licos, \u00e1cido cloroac\u00e9tico, acetato de celulosa, etc. Se emplea en la producci\u00f3n de acetato de etilo, aromas alimentarios, aromas de vino, etc., y se utiliza como reactivo anal\u00edtico, disolvente y agente de limpieza.<\/p>\n<p>&nbsp;<\/p>\n<h4>4.Embalaje y almacenamiento<\/h4>\n<p>El \u00e1cido ac\u00e9tico se envasa en bidones de pl\u00e1stico HDPE de 30 kg o en contenedores IBC de una tonelada. Para productos de grado alimentario, debe estar revestido con recubrimientos anticorrosi\u00f3n. Almacenar en lugar fresco y ventilado (&lt;30\u2103), lejos de metales y oxidantes, y evitar la luz solar directa. Altamente corrosivo. Debe utilizarse equipo de protecci\u00f3n durante su manipulaci\u00f3n. Caducidad: 24 meses.<\/p>","protected":false},"excerpt":{"rendered":"<p>\u3010CAS\u301164-19-7 Alias: Natural Acetic Acid; WIJS&#8217; SOLUTION;WIJS CHLORIDE Molecular formula: C2H4O2 Relative molecular mass: 60.05 Structural formula: &nbsp; 1.Product Property Acetic acid is commonly known as vinegar acid. It gets its name because it is the main component of vinegar. It is one of the most important fatty acids. Pure acetic acid is a colorless [&hellip;]<\/p>\n","protected":false},"featured_media":5092,"template":"","meta":{"_seopress_robots_primary_cat":"","_seopress_titles_title":"","_seopress_titles_desc":"","_seopress_robots_index":"","_uag_custom_page_level_css":"","site-sidebar-layout":"default","site-content-layout":"","ast-site-content-layout":"default","site-content-style":"default","site-sidebar-style":"default","ast-global-header-display":"","ast-banner-title-visibility":"","ast-main-header-display":"","ast-hfb-above-header-display":"","ast-hfb-below-header-display":"","ast-hfb-mobile-header-display":"","site-post-title":"","ast-breadcrumbs-content":"","ast-featured-img":"","footer-sml-layout":"","theme-transparent-header-meta":"default","adv-header-id-meta":"","stick-header-meta":"default","header-above-stick-meta":"","header-main-stick-meta":"","header-below-stick-meta":"","astra-migrate-meta-layouts":"set","ast-page-background-enabled":"default","ast-page-background-meta":{"desktop":{"background-color":"","background-image":"","background-repeat":"repeat","background-position":"center center","background-size":"auto","background-attachment":"scroll","background-type":"","background-media":"","overlay-type":"","overlay-color":"","overlay-opacity":"","overlay-gradient":""},"tablet":{"background-color":"","background-image":"","background-repeat":"repeat","background-position":"center center","background-size":"auto","background-attachment":"scroll","background-type":"","background-media":"","overlay-type":"","overlay-color":"","overlay-opacity":"","overlay-gradient":""},"mobile":{"background-color":"","background-image":"","background-repeat":"repeat","background-position":"center center","background-size":"auto","background-attachment":"scroll","background-type":"","background-media":"","overlay-type":"","overlay-color":"","overlay-opacity":"","overlay-gradient":""}},"ast-content-background-meta":{"desktop":{"background-color":"var(--ast-global-color-5)","background-image":"","background-repeat":"repeat","background-position":"center center","background-size":"auto","background-attachment":"scroll","background-type":"","background-media":"","overlay-type":"","overlay-color":"","overlay-opacity":"","overlay-gradient":""},"tablet":{"background-color":"var(--ast-global-color-5)","background-image":"","background-repeat":"repeat","background-position":"center center","background-size":"auto","background-attachment":"scroll","background-type":"","background-media":"","overlay-type":"","overlay-color":"","overlay-opacity":"","overlay-gradient":""},"mobile":{"background-color":"var(--ast-global-color-5)","background-image":"","background-repeat":"repeat","background-position":"center center","background-size":"auto","background-attachment":"scroll","background-type":"","background-media":"","overlay-type":"","overlay-color":"","overlay-opacity":"","overlay-gradient":""}}},"product_brand":[],"product_cat":[67],"product_tag":[],"class_list":{"0":"post-5087","1":"product","2":"type-product","3":"status-publish","4":"has-post-thumbnail","6":"product_cat-food-additives","7":"desktop-align-left","8":"tablet-align-left","9":"mobile-align-left","10":"ast-product-gallery-layout-horizontal-slider","11":"ast-product-gallery-with-no-image","12":"ast-product-tabs-layout-horizontal","14":"first","15":"instock","16":"shipping-taxable","17":"product-type-simple"},"uagb_featured_image_src":{"full":["https:\/\/jinancuchem.com\/wp-content\/uploads\/2025\/07\/98.png",800,800,false],"thumbnail":["https:\/\/jinancuchem.com\/wp-content\/uploads\/2025\/07\/98-150x150.png",150,150,true],"medium":["https:\/\/jinancuchem.com\/wp-content\/uploads\/2025\/07\/98-300x300.png",300,300,true],"medium_large":["https:\/\/jinancuchem.com\/wp-content\/uploads\/2025\/07\/98-768x768.png",768,768,true],"large":["https:\/\/jinancuchem.com\/wp-content\/uploads\/2025\/07\/98.png",800,800,false],"1536x1536":["https:\/\/jinancuchem.com\/wp-content\/uploads\/2025\/07\/98.png",800,800,false],"2048x2048":["https:\/\/jinancuchem.com\/wp-content\/uploads\/2025\/07\/98.png",800,800,false],"trp-custom-language-flag":["https:\/\/jinancuchem.com\/wp-content\/uploads\/2025\/07\/98-12x12.png",12,12,true],"woocommerce_thumbnail":["https:\/\/jinancuchem.com\/wp-content\/uploads\/2025\/07\/98-300x300.png",300,300,true],"woocommerce_single":["https:\/\/jinancuchem.com\/wp-content\/uploads\/2025\/07\/98-500x500.png",500,500,true],"woocommerce_gallery_thumbnail":["https:\/\/jinancuchem.com\/wp-content\/uploads\/2025\/07\/98-100x100.png",100,100,true]},"uagb_author_info":{"display_name":"jinxing6611@gmail.com","author_link":"https:\/\/jinancuchem.com\/es\/author\/"},"uagb_comment_info":0,"uagb_excerpt":"\u3010CAS\u301164-19-7 Alias: Natural Acetic Acid; WIJS&#8217; SOLUTION;WIJS CHLORIDE Molecular formula: C2H4O2 Relative molecular mass: 60.05 Structural formula: &nbsp; 1.Product Property Acetic acid is commonly known as vinegar acid. It gets its name because it is the main component of vinegar. It is one of the most important fatty acids. Pure acetic acid is a colorless&hellip;","_links":{"self":[{"href":"https:\/\/jinancuchem.com\/es\/wp-json\/wp\/v2\/product\/5087","targetHints":{"allow":["GET"]}}],"collection":[{"href":"https:\/\/jinancuchem.com\/es\/wp-json\/wp\/v2\/product"}],"about":[{"href":"https:\/\/jinancuchem.com\/es\/wp-json\/wp\/v2\/types\/product"}],"wp:featuredmedia":[{"embeddable":true,"href":"https:\/\/jinancuchem.com\/es\/wp-json\/wp\/v2\/media\/5092"}],"wp:attachment":[{"href":"https:\/\/jinancuchem.com\/es\/wp-json\/wp\/v2\/media?parent=5087"}],"wp:term":[{"taxonomy":"product_brand","embeddable":true,"href":"https:\/\/jinancuchem.com\/es\/wp-json\/wp\/v2\/product_brand?post=5087"},{"taxonomy":"product_cat","embeddable":true,"href":"https:\/\/jinancuchem.com\/es\/wp-json\/wp\/v2\/product_cat?post=5087"},{"taxonomy":"product_tag","embeddable":true,"href":"https:\/\/jinancuchem.com\/es\/wp-json\/wp\/v2\/product_tag?post=5087"}],"curies":[{"name":"wp","href":"https:\/\/api.w.org\/{rel}","templated":true}]}}