{"id":5104,"date":"2025-07-25T08:36:44","date_gmt":"2025-07-25T08:36:44","guid":{"rendered":"https:\/\/jinancuchem.com\/?post_type=product&#038;p=5104"},"modified":"2025-07-25T08:36:44","modified_gmt":"2025-07-25T08:36:44","slug":"diethanolamine","status":"publish","type":"product","link":"https:\/\/jinancuchem.com\/es\/producto\/diethanolamine\/","title":{"rendered":"Dietanolamina"},"content":{"rendered":"<p><strong><b>CAS<\/b><\/strong>: 111-42-2<br \/>\n<strong><b>Alias<\/b><\/strong>: Dietanolamina, DEA<br \/>\n<strong><b>F\u00f3rmula molecular<\/b><\/strong>: C4H11NO2<br \/>\n<strong><b>Masa molecular relativa<\/b><\/strong>: 105.13<\/p>\n<p>&nbsp;<\/p>\n<h3>1.Propiedad del producto<\/h3>\n<p>&nbsp;<\/p>\n<p>La dietanolamina es un l\u00edquido viscoso incoloro o un s\u00f3lido cristalino con propiedades alcalinas. Es higrosc\u00f3pica y soluble en agua y etanol, pero poco soluble en benceno y \u00e9ter. Puede absorber gases como el CO\u2082 y el H\u2082S del aire.<\/p>\n<h3>2.Norma t\u00e9cnica<\/h3>\n<p>&nbsp;<\/p>\n<table>\n<tbody>\n<tr>\n<td><strong><b>Par\u00e1metro<\/b><\/strong><\/td>\n<td><strong><b>Especificaci\u00f3n<\/b><\/strong><\/td>\n<\/tr>\n<tr>\n<td>Apariencia<\/td>\n<td>L\u00edquido viscoso incoloro o cristalino<\/td>\n<\/tr>\n<tr>\n<td>Pureza (contenido de DEA)<\/td>\n<td>\u2265 99%<\/td>\n<\/tr>\n<tr>\n<td>Contenido en humedad<\/td>\n<td>\u2264 0,1%<\/td>\n<\/tr>\n<tr>\n<td>Color (APHA)<\/td>\n<td>\u2264 50<\/td>\n<\/tr>\n<tr>\n<td>Densidad (20\u00b0C)<\/td>\n<td>1,09-1,11 g\/cm\u00b3<\/td>\n<\/tr>\n<\/tbody>\n<\/table>\n<p>&nbsp;<\/p>\n<h3>3.\u00c1mbito de aplicaci\u00f3n y uso<\/h3>\n<p>&nbsp;<\/p>\n<p>La dietanolamina se utiliza ampliamente como absorbente de gases \u00e1cidos como el CO\u2082, el H\u2082S y el SO\u2082. Sirve como materia prima para la s\u00edntesis de herbicidas como el glifosato y se emplea en la formulaci\u00f3n de tensioactivos no i\u00f3nicos, emulgentes y lubricantes. Tambi\u00e9n se emplea en la purificaci\u00f3n de gases industriales y como intermediario en la s\u00edntesis org\u00e1nica.<\/p>\n<h3>4.Embalaje y almacenamiento<\/h3>\n<p>&nbsp;<\/p>\n<p>La dietanolamina suele envasarse en bidones de acero de 200 litros o en contenedores a granel. Debe almacenarse en recipientes herm\u00e9ticos en un entorno seco, fresco y sin luz para evitar la absorci\u00f3n de humedad y la degradaci\u00f3n. Se transporta como un producto qu\u00edmico general y debe manipularse con cuidado para evitar su exposici\u00f3n al aire y a la luz.<\/p>\n<p>&nbsp;<\/p>","protected":false},"excerpt":{"rendered":"<p>CAS: 111-42-2 Alias: Diethanolamine, DEA Molecular formula: C4H11NO2 Relative molecular mass: 105.13 &nbsp; 1.Product Property &nbsp; Diethanolamine is a colorless viscous liquid or crystalline solid with alkaline properties. It is hygroscopic and soluble in water and ethanol but sparingly soluble in benzene and ether. It can absorb gases like CO\u2082 and H\u2082S from the air. [&hellip;]<\/p>\n","protected":false},"featured_media":5119,"template":"","meta":{"_seopress_robots_primary_cat":"","_seopress_titles_title":"","_seopress_titles_desc":"","_seopress_robots_index":"","_uag_custom_page_level_css":"","site-sidebar-layout":"default","site-content-layout":"","ast-site-content-layout":"default","site-content-style":"default","site-sidebar-style":"default","ast-global-header-display":"","ast-banner-title-visibility":"","ast-main-header-display":"","ast-hfb-above-header-display":"","ast-hfb-below-header-display":"","ast-hfb-mobile-header-display":"","site-post-title":"","ast-breadcrumbs-content":"","ast-featured-img":"","footer-sml-layout":"","theme-transparent-header-meta":"default","adv-header-id-meta":"","stick-header-meta":"default","header-above-stick-meta":"","header-main-stick-meta":"","header-below-stick-meta":"","astra-migrate-meta-layouts":"set","ast-page-background-enabled":"default","ast-page-background-meta":{"desktop":{"background-color":"","background-image":"","background-repeat":"repeat","background-position":"center center","background-size":"auto","background-attachment":"scroll","background-type":"","background-media":"","overlay-type":"","overlay-color":"","overlay-opacity":"","overlay-gradient":""},"tablet":{"background-color":"","background-image":"","background-repeat":"repeat","background-position":"center center","background-size":"auto","background-attachment":"scroll","background-type":"","background-media":"","overlay-type":"","overlay-color":"","overlay-opacity":"","overlay-gradient":""},"mobile":{"background-color":"","background-image":"","background-repeat":"repeat","background-position":"center center","background-size":"auto","background-attachment":"scroll","background-type":"","background-media":"","overlay-type":"","overlay-color":"","overlay-opacity":"","overlay-gradient":""}},"ast-content-background-meta":{"desktop":{"background-color":"var(--ast-global-color-5)","background-image":"","background-repeat":"repeat","background-position":"center center","background-size":"auto","background-attachment":"scroll","background-type":"","background-media":"","overlay-type":"","overlay-color":"","overlay-opacity":"","overlay-gradient":""},"tablet":{"background-color":"var(--ast-global-color-5)","background-image":"","background-repeat":"repeat","background-position":"center center","background-size":"auto","background-attachment":"scroll","background-type":"","background-media":"","overlay-type":"","overlay-color":"","overlay-opacity":"","overlay-gradient":""},"mobile":{"background-color":"var(--ast-global-color-5)","background-image":"","background-repeat":"repeat","background-position":"center center","background-size":"auto","background-attachment":"scroll","background-type":"","background-media":"","overlay-type":"","overlay-color":"","overlay-opacity":"","overlay-gradient":""}}},"product_brand":[],"product_cat":[69],"product_tag":[],"class_list":{"0":"post-5104","1":"product","2":"type-product","3":"status-publish","4":"has-post-thumbnail","6":"product_cat-daily-chemical-product","7":"desktop-align-left","8":"tablet-align-left","9":"mobile-align-left","10":"ast-product-gallery-layout-horizontal-slider","11":"ast-product-gallery-with-no-image","12":"ast-product-tabs-layout-horizontal","14":"first","15":"instock","16":"shipping-taxable","17":"product-type-simple"},"uagb_featured_image_src":{"full":["https:\/\/jinancuchem.com\/wp-content\/uploads\/2025\/07\/\u672a\u6807\u9898-2-5.jpg",400,400,false],"thumbnail":["https:\/\/jinancuchem.com\/wp-content\/uploads\/2025\/07\/\u672a\u6807\u9898-2-5-150x150.jpg",150,150,true],"medium":["https:\/\/jinancuchem.com\/wp-content\/uploads\/2025\/07\/\u672a\u6807\u9898-2-5-300x300.jpg",300,300,true],"medium_large":["https:\/\/jinancuchem.com\/wp-content\/uploads\/2025\/07\/\u672a\u6807\u9898-2-5.jpg",400,400,false],"large":["https:\/\/jinancuchem.com\/wp-content\/uploads\/2025\/07\/\u672a\u6807\u9898-2-5.jpg",400,400,false],"1536x1536":["https:\/\/jinancuchem.com\/wp-content\/uploads\/2025\/07\/\u672a\u6807\u9898-2-5.jpg",400,400,false],"2048x2048":["https:\/\/jinancuchem.com\/wp-content\/uploads\/2025\/07\/\u672a\u6807\u9898-2-5.jpg",400,400,false],"trp-custom-language-flag":["https:\/\/jinancuchem.com\/wp-content\/uploads\/2025\/07\/\u672a\u6807\u9898-2-5-12x12.jpg",12,12,true],"woocommerce_thumbnail":["https:\/\/jinancuchem.com\/wp-content\/uploads\/2025\/07\/\u672a\u6807\u9898-2-5-300x300.jpg",300,300,true],"woocommerce_single":["https:\/\/jinancuchem.com\/wp-content\/uploads\/2025\/07\/\u672a\u6807\u9898-2-5.jpg",400,400,false],"woocommerce_gallery_thumbnail":["https:\/\/jinancuchem.com\/wp-content\/uploads\/2025\/07\/\u672a\u6807\u9898-2-5-100x100.jpg",100,100,true]},"uagb_author_info":{"display_name":"jinxing6611@gmail.com","author_link":"https:\/\/jinancuchem.com\/es\/author\/"},"uagb_comment_info":0,"uagb_excerpt":"CAS: 111-42-2 Alias: Diethanolamine, DEA Molecular formula: C4H11NO2 Relative molecular mass: 105.13 &nbsp; 1.Product Property &nbsp; Diethanolamine is a colorless viscous liquid or crystalline solid with alkaline properties. It is hygroscopic and soluble in water and ethanol but sparingly soluble in benzene and ether. It can absorb gases like CO\u2082 and H\u2082S from the air.&hellip;","_links":{"self":[{"href":"https:\/\/jinancuchem.com\/es\/wp-json\/wp\/v2\/product\/5104","targetHints":{"allow":["GET"]}}],"collection":[{"href":"https:\/\/jinancuchem.com\/es\/wp-json\/wp\/v2\/product"}],"about":[{"href":"https:\/\/jinancuchem.com\/es\/wp-json\/wp\/v2\/types\/product"}],"wp:featuredmedia":[{"embeddable":true,"href":"https:\/\/jinancuchem.com\/es\/wp-json\/wp\/v2\/media\/5119"}],"wp:attachment":[{"href":"https:\/\/jinancuchem.com\/es\/wp-json\/wp\/v2\/media?parent=5104"}],"wp:term":[{"taxonomy":"product_brand","embeddable":true,"href":"https:\/\/jinancuchem.com\/es\/wp-json\/wp\/v2\/product_brand?post=5104"},{"taxonomy":"product_cat","embeddable":true,"href":"https:\/\/jinancuchem.com\/es\/wp-json\/wp\/v2\/product_cat?post=5104"},{"taxonomy":"product_tag","embeddable":true,"href":"https:\/\/jinancuchem.com\/es\/wp-json\/wp\/v2\/product_tag?post=5104"}],"curies":[{"name":"wp","href":"https:\/\/api.w.org\/{rel}","templated":true}]}}