{"id":5130,"date":"2025-07-25T08:42:25","date_gmt":"2025-07-25T08:42:25","guid":{"rendered":"https:\/\/jinancuchem.com\/?post_type=product&#038;p=5130"},"modified":"2025-07-25T08:42:25","modified_gmt":"2025-07-25T08:42:25","slug":"2-methyl-butyric-acid","status":"publish","type":"product","link":"https:\/\/jinancuchem.com\/es\/producto\/2-methyl-butyric-acid\/","title":{"rendered":"\u00c1cido 2-metil-but\u00edrico"},"content":{"rendered":"<p>\u3010CAS\u3011116-53-0<\/p>\n<p>Alias: \u00c1CIDO METILBUT\u00cdRICO, DL-2-;\u00c1CIDO METILETILAC\u00c9TICO<\/p>\n<p>F\u00f3rmula molecular: C<sub>5<\/sub>H<sub>10<\/sub>O<sub>2<\/sub><\/p>\n<p>Masa molecular relativa: 102,13<\/p>\n<p>F\u00f3rmula estructural: <img alt=\"\" decoding=\"async\" class=\"alignnone size-full wp-image-5136\" src=\"https:\/\/jinancuchem.com\/wp-content\/uploads\/2025\/07\/\u56fe\u7247102.png\" width=\"160\" height=\"112\" srcset=\"https:\/\/jinancuchem.com\/wp-content\/uploads\/2025\/07\/\u56fe\u7247102.png 160w, https:\/\/jinancuchem.com\/wp-content\/uploads\/2025\/07\/\u56fe\u7247102-18x12.png 18w\" sizes=\"(max-width: 160px) 100vw, 160px\" \/><\/p>\n<p>&nbsp;<\/p>\n<h4>1.Propiedad del producto<\/h4>\n<p>El \u00e1cido 2-metilbut\u00edrico es una sustancia qu\u00edmica org\u00e1nica. Esta sustancia qu\u00edmica se encuentra principalmente en el humo. Se utiliza habitualmente en alimentos a la parrilla, bebidas, caramelos, etc.<\/p>\n<p>&nbsp;<\/p>\n<h4>2.<\/h4>\n<table>\n<tbody>\n<tr>\n<td><strong><b>Par\u00e1metro<\/b><\/strong><\/td>\n<td><strong><b>Grado industrial<\/b><\/strong><\/td>\n<td><strong><b>Grado alimentario (FEMA 2695)<\/b><\/strong><\/td>\n<\/tr>\n<tr>\n<td><strong><b>Pureza<\/b><\/strong><\/td>\n<td>\u226598.0%<\/td>\n<td>\u226599.0%<\/td>\n<\/tr>\n<tr>\n<td><strong><b>Apariencia<\/b><\/strong><\/td>\n<td>L\u00edquido incoloro<\/td>\n<td>L\u00edquido incoloro<\/td>\n<\/tr>\n<tr>\n<td><strong><b>Olor<\/b><\/strong><\/td>\n<td>Picante, cursi<\/td>\n<td>Caracter\u00edstica (afrutada)<\/td>\n<\/tr>\n<tr>\n<td><strong><b>\u00cdndice de acidez<\/b><\/strong><\/td>\n<td>550-570 mg KOH\/g<\/td>\n<td>555-565 mg KOH\/g<\/td>\n<\/tr>\n<tr>\n<td><strong><b>\u00cdndice de refracci\u00f3n (20\u00b0C)<\/b><\/strong><\/td>\n<td>1.403-1.407<\/td>\n<td>1.404-1.406<\/td>\n<\/tr>\n<tr>\n<td><strong><b>Densidad (20\u00b0C)<\/b><\/strong><\/td>\n<td>0,930-0,940 g\/cm\u00b3<\/td>\n<td>0,932-0,938 g\/cm\u00b3<\/td>\n<\/tr>\n<tr>\n<td><strong><b>Metales pesados (Pb)<\/b><\/strong><\/td>\n<td>\u22645 ppm<\/td>\n<td>\u22642 ppm<\/td>\n<\/tr>\n<\/tbody>\n<\/table>\n<p>&nbsp;<\/p>\n<h4>3.\u00c1mbito de aplicaci\u00f3n y uso<\/h4>\n<p>El \u00e1cido 2-metilbut\u00edrico es un \u00e1cido graso natural de cadena corta, utilizado principalmente en aromas alimentarios, productos farmac\u00e9uticos intermedios (para la s\u00edntesis de f\u00e1rmacos), aditivos para piensos (para atraer a los animales) y fragancias cosm\u00e9ticas (perfumes, fragancias para jabones).<\/p>\n<p>&nbsp;<\/p>\n<h4>4.Embalaje y almacenamiento<\/h4>\n<p>El \u00e1cido 2-metilbut\u00edrico se envasa en bidones de pl\u00e1stico HDPE de 25 kg o en bidones de aluminio. Para productos de grado alimentario, debe llenarse con nitr\u00f3geno para su protecci\u00f3n. Debe almacenarse en un lugar fresco y oscuro (&lt;25\u2103), sellarse herm\u00e9ticamente para evitar la oxidaci\u00f3n y mantenerse alejado de \u00e1lcalis y oxidantes fuertes. Se requiere ventilaci\u00f3n durante el funcionamiento (debido al olor acre), y la vida \u00fatil es de 24 meses.<\/p>","protected":false},"excerpt":{"rendered":"<p>\u3010CAS\u3011116-53-0 Alias: METHYLBUTYRIC ACID, DL-2-;METHYLETHYL ACETIC ACID Molecular formula: C5H10O2 Relative molecular mass: 102.13 Structural formula: &nbsp; 1.Product Property 2-Methylbutyric acid is an organic chemical substance. This chemical is mainly found in smoke. It is commonly used in grilled foods, beverages, candies, etc. &nbsp; 2. Parameter Industrial Grade Food Grade (FEMA 2695) Purity \u226598.0% \u226599.0% [&hellip;]<\/p>\n","protected":false},"featured_media":5139,"template":"","meta":{"_seopress_robots_primary_cat":"","_seopress_titles_title":"","_seopress_titles_desc":"","_seopress_robots_index":"","_uag_custom_page_level_css":"","site-sidebar-layout":"default","site-content-layout":"","ast-site-content-layout":"default","site-content-style":"default","site-sidebar-style":"default","ast-global-header-display":"","ast-banner-title-visibility":"","ast-main-header-display":"","ast-hfb-above-header-display":"","ast-hfb-below-header-display":"","ast-hfb-mobile-header-display":"","site-post-title":"","ast-breadcrumbs-content":"","ast-featured-img":"","footer-sml-layout":"","theme-transparent-header-meta":"default","adv-header-id-meta":"","stick-header-meta":"default","header-above-stick-meta":"","header-main-stick-meta":"","header-below-stick-meta":"","astra-migrate-meta-layouts":"set","ast-page-background-enabled":"default","ast-page-background-meta":{"desktop":{"background-color":"","background-image":"","background-repeat":"repeat","background-position":"center center","background-size":"auto","background-attachment":"scroll","background-type":"","background-media":"","overlay-type":"","overlay-color":"","overlay-opacity":"","overlay-gradient":""},"tablet":{"background-color":"","background-image":"","background-repeat":"repeat","background-position":"center center","background-size":"auto","background-attachment":"scroll","background-type":"","background-media":"","overlay-type":"","overlay-color":"","overlay-opacity":"","overlay-gradient":""},"mobile":{"background-color":"","background-image":"","background-repeat":"repeat","background-position":"center center","background-size":"auto","background-attachment":"scroll","background-type":"","background-media":"","overlay-type":"","overlay-color":"","overlay-opacity":"","overlay-gradient":""}},"ast-content-background-meta":{"desktop":{"background-color":"var(--ast-global-color-5)","background-image":"","background-repeat":"repeat","background-position":"center center","background-size":"auto","background-attachment":"scroll","background-type":"","background-media":"","overlay-type":"","overlay-color":"","overlay-opacity":"","overlay-gradient":""},"tablet":{"background-color":"var(--ast-global-color-5)","background-image":"","background-repeat":"repeat","background-position":"center center","background-size":"auto","background-attachment":"scroll","background-type":"","background-media":"","overlay-type":"","overlay-color":"","overlay-opacity":"","overlay-gradient":""},"mobile":{"background-color":"var(--ast-global-color-5)","background-image":"","background-repeat":"repeat","background-position":"center center","background-size":"auto","background-attachment":"scroll","background-type":"","background-media":"","overlay-type":"","overlay-color":"","overlay-opacity":"","overlay-gradient":""}}},"product_brand":[],"product_cat":[67],"product_tag":[],"class_list":{"0":"post-5130","1":"product","2":"type-product","3":"status-publish","4":"has-post-thumbnail","6":"product_cat-food-additives","7":"desktop-align-left","8":"tablet-align-left","9":"mobile-align-left","10":"ast-product-gallery-layout-horizontal-slider","11":"ast-product-gallery-with-no-image","12":"ast-product-tabs-layout-horizontal","14":"first","15":"instock","16":"shipping-taxable","17":"product-type-simple"},"uagb_featured_image_src":{"full":["https:\/\/jinancuchem.com\/wp-content\/uploads\/2025\/07\/102.png",800,800,false],"thumbnail":["https:\/\/jinancuchem.com\/wp-content\/uploads\/2025\/07\/102-150x150.png",150,150,true],"medium":["https:\/\/jinancuchem.com\/wp-content\/uploads\/2025\/07\/102-300x300.png",300,300,true],"medium_large":["https:\/\/jinancuchem.com\/wp-content\/uploads\/2025\/07\/102-768x768.png",768,768,true],"large":["https:\/\/jinancuchem.com\/wp-content\/uploads\/2025\/07\/102.png",800,800,false],"1536x1536":["https:\/\/jinancuchem.com\/wp-content\/uploads\/2025\/07\/102.png",800,800,false],"2048x2048":["https:\/\/jinancuchem.com\/wp-content\/uploads\/2025\/07\/102.png",800,800,false],"trp-custom-language-flag":["https:\/\/jinancuchem.com\/wp-content\/uploads\/2025\/07\/102-12x12.png",12,12,true],"woocommerce_thumbnail":["https:\/\/jinancuchem.com\/wp-content\/uploads\/2025\/07\/102-300x300.png",300,300,true],"woocommerce_single":["https:\/\/jinancuchem.com\/wp-content\/uploads\/2025\/07\/102-500x500.png",500,500,true],"woocommerce_gallery_thumbnail":["https:\/\/jinancuchem.com\/wp-content\/uploads\/2025\/07\/102-100x100.png",100,100,true]},"uagb_author_info":{"display_name":"jinxing6611@gmail.com","author_link":"https:\/\/jinancuchem.com\/es\/author\/"},"uagb_comment_info":0,"uagb_excerpt":"\u3010CAS\u3011116-53-0 Alias: METHYLBUTYRIC ACID, DL-2-;METHYLETHYL ACETIC ACID Molecular formula: C5H10O2 Relative molecular mass: 102.13 Structural formula: &nbsp; 1.Product Property 2-Methylbutyric acid is an organic chemical substance. This chemical is mainly found in smoke. It is commonly used in grilled foods, beverages, candies, etc. &nbsp; 2. Parameter Industrial Grade Food Grade (FEMA 2695) Purity \u226598.0% \u226599.0%&hellip;","_links":{"self":[{"href":"https:\/\/jinancuchem.com\/es\/wp-json\/wp\/v2\/product\/5130","targetHints":{"allow":["GET"]}}],"collection":[{"href":"https:\/\/jinancuchem.com\/es\/wp-json\/wp\/v2\/product"}],"about":[{"href":"https:\/\/jinancuchem.com\/es\/wp-json\/wp\/v2\/types\/product"}],"wp:featuredmedia":[{"embeddable":true,"href":"https:\/\/jinancuchem.com\/es\/wp-json\/wp\/v2\/media\/5139"}],"wp:attachment":[{"href":"https:\/\/jinancuchem.com\/es\/wp-json\/wp\/v2\/media?parent=5130"}],"wp:term":[{"taxonomy":"product_brand","embeddable":true,"href":"https:\/\/jinancuchem.com\/es\/wp-json\/wp\/v2\/product_brand?post=5130"},{"taxonomy":"product_cat","embeddable":true,"href":"https:\/\/jinancuchem.com\/es\/wp-json\/wp\/v2\/product_cat?post=5130"},{"taxonomy":"product_tag","embeddable":true,"href":"https:\/\/jinancuchem.com\/es\/wp-json\/wp\/v2\/product_tag?post=5130"}],"curies":[{"name":"wp","href":"https:\/\/api.w.org\/{rel}","templated":true}]}}