{"id":5208,"date":"2025-07-25T09:05:06","date_gmt":"2025-07-25T09:05:06","guid":{"rendered":"https:\/\/jinancuchem.com\/?post_type=product&#038;p=5208"},"modified":"2025-07-25T09:05:06","modified_gmt":"2025-07-25T09:05:06","slug":"dispersing-solubilizer-s-15","status":"publish","type":"product","link":"https:\/\/jinancuchem.com\/es\/producto\/dispersing-solubilizer-s-15\/","title":{"rendered":"Solubilizante dispersante S-15"},"content":{"rendered":"<p>\u3010Composici\u00f3n qu\u00edmica\u3011Complejos de alcoholes, \u00e9teres, etc.<\/p>\n<p>\u3010Tipo\u3011Tipo ani\u00f3nico<\/p>\n<p>&nbsp;<\/p>\n<h3>1.Propiedad del producto<\/h3>\n<p>&nbsp;<\/p>\n<p>El S-15 es una pasta de color amarillo p\u00e1lido que se disuelve f\u00e1cilmente en agua y en disolventes org\u00e1nicos seleccionados. Ofrece un excelente poder solubilizante, detergente, emulsionante y dispersante, permaneciendo estable por encima de 100 \u00b0C. El producto es ligeramente \u00e1cido (pH 4-7, soluci\u00f3n 1 %) y funciona mejor en condiciones neutras o ligeramente \u00e1cidas, evitando los medios alcalinos.<\/p>\n<h3>2.Norma t\u00e9cnica<\/h3>\n<p>&nbsp;<\/p>\n<table>\n<tbody>\n<tr>\n<td><strong><b>Par\u00e1metro<\/b><\/strong><\/td>\n<td><strong><b>Especificaci\u00f3n<\/b><\/strong><\/td>\n<\/tr>\n<tr>\n<td>Apariencia<\/td>\n<td>Pasta de color amarillo p\u00e1lido<\/td>\n<\/tr>\n<tr>\n<td>pH (1 % acuoso)<\/td>\n<td>4-7<\/td>\n<\/tr>\n<tr>\n<td>Punto de nube (1 %)<\/td>\n<td>&gt; 100 \u00b0C<\/td>\n<\/tr>\n<tr>\n<td>Car\u00e1cter j\u00f3nico<\/td>\n<td>No i\u00f3nico<\/td>\n<\/tr>\n<tr>\n<td>Solubilidad<\/td>\n<td>Soluble en agua y en la mayor\u00eda de los productos org\u00e1nicos polares<\/td>\n<\/tr>\n<\/tbody>\n<\/table>\n<p>&nbsp;<\/p>\n<h3>3.\u00c1mbito de aplicaci\u00f3n y uso<\/h3>\n<p>&nbsp;<\/p>\n<p>El S-15 est\u00e1 dise\u00f1ado para sistemas de abrillantado galv\u00e1nico, en los que solubiliza la bencilideneacetona en una proporci\u00f3n de peso de 1:7-9 (BZA:S-15), evitando el enturbiamiento del ba\u00f1o incluso durante el funcionamiento continuo en verano. Tambi\u00e9n se mezcla en limpiadores desengrasantes de metales para aumentar la detergencia y sirve como emulsionante primario en la polimerizaci\u00f3n de emulsiones. Para obtener los mejores resultados, util\u00edcelo en medios neutros a ligeramente \u00e1cidos y evite las condiciones alcalinas.<\/p>\n<h3>4.Embalaje y almacenamiento<\/h3>\n<p>El S-15 se suministra en bidones azules de HDPE de 50 kg con tap\u00f3n inviolable. El producto est\u00e1 clasificado como no peligroso y no inflamable; por lo tanto, debe manipularse y transportarse como los productos qu\u00edmicos ordinarios. Almacenar en un almac\u00e9n fresco, seco y bien ventilado, alejado de la luz solar directa, oxidantes fuertes y sustancias alcalinas. Mantener los bidones bien cerrados durante el almacenamiento. En estas condiciones, la vida \u00fatil es de 24 meses a partir de la fecha de fabricaci\u00f3n.<\/p>","protected":false},"excerpt":{"rendered":"<p>\u3010Chemical Composition\u3011Complexes of alcohols, ethers, etc. \u3010Type\u3011Anionic type &nbsp; 1.Product Property &nbsp; S-15 is a pale-yellow paste that dissolves readily in water and selected organic solvents. It offers excellent solubilizing, detergency, emulsifying and dispersing power while remaining stable above 100 \u00b0C. The product is mildly acidic (pH 4\u20137, 1 % solution) and performs best under [&hellip;]<\/p>\n","protected":false},"featured_media":5212,"template":"","meta":{"_seopress_robots_primary_cat":"","_seopress_titles_title":"","_seopress_titles_desc":"","_seopress_robots_index":"","_uag_custom_page_level_css":"","site-sidebar-layout":"default","site-content-layout":"","ast-site-content-layout":"default","site-content-style":"default","site-sidebar-style":"default","ast-global-header-display":"","ast-banner-title-visibility":"","ast-main-header-display":"","ast-hfb-above-header-display":"","ast-hfb-below-header-display":"","ast-hfb-mobile-header-display":"","site-post-title":"","ast-breadcrumbs-content":"","ast-featured-img":"","footer-sml-layout":"","theme-transparent-header-meta":"default","adv-header-id-meta":"","stick-header-meta":"default","header-above-stick-meta":"","header-main-stick-meta":"","header-below-stick-meta":"","astra-migrate-meta-layouts":"set","ast-page-background-enabled":"default","ast-page-background-meta":{"desktop":{"background-color":"","background-image":"","background-repeat":"repeat","background-position":"center center","background-size":"auto","background-attachment":"scroll","background-type":"","background-media":"","overlay-type":"","overlay-color":"","overlay-opacity":"","overlay-gradient":""},"tablet":{"background-color":"","background-image":"","background-repeat":"repeat","background-position":"center center","background-size":"auto","background-attachment":"scroll","background-type":"","background-media":"","overlay-type":"","overlay-color":"","overlay-opacity":"","overlay-gradient":""},"mobile":{"background-color":"","background-image":"","background-repeat":"repeat","background-position":"center center","background-size":"auto","background-attachment":"scroll","background-type":"","background-media":"","overlay-type":"","overlay-color":"","overlay-opacity":"","overlay-gradient":""}},"ast-content-background-meta":{"desktop":{"background-color":"var(--ast-global-color-5)","background-image":"","background-repeat":"repeat","background-position":"center center","background-size":"auto","background-attachment":"scroll","background-type":"","background-media":"","overlay-type":"","overlay-color":"","overlay-opacity":"","overlay-gradient":""},"tablet":{"background-color":"var(--ast-global-color-5)","background-image":"","background-repeat":"repeat","background-position":"center center","background-size":"auto","background-attachment":"scroll","background-type":"","background-media":"","overlay-type":"","overlay-color":"","overlay-opacity":"","overlay-gradient":""},"mobile":{"background-color":"var(--ast-global-color-5)","background-image":"","background-repeat":"repeat","background-position":"center center","background-size":"auto","background-attachment":"scroll","background-type":"","background-media":"","overlay-type":"","overlay-color":"","overlay-opacity":"","overlay-gradient":""}}},"product_brand":[],"product_cat":[69],"product_tag":[],"class_list":{"0":"post-5208","1":"product","2":"type-product","3":"status-publish","4":"has-post-thumbnail","6":"product_cat-daily-chemical-product","7":"desktop-align-left","8":"tablet-align-left","9":"mobile-align-left","10":"ast-product-gallery-layout-horizontal-slider","11":"ast-product-gallery-with-no-image","12":"ast-product-tabs-layout-horizontal","14":"first","15":"instock","16":"shipping-taxable","17":"product-type-simple"},"uagb_featured_image_src":{"full":["https:\/\/jinancuchem.com\/wp-content\/uploads\/2025\/07\/\u672a\u6807\u9898-2-14.jpg",400,400,false],"thumbnail":["https:\/\/jinancuchem.com\/wp-content\/uploads\/2025\/07\/\u672a\u6807\u9898-2-14-150x150.jpg",150,150,true],"medium":["https:\/\/jinancuchem.com\/wp-content\/uploads\/2025\/07\/\u672a\u6807\u9898-2-14-300x300.jpg",300,300,true],"medium_large":["https:\/\/jinancuchem.com\/wp-content\/uploads\/2025\/07\/\u672a\u6807\u9898-2-14.jpg",400,400,false],"large":["https:\/\/jinancuchem.com\/wp-content\/uploads\/2025\/07\/\u672a\u6807\u9898-2-14.jpg",400,400,false],"1536x1536":["https:\/\/jinancuchem.com\/wp-content\/uploads\/2025\/07\/\u672a\u6807\u9898-2-14.jpg",400,400,false],"2048x2048":["https:\/\/jinancuchem.com\/wp-content\/uploads\/2025\/07\/\u672a\u6807\u9898-2-14.jpg",400,400,false],"trp-custom-language-flag":["https:\/\/jinancuchem.com\/wp-content\/uploads\/2025\/07\/\u672a\u6807\u9898-2-14-12x12.jpg",12,12,true],"woocommerce_thumbnail":["https:\/\/jinancuchem.com\/wp-content\/uploads\/2025\/07\/\u672a\u6807\u9898-2-14-300x300.jpg",300,300,true],"woocommerce_single":["https:\/\/jinancuchem.com\/wp-content\/uploads\/2025\/07\/\u672a\u6807\u9898-2-14.jpg",400,400,false],"woocommerce_gallery_thumbnail":["https:\/\/jinancuchem.com\/wp-content\/uploads\/2025\/07\/\u672a\u6807\u9898-2-14-100x100.jpg",100,100,true]},"uagb_author_info":{"display_name":"jinxing6611@gmail.com","author_link":"https:\/\/jinancuchem.com\/es\/author\/"},"uagb_comment_info":0,"uagb_excerpt":"\u3010Chemical Composition\u3011Complexes of alcohols, ethers, etc. \u3010Type\u3011Anionic type &nbsp; 1.Product Property &nbsp; S-15 is a pale-yellow paste that dissolves readily in water and selected organic solvents. It offers excellent solubilizing, detergency, emulsifying and dispersing power while remaining stable above 100 \u00b0C. The product is mildly acidic (pH 4\u20137, 1 % solution) and performs best under&hellip;","_links":{"self":[{"href":"https:\/\/jinancuchem.com\/es\/wp-json\/wp\/v2\/product\/5208","targetHints":{"allow":["GET"]}}],"collection":[{"href":"https:\/\/jinancuchem.com\/es\/wp-json\/wp\/v2\/product"}],"about":[{"href":"https:\/\/jinancuchem.com\/es\/wp-json\/wp\/v2\/types\/product"}],"wp:featuredmedia":[{"embeddable":true,"href":"https:\/\/jinancuchem.com\/es\/wp-json\/wp\/v2\/media\/5212"}],"wp:attachment":[{"href":"https:\/\/jinancuchem.com\/es\/wp-json\/wp\/v2\/media?parent=5208"}],"wp:term":[{"taxonomy":"product_brand","embeddable":true,"href":"https:\/\/jinancuchem.com\/es\/wp-json\/wp\/v2\/product_brand?post=5208"},{"taxonomy":"product_cat","embeddable":true,"href":"https:\/\/jinancuchem.com\/es\/wp-json\/wp\/v2\/product_cat?post=5208"},{"taxonomy":"product_tag","embeddable":true,"href":"https:\/\/jinancuchem.com\/es\/wp-json\/wp\/v2\/product_tag?post=5208"}],"curies":[{"name":"wp","href":"https:\/\/api.w.org\/{rel}","templated":true}]}}