{"id":5221,"date":"2025-07-25T09:10:07","date_gmt":"2025-07-25T09:10:07","guid":{"rendered":"https:\/\/jinancuchem.com\/?post_type=product&#038;p=5221"},"modified":"2025-07-25T09:10:07","modified_gmt":"2025-07-25T09:10:07","slug":"food-grade-alcohol-96-99-9","status":"publish","type":"product","link":"https:\/\/jinancuchem.com\/es\/producto\/food-grade-alcohol-96-99-9\/","title":{"rendered":"Alcohol de calidad alimentaria 96%\/99.9%"},"content":{"rendered":"<p>El etanol es un l\u00edquido vol\u00e1til, incoloro y transparente a temperatura y presi\u00f3n normales. Puede mezclarse con agua en cualquier proporci\u00f3n, y la soluci\u00f3n tiene un aroma a vino con un ligero picor. Tambi\u00e9n es miscible con la mayor\u00eda de los disolventes org\u00e1nicos.<\/p>\n<p>\u3010CAS\u301164-17-5 F\u00f3rmula molecular: C2H5OH Masa molecular relativa: 46.07<\/p>\n<p>F\u00f3rmula estructural:<img alt=\"\" decoding=\"async\" class=\"alignnone size-full wp-image-5228\" src=\"https:\/\/jinancuchem.com\/wp-content\/uploads\/2025\/07\/\u56fe\u7247109.png\" width=\"235\" height=\"160\" srcset=\"https:\/\/jinancuchem.com\/wp-content\/uploads\/2025\/07\/\u56fe\u7247109.png 235w, https:\/\/jinancuchem.com\/wp-content\/uploads\/2025\/07\/\u56fe\u7247109-18x12.png 18w\" sizes=\"(max-width: 235px) 100vw, 235px\" \/><\/p>\n<p>&nbsp;<\/p>\n<h4>\u4e00\uff0ePropiedad del producto<\/h4>\n<p>El etanol puede mezclarse con agua en cualquier proporci\u00f3n y tambi\u00e9n con la mayor\u00eda de los disolventes org\u00e1nicos (como cloroformo, \u00e9ter, metanol, acetona, etc.). El etanol es inflamable. Su vapor puede formar una mezcla explosiva con el aire. Puede incendiarse y explotar en contacto con llamas abiertas o calor intenso. El etanol es un buen agente reductor y puede reaccionar con oxidantes para producir sustancias como \u00e9steres, \u00e1cidos, aldeh\u00eddos, etc.<\/p>\n<p>&nbsp;<\/p>\n<h4>\u4e8c\uff0e\u00cdndice de calidad:<\/h4>\n<table>\n<tbody>\n<tr>\n<td width=\"187\"><strong><b>Par\u00e1metro<\/b><\/strong><\/td>\n<td><strong><b>Etanol 96%<\/b><\/strong><strong><b>\u00a0(Ph. Eur.\/USP)<\/b><\/strong><\/td>\n<td><strong><b>Etanol 99,9%<\/b><\/strong><strong><b>\u00a0(ACS\/Ph. Eur.)<\/b><\/strong><\/td>\n<\/tr>\n<tr>\n<td width=\"187\"><strong><b>Contenido de etanol (v\/v)<\/b><\/strong><\/td>\n<td>95.1% &#8211; 96.9%<\/td>\n<td>\u2265 99,9%<\/td>\n<\/tr>\n<tr>\n<td width=\"187\"><strong><b>Metanol<\/b><\/strong><\/td>\n<td>\u2264 0,5% (v\/v)<\/td>\n<td>\u2264 0,02% (v\/v)<\/td>\n<\/tr>\n<tr>\n<td width=\"187\"><strong><b>Acidez (como \u00e1cido ac\u00e9tico)<\/b><\/strong><\/td>\n<td>\u2264 0,003% (p\/v)<\/td>\n<td>\u2264 0,002% (p\/v)<\/td>\n<\/tr>\n<tr>\n<td width=\"187\"><strong><b>Aldeh\u00eddos y cetonas<\/b><\/strong><\/td>\n<td>Aprueba el examen (Ph. Eur.)<\/td>\n<td>\u2264 0,003% (como acetaldeh\u00eddo)<\/td>\n<\/tr>\n<tr>\n<td width=\"187\"><strong><b>Residuos de la evaporaci\u00f3n<\/b><\/strong><\/td>\n<td>\u2264 0,001% (p\/v)<\/td>\n<td>\u2264 0,001% (p\/v)<\/td>\n<\/tr>\n<tr>\n<td width=\"187\"><strong><b>Contenido en agua<\/b><\/strong><\/td>\n<td>3,5% - 4,5% (v\/v)<\/td>\n<td>\u2264 0,1% (v\/v)<\/td>\n<\/tr>\n<tr>\n<td width=\"187\"><strong><b>Ceniza de sulfato<\/b><\/strong><\/td>\n<td>\u2264 0,001% (p\/v)<\/td>\n<td>\u2264 0,001% (p\/v)<\/td>\n<\/tr>\n<tr>\n<td width=\"187\"><strong><b>Metales pesados (como Pb)<\/b><\/strong><\/td>\n<td>\u2264 1 ppm<\/td>\n<td>\u2264 1 ppm<\/td>\n<\/tr>\n<tr>\n<td width=\"187\"><strong><b>Benceno e impurezas relacionadas<\/b><\/strong><\/td>\n<td>\u2264 2 ppm (Ph. Eur.)<\/td>\n<td>\u2264 2 ppm<\/td>\n<\/tr>\n<tr>\n<td width=\"187\"><strong><b>Conductividad<\/b><\/strong><\/td>\n<td>&#8211;<\/td>\n<td>\u2264 0,5 \u03bcS\/cm (para alta pureza)<\/td>\n<\/tr>\n<\/tbody>\n<\/table>\n<p>&nbsp;<\/p>\n<h4>\u4e09\uff0e\u00c1mbito de aplicaci\u00f3n y uso<\/h4>\n<p>El etanol es un importante disolvente org\u00e1nico ampliamente utilizado en diversos campos como la medicina, los revestimientos, los productos de higiene, los cosm\u00e9ticos y los aceites, y representa aproximadamente 50% del consumo total de etanol.<\/p>\n<p>Como materia prima qu\u00edmica org\u00e1nica b\u00e1sica, el etanol puede utilizarse para producir \u00e1cido ac\u00e9tico, bebidas, fragancias, tintes, combustibles, etc. En el \u00e1mbito sanitario, el etanol tiene propiedades desinfectantes y bactericidas. En la pr\u00e1ctica m\u00e9dica, una fracci\u00f3n volum\u00e9trica de etanol de 70% a 75% se utiliza habitualmente como desinfectante. El etanol puede desnaturalizar las prote\u00ednas de los microorganismos pat\u00f3genos, consiguiendo as\u00ed el efecto de eliminar los microorganismos pat\u00f3genos.<\/p>\n<p>&nbsp;<\/p>\n<h4>\u56db\uff0eEmbalaje y almacenamiento<\/h4>\n<p>Suele envasarse en bidones de pl\u00e1stico de 20 kg, 170 kg y 820 kg y en cisternas.<\/p>\n<p>Almacenar en un almac\u00e9n fresco y ventilado. Mantener alejado de fuentes de fuego y fuentes de calor. La temperatura del almac\u00e9n no debe superar los 30\u2103. Mantener el recipiente cerrado herm\u00e9ticamente. Almacenar separado de oxidantes, \u00e1cidos, metales alcalinos, aminas, etc., y evitar el almacenamiento mixto. Utilice instalaciones de iluminaci\u00f3n y ventilaci\u00f3n a prueba de explosiones. No utilizar equipos mec\u00e1nicos y herramientas que puedan generar chispas. La zona de almacenamiento debe estar equipada con equipos de emergencia para fugas y materiales de contenci\u00f3n adecuados.<\/p>\n<p>&nbsp;<\/p>\n<h4>Protecci\u00f3n de seguridad:<\/h4>\n<p>Contacto con la piel: Quitarse inmediatamente toda la ropa contaminada. Aclarar la piel con agua \/ ducharse.<\/p>\n<p>Contacto con los ojos: Levantar los p\u00e1rpados y enjuagar con agua corriente o soluci\u00f3n salina normal. En caso de molestias, acuda al m\u00e9dico. - Inhalaci\u00f3n: Abandonar r\u00e1pidamente el lugar de los hechos y dirigirse a una zona con aire fresco. Busque atenci\u00f3n m\u00e9dica.<\/p>\n<p>Ingesti\u00f3n: Beber abundante agua caliente y provocar el v\u00f3mito. Busque atenci\u00f3n m\u00e9dica.<\/p>\n<p>Consejos para proteger a los rescatadores: Al entrar en el lugar del accidente, llevar un aparato de respiraci\u00f3n con suministro de aire.<\/p>","protected":false},"excerpt":{"rendered":"<p>Ethanol is a volatile, colorless and transparent liquid at normal temperature and pressure. It can be mixed with water in any proportion, and the solution has a wine-like aroma with a slight pungency. It is also miscible with most organic solvents. \u3010CAS\u301164-17-5\u00a0\u00a0\u00a0Molecular formula:\u00a0C2H5OH\u00a0\u00a0\u00a0\u00a0Relative molecular mass:\u00a046.07 Structural formula: &nbsp; \u4e00\uff0eProduct Property Ethanol can be mixed with [&hellip;]<\/p>\n","protected":false},"featured_media":5229,"template":"","meta":{"_seopress_robots_primary_cat":"","_seopress_titles_title":"","_seopress_titles_desc":"","_seopress_robots_index":"","_uag_custom_page_level_css":"","site-sidebar-layout":"default","site-content-layout":"","ast-site-content-layout":"default","site-content-style":"default","site-sidebar-style":"default","ast-global-header-display":"","ast-banner-title-visibility":"","ast-main-header-display":"","ast-hfb-above-header-display":"","ast-hfb-below-header-display":"","ast-hfb-mobile-header-display":"","site-post-title":"","ast-breadcrumbs-content":"","ast-featured-img":"","footer-sml-layout":"","theme-transparent-header-meta":"default","adv-header-id-meta":"","stick-header-meta":"default","header-above-stick-meta":"","header-main-stick-meta":"","header-below-stick-meta":"","astra-migrate-meta-layouts":"set","ast-page-background-enabled":"default","ast-page-background-meta":{"desktop":{"background-color":"","background-image":"","background-repeat":"repeat","background-position":"center center","background-size":"auto","background-attachment":"scroll","background-type":"","background-media":"","overlay-type":"","overlay-color":"","overlay-opacity":"","overlay-gradient":""},"tablet":{"background-color":"","background-image":"","background-repeat":"repeat","background-position":"center center","background-size":"auto","background-attachment":"scroll","background-type":"","background-media":"","overlay-type":"","overlay-color":"","overlay-opacity":"","overlay-gradient":""},"mobile":{"background-color":"","background-image":"","background-repeat":"repeat","background-position":"center center","background-size":"auto","background-attachment":"scroll","background-type":"","background-media":"","overlay-type":"","overlay-color":"","overlay-opacity":"","overlay-gradient":""}},"ast-content-background-meta":{"desktop":{"background-color":"var(--ast-global-color-5)","background-image":"","background-repeat":"repeat","background-position":"center center","background-size":"auto","background-attachment":"scroll","background-type":"","background-media":"","overlay-type":"","overlay-color":"","overlay-opacity":"","overlay-gradient":""},"tablet":{"background-color":"var(--ast-global-color-5)","background-image":"","background-repeat":"repeat","background-position":"center center","background-size":"auto","background-attachment":"scroll","background-type":"","background-media":"","overlay-type":"","overlay-color":"","overlay-opacity":"","overlay-gradient":""},"mobile":{"background-color":"var(--ast-global-color-5)","background-image":"","background-repeat":"repeat","background-position":"center center","background-size":"auto","background-attachment":"scroll","background-type":"","background-media":"","overlay-type":"","overlay-color":"","overlay-opacity":"","overlay-gradient":""}}},"product_brand":[],"product_cat":[67],"product_tag":[],"class_list":{"0":"post-5221","1":"product","2":"type-product","3":"status-publish","4":"has-post-thumbnail","6":"product_cat-food-additives","7":"desktop-align-left","8":"tablet-align-left","9":"mobile-align-left","10":"ast-product-gallery-layout-horizontal-slider","11":"ast-product-gallery-with-no-image","12":"ast-product-tabs-layout-horizontal","14":"first","15":"instock","16":"shipping-taxable","17":"product-type-simple"},"uagb_featured_image_src":{"full":["https:\/\/jinancuchem.com\/wp-content\/uploads\/2025\/07\/109.png",800,800,false],"thumbnail":["https:\/\/jinancuchem.com\/wp-content\/uploads\/2025\/07\/109-150x150.png",150,150,true],"medium":["https:\/\/jinancuchem.com\/wp-content\/uploads\/2025\/07\/109-300x300.png",300,300,true],"medium_large":["https:\/\/jinancuchem.com\/wp-content\/uploads\/2025\/07\/109-768x768.png",768,768,true],"large":["https:\/\/jinancuchem.com\/wp-content\/uploads\/2025\/07\/109.png",800,800,false],"1536x1536":["https:\/\/jinancuchem.com\/wp-content\/uploads\/2025\/07\/109.png",800,800,false],"2048x2048":["https:\/\/jinancuchem.com\/wp-content\/uploads\/2025\/07\/109.png",800,800,false],"trp-custom-language-flag":["https:\/\/jinancuchem.com\/wp-content\/uploads\/2025\/07\/109-12x12.png",12,12,true],"woocommerce_thumbnail":["https:\/\/jinancuchem.com\/wp-content\/uploads\/2025\/07\/109-300x300.png",300,300,true],"woocommerce_single":["https:\/\/jinancuchem.com\/wp-content\/uploads\/2025\/07\/109-500x500.png",500,500,true],"woocommerce_gallery_thumbnail":["https:\/\/jinancuchem.com\/wp-content\/uploads\/2025\/07\/109-100x100.png",100,100,true]},"uagb_author_info":{"display_name":"jinxing6611@gmail.com","author_link":"https:\/\/jinancuchem.com\/es\/author\/"},"uagb_comment_info":0,"uagb_excerpt":"Ethanol is a volatile, colorless and transparent liquid at normal temperature and pressure. It can be mixed with water in any proportion, and the solution has a wine-like aroma with a slight pungency. It is also miscible with most organic solvents. \u3010CAS\u301164-17-5\u00a0\u00a0\u00a0Molecular formula:\u00a0C2H5OH\u00a0\u00a0\u00a0\u00a0Relative molecular mass:\u00a046.07 Structural formula: &nbsp; \u4e00\uff0eProduct Property Ethanol can be mixed with&hellip;","_links":{"self":[{"href":"https:\/\/jinancuchem.com\/es\/wp-json\/wp\/v2\/product\/5221","targetHints":{"allow":["GET"]}}],"collection":[{"href":"https:\/\/jinancuchem.com\/es\/wp-json\/wp\/v2\/product"}],"about":[{"href":"https:\/\/jinancuchem.com\/es\/wp-json\/wp\/v2\/types\/product"}],"wp:featuredmedia":[{"embeddable":true,"href":"https:\/\/jinancuchem.com\/es\/wp-json\/wp\/v2\/media\/5229"}],"wp:attachment":[{"href":"https:\/\/jinancuchem.com\/es\/wp-json\/wp\/v2\/media?parent=5221"}],"wp:term":[{"taxonomy":"product_brand","embeddable":true,"href":"https:\/\/jinancuchem.com\/es\/wp-json\/wp\/v2\/product_brand?post=5221"},{"taxonomy":"product_cat","embeddable":true,"href":"https:\/\/jinancuchem.com\/es\/wp-json\/wp\/v2\/product_cat?post=5221"},{"taxonomy":"product_tag","embeddable":true,"href":"https:\/\/jinancuchem.com\/es\/wp-json\/wp\/v2\/product_tag?post=5221"}],"curies":[{"name":"wp","href":"https:\/\/api.w.org\/{rel}","templated":true}]}}