{"id":5231,"date":"2025-07-25T09:12:08","date_gmt":"2025-07-25T09:12:08","guid":{"rendered":"https:\/\/jinancuchem.com\/?post_type=product&#038;p=5231"},"modified":"2025-07-25T09:12:08","modified_gmt":"2025-07-25T09:12:08","slug":"food-grade-sodium-hypochlorite","status":"publish","type":"product","link":"https:\/\/jinancuchem.com\/es\/producto\/food-grade-sodium-hypochlorite\/","title":{"rendered":"Hipoclorito s\u00f3dico de calidad alimentaria"},"content":{"rendered":"<p>El hipoclorito de sodio, cuya f\u00f3rmula qu\u00edmica es NaClO (escrito com\u00fanmente como NaOCl en notaci\u00f3n electr\u00f3nica), es un compuesto hipoclorito com\u00fan y ampliamente utilizado. Es muy soluble en agua.<br \/>\n\u3010CAS\u301164-17-5 F\u00f3rmula molecular: NaClO Masa molecular relativa:74.44<\/p>\n<p>F\u00f3rmula estructural:<img alt=\"\" decoding=\"async\" class=\"alignnone size-full wp-image-5236\" src=\"https:\/\/jinancuchem.com\/wp-content\/uploads\/2025\/07\/\u56fe\u7247110.png\" width=\"152\" height=\"102\" srcset=\"https:\/\/jinancuchem.com\/wp-content\/uploads\/2025\/07\/\u56fe\u7247110.png 152w, https:\/\/jinancuchem.com\/wp-content\/uploads\/2025\/07\/\u56fe\u7247110-150x102.png 150w, https:\/\/jinancuchem.com\/wp-content\/uploads\/2025\/07\/\u56fe\u7247110-18x12.png 18w\" sizes=\"(max-width: 152px) 100vw, 152px\" \/><\/p>\n<p>&nbsp;<\/p>\n<h4>\u4e00\uff0ePropiedad del producto<\/h4>\n<p>Soluci\u00f3n de color amarillo p\u00e1lido con olor a cloro. 1. Es muy soluble en agua para formar hidr\u00f3xido de sodio y \u00e1cido hipocloroso. A continuaci\u00f3n, el \u00e1cido hipocloroso se descompone para producir cloruro de hidr\u00f3geno y ox\u00edgeno, debido a la fuerte capacidad oxidante del ox\u00edgeno reci\u00e9n generado, por lo que el hipoclorito de sodio es un fuerte agente oxidante. Su estabilidad se ve afectada por la luz, el calor, los cationes de metales pesados y el valor del pH. Tiene un olor estimulante. A\u00fan no se ha aislado ning\u00fan reactivo anhidro. La soluci\u00f3n alcalina es un l\u00edquido incoloro. Se descompone lentamente para producir NaCl, NaClO3 y O2. La velocidad de descomposici\u00f3n est\u00e1 relacionada con la concentraci\u00f3n y el \u00e1lcali libre. La luz o el calentamiento pueden acelerar la descomposici\u00f3n.<\/p>\n<p>&nbsp;<\/p>\n<h4>\u4e8c\uff0e\u00cdndice de calidad:<\/h4>\n<table>\n<tbody>\n<tr>\n<td><strong><b>Par\u00e1metro<\/b><\/strong><\/td>\n<td><strong><b>Especificaci\u00f3n<\/b><\/strong><strong><b>\u00a0(Valores t\u00edpicos)<\/b><\/strong><\/td>\n<td><strong><b>M\u00e9todo de ensayo<\/b><\/strong><\/td>\n<\/tr>\n<tr>\n<td><strong><b>Cloro disponible (como Cl\u2082)<\/b><\/strong><\/td>\n<td>5% - 15% (p\/v)<\/td>\n<td>Valoraci\u00f3n (ASTM D2022)<\/td>\n<\/tr>\n<tr>\n<td><strong><b>Hidr\u00f3xido de sodio (NaOH)<\/b><\/strong><\/td>\n<td>0,1% - 1,0% (p\/v) (para estabilidad)<\/td>\n<td>Valoraci\u00f3n (ISO 981)<\/td>\n<\/tr>\n<tr>\n<td><strong><b>Cloruro de sodio (NaCl)<\/b><\/strong><\/td>\n<td>\u2264 3% (p\/v)<\/td>\n<td>ICP-MS \/ Titulaci\u00f3n<\/td>\n<\/tr>\n<tr>\n<td><strong><b>Metales pesados (como Pb)<\/b><\/strong><\/td>\n<td>\u2264 1 ppm<\/td>\n<td>ICP-OES (USP )<\/td>\n<\/tr>\n<tr>\n<td><strong><b>Ars\u00e9nico (As)<\/b><\/strong><\/td>\n<td>\u2264 0,5 ppm<\/td>\n<td>ICP-MS (AOAC 999.10)<\/td>\n<\/tr>\n<tr>\n<td><strong><b>Hierro (Fe)<\/b><\/strong><\/td>\n<td>\u2264 10 ppm<\/td>\n<td>AAS \/ ICP-OES<\/td>\n<\/tr>\n<tr>\n<td><strong><b>Mercurio (Hg)<\/b><\/strong><\/td>\n<td>\u2264 0,1 ppm<\/td>\n<td>AAS de vapor fr\u00edo<\/td>\n<\/tr>\n<tr>\n<td><strong><b>Clorato (ClO\u2083-)<\/b><\/strong><\/td>\n<td>\u2264 0,5% (p\/v)<\/td>\n<td>Cromatograf\u00eda i\u00f3nica<\/td>\n<\/tr>\n<tr>\n<td><strong><b>Perclorato (ClO\u2084-)<\/b><\/strong><\/td>\n<td>\u2264 0,1% (p\/v)<\/td>\n<td>Cromatograf\u00eda i\u00f3nica<\/td>\n<\/tr>\n<tr>\n<td><strong><b>pH (a 20\u00b0C)<\/b><\/strong><\/td>\n<td>11 - 13 (para la estabilidad)<\/td>\n<td>Medidor de pH (ISO 4316)<\/td>\n<\/tr>\n<tr>\n<td><strong><b>Materia insoluble<\/b><\/strong><\/td>\n<td>\u2264 0,1% (p\/v)<\/td>\n<td>Filtraci\u00f3n y gravimetr\u00eda<\/td>\n<\/tr>\n<\/tbody>\n<\/table>\n<p>&nbsp;<\/p>\n<h4>\u4e09\uff0e\u00c1mbito de aplicaci\u00f3n y uso<\/h4>\n<p>El hipoclorito s\u00f3dico de calidad alimentaria es un desinfectante eficaz que se utiliza ampliamente en el tratamiento del agua potable, la desinfecci\u00f3n de piscinas, la producci\u00f3n de alimentos y el tratamiento de aguas residuales hospitalarias.<\/p>\n<p>&nbsp;<\/p>\n<h4>\u56db\uff0eEmbalaje y almacenamiento<\/h4>\n<p>Envasado en barriles de pl\u00e1stico u otros recipientes de 25 kg, el orificio de inyecci\u00f3n debe estar cubierto y sellado, o debe utilizarse una cisterna espec\u00edfica con tapa de sellado. Almacenar en un almac\u00e9n fresco y ventilado. Mantener alejado de fuentes de fuego y calor. La temperatura del almac\u00e9n no debe superar los 30\u2103. Debe almacenarse separado de sustancias alcalinas y no debe mezclarse. En la zona de almacenamiento debe disponerse de un equipo adecuado de manipulaci\u00f3n de emergencia en caso de fuga y de materiales de contenci\u00f3n adecuados.<\/p>\n<h4><\/h4>\n<h4>Protecci\u00f3n de seguridad:<\/h4>\n<p>Contacto con la piel: Quitarse la ropa contaminada y aclarar con abundante agua corriente.<\/p>\n<p>Contacto con los ojos: Levantar los p\u00e1rpados y enjuagar con agua corriente o soluci\u00f3n salina normal inmediatamente y buscar atenci\u00f3n m\u00e9dica.<\/p>\n<p>Inhalaci\u00f3n: Abandone r\u00e1pidamente el lugar de los hechos y dir\u00edjase a una zona con aire fresco. Mantener despejadas las v\u00edas respiratorias; si la respiraci\u00f3n es dif\u00edcil, administrar ox\u00edgeno; si la respiraci\u00f3n se detiene, realizar respiraci\u00f3n artificial y buscar atenci\u00f3n m\u00e9dica inmediata.<\/p>\n<p>Ingesti\u00f3n: Beber abundante agua caliente. No provocar el v\u00f3mito. Acudir r\u00e1pidamente al m\u00e9dico.<\/p>","protected":false},"excerpt":{"rendered":"<p>Sodium hypochlorite, with the chemical formula NaClO (commonly written as NaOCl in electronic notation), is a common and widely used hypochlorite compound. It is highly soluble in water. \u3010CAS\u301164-17-5\u00a0\u00a0\u00a0\u00a0Molecular formula:\u00a0NaClO \u00a0\u00a0\u00a0\u00a0\u00a0Relative molecular mass:74.44 Structural formula: &nbsp; \u4e00\uff0eProduct Property A pale yellow solution with a chlorine-like odor. 1. It is highly soluble in water to form [&hellip;]<\/p>\n","protected":false},"featured_media":5239,"template":"","meta":{"_seopress_robots_primary_cat":"","_seopress_titles_title":"","_seopress_titles_desc":"","_seopress_robots_index":"","_uag_custom_page_level_css":"","site-sidebar-layout":"default","site-content-layout":"","ast-site-content-layout":"default","site-content-style":"default","site-sidebar-style":"default","ast-global-header-display":"","ast-banner-title-visibility":"","ast-main-header-display":"","ast-hfb-above-header-display":"","ast-hfb-below-header-display":"","ast-hfb-mobile-header-display":"","site-post-title":"","ast-breadcrumbs-content":"","ast-featured-img":"","footer-sml-layout":"","theme-transparent-header-meta":"default","adv-header-id-meta":"","stick-header-meta":"default","header-above-stick-meta":"","header-main-stick-meta":"","header-below-stick-meta":"","astra-migrate-meta-layouts":"set","ast-page-background-enabled":"default","ast-page-background-meta":{"desktop":{"background-color":"","background-image":"","background-repeat":"repeat","background-position":"center center","background-size":"auto","background-attachment":"scroll","background-type":"","background-media":"","overlay-type":"","overlay-color":"","overlay-opacity":"","overlay-gradient":""},"tablet":{"background-color":"","background-image":"","background-repeat":"repeat","background-position":"center center","background-size":"auto","background-attachment":"scroll","background-type":"","background-media":"","overlay-type":"","overlay-color":"","overlay-opacity":"","overlay-gradient":""},"mobile":{"background-color":"","background-image":"","background-repeat":"repeat","background-position":"center center","background-size":"auto","background-attachment":"scroll","background-type":"","background-media":"","overlay-type":"","overlay-color":"","overlay-opacity":"","overlay-gradient":""}},"ast-content-background-meta":{"desktop":{"background-color":"var(--ast-global-color-5)","background-image":"","background-repeat":"repeat","background-position":"center center","background-size":"auto","background-attachment":"scroll","background-type":"","background-media":"","overlay-type":"","overlay-color":"","overlay-opacity":"","overlay-gradient":""},"tablet":{"background-color":"var(--ast-global-color-5)","background-image":"","background-repeat":"repeat","background-position":"center center","background-size":"auto","background-attachment":"scroll","background-type":"","background-media":"","overlay-type":"","overlay-color":"","overlay-opacity":"","overlay-gradient":""},"mobile":{"background-color":"var(--ast-global-color-5)","background-image":"","background-repeat":"repeat","background-position":"center center","background-size":"auto","background-attachment":"scroll","background-type":"","background-media":"","overlay-type":"","overlay-color":"","overlay-opacity":"","overlay-gradient":""}}},"product_brand":[],"product_cat":[67],"product_tag":[],"class_list":{"0":"post-5231","1":"product","2":"type-product","3":"status-publish","4":"has-post-thumbnail","6":"product_cat-food-additives","7":"desktop-align-left","8":"tablet-align-left","9":"mobile-align-left","10":"ast-product-gallery-layout-horizontal-slider","11":"ast-product-gallery-with-no-image","12":"ast-product-tabs-layout-horizontal","14":"first","15":"instock","16":"shipping-taxable","17":"product-type-simple"},"uagb_featured_image_src":{"full":["https:\/\/jinancuchem.com\/wp-content\/uploads\/2025\/07\/110.png",800,800,false],"thumbnail":["https:\/\/jinancuchem.com\/wp-content\/uploads\/2025\/07\/110-150x150.png",150,150,true],"medium":["https:\/\/jinancuchem.com\/wp-content\/uploads\/2025\/07\/110-300x300.png",300,300,true],"medium_large":["https:\/\/jinancuchem.com\/wp-content\/uploads\/2025\/07\/110-768x768.png",768,768,true],"large":["https:\/\/jinancuchem.com\/wp-content\/uploads\/2025\/07\/110.png",800,800,false],"1536x1536":["https:\/\/jinancuchem.com\/wp-content\/uploads\/2025\/07\/110.png",800,800,false],"2048x2048":["https:\/\/jinancuchem.com\/wp-content\/uploads\/2025\/07\/110.png",800,800,false],"trp-custom-language-flag":["https:\/\/jinancuchem.com\/wp-content\/uploads\/2025\/07\/110-12x12.png",12,12,true],"woocommerce_thumbnail":["https:\/\/jinancuchem.com\/wp-content\/uploads\/2025\/07\/110-300x300.png",300,300,true],"woocommerce_single":["https:\/\/jinancuchem.com\/wp-content\/uploads\/2025\/07\/110-500x500.png",500,500,true],"woocommerce_gallery_thumbnail":["https:\/\/jinancuchem.com\/wp-content\/uploads\/2025\/07\/110-100x100.png",100,100,true]},"uagb_author_info":{"display_name":"jinxing6611@gmail.com","author_link":"https:\/\/jinancuchem.com\/es\/author\/"},"uagb_comment_info":0,"uagb_excerpt":"Sodium hypochlorite, with the chemical formula NaClO (commonly written as NaOCl in electronic notation), is a common and widely used hypochlorite compound. It is highly soluble in water. \u3010CAS\u301164-17-5\u00a0\u00a0\u00a0\u00a0Molecular formula:\u00a0NaClO \u00a0\u00a0\u00a0\u00a0\u00a0Relative molecular mass:74.44 Structural formula: &nbsp; \u4e00\uff0eProduct Property A pale yellow solution with a chlorine-like odor. 1. It is highly soluble in water to form&hellip;","_links":{"self":[{"href":"https:\/\/jinancuchem.com\/es\/wp-json\/wp\/v2\/product\/5231","targetHints":{"allow":["GET"]}}],"collection":[{"href":"https:\/\/jinancuchem.com\/es\/wp-json\/wp\/v2\/product"}],"about":[{"href":"https:\/\/jinancuchem.com\/es\/wp-json\/wp\/v2\/types\/product"}],"wp:featuredmedia":[{"embeddable":true,"href":"https:\/\/jinancuchem.com\/es\/wp-json\/wp\/v2\/media\/5239"}],"wp:attachment":[{"href":"https:\/\/jinancuchem.com\/es\/wp-json\/wp\/v2\/media?parent=5231"}],"wp:term":[{"taxonomy":"product_brand","embeddable":true,"href":"https:\/\/jinancuchem.com\/es\/wp-json\/wp\/v2\/product_brand?post=5231"},{"taxonomy":"product_cat","embeddable":true,"href":"https:\/\/jinancuchem.com\/es\/wp-json\/wp\/v2\/product_cat?post=5231"},{"taxonomy":"product_tag","embeddable":true,"href":"https:\/\/jinancuchem.com\/es\/wp-json\/wp\/v2\/product_tag?post=5231"}],"curies":[{"name":"wp","href":"https:\/\/api.w.org\/{rel}","templated":true}]}}