{"id":5241,"date":"2025-07-25T09:14:22","date_gmt":"2025-07-25T09:14:22","guid":{"rendered":"https:\/\/jinancuchem.com\/?post_type=product&#038;p=5241"},"modified":"2025-07-25T09:14:22","modified_gmt":"2025-07-25T09:14:22","slug":"propylene-glycol","status":"publish","type":"product","link":"https:\/\/jinancuchem.com\/es\/producto\/propylene-glycol\/","title":{"rendered":"Propilenglicol"},"content":{"rendered":"<p>El 1,2-pentanodiol (PG), tambi\u00e9n conocido como alcohol monoprop\u00edlico y 1,2-dihidroxipropano, es un compuesto org\u00e1nico de mol\u00e9cula peque\u00f1a con la f\u00f3rmula qu\u00edmica C3H8O2. En condiciones normales, es un l\u00edquido incoloro, inodoro, ligeramente t\u00f3xico, viscoso y absorbente de agua, con buena estabilidad y propiedad de absorci\u00f3n de agua.<\/p>\n<p>\u3010CAS\u301157-55-6 F\u00f3rmula molecular:C3H8O2 Masa molecular relativa:76.09<\/p>\n<p>F\u00f3rmula estructural:<img alt=\"\" decoding=\"async\" class=\"alignnone size-full wp-image-5244\" src=\"https:\/\/jinancuchem.com\/wp-content\/uploads\/2025\/07\/\u56fe\u7247111.png\" width=\"127\" height=\"58\" srcset=\"https:\/\/jinancuchem.com\/wp-content\/uploads\/2025\/07\/\u56fe\u7247111.png 127w, https:\/\/jinancuchem.com\/wp-content\/uploads\/2025\/07\/\u56fe\u7247111-18x8.png 18w\" sizes=\"(max-width: 127px) 100vw, 127px\" \/><\/p>\n<p>&nbsp;<\/p>\n<h4>\u4e00\uff0ePropiedad del producto<\/h4>\n<p>El 1,2-pentanediol puede prepararse mediante m\u00e9todos como la hidrataci\u00f3n del \u00f3xido de propileno, la hidr\u00f3lisis del 1,2-dicloropropano y la oxidaci\u00f3n del propileno. Posee propiedades como lubricaci\u00f3n, hidrataci\u00f3n, penetraci\u00f3n y solubilizaci\u00f3n.<\/p>\n<p>&nbsp;<\/p>\n<h4>\u4e8c\uff0e\u00cdndice de calidad:<\/h4>\n<table>\n<tbody>\n<tr>\n<td><strong><b>Par\u00e1metro<\/b><\/strong><\/td>\n<td><strong><b>Especificaci\u00f3n<\/b><\/strong><strong><b>\u00a0(USP\/FCC\/UE)<\/b><\/strong><\/td>\n<td><strong><b>M\u00e9todo de ensayo<\/b><\/strong><\/td>\n<\/tr>\n<tr>\n<td><strong><b>Pureza (C\u2083H\u2088O\u2082)<\/b><\/strong><\/td>\n<td>\u2265 99,5% (p\/p)<\/td>\n<td>GC (USP )<\/td>\n<\/tr>\n<tr>\n<td><strong><b>Contenido en agua<\/b><\/strong><\/td>\n<td>\u2264 0,2% (p\/p)<\/td>\n<td>Karl Fischer (USP )<\/td>\n<\/tr>\n<tr>\n<td><strong><b>Peso espec\u00edfico (25\u00b0C)<\/b><\/strong><\/td>\n<td>1.035 &#8211; 1.040<\/td>\n<td>Picn\u00f3metro (USP )<\/td>\n<\/tr>\n<tr>\n<td><strong><b>\u00cdndice de refracci\u00f3n (20\u00b0C)<\/b><\/strong><\/td>\n<td>1.431 &#8211; 1.434<\/td>\n<td>Refractometr\u00eda (USP )<\/td>\n<\/tr>\n<tr>\n<td><strong><b>Acidez (como \u00e1cido ac\u00e9tico)<\/b><\/strong><\/td>\n<td>\u2264 0,005% (p\/p)<\/td>\n<td>Valoraci\u00f3n (USP )<\/td>\n<\/tr>\n<tr>\n<td><strong><b>Cloruros<\/b><\/strong><\/td>\n<td>\u2264 0,007% (p\/p)<\/td>\n<td>Prueba de nitrato de plata<\/td>\n<\/tr>\n<tr>\n<td><strong><b>Sulfatos<\/b><\/strong><\/td>\n<td>\u2264 0,006% (p\/p)<\/td>\n<td>Prueba de cloruro de bario<\/td>\n<\/tr>\n<tr>\n<td><strong><b>Metales pesados (como Pb)<\/b><\/strong><\/td>\n<td>\u2264 5 ppm<\/td>\n<td>ICP-MS (USP )<\/td>\n<\/tr>\n<tr>\n<td><strong><b>Ars\u00e9nico (As)<\/b><\/strong><\/td>\n<td>\u2264 3 ppm<\/td>\n<td>ICP-MS (USP )<\/td>\n<\/tr>\n<tr>\n<td><strong><b>Residuos en el encendido<\/b><\/strong><\/td>\n<td>\u2264 0,007% (p\/p)<\/td>\n<td>Gravimetr\u00eda (USP )<\/td>\n<\/tr>\n<tr>\n<td><strong><b>Sustancias de oxidaci\u00f3n<\/b><\/strong><\/td>\n<td>Supera la prueba (\u2264 20 ppm como H\u2082O\u2082).<\/td>\n<td>Ensayo de permanganato<\/td>\n<\/tr>\n<tr>\n<td><strong><b>L\u00edmites microbianos<\/b><\/strong><\/td>\n<td>Recuento aer\u00f3bico total \u2264 100 UFC\/g<\/td>\n<td>USP<\/td>\n<\/tr>\n<tr>\n<td><strong><b>Levaduras y moho<\/b><\/strong><\/td>\n<td>\u2264 10 UFC\/g<\/td>\n<td>USP<\/td>\n<\/tr>\n<tr>\n<td><strong><b>E. coli, Salmonella<\/b><\/strong><\/td>\n<td>Ausente en 10g<\/td>\n<td>USP<\/td>\n<\/tr>\n<\/tbody>\n<\/table>\n<p>&nbsp;<\/p>\n<h4>\u4e09\uff0e\u00c1mbito de aplicaci\u00f3n y uso<\/h4>\n<p>El propilenglicol alimentario es un l\u00edquido viscoso incoloro, transparente y no precipitante. Se utiliza ampliamente en la industria alimentaria. Seg\u00fan las normas nacionales, est\u00e1 aprobado como aditivo alimentario y se utiliza principalmente como estabilizador, emulsionante y disolvente. Es habitual encontrarlo en productos como el pan y la nata. El propilenglicol tiene buenas propiedades higrosc\u00f3picas y anticongelantes, que pueden mantener la humedad y la frescura de los alimentos. Adem\u00e1s, tambi\u00e9n puede utilizarse en la elaboraci\u00f3n de cerveza y la extracci\u00f3n de sustancias arom\u00e1ticas.<\/p>\n<p>&nbsp;<\/p>\n<h4>\u56db\uff0eEmbalaje y almacenamiento<\/h4>\n<p>El producto se envasa en bidones de pl\u00e1stico, con una especificaci\u00f3n de 215 kg por bid\u00f3n, o de acuerdo con las especificaciones de envasado solicitadas por el cliente.<\/p>\n<p>Es extremadamente estable a temperatura ambiente, pero se oxida cuando se expone a altas temperaturas (superiores a 280\u2103); cuando se mezcla con etanol 95% o agua, tiene estabilidad qu\u00edmica; se puede esterilizar por prensado t\u00e9rmico o esterilizaci\u00f3n por filtraci\u00f3n. El propilenglicol es higrosc\u00f3pico y debe almacenarse en un lugar fresco y seco, en un recipiente a prueba de luz y sellado.<\/p>\n<p>&nbsp;<\/p>\n<h4>Protecci\u00f3n de seguridad:<\/h4>\n<p>Medidas de seguridad operativas: Evite la inhalaci\u00f3n o el contacto con este producto. S\u00f3lo puede utilizarse en una zona con buena circulaci\u00f3n de aire. Despu\u00e9s de manipularlo o utilizarlo, l\u00edmpielo a fondo con agua.<\/p>","protected":false},"excerpt":{"rendered":"<p>1,2-Pentanediol (PG), also known as monopropyl alcohol and 1,2-dihydroxypropane, is a small molecule organic compound with the chemical formula C3H8O2. Under normal conditions, it is a colorless, odorless, slightly toxic, viscous and water-absorbing liquid with good stability and water-absorbing property. \u3010CAS\u301157-55-6\u00a0\u00a0\u00a0\u00a0\u00a0\u00a0\u00a0\u00a0\u00a0Molecular formula:C3H8O2\u00a0\u00a0\u00a0\u00a0\u00a0\u00a0\u00a0\u00a0\u00a0Relative molecular mass:76.09 Structural formula: &nbsp; \u4e00\uff0eProduct Property 1,2-Pentanediol can be prepared through methods [&hellip;]<\/p>\n","protected":false},"featured_media":5245,"template":"","meta":{"_seopress_robots_primary_cat":"none","_seopress_titles_title":"","_seopress_titles_desc":"","_seopress_robots_index":"","_uag_custom_page_level_css":"","site-sidebar-layout":"default","site-content-layout":"","ast-site-content-layout":"default","site-content-style":"default","site-sidebar-style":"default","ast-global-header-display":"","ast-banner-title-visibility":"","ast-main-header-display":"","ast-hfb-above-header-display":"","ast-hfb-below-header-display":"","ast-hfb-mobile-header-display":"","site-post-title":"","ast-breadcrumbs-content":"","ast-featured-img":"","footer-sml-layout":"","theme-transparent-header-meta":"default","adv-header-id-meta":"","stick-header-meta":"default","header-above-stick-meta":"","header-main-stick-meta":"","header-below-stick-meta":"","astra-migrate-meta-layouts":"set","ast-page-background-enabled":"default","ast-page-background-meta":{"desktop":{"background-color":"","background-image":"","background-repeat":"repeat","background-position":"center center","background-size":"auto","background-attachment":"scroll","background-type":"","background-media":"","overlay-type":"","overlay-color":"","overlay-opacity":"","overlay-gradient":""},"tablet":{"background-color":"","background-image":"","background-repeat":"repeat","background-position":"center center","background-size":"auto","background-attachment":"scroll","background-type":"","background-media":"","overlay-type":"","overlay-color":"","overlay-opacity":"","overlay-gradient":""},"mobile":{"background-color":"","background-image":"","background-repeat":"repeat","background-position":"center center","background-size":"auto","background-attachment":"scroll","background-type":"","background-media":"","overlay-type":"","overlay-color":"","overlay-opacity":"","overlay-gradient":""}},"ast-content-background-meta":{"desktop":{"background-color":"var(--ast-global-color-5)","background-image":"","background-repeat":"repeat","background-position":"center center","background-size":"auto","background-attachment":"scroll","background-type":"","background-media":"","overlay-type":"","overlay-color":"","overlay-opacity":"","overlay-gradient":""},"tablet":{"background-color":"var(--ast-global-color-5)","background-image":"","background-repeat":"repeat","background-position":"center center","background-size":"auto","background-attachment":"scroll","background-type":"","background-media":"","overlay-type":"","overlay-color":"","overlay-opacity":"","overlay-gradient":""},"mobile":{"background-color":"var(--ast-global-color-5)","background-image":"","background-repeat":"repeat","background-position":"center center","background-size":"auto","background-attachment":"scroll","background-type":"","background-media":"","overlay-type":"","overlay-color":"","overlay-opacity":"","overlay-gradient":""}}},"product_brand":[],"product_cat":[67],"product_tag":[],"class_list":{"0":"post-5241","1":"product","2":"type-product","3":"status-publish","4":"has-post-thumbnail","6":"product_cat-food-additives","7":"desktop-align-left","8":"tablet-align-left","9":"mobile-align-left","10":"ast-product-gallery-layout-horizontal-slider","11":"ast-product-gallery-with-no-image","12":"ast-product-tabs-layout-horizontal","14":"first","15":"instock","16":"shipping-taxable","17":"product-type-simple"},"uagb_featured_image_src":{"full":["https:\/\/jinancuchem.com\/wp-content\/uploads\/2025\/07\/111.png",800,800,false],"thumbnail":["https:\/\/jinancuchem.com\/wp-content\/uploads\/2025\/07\/111-150x150.png",150,150,true],"medium":["https:\/\/jinancuchem.com\/wp-content\/uploads\/2025\/07\/111-300x300.png",300,300,true],"medium_large":["https:\/\/jinancuchem.com\/wp-content\/uploads\/2025\/07\/111-768x768.png",768,768,true],"large":["https:\/\/jinancuchem.com\/wp-content\/uploads\/2025\/07\/111.png",800,800,false],"1536x1536":["https:\/\/jinancuchem.com\/wp-content\/uploads\/2025\/07\/111.png",800,800,false],"2048x2048":["https:\/\/jinancuchem.com\/wp-content\/uploads\/2025\/07\/111.png",800,800,false],"trp-custom-language-flag":["https:\/\/jinancuchem.com\/wp-content\/uploads\/2025\/07\/111-12x12.png",12,12,true],"woocommerce_thumbnail":["https:\/\/jinancuchem.com\/wp-content\/uploads\/2025\/07\/111-300x300.png",300,300,true],"woocommerce_single":["https:\/\/jinancuchem.com\/wp-content\/uploads\/2025\/07\/111-500x500.png",500,500,true],"woocommerce_gallery_thumbnail":["https:\/\/jinancuchem.com\/wp-content\/uploads\/2025\/07\/111-100x100.png",100,100,true]},"uagb_author_info":{"display_name":"jinxing6611@gmail.com","author_link":"https:\/\/jinancuchem.com\/es\/author\/"},"uagb_comment_info":0,"uagb_excerpt":"1,2-Pentanediol (PG), also known as monopropyl alcohol and 1,2-dihydroxypropane, is a small molecule organic compound with the chemical formula C3H8O2. Under normal conditions, it is a colorless, odorless, slightly toxic, viscous and water-absorbing liquid with good stability and water-absorbing property. \u3010CAS\u301157-55-6\u00a0\u00a0\u00a0\u00a0\u00a0\u00a0\u00a0\u00a0\u00a0Molecular formula:C3H8O2\u00a0\u00a0\u00a0\u00a0\u00a0\u00a0\u00a0\u00a0\u00a0Relative molecular mass:76.09 Structural formula: &nbsp; \u4e00\uff0eProduct Property 1,2-Pentanediol can be prepared through methods&hellip;","_links":{"self":[{"href":"https:\/\/jinancuchem.com\/es\/wp-json\/wp\/v2\/product\/5241","targetHints":{"allow":["GET"]}}],"collection":[{"href":"https:\/\/jinancuchem.com\/es\/wp-json\/wp\/v2\/product"}],"about":[{"href":"https:\/\/jinancuchem.com\/es\/wp-json\/wp\/v2\/types\/product"}],"wp:featuredmedia":[{"embeddable":true,"href":"https:\/\/jinancuchem.com\/es\/wp-json\/wp\/v2\/media\/5245"}],"wp:attachment":[{"href":"https:\/\/jinancuchem.com\/es\/wp-json\/wp\/v2\/media?parent=5241"}],"wp:term":[{"taxonomy":"product_brand","embeddable":true,"href":"https:\/\/jinancuchem.com\/es\/wp-json\/wp\/v2\/product_brand?post=5241"},{"taxonomy":"product_cat","embeddable":true,"href":"https:\/\/jinancuchem.com\/es\/wp-json\/wp\/v2\/product_cat?post=5241"},{"taxonomy":"product_tag","embeddable":true,"href":"https:\/\/jinancuchem.com\/es\/wp-json\/wp\/v2\/product_tag?post=5241"}],"curies":[{"name":"wp","href":"https:\/\/api.w.org\/{rel}","templated":true}]}}