{"id":5260,"date":"2025-07-25T09:20:42","date_gmt":"2025-07-25T09:20:42","guid":{"rendered":"https:\/\/jinancuchem.com\/?post_type=product&#038;p=5260"},"modified":"2025-07-25T09:20:42","modified_gmt":"2025-07-25T09:20:42","slug":"silicon-dioxide","status":"publish","type":"product","link":"https:\/\/jinancuchem.com\/es\/producto\/silicon-dioxide\/","title":{"rendered":"Di\u00f3xido de silicio"},"content":{"rendered":"<p>El di\u00f3xido de silicio es un compuesto inorg\u00e1nico cuya f\u00f3rmula qu\u00edmica es SiO2. En el di\u00f3xido de silicio cristalino, los \u00e1tomos de silicio y los \u00e1tomos de ox\u00edgeno est\u00e1n dispuestos de forma ordenada de largo alcance, mientras que en el di\u00f3xido de silicio amorfo, la disposici\u00f3n es ordenada de corto alcance o desordenada de largo alcance.<\/p>\n<p>\u3010CAS\u301114808-60-7 F\u00f3rmula molecular:SiO\u2082 Masa molecular relativa:60.084<\/p>\n<p>F\u00f3rmula estructural:<img alt=\"\" decoding=\"async\" class=\"alignnone size-medium wp-image-5268\" src=\"https:\/\/jinancuchem.com\/wp-content\/uploads\/2025\/07\/\u56fe\u7247113-300x148.png\" width=\"300\" height=\"148\" srcset=\"https:\/\/jinancuchem.com\/wp-content\/uploads\/2025\/07\/\u56fe\u7247113-300x148.png 300w, https:\/\/jinancuchem.com\/wp-content\/uploads\/2025\/07\/\u56fe\u7247113-18x9.png 18w, https:\/\/jinancuchem.com\/wp-content\/uploads\/2025\/07\/\u56fe\u7247113.png 306w\" sizes=\"(max-width: 300px) 100vw, 300px\" \/><\/p>\n<p>&nbsp;<\/p>\n<h4>\u4e00\uff0ePropiedad del producto<\/h4>\n<p>La s\u00edlice de calidad alimentaria es un polvo o part\u00edcula blanca fina con una pureza que suele superar 99%, y tiene una estructura amorfa (no cristalina), lo que garantiza su seguridad. La s\u00edlice es insoluble en agua y disolventes org\u00e1nicos y tiene un punto de fusi\u00f3n elevado (alrededor de 1600\u00b0C), lo que la hace adecuada para procesar alimentos a alta temperatura. Seg\u00fan el tipo (m\u00e9todo en fase gaseosa, m\u00e9todo de precipitaci\u00f3n o m\u00e9todo de gelificaci\u00f3n), su superficie espec\u00edfica oscila entre 50 y 400 m\u00b2\/g, y el valor de pH de una suspensi\u00f3n 5% se sit\u00faa entre 3,5 y 7,5. Debido a su alta capacidad de adsorci\u00f3n y baja densidad (0,1 - 0,3 g\/cm\u00b3), se utiliza a menudo como agente antiaglomerante, portador o estabilizador.<\/p>\n<p>&nbsp;<\/p>\n<h4>\u4e8c\uff0e\u00cdndice de calidad:<\/h4>\n<table>\n<tbody>\n<tr>\n<td><strong><b>Par\u00e1metro<\/b><\/strong><\/td>\n<td><strong><b>GB 25576-2010 Requisito<\/b><\/strong><\/td>\n<\/tr>\n<tr>\n<td><strong><b>Apariencia<\/b><\/strong><\/td>\n<td>Polvo blanco amorfo<\/td>\n<\/tr>\n<tr>\n<td><strong><b>Pureza (contenido de SiO\u2082)<\/b><\/strong><\/td>\n<td>\u226599.0%<\/td>\n<\/tr>\n<tr>\n<td><strong><b>P\u00e9rdida por desecaci\u00f3n (105\u00b0C)<\/b><\/strong><\/td>\n<td>\u22645.0%<\/td>\n<\/tr>\n<tr>\n<td><strong><b>P\u00e9rdida por ignici\u00f3n (1000\u00b0C)<\/b><\/strong><\/td>\n<td>\u22648.5%<\/td>\n<\/tr>\n<tr>\n<td><strong><b>Solubles de agua<\/b><\/strong><\/td>\n<td>\u22645.0%<\/td>\n<\/tr>\n<tr>\n<td><strong><b>pH (suspensi\u00f3n 5%)<\/b><\/strong><\/td>\n<td>3.5-7.5<\/td>\n<\/tr>\n<tr>\n<td><strong><b>Ars\u00e9nico (As)<\/b><\/strong><\/td>\n<td>\u22643 mg\/kg<\/td>\n<\/tr>\n<tr>\n<td><strong><b>Plomo (Pb)<\/b><\/strong><\/td>\n<td>\u22643 mg\/kg<\/td>\n<\/tr>\n<tr>\n<td><strong><b>Metales pesados (como Pb)<\/b><\/strong><\/td>\n<td>\u226410 mg\/kg<\/td>\n<\/tr>\n<tr>\n<td><strong><b>Mercurio (Hg)<\/b><\/strong><\/td>\n<td>\u22641 mg\/kg<\/td>\n<\/tr>\n<tr>\n<td><strong><b>Cadmio (Cd)<\/b><\/strong><\/td>\n<td>\u22641 mg\/kg<\/td>\n<\/tr>\n<tr>\n<td><strong><b>Fluoruro (F)<\/b><\/strong><\/td>\n<td>\u226410 mg\/kg<\/td>\n<\/tr>\n<tr>\n<td><strong><b>Luz de malla (opcional)<\/b><\/strong><\/td>\n<td>A medida (por ejemplo, 5-50 \u03bcm)<\/td>\n<\/tr>\n<\/tbody>\n<\/table>\n<p>&nbsp;<\/p>\n<h4>\u4e09\uff0e\u00c1mbito de aplicaci\u00f3n y uso<\/h4>\n<p>El LH-101 tiene un alto valor de absorci\u00f3n de aceite, buena estabilidad en seco, baja cantidad de adici\u00f3n y es adecuado para su uso en condimentos compuestos en polvo con alto contenido de aceite.<\/p>\n<p>El LH-102 es adecuado para su uso en productos como condimentos para pollo, caf\u00e9 y polvos aromatizantes que contienen aceites y est\u00e1n compuestos por varios ingredientes.<\/p>\n<p>El LH-104 es adecuado para su uso en bebidas s\u00f3lidas, t\u00e9s de leche perlada, emulsiones de grasas vegetales, etc., y tiene buenas propiedades de dispersi\u00f3n.<\/p>\n<p>Agente antisedimentante de tipo l\u00edquido LH-105, adecuado para aromatizantes salados con baja velocidad de agitaci\u00f3n. Es f\u00e1cil de dispersar, produce poco polvo y no tiene manchas blancas.<\/p>\n<p>La LH-106 tiene buen sabor y es adecuada para bebidas saludables en polvo.<\/p>\n<p>El LH-267 es adecuado para condimentos compuestos oleosos, con fuerte absorci\u00f3n de aceite y buena fluidez (como alternativa al Lin'an Dongtai DT 267 de Evonik Taiw\u00e1n);<\/p>\n<p>LH-280 es una s\u00edlice nanom\u00e9trica de gran pureza y buena fluidez. El contenido de s\u00edlice es \u2265 99,3%, por lo que es adecuado para a\u00f1adir a cosm\u00e9ticos y polvos farmac\u00e9uticos.<\/p>\n<p>El LH-280S se utiliza como antiespumante para condimentos l\u00edquidos a base de salsa o bebidas.<\/p>\n<p>LH-380 (antioxidante incoloro) se utiliza como portador. Tiene una gran capacidad de absorci\u00f3n de aceite con una dosificaci\u00f3n baja, buena estabilidad y no cambia de color (sustituye al Rodia T38 franc\u00e9s);<\/p>\n<p>&nbsp;<\/p>\n<h4>\u56db\uff0eEmbalaje y almacenamiento<\/h4>\n<p>Envasado en bolsas de pl\u00e1stico, 10 kg por bolsa<\/p>\n<p>La s\u00edlice alimentaria debe almacenarse en un ambiente fresco y seco, con una temperatura controlada entre 15 y 25\u00b0C y una humedad relativa inferior a 50%. Esto se hace para evitar la absorci\u00f3n de humedad y la formaci\u00f3n de grumos. El envasado debe realizarse en bolsas o recipientes sellados de polietileno de alta densidad (HDPE) para garantizar la impermeabilidad a la humedad. El \u00e1rea de almacenamiento debe mantener una buena ventilaci\u00f3n y evitar el contacto con \u00e1lcalis fuertes (como hidr\u00f3xido de sodio) o fluoruros. En condiciones de almacenamiento correctas, la vida \u00fatil de la s\u00edlice es casi ilimitada, pero debe comprobarse peri\u00f3dicamente la integridad del envase.<\/p>\n<p>&nbsp;<\/p>\n<h4>Protecci\u00f3n de seguridad:<\/h4>\n<p>El di\u00f3xido de silicio tiene una toxicidad relativamente baja, pero a\u00fan as\u00ed requiere una protecci\u00f3n adecuada. La inhalaci\u00f3n de su polvo puede causar una leve irritaci\u00f3n de las v\u00edas respiratorias. Por lo tanto, se recomienda llevar una mascarilla N95 al manipular el polvo y trabajar en un entorno bien ventilado. El contacto con los ojos puede causar irritaci\u00f3n mec\u00e1nica y es necesario enjuagarlos inmediatamente con agua limpia durante 15 minutos. El contacto con la piel no suele causar irritaci\u00f3n, pero la exposici\u00f3n prolongada puede provocar sequedad cut\u00e1nea. Se recomienda utilizar guantes de nitrilo y batas de laboratorio. El consumo accidental de una peque\u00f1a cantidad de di\u00f3xido de silicio suele ser inofensivo, pero es necesario enjuagarse la boca y beber agua para diluirlo.<\/p>","protected":false},"excerpt":{"rendered":"<p>Silicon dioxide is an inorganic compound with the chemical formula SiO2. In crystalline silicon dioxide, silicon atoms and oxygen atoms are arranged in a long-range ordered manner, while in amorphous silicon dioxide, the arrangement is either short-range ordered or long-range disordered. \u3010CAS\u301114808-60-7\u00a0\u00a0\u00a0\u00a0\u00a0Molecular formula:SiO\u2082\u00a0\u00a0\u00a0\u00a0Relative molecular mass:60.084 Structural formula: &nbsp; \u4e00\uff0eProduct Property Food-grade silica is a fine [&hellip;]<\/p>\n","protected":false},"featured_media":5269,"template":"","meta":{"_seopress_robots_primary_cat":"","_seopress_titles_title":"","_seopress_titles_desc":"","_seopress_robots_index":"","_uag_custom_page_level_css":"","site-sidebar-layout":"default","site-content-layout":"","ast-site-content-layout":"default","site-content-style":"default","site-sidebar-style":"default","ast-global-header-display":"","ast-banner-title-visibility":"","ast-main-header-display":"","ast-hfb-above-header-display":"","ast-hfb-below-header-display":"","ast-hfb-mobile-header-display":"","site-post-title":"","ast-breadcrumbs-content":"","ast-featured-img":"","footer-sml-layout":"","theme-transparent-header-meta":"default","adv-header-id-meta":"","stick-header-meta":"default","header-above-stick-meta":"","header-main-stick-meta":"","header-below-stick-meta":"","astra-migrate-meta-layouts":"set","ast-page-background-enabled":"default","ast-page-background-meta":{"desktop":{"background-color":"","background-image":"","background-repeat":"repeat","background-position":"center center","background-size":"auto","background-attachment":"scroll","background-type":"","background-media":"","overlay-type":"","overlay-color":"","overlay-opacity":"","overlay-gradient":""},"tablet":{"background-color":"","background-image":"","background-repeat":"repeat","background-position":"center center","background-size":"auto","background-attachment":"scroll","background-type":"","background-media":"","overlay-type":"","overlay-color":"","overlay-opacity":"","overlay-gradient":""},"mobile":{"background-color":"","background-image":"","background-repeat":"repeat","background-position":"center center","background-size":"auto","background-attachment":"scroll","background-type":"","background-media":"","overlay-type":"","overlay-color":"","overlay-opacity":"","overlay-gradient":""}},"ast-content-background-meta":{"desktop":{"background-color":"var(--ast-global-color-5)","background-image":"","background-repeat":"repeat","background-position":"center center","background-size":"auto","background-attachment":"scroll","background-type":"","background-media":"","overlay-type":"","overlay-color":"","overlay-opacity":"","overlay-gradient":""},"tablet":{"background-color":"var(--ast-global-color-5)","background-image":"","background-repeat":"repeat","background-position":"center center","background-size":"auto","background-attachment":"scroll","background-type":"","background-media":"","overlay-type":"","overlay-color":"","overlay-opacity":"","overlay-gradient":""},"mobile":{"background-color":"var(--ast-global-color-5)","background-image":"","background-repeat":"repeat","background-position":"center center","background-size":"auto","background-attachment":"scroll","background-type":"","background-media":"","overlay-type":"","overlay-color":"","overlay-opacity":"","overlay-gradient":""}}},"product_brand":[],"product_cat":[67],"product_tag":[],"class_list":{"0":"post-5260","1":"product","2":"type-product","3":"status-publish","4":"has-post-thumbnail","6":"product_cat-food-additives","7":"desktop-align-left","8":"tablet-align-left","9":"mobile-align-left","10":"ast-product-gallery-layout-horizontal-slider","11":"ast-product-gallery-with-no-image","12":"ast-product-tabs-layout-horizontal","14":"first","15":"instock","16":"shipping-taxable","17":"product-type-simple"},"uagb_featured_image_src":{"full":["https:\/\/jinancuchem.com\/wp-content\/uploads\/2025\/07\/113.png",800,800,false],"thumbnail":["https:\/\/jinancuchem.com\/wp-content\/uploads\/2025\/07\/113-150x150.png",150,150,true],"medium":["https:\/\/jinancuchem.com\/wp-content\/uploads\/2025\/07\/113-300x300.png",300,300,true],"medium_large":["https:\/\/jinancuchem.com\/wp-content\/uploads\/2025\/07\/113-768x768.png",768,768,true],"large":["https:\/\/jinancuchem.com\/wp-content\/uploads\/2025\/07\/113.png",800,800,false],"1536x1536":["https:\/\/jinancuchem.com\/wp-content\/uploads\/2025\/07\/113.png",800,800,false],"2048x2048":["https:\/\/jinancuchem.com\/wp-content\/uploads\/2025\/07\/113.png",800,800,false],"trp-custom-language-flag":["https:\/\/jinancuchem.com\/wp-content\/uploads\/2025\/07\/113-12x12.png",12,12,true],"woocommerce_thumbnail":["https:\/\/jinancuchem.com\/wp-content\/uploads\/2025\/07\/113-300x300.png",300,300,true],"woocommerce_single":["https:\/\/jinancuchem.com\/wp-content\/uploads\/2025\/07\/113-500x500.png",500,500,true],"woocommerce_gallery_thumbnail":["https:\/\/jinancuchem.com\/wp-content\/uploads\/2025\/07\/113-100x100.png",100,100,true]},"uagb_author_info":{"display_name":"jinxing6611@gmail.com","author_link":"https:\/\/jinancuchem.com\/es\/author\/"},"uagb_comment_info":0,"uagb_excerpt":"Silicon dioxide is an inorganic compound with the chemical formula SiO2. In crystalline silicon dioxide, silicon atoms and oxygen atoms are arranged in a long-range ordered manner, while in amorphous silicon dioxide, the arrangement is either short-range ordered or long-range disordered. \u3010CAS\u301114808-60-7\u00a0\u00a0\u00a0\u00a0\u00a0Molecular formula:SiO\u2082\u00a0\u00a0\u00a0\u00a0Relative molecular mass:60.084 Structural formula: &nbsp; \u4e00\uff0eProduct Property Food-grade silica is a fine&hellip;","_links":{"self":[{"href":"https:\/\/jinancuchem.com\/es\/wp-json\/wp\/v2\/product\/5260","targetHints":{"allow":["GET"]}}],"collection":[{"href":"https:\/\/jinancuchem.com\/es\/wp-json\/wp\/v2\/product"}],"about":[{"href":"https:\/\/jinancuchem.com\/es\/wp-json\/wp\/v2\/types\/product"}],"wp:featuredmedia":[{"embeddable":true,"href":"https:\/\/jinancuchem.com\/es\/wp-json\/wp\/v2\/media\/5269"}],"wp:attachment":[{"href":"https:\/\/jinancuchem.com\/es\/wp-json\/wp\/v2\/media?parent=5260"}],"wp:term":[{"taxonomy":"product_brand","embeddable":true,"href":"https:\/\/jinancuchem.com\/es\/wp-json\/wp\/v2\/product_brand?post=5260"},{"taxonomy":"product_cat","embeddable":true,"href":"https:\/\/jinancuchem.com\/es\/wp-json\/wp\/v2\/product_cat?post=5260"},{"taxonomy":"product_tag","embeddable":true,"href":"https:\/\/jinancuchem.com\/es\/wp-json\/wp\/v2\/product_tag?post=5260"}],"curies":[{"name":"wp","href":"https:\/\/api.w.org\/{rel}","templated":true}]}}