{"id":5296,"date":"2025-07-25T09:29:42","date_gmt":"2025-07-25T09:29:42","guid":{"rendered":"https:\/\/jinancuchem.com\/?post_type=product&#038;p=5296"},"modified":"2025-07-25T09:29:42","modified_gmt":"2025-07-25T09:29:42","slug":"e-1310sa","status":"publish","type":"product","link":"https:\/\/jinancuchem.com\/es\/producto\/e-1310sa\/","title":{"rendered":"E-1310SA"},"content":{"rendered":"<p>Alias: Etoxilato sulfonato de alcohol isotridec\u00edlico de amonio<\/p>\n<h3>1.Propiedad del producto<\/h3>\n<p>&nbsp;<\/p>\n<p>El E-1310SA es un l\u00edquido transparente de color amarillo p\u00e1lido con un suave olor a etanol. Presenta un excelente poder humectante, dispersante y emulsionante, baja formaci\u00f3n de espuma, buena tolerancia a los electrolitos y excelente estabilidad en medios neutros a ligeramente alcalinos.<\/p>\n<h3>2.Norma t\u00e9cnica<\/h3>\n<p>&nbsp;<\/p>\n<table>\n<tbody>\n<tr>\n<td><strong><b>Art\u00edculo<\/b><\/strong><\/td>\n<td><strong><b>Especificaci\u00f3n<\/b><\/strong><\/td>\n<\/tr>\n<tr>\n<td>Apariencia<\/td>\n<td>L\u00edquido transparente amarillo p\u00e1lido<\/td>\n<\/tr>\n<tr>\n<td>pH (1 % aq.)<\/td>\n<td>6.5 - 7.5<\/td>\n<\/tr>\n<tr>\n<td>Humedad \/ %<\/td>\n<td>20 - 50<\/td>\n<\/tr>\n<tr>\n<td>Contenido no vol\u00e1til \/ %<\/td>\n<td>65 - 70<\/td>\n<\/tr>\n<tr>\n<td>Color (Hazen)<\/td>\n<td>\u2264 500<\/td>\n<\/tr>\n<tr>\n<td>Peso espec\u00edfico (25 \u00b0C)<\/td>\n<td>1.065 \u00b1 0.010<\/td>\n<\/tr>\n<\/tbody>\n<\/table>\n<p>&nbsp;<\/p>\n<h3>3.\u00c1mbito de aplicaci\u00f3n y uso<\/h3>\n<p>&nbsp;<\/p>\n<p>E-1310SA Como emulsionante y estabilizador multifuncional, la polimerizaci\u00f3n en emulsi\u00f3n puede aplicarse ampliamente en la polimerizaci\u00f3n en emulsi\u00f3n de acetato de vinilo, \u00e1cido acr\u00edlico, estireno y estireno\/butadieno con diversos mon\u00f3meros. Se utiliza ampliamente en el lavado dom\u00e9stico e industrial, cuero, textil, desengrase de metales, industrias de pesticidas, y es particularmente adecuado para la s\u00edntesis de resinas. En la polimerizaci\u00f3n en emulsi\u00f3n, se puede utilizar como emulsionante y estabilizador, controlando eficazmente el tama\u00f1o de las part\u00edculas de l\u00e1tex, y se utiliza para sistemas de acetato de vinilo, cloruro de vinilo, acrilato, estireno y \u00e1cido estireno-acr\u00edlico para cumplir los requisitos de los pol\u00edmeros en cuanto a resistencia al agua, resistencia a \u00e1cidos y \u00e1lcalis, y resistencia a la abrasi\u00f3n.<\/p>\n<h4>4.Embalaje y almacenamiento<\/h4>\n<p>&nbsp;<\/p>\n<p>El producto se suministra en bidones de HDPE de 50 kg y 200 kg de cabeza apretada, paletizados para un transporte seguro. Almacenar en un lugar fresco, seco y bien ventilado, alejado de la luz solar directa, fuentes de calor y oxidantes fuertes. Mantener los recipientes bien cerrados para evitar la absorci\u00f3n de humedad y la contaminaci\u00f3n. Manipular como un producto qu\u00edmico no peligroso; la vida \u00fatil es de 12 meses en las condiciones recomendadas.<\/p>","protected":false},"excerpt":{"rendered":"<p>Alias: Ammonium isotridecyl alcohol ethoxylate sulfonate 1.Product Property &nbsp; E-1310SA is a pale-yellow transparent liquid with a mild ethanol odor. It shows excellent wetting, dispersing and emulsifying power, low foaming, good electrolyte tolerance, and outstanding stability in neutral to slightly alkaline media. 2.Technical Norm &nbsp; Item Specification Appearance Pale yellow transparent liquid pH (1 % [&hellip;]<\/p>\n","protected":false},"featured_media":5300,"template":"","meta":{"_seopress_robots_primary_cat":"","_seopress_titles_title":"","_seopress_titles_desc":"","_seopress_robots_index":"","_uag_custom_page_level_css":"","site-sidebar-layout":"default","site-content-layout":"","ast-site-content-layout":"default","site-content-style":"default","site-sidebar-style":"default","ast-global-header-display":"","ast-banner-title-visibility":"","ast-main-header-display":"","ast-hfb-above-header-display":"","ast-hfb-below-header-display":"","ast-hfb-mobile-header-display":"","site-post-title":"","ast-breadcrumbs-content":"","ast-featured-img":"","footer-sml-layout":"","theme-transparent-header-meta":"default","adv-header-id-meta":"","stick-header-meta":"default","header-above-stick-meta":"","header-main-stick-meta":"","header-below-stick-meta":"","astra-migrate-meta-layouts":"set","ast-page-background-enabled":"default","ast-page-background-meta":{"desktop":{"background-color":"","background-image":"","background-repeat":"repeat","background-position":"center center","background-size":"auto","background-attachment":"scroll","background-type":"","background-media":"","overlay-type":"","overlay-color":"","overlay-opacity":"","overlay-gradient":""},"tablet":{"background-color":"","background-image":"","background-repeat":"repeat","background-position":"center center","background-size":"auto","background-attachment":"scroll","background-type":"","background-media":"","overlay-type":"","overlay-color":"","overlay-opacity":"","overlay-gradient":""},"mobile":{"background-color":"","background-image":"","background-repeat":"repeat","background-position":"center center","background-size":"auto","background-attachment":"scroll","background-type":"","background-media":"","overlay-type":"","overlay-color":"","overlay-opacity":"","overlay-gradient":""}},"ast-content-background-meta":{"desktop":{"background-color":"var(--ast-global-color-5)","background-image":"","background-repeat":"repeat","background-position":"center center","background-size":"auto","background-attachment":"scroll","background-type":"","background-media":"","overlay-type":"","overlay-color":"","overlay-opacity":"","overlay-gradient":""},"tablet":{"background-color":"var(--ast-global-color-5)","background-image":"","background-repeat":"repeat","background-position":"center center","background-size":"auto","background-attachment":"scroll","background-type":"","background-media":"","overlay-type":"","overlay-color":"","overlay-opacity":"","overlay-gradient":""},"mobile":{"background-color":"var(--ast-global-color-5)","background-image":"","background-repeat":"repeat","background-position":"center center","background-size":"auto","background-attachment":"scroll","background-type":"","background-media":"","overlay-type":"","overlay-color":"","overlay-opacity":"","overlay-gradient":""}}},"product_brand":[],"product_cat":[69],"product_tag":[],"class_list":{"0":"post-5296","1":"product","2":"type-product","3":"status-publish","4":"has-post-thumbnail","6":"product_cat-daily-chemical-product","7":"desktop-align-left","8":"tablet-align-left","9":"mobile-align-left","10":"ast-product-gallery-layout-horizontal-slider","11":"ast-product-gallery-with-no-image","12":"ast-product-tabs-layout-horizontal","14":"first","15":"instock","16":"shipping-taxable","17":"product-type-simple"},"uagb_featured_image_src":{"full":["https:\/\/jinancuchem.com\/wp-content\/uploads\/2025\/07\/\u672a\u6807\u9898-2-24.jpg",400,400,false],"thumbnail":["https:\/\/jinancuchem.com\/wp-content\/uploads\/2025\/07\/\u672a\u6807\u9898-2-24-150x150.jpg",150,150,true],"medium":["https:\/\/jinancuchem.com\/wp-content\/uploads\/2025\/07\/\u672a\u6807\u9898-2-24-300x300.jpg",300,300,true],"medium_large":["https:\/\/jinancuchem.com\/wp-content\/uploads\/2025\/07\/\u672a\u6807\u9898-2-24.jpg",400,400,false],"large":["https:\/\/jinancuchem.com\/wp-content\/uploads\/2025\/07\/\u672a\u6807\u9898-2-24.jpg",400,400,false],"1536x1536":["https:\/\/jinancuchem.com\/wp-content\/uploads\/2025\/07\/\u672a\u6807\u9898-2-24.jpg",400,400,false],"2048x2048":["https:\/\/jinancuchem.com\/wp-content\/uploads\/2025\/07\/\u672a\u6807\u9898-2-24.jpg",400,400,false],"trp-custom-language-flag":["https:\/\/jinancuchem.com\/wp-content\/uploads\/2025\/07\/\u672a\u6807\u9898-2-24-12x12.jpg",12,12,true],"woocommerce_thumbnail":["https:\/\/jinancuchem.com\/wp-content\/uploads\/2025\/07\/\u672a\u6807\u9898-2-24-300x300.jpg",300,300,true],"woocommerce_single":["https:\/\/jinancuchem.com\/wp-content\/uploads\/2025\/07\/\u672a\u6807\u9898-2-24.jpg",400,400,false],"woocommerce_gallery_thumbnail":["https:\/\/jinancuchem.com\/wp-content\/uploads\/2025\/07\/\u672a\u6807\u9898-2-24-100x100.jpg",100,100,true]},"uagb_author_info":{"display_name":"jinxing6611@gmail.com","author_link":"https:\/\/jinancuchem.com\/es\/author\/"},"uagb_comment_info":0,"uagb_excerpt":"Alias: Ammonium isotridecyl alcohol ethoxylate sulfonate 1.Product Property &nbsp; E-1310SA is a pale-yellow transparent liquid with a mild ethanol odor. It shows excellent wetting, dispersing and emulsifying power, low foaming, good electrolyte tolerance, and outstanding stability in neutral to slightly alkaline media. 2.Technical Norm &nbsp; Item Specification Appearance Pale yellow transparent liquid pH (1 %&hellip;","_links":{"self":[{"href":"https:\/\/jinancuchem.com\/es\/wp-json\/wp\/v2\/product\/5296","targetHints":{"allow":["GET"]}}],"collection":[{"href":"https:\/\/jinancuchem.com\/es\/wp-json\/wp\/v2\/product"}],"about":[{"href":"https:\/\/jinancuchem.com\/es\/wp-json\/wp\/v2\/types\/product"}],"wp:featuredmedia":[{"embeddable":true,"href":"https:\/\/jinancuchem.com\/es\/wp-json\/wp\/v2\/media\/5300"}],"wp:attachment":[{"href":"https:\/\/jinancuchem.com\/es\/wp-json\/wp\/v2\/media?parent=5296"}],"wp:term":[{"taxonomy":"product_brand","embeddable":true,"href":"https:\/\/jinancuchem.com\/es\/wp-json\/wp\/v2\/product_brand?post=5296"},{"taxonomy":"product_cat","embeddable":true,"href":"https:\/\/jinancuchem.com\/es\/wp-json\/wp\/v2\/product_cat?post=5296"},{"taxonomy":"product_tag","embeddable":true,"href":"https:\/\/jinancuchem.com\/es\/wp-json\/wp\/v2\/product_tag?post=5296"}],"curies":[{"name":"wp","href":"https:\/\/api.w.org\/{rel}","templated":true}]}}