{"id":5305,"date":"2025-07-25T09:32:19","date_gmt":"2025-07-25T09:32:19","guid":{"rendered":"https:\/\/jinancuchem.com\/?post_type=product&#038;p=5305"},"modified":"2025-07-25T09:32:19","modified_gmt":"2025-07-25T09:32:19","slug":"triacetin","status":"publish","type":"product","link":"https:\/\/jinancuchem.com\/es\/producto\/triacetin\/","title":{"rendered":"Triacetina"},"content":{"rendered":"<p>\u3010CAS\u3011102-76-1 F\u00f3rmula molecular:C9H14O6 Masa molecular relativa:218.2039<\/p>\n<p>F\u00f3rmula estructural:<img alt=\"\" decoding=\"async\" class=\"alignnone size-full wp-image-5309\" src=\"https:\/\/jinancuchem.com\/wp-content\/uploads\/2025\/07\/\u56fe\u7247116.png\" width=\"220\" height=\"99\" srcset=\"https:\/\/jinancuchem.com\/wp-content\/uploads\/2025\/07\/\u56fe\u7247116.png 220w, https:\/\/jinancuchem.com\/wp-content\/uploads\/2025\/07\/\u56fe\u7247116-18x8.png 18w\" sizes=\"(max-width: 220px) 100vw, 220px\" \/><\/p>\n<p>&nbsp;<\/p>\n<h4>\u4e00\uff0ePropiedad del producto\uff1a<\/h4>\n<p>L\u00edquido aceitoso incoloro y transparente, de sabor ligeramente amargo, ligeramente soluble en agua, soluble en diversos disolventes org\u00e1nicos, con las propiedades generales de los \u00e9steres. Punto de ebullici\u00f3n 258\u2103 (0,101 MPa), punto de inflamaci\u00f3n 138\u2103 (vaso cerrado), punto de fusi\u00f3n 3\u2103. Fuerte efecto disolvente, que puede dar a los productos una buena flexibilidad.<\/p>\n<p>&nbsp;<\/p>\n<h4>\u4e8c\uff0e\u00cdndice de calidad:<\/h4>\n<table>\n<tbody>\n<tr>\n<td><strong><b>Par\u00e1metro<\/b><\/strong><\/td>\n<td><strong><b>Especificaci\u00f3n<\/b><\/strong><strong><b>\u00a0(FCC\/USP\/UE)<\/b><\/strong><\/td>\n<\/tr>\n<tr>\n<td><strong><b>Pureza (C\u2089H\u2081\u2084O\u2086)<\/b><\/strong><\/td>\n<td>\u2265 99,0% (p\/p)<\/td>\n<\/tr>\n<tr>\n<td><strong><b>Apariencia<\/b><\/strong><\/td>\n<td>L\u00edquido incoloro y transparente<\/td>\n<\/tr>\n<tr>\n<td><strong><b>Olor<\/b><\/strong><\/td>\n<td>Caracter\u00edstico, leve<\/td>\n<\/tr>\n<tr>\n<td><strong><b>\u00cdndice de refracci\u00f3n (20\u00b0C)<\/b><\/strong><\/td>\n<td>1.430-1.435<\/td>\n<\/tr>\n<tr>\n<td><strong><b>Acidez (como \u00e1cido ac\u00e9tico)<\/b><\/strong><\/td>\n<td>\u2264 0,1% (p\/p)<\/td>\n<\/tr>\n<tr>\n<td><strong><b>Contenido en agua<\/b><\/strong><\/td>\n<td>\u2264 0,2% (p\/p)<\/td>\n<\/tr>\n<tr>\n<td><strong><b>Metales pesados (como Pb)<\/b><\/strong><\/td>\n<td>\u2264 5 ppm<\/td>\n<\/tr>\n<tr>\n<td><strong><b>Ars\u00e9nico (As)<\/b><\/strong><\/td>\n<td>\u2264 3 ppm<\/td>\n<\/tr>\n<tr>\n<td><strong><b>Residuos en el encendido<\/b><\/strong><\/td>\n<td>\u2264 0,05% (p\/p)<\/td>\n<\/tr>\n<tr>\n<td><strong><b>Glicerol y diacetina<\/b><\/strong><\/td>\n<td>\u2264 0,5% (p\/p) combinado<\/td>\n<\/tr>\n<tr>\n<td><strong><b>Glicerol libre<\/b><\/strong><\/td>\n<td>\u2264 0,1% (p\/p)<\/td>\n<\/tr>\n<tr>\n<td><strong><b>Valor de saponificaci\u00f3n<\/b><\/strong><\/td>\n<td>650-670 mg KOH\/g<\/td>\n<\/tr>\n<tr>\n<td><strong><b>L\u00edmites microbianos<\/b><\/strong><\/td>\n<td>Recuento aer\u00f3bico total \u2264 100 UFC\/g<\/td>\n<\/tr>\n<tr>\n<td><strong><b>Levaduras y moho<\/b><\/strong><\/td>\n<td>\u2264 10 UFC\/g<\/td>\n<\/tr>\n<tr>\n<td><strong><b>Pat\u00f3genos<\/b><\/strong><\/td>\n<td>Ausente en 10g (Salmonella, E. coli)<\/td>\n<\/tr>\n<\/tbody>\n<\/table>\n<p>&nbsp;<\/p>\n<h4>\u4e09\uff0e\u00c1mbito de aplicaci\u00f3n y uso\uff1a<\/h4>\n<p>Su principal aplicaci\u00f3n es como punta de filtro para cigarrillos, un plastificante para el acetato de celulosa. Tambi\u00e9n puede utilizarse como fijador de fragancias y sabores en cosm\u00e9ticos, as\u00ed como base lubricante.<\/p>\n<p>&nbsp;<\/p>\n<h4>\u56db\uff0eEmbalaje y almacenamiento\uff1a<\/h4>\n<p>Envasado en barriles de pl\u00e1stico, con un peso neto de 230 kilogramos por barril.<\/p>\n<p>Almacenar en un almac\u00e9n fresco y ventilado. La temperatura del almac\u00e9n no debe superar los 37\u00b0C. Debe almacenarse separado de oxidantes y productos qu\u00edmicos comestibles, y no deben mezclarse entre s\u00ed. Mantener el envase cerrado herm\u00e9ticamente. Mant\u00e9ngase alejado de fuentes de fuego y calor.<\/p>","protected":false},"excerpt":{"rendered":"<p>\u3010CAS\u3011102-76-1\u00a0\u00a0Molecular formula:C9H14O6\u00a0\u00a0Relative molecular\u00a0mass:218.2039 Structural formula: &nbsp; \u4e00\uff0eProduct Property\uff1a Colorless and transparent oily liquid, slightly bitter in taste, slightly soluble in water, soluble in various organic solvents, having the general properties of esters. Boiling point 258\u2103 (0.101 MPa), flash point 138\u2103 (closed cup), melting point 3\u2103. Strong solvent effect, which can give the products good flexibility. [&hellip;]<\/p>\n","protected":false},"featured_media":5313,"template":"","meta":{"_seopress_robots_primary_cat":"","_seopress_titles_title":"","_seopress_titles_desc":"","_seopress_robots_index":"","_uag_custom_page_level_css":"","site-sidebar-layout":"default","site-content-layout":"","ast-site-content-layout":"default","site-content-style":"default","site-sidebar-style":"default","ast-global-header-display":"","ast-banner-title-visibility":"","ast-main-header-display":"","ast-hfb-above-header-display":"","ast-hfb-below-header-display":"","ast-hfb-mobile-header-display":"","site-post-title":"","ast-breadcrumbs-content":"","ast-featured-img":"","footer-sml-layout":"","theme-transparent-header-meta":"default","adv-header-id-meta":"","stick-header-meta":"default","header-above-stick-meta":"","header-main-stick-meta":"","header-below-stick-meta":"","astra-migrate-meta-layouts":"set","ast-page-background-enabled":"default","ast-page-background-meta":{"desktop":{"background-color":"","background-image":"","background-repeat":"repeat","background-position":"center center","background-size":"auto","background-attachment":"scroll","background-type":"","background-media":"","overlay-type":"","overlay-color":"","overlay-opacity":"","overlay-gradient":""},"tablet":{"background-color":"","background-image":"","background-repeat":"repeat","background-position":"center center","background-size":"auto","background-attachment":"scroll","background-type":"","background-media":"","overlay-type":"","overlay-color":"","overlay-opacity":"","overlay-gradient":""},"mobile":{"background-color":"","background-image":"","background-repeat":"repeat","background-position":"center center","background-size":"auto","background-attachment":"scroll","background-type":"","background-media":"","overlay-type":"","overlay-color":"","overlay-opacity":"","overlay-gradient":""}},"ast-content-background-meta":{"desktop":{"background-color":"var(--ast-global-color-5)","background-image":"","background-repeat":"repeat","background-position":"center center","background-size":"auto","background-attachment":"scroll","background-type":"","background-media":"","overlay-type":"","overlay-color":"","overlay-opacity":"","overlay-gradient":""},"tablet":{"background-color":"var(--ast-global-color-5)","background-image":"","background-repeat":"repeat","background-position":"center center","background-size":"auto","background-attachment":"scroll","background-type":"","background-media":"","overlay-type":"","overlay-color":"","overlay-opacity":"","overlay-gradient":""},"mobile":{"background-color":"var(--ast-global-color-5)","background-image":"","background-repeat":"repeat","background-position":"center center","background-size":"auto","background-attachment":"scroll","background-type":"","background-media":"","overlay-type":"","overlay-color":"","overlay-opacity":"","overlay-gradient":""}}},"product_brand":[],"product_cat":[67],"product_tag":[],"class_list":{"0":"post-5305","1":"product","2":"type-product","3":"status-publish","4":"has-post-thumbnail","6":"product_cat-food-additives","7":"desktop-align-left","8":"tablet-align-left","9":"mobile-align-left","10":"ast-product-gallery-layout-horizontal-slider","11":"ast-product-gallery-with-no-image","12":"ast-product-tabs-layout-horizontal","14":"first","15":"instock","16":"shipping-taxable","17":"product-type-simple"},"uagb_featured_image_src":{"full":["https:\/\/jinancuchem.com\/wp-content\/uploads\/2025\/07\/116.png",800,800,false],"thumbnail":["https:\/\/jinancuchem.com\/wp-content\/uploads\/2025\/07\/116-150x150.png",150,150,true],"medium":["https:\/\/jinancuchem.com\/wp-content\/uploads\/2025\/07\/116-300x300.png",300,300,true],"medium_large":["https:\/\/jinancuchem.com\/wp-content\/uploads\/2025\/07\/116-768x768.png",768,768,true],"large":["https:\/\/jinancuchem.com\/wp-content\/uploads\/2025\/07\/116.png",800,800,false],"1536x1536":["https:\/\/jinancuchem.com\/wp-content\/uploads\/2025\/07\/116.png",800,800,false],"2048x2048":["https:\/\/jinancuchem.com\/wp-content\/uploads\/2025\/07\/116.png",800,800,false],"trp-custom-language-flag":["https:\/\/jinancuchem.com\/wp-content\/uploads\/2025\/07\/116-12x12.png",12,12,true],"woocommerce_thumbnail":["https:\/\/jinancuchem.com\/wp-content\/uploads\/2025\/07\/116-300x300.png",300,300,true],"woocommerce_single":["https:\/\/jinancuchem.com\/wp-content\/uploads\/2025\/07\/116-500x500.png",500,500,true],"woocommerce_gallery_thumbnail":["https:\/\/jinancuchem.com\/wp-content\/uploads\/2025\/07\/116-100x100.png",100,100,true]},"uagb_author_info":{"display_name":"jinxing6611@gmail.com","author_link":"https:\/\/jinancuchem.com\/es\/author\/"},"uagb_comment_info":0,"uagb_excerpt":"\u3010CAS\u3011102-76-1\u00a0\u00a0Molecular formula:C9H14O6\u00a0\u00a0Relative molecular\u00a0mass:218.2039 Structural formula: &nbsp; \u4e00\uff0eProduct Property\uff1a Colorless and transparent oily liquid, slightly bitter in taste, slightly soluble in water, soluble in various organic solvents, having the general properties of esters. Boiling point 258\u2103 (0.101 MPa), flash point 138\u2103 (closed cup), melting point 3\u2103. Strong solvent effect, which can give the products good flexibility.&hellip;","_links":{"self":[{"href":"https:\/\/jinancuchem.com\/es\/wp-json\/wp\/v2\/product\/5305","targetHints":{"allow":["GET"]}}],"collection":[{"href":"https:\/\/jinancuchem.com\/es\/wp-json\/wp\/v2\/product"}],"about":[{"href":"https:\/\/jinancuchem.com\/es\/wp-json\/wp\/v2\/types\/product"}],"wp:featuredmedia":[{"embeddable":true,"href":"https:\/\/jinancuchem.com\/es\/wp-json\/wp\/v2\/media\/5313"}],"wp:attachment":[{"href":"https:\/\/jinancuchem.com\/es\/wp-json\/wp\/v2\/media?parent=5305"}],"wp:term":[{"taxonomy":"product_brand","embeddable":true,"href":"https:\/\/jinancuchem.com\/es\/wp-json\/wp\/v2\/product_brand?post=5305"},{"taxonomy":"product_cat","embeddable":true,"href":"https:\/\/jinancuchem.com\/es\/wp-json\/wp\/v2\/product_cat?post=5305"},{"taxonomy":"product_tag","embeddable":true,"href":"https:\/\/jinancuchem.com\/es\/wp-json\/wp\/v2\/product_tag?post=5305"}],"curies":[{"name":"wp","href":"https:\/\/api.w.org\/{rel}","templated":true}]}}