{"id":5320,"date":"2025-07-25T09:36:50","date_gmt":"2025-07-25T09:36:50","guid":{"rendered":"https:\/\/jinancuchem.com\/?post_type=product&#038;p=5320"},"modified":"2025-07-25T09:36:50","modified_gmt":"2025-07-25T09:36:50","slug":"dimethylamine-aqueous-solution","status":"publish","type":"product","link":"https:\/\/jinancuchem.com\/es\/producto\/dimethylamine-aqueous-solution\/","title":{"rendered":"Soluci\u00f3n acuosa de dimetilamina"},"content":{"rendered":"<p>CAS: 124-40-3<br \/>\nF\u00f3rmula molecular: C\u2082H\u2087N<br \/>\nMasa molecular relativa: 45.08<br \/>\nF\u00f3rmula estructural:<img alt=\"\" fetchpriority=\"high\" decoding=\"async\" class=\"alignnone size-medium wp-image-5329\" src=\"https:\/\/jinancuchem.com\/wp-content\/uploads\/2025\/07\/\u672a\u6807\u9898-2-27-300x300.jpg\" width=\"300\" height=\"300\" srcset=\"https:\/\/jinancuchem.com\/wp-content\/uploads\/2025\/07\/\u672a\u6807\u9898-2-27-300x300.jpg 300w, https:\/\/jinancuchem.com\/wp-content\/uploads\/2025\/07\/\u672a\u6807\u9898-2-27-150x150.jpg 150w, https:\/\/jinancuchem.com\/wp-content\/uploads\/2025\/07\/\u672a\u6807\u9898-2-27-12x12.jpg 12w, https:\/\/jinancuchem.com\/wp-content\/uploads\/2025\/07\/\u672a\u6807\u9898-2-27-100x100.jpg 100w, https:\/\/jinancuchem.com\/wp-content\/uploads\/2025\/07\/\u672a\u6807\u9898-2-27.jpg 400w\" sizes=\"(max-width: 300px) 100vw, 300px\" \/><\/p>\n<h3>\n1.Propiedad del producto<\/h3>\n<p>&nbsp;<\/p>\n<p>La soluci\u00f3n acuosa de dimetilamina es un l\u00edquido incoloro, fuertemente alcalino, con un penetrante olor a pescado o amon\u00edaco. Es completamente miscible con agua y etanol, tiene un punto de ebullici\u00f3n de ~51 \u00b0C, una densidad cercana a 0,9 g cm-\u00b3 a 20 \u00b0C y desprende vapores inflamables m\u00e1s pesados que el aire.<\/p>\n<h3>2.Norma t\u00e9cnica<\/h3>\n<p>&nbsp;<\/p>\n<table>\n<tbody>\n<tr>\n<td><strong><b>Par\u00e1metro<\/b><\/strong><\/td>\n<td><strong><b>Especificaci\u00f3n<\/b><\/strong><\/td>\n<\/tr>\n<tr>\n<td>Apariencia<\/td>\n<td>L\u00edquido incoloro<\/td>\n<\/tr>\n<tr>\n<td>Ensayo (como DMA), %<\/td>\n<td>40 \u00b1 0.5<\/td>\n<\/tr>\n<tr>\n<td>Agua, %<\/td>\n<td>Saldo<\/td>\n<\/tr>\n<tr>\n<td>Amon\u00edaco, %<\/td>\n<td>\u2264 0.15<\/td>\n<\/tr>\n<tr>\n<td>Residuo por evaporaci\u00f3n, %<\/td>\n<td>\u2264 0.05<\/td>\n<\/tr>\n<tr>\n<td>Densidad (20 \u00b0C), g cm-\u00b3<\/td>\n<td>0.890-0.910<\/td>\n<\/tr>\n<tr>\n<td>pH (20 \u00b0C)<\/td>\n<td>11-13<\/td>\n<\/tr>\n<\/tbody>\n<\/table>\n<p>&nbsp;<\/p>\n<h3>3.\u00c1mbito de aplicaci\u00f3n y uso<\/h3>\n<p>&nbsp;<\/p>\n<p>La soluci\u00f3n 40 % es una fuente conveniente de dimetilamina para s\u00edntesis. Se utiliza ampliamente como componente b\u00e1sico de la dimetilformamida, la dimetilacetamida y los aceleradores de caucho; act\u00faa como catalizador b\u00e1sico en reacciones de condensaci\u00f3n y alquilaci\u00f3n; sirve como regulador del pH en el tratamiento del agua, y es un producto intermedio para productos agroqu\u00edmicos, farmac\u00e9uticos y auxiliares textiles .<\/p>\n<h3>4.Embalaje y almacenamiento<\/h3>\n<p>&nbsp;<\/p>\n<p>La soluci\u00f3n acuosa de dimetilamina se suministra en bidones de HDPE de 200 kg netos o en contenedores IBC de 1000 L. Los lotes peque\u00f1os est\u00e1n disponibles en jerricanes de HDPE fluorado de 25 kg o 50 kg. Almacenar en un lugar fresco, sombreado y bien ventilado a 2 - 30 \u00b0C, lejos de \u00e1cidos, oxidantes, aluminio, cobre y zinc. Mantener los envases bien cerrados y evitar la luz solar directa para evitar la acumulaci\u00f3n de presi\u00f3n y la corrosi\u00f3n .<\/p>","protected":false},"excerpt":{"rendered":"<p>CAS: 124-40-3 Molecular formula: C\u2082H\u2087N Relative molecular mass: 45.08 Structural formula: 1.Product Property &nbsp; Dimethylamine aqueous solution is a colorless, strongly alkaline liquid with a penetrating fishy or ammonia-like odor. It is completely miscible with water and ethanol, has a boiling point of ~51 \u00b0C, a density near 0.9 g cm\u207b\u00b3 at 20 \u00b0C, and [&hellip;]<\/p>\n","protected":false},"featured_media":5329,"template":"","meta":{"_seopress_robots_primary_cat":"","_seopress_titles_title":"","_seopress_titles_desc":"","_seopress_robots_index":"","_uag_custom_page_level_css":"","site-sidebar-layout":"default","site-content-layout":"","ast-site-content-layout":"default","site-content-style":"default","site-sidebar-style":"default","ast-global-header-display":"","ast-banner-title-visibility":"","ast-main-header-display":"","ast-hfb-above-header-display":"","ast-hfb-below-header-display":"","ast-hfb-mobile-header-display":"","site-post-title":"","ast-breadcrumbs-content":"","ast-featured-img":"","footer-sml-layout":"","theme-transparent-header-meta":"default","adv-header-id-meta":"","stick-header-meta":"default","header-above-stick-meta":"","header-main-stick-meta":"","header-below-stick-meta":"","astra-migrate-meta-layouts":"set","ast-page-background-enabled":"default","ast-page-background-meta":{"desktop":{"background-color":"","background-image":"","background-repeat":"repeat","background-position":"center center","background-size":"auto","background-attachment":"scroll","background-type":"","background-media":"","overlay-type":"","overlay-color":"","overlay-opacity":"","overlay-gradient":""},"tablet":{"background-color":"","background-image":"","background-repeat":"repeat","background-position":"center center","background-size":"auto","background-attachment":"scroll","background-type":"","background-media":"","overlay-type":"","overlay-color":"","overlay-opacity":"","overlay-gradient":""},"mobile":{"background-color":"","background-image":"","background-repeat":"repeat","background-position":"center center","background-size":"auto","background-attachment":"scroll","background-type":"","background-media":"","overlay-type":"","overlay-color":"","overlay-opacity":"","overlay-gradient":""}},"ast-content-background-meta":{"desktop":{"background-color":"var(--ast-global-color-5)","background-image":"","background-repeat":"repeat","background-position":"center center","background-size":"auto","background-attachment":"scroll","background-type":"","background-media":"","overlay-type":"","overlay-color":"","overlay-opacity":"","overlay-gradient":""},"tablet":{"background-color":"var(--ast-global-color-5)","background-image":"","background-repeat":"repeat","background-position":"center center","background-size":"auto","background-attachment":"scroll","background-type":"","background-media":"","overlay-type":"","overlay-color":"","overlay-opacity":"","overlay-gradient":""},"mobile":{"background-color":"var(--ast-global-color-5)","background-image":"","background-repeat":"repeat","background-position":"center center","background-size":"auto","background-attachment":"scroll","background-type":"","background-media":"","overlay-type":"","overlay-color":"","overlay-opacity":"","overlay-gradient":""}}},"product_brand":[],"product_cat":[69],"product_tag":[],"class_list":{"0":"post-5320","1":"product","2":"type-product","3":"status-publish","4":"has-post-thumbnail","6":"product_cat-daily-chemical-product","7":"desktop-align-left","8":"tablet-align-left","9":"mobile-align-left","10":"ast-product-gallery-layout-horizontal-slider","11":"ast-product-gallery-with-no-image","12":"ast-product-tabs-layout-horizontal","14":"first","15":"instock","16":"shipping-taxable","17":"product-type-simple"},"uagb_featured_image_src":{"full":["https:\/\/jinancuchem.com\/wp-content\/uploads\/2025\/07\/\u672a\u6807\u9898-2-27.jpg",400,400,false],"thumbnail":["https:\/\/jinancuchem.com\/wp-content\/uploads\/2025\/07\/\u672a\u6807\u9898-2-27-150x150.jpg",150,150,true],"medium":["https:\/\/jinancuchem.com\/wp-content\/uploads\/2025\/07\/\u672a\u6807\u9898-2-27-300x300.jpg",300,300,true],"medium_large":["https:\/\/jinancuchem.com\/wp-content\/uploads\/2025\/07\/\u672a\u6807\u9898-2-27.jpg",400,400,false],"large":["https:\/\/jinancuchem.com\/wp-content\/uploads\/2025\/07\/\u672a\u6807\u9898-2-27.jpg",400,400,false],"1536x1536":["https:\/\/jinancuchem.com\/wp-content\/uploads\/2025\/07\/\u672a\u6807\u9898-2-27.jpg",400,400,false],"2048x2048":["https:\/\/jinancuchem.com\/wp-content\/uploads\/2025\/07\/\u672a\u6807\u9898-2-27.jpg",400,400,false],"trp-custom-language-flag":["https:\/\/jinancuchem.com\/wp-content\/uploads\/2025\/07\/\u672a\u6807\u9898-2-27-12x12.jpg",12,12,true],"woocommerce_thumbnail":["https:\/\/jinancuchem.com\/wp-content\/uploads\/2025\/07\/\u672a\u6807\u9898-2-27-300x300.jpg",300,300,true],"woocommerce_single":["https:\/\/jinancuchem.com\/wp-content\/uploads\/2025\/07\/\u672a\u6807\u9898-2-27.jpg",400,400,false],"woocommerce_gallery_thumbnail":["https:\/\/jinancuchem.com\/wp-content\/uploads\/2025\/07\/\u672a\u6807\u9898-2-27-100x100.jpg",100,100,true]},"uagb_author_info":{"display_name":"jinxing6611@gmail.com","author_link":"https:\/\/jinancuchem.com\/es\/author\/"},"uagb_comment_info":0,"uagb_excerpt":"CAS: 124-40-3 Molecular formula: C\u2082H\u2087N Relative molecular mass: 45.08 Structural formula: 1.Product Property &nbsp; Dimethylamine aqueous solution is a colorless, strongly alkaline liquid with a penetrating fishy or ammonia-like odor. It is completely miscible with water and ethanol, has a boiling point of ~51 \u00b0C, a density near 0.9 g cm\u207b\u00b3 at 20 \u00b0C, and&hellip;","_links":{"self":[{"href":"https:\/\/jinancuchem.com\/es\/wp-json\/wp\/v2\/product\/5320","targetHints":{"allow":["GET"]}}],"collection":[{"href":"https:\/\/jinancuchem.com\/es\/wp-json\/wp\/v2\/product"}],"about":[{"href":"https:\/\/jinancuchem.com\/es\/wp-json\/wp\/v2\/types\/product"}],"wp:featuredmedia":[{"embeddable":true,"href":"https:\/\/jinancuchem.com\/es\/wp-json\/wp\/v2\/media\/5329"}],"wp:attachment":[{"href":"https:\/\/jinancuchem.com\/es\/wp-json\/wp\/v2\/media?parent=5320"}],"wp:term":[{"taxonomy":"product_brand","embeddable":true,"href":"https:\/\/jinancuchem.com\/es\/wp-json\/wp\/v2\/product_brand?post=5320"},{"taxonomy":"product_cat","embeddable":true,"href":"https:\/\/jinancuchem.com\/es\/wp-json\/wp\/v2\/product_cat?post=5320"},{"taxonomy":"product_tag","embeddable":true,"href":"https:\/\/jinancuchem.com\/es\/wp-json\/wp\/v2\/product_tag?post=5320"}],"curies":[{"name":"wp","href":"https:\/\/api.w.org\/{rel}","templated":true}]}}