{"id":5349,"date":"2025-07-25T09:42:44","date_gmt":"2025-07-25T09:42:44","guid":{"rendered":"https:\/\/jinancuchem.com\/?post_type=product&#038;p=5349"},"modified":"2025-07-25T09:42:44","modified_gmt":"2025-07-25T09:42:44","slug":"potassium-chloride","status":"publish","type":"product","link":"https:\/\/jinancuchem.com\/es\/producto\/potassium-chloride\/","title":{"rendered":"Cloruro de potasio"},"content":{"rendered":"<p>\u3010CAS\u30117447-40-7 F\u00f3rmula molecular:KCl Masa molecular relativa:74.5513<\/p>\n<p>F\u00f3rmula estructural:<img alt=\"\" decoding=\"async\" class=\"alignnone size-full wp-image-5353\" src=\"https:\/\/jinancuchem.com\/wp-content\/uploads\/2025\/07\/\u56fe\u7247121.png\" width=\"157\" height=\"20\" srcset=\"https:\/\/jinancuchem.com\/wp-content\/uploads\/2025\/07\/\u56fe\u7247121.png 157w, https:\/\/jinancuchem.com\/wp-content\/uploads\/2025\/07\/\u56fe\u7247121-150x20.png 150w, https:\/\/jinancuchem.com\/wp-content\/uploads\/2025\/07\/\u56fe\u7247121-18x2.png 18w\" sizes=\"(max-width: 157px) 100vw, 157px\" \/><\/p>\n<p>&nbsp;<\/p>\n<h4>\u4e00\uff0ePropiedad del producto\uff1a<\/h4>\n<p>Cristales blancos, de sabor extremadamente salado, inodoros y no t\u00f3xicos. Son solubles en agua y glicerol, ligeramente solubles en alcoholes e insolubles en \u00e9teres, acetona y \u00e1cido clorh\u00eddrico. Tienen propiedades higrosc\u00f3picas y son propensos al apelmazamiento; la solubilidad en agua aumenta r\u00e1pidamente con el aumento de la temperatura, y a menudo sufren reacciones de doble descomposici\u00f3n con sales de sodio para formar nuevas sales de potasio.<\/p>\n<p>&nbsp;<\/p>\n<h4>\u4e8c\uff0e\u00cdndice de calidad:<\/h4>\n<table>\n<tbody>\n<tr>\n<td><strong><b>Par\u00e1metro<\/b><\/strong><\/td>\n<td><strong><b>Unidad<\/b><\/strong><\/td>\n<td><strong><b>Requisito<\/b><\/strong><\/td>\n<\/tr>\n<tr>\n<td><strong><b>Cloruro de potasio (KCl, base seca)<\/b><\/strong><\/td>\n<td>%<\/td>\n<td>\u2265 99.0<\/td>\n<\/tr>\n<tr>\n<td><strong><b>Humedad (H\u2082O)<\/b><\/strong><\/td>\n<td>%<\/td>\n<td>\u2264 1.0<\/td>\n<\/tr>\n<tr>\n<td><strong><b>Materia insoluble en agua<\/b><\/strong><\/td>\n<td>%<\/td>\n<td>\u2264 0.1<\/td>\n<\/tr>\n<tr>\n<td><strong><b>Sodio (Na)<\/b><\/strong><\/td>\n<td>%<\/td>\n<td>\u2264 0.5<\/td>\n<\/tr>\n<tr>\n<td><strong><b>Calcio (Ca)<\/b><\/strong><\/td>\n<td>%<\/td>\n<td>\u2264 0.05<\/td>\n<\/tr>\n<tr>\n<td><strong><b>Magnesio (Mg)<\/b><\/strong><\/td>\n<td>%<\/td>\n<td>\u2264 0.05<\/td>\n<\/tr>\n<tr>\n<td><strong><b>Plomo (Pb)<\/b><\/strong><\/td>\n<td>mg\/kg<\/td>\n<td>\u2264 2<\/td>\n<\/tr>\n<tr>\n<td><strong><b>Ars\u00e9nico (As)<\/b><\/strong><\/td>\n<td>mg\/kg<\/td>\n<td>\u2264 1<\/td>\n<\/tr>\n<tr>\n<td><strong><b>Yodo (I)<\/b><\/strong>\u00a0(si se a\u00f1ade)<\/td>\n<td>mg\/kg<\/td>\n<td>\u2264 20<\/td>\n<\/tr>\n<tr>\n<td><strong><b>pH (soluci\u00f3n 50 g\/L)<\/b><\/strong><\/td>\n<td>-<\/td>\n<td>5.0 - 8.0<\/td>\n<\/tr>\n<\/tbody>\n<\/table>\n<p>&nbsp;<\/p>\n<h4>\u4e09\uff0e\u00c1mbito de aplicaci\u00f3n y uso\uff1a<\/h4>\n<p>Alimentos bajos en sodio: Como sustituto de la sal, se utilizan en sales bajas en sodio, salsa de soja y otros condimentos para ayudar a reducir la ingesta de sodio.<\/p>\n<p>Fortificaci\u00f3n nutricional: Adici\u00f3n de potasio esencial a alimentos infantiles, bebidas deportivas y suplementos nutricionales.<\/p>\n<p>&nbsp;<\/p>\n<h4>\u56db\uff0eEmbalaje y almacenamiento\uff1a<\/h4>\n<p>Calidad alimentaria: utilice bolsas interiores de PE de calidad alimentaria combinadas con bolsas exteriores tejidas. Cada bolsa pesa 25 kg y est\u00e1 claramente etiquetada como \"Aditivos alimentarios\".<\/p>","protected":false},"excerpt":{"rendered":"<p>\u3010CAS\u30117447-40-7\u00a0\u00a0Molecular formula:KCl\u00a0\u00a0Relative molecular\u00a0mass:74.5513 Structural formula: &nbsp; \u4e00\uff0eProduct Property\uff1a White crystals, extremely salty in taste, odorless and non-toxic. They are soluble in water and glycerol, slightly soluble in alcohols, and insoluble in ethers, acetone and hydrochloric acid . They have hygroscopic properties and are prone to caking; the solubility in water increases rapidly with the rise [&hellip;]<\/p>\n","protected":false},"featured_media":5355,"template":"","meta":{"_seopress_robots_primary_cat":"","_seopress_titles_title":"","_seopress_titles_desc":"","_seopress_robots_index":"","_uag_custom_page_level_css":"","site-sidebar-layout":"default","site-content-layout":"","ast-site-content-layout":"default","site-content-style":"default","site-sidebar-style":"default","ast-global-header-display":"","ast-banner-title-visibility":"","ast-main-header-display":"","ast-hfb-above-header-display":"","ast-hfb-below-header-display":"","ast-hfb-mobile-header-display":"","site-post-title":"","ast-breadcrumbs-content":"","ast-featured-img":"","footer-sml-layout":"","theme-transparent-header-meta":"default","adv-header-id-meta":"","stick-header-meta":"default","header-above-stick-meta":"","header-main-stick-meta":"","header-below-stick-meta":"","astra-migrate-meta-layouts":"set","ast-page-background-enabled":"default","ast-page-background-meta":{"desktop":{"background-color":"","background-image":"","background-repeat":"repeat","background-position":"center center","background-size":"auto","background-attachment":"scroll","background-type":"","background-media":"","overlay-type":"","overlay-color":"","overlay-opacity":"","overlay-gradient":""},"tablet":{"background-color":"","background-image":"","background-repeat":"repeat","background-position":"center center","background-size":"auto","background-attachment":"scroll","background-type":"","background-media":"","overlay-type":"","overlay-color":"","overlay-opacity":"","overlay-gradient":""},"mobile":{"background-color":"","background-image":"","background-repeat":"repeat","background-position":"center center","background-size":"auto","background-attachment":"scroll","background-type":"","background-media":"","overlay-type":"","overlay-color":"","overlay-opacity":"","overlay-gradient":""}},"ast-content-background-meta":{"desktop":{"background-color":"var(--ast-global-color-5)","background-image":"","background-repeat":"repeat","background-position":"center center","background-size":"auto","background-attachment":"scroll","background-type":"","background-media":"","overlay-type":"","overlay-color":"","overlay-opacity":"","overlay-gradient":""},"tablet":{"background-color":"var(--ast-global-color-5)","background-image":"","background-repeat":"repeat","background-position":"center center","background-size":"auto","background-attachment":"scroll","background-type":"","background-media":"","overlay-type":"","overlay-color":"","overlay-opacity":"","overlay-gradient":""},"mobile":{"background-color":"var(--ast-global-color-5)","background-image":"","background-repeat":"repeat","background-position":"center center","background-size":"auto","background-attachment":"scroll","background-type":"","background-media":"","overlay-type":"","overlay-color":"","overlay-opacity":"","overlay-gradient":""}}},"product_brand":[],"product_cat":[67],"product_tag":[],"class_list":{"0":"post-5349","1":"product","2":"type-product","3":"status-publish","4":"has-post-thumbnail","6":"product_cat-food-additives","7":"desktop-align-left","8":"tablet-align-left","9":"mobile-align-left","10":"ast-product-gallery-layout-horizontal-slider","11":"ast-product-gallery-with-no-image","12":"ast-product-tabs-layout-horizontal","14":"first","15":"instock","16":"shipping-taxable","17":"product-type-simple"},"uagb_featured_image_src":{"full":["https:\/\/jinancuchem.com\/wp-content\/uploads\/2025\/07\/121.png",800,800,false],"thumbnail":["https:\/\/jinancuchem.com\/wp-content\/uploads\/2025\/07\/121-150x150.png",150,150,true],"medium":["https:\/\/jinancuchem.com\/wp-content\/uploads\/2025\/07\/121-300x300.png",300,300,true],"medium_large":["https:\/\/jinancuchem.com\/wp-content\/uploads\/2025\/07\/121-768x768.png",768,768,true],"large":["https:\/\/jinancuchem.com\/wp-content\/uploads\/2025\/07\/121.png",800,800,false],"1536x1536":["https:\/\/jinancuchem.com\/wp-content\/uploads\/2025\/07\/121.png",800,800,false],"2048x2048":["https:\/\/jinancuchem.com\/wp-content\/uploads\/2025\/07\/121.png",800,800,false],"trp-custom-language-flag":["https:\/\/jinancuchem.com\/wp-content\/uploads\/2025\/07\/121-12x12.png",12,12,true],"woocommerce_thumbnail":["https:\/\/jinancuchem.com\/wp-content\/uploads\/2025\/07\/121-300x300.png",300,300,true],"woocommerce_single":["https:\/\/jinancuchem.com\/wp-content\/uploads\/2025\/07\/121-500x500.png",500,500,true],"woocommerce_gallery_thumbnail":["https:\/\/jinancuchem.com\/wp-content\/uploads\/2025\/07\/121-100x100.png",100,100,true]},"uagb_author_info":{"display_name":"jinxing6611@gmail.com","author_link":"https:\/\/jinancuchem.com\/es\/author\/"},"uagb_comment_info":0,"uagb_excerpt":"\u3010CAS\u30117447-40-7\u00a0\u00a0Molecular formula:KCl\u00a0\u00a0Relative molecular\u00a0mass:74.5513 Structural formula: &nbsp; \u4e00\uff0eProduct Property\uff1a White crystals, extremely salty in taste, odorless and non-toxic. They are soluble in water and glycerol, slightly soluble in alcohols, and insoluble in ethers, acetone and hydrochloric acid . They have hygroscopic properties and are prone to caking; the solubility in water increases rapidly with the rise&hellip;","_links":{"self":[{"href":"https:\/\/jinancuchem.com\/es\/wp-json\/wp\/v2\/product\/5349","targetHints":{"allow":["GET"]}}],"collection":[{"href":"https:\/\/jinancuchem.com\/es\/wp-json\/wp\/v2\/product"}],"about":[{"href":"https:\/\/jinancuchem.com\/es\/wp-json\/wp\/v2\/types\/product"}],"wp:featuredmedia":[{"embeddable":true,"href":"https:\/\/jinancuchem.com\/es\/wp-json\/wp\/v2\/media\/5355"}],"wp:attachment":[{"href":"https:\/\/jinancuchem.com\/es\/wp-json\/wp\/v2\/media?parent=5349"}],"wp:term":[{"taxonomy":"product_brand","embeddable":true,"href":"https:\/\/jinancuchem.com\/es\/wp-json\/wp\/v2\/product_brand?post=5349"},{"taxonomy":"product_cat","embeddable":true,"href":"https:\/\/jinancuchem.com\/es\/wp-json\/wp\/v2\/product_cat?post=5349"},{"taxonomy":"product_tag","embeddable":true,"href":"https:\/\/jinancuchem.com\/es\/wp-json\/wp\/v2\/product_tag?post=5349"}],"curies":[{"name":"wp","href":"https:\/\/api.w.org\/{rel}","templated":true}]}}