{"id":5365,"date":"2025-07-25T09:46:44","date_gmt":"2025-07-25T09:46:44","guid":{"rendered":"https:\/\/jinancuchem.com\/?post_type=product&#038;p=5365"},"modified":"2025-07-25T09:46:44","modified_gmt":"2025-07-25T09:46:44","slug":"citric-acid-monohydrate","status":"publish","type":"product","link":"https:\/\/jinancuchem.com\/es\/producto\/citric-acid-monohydrate\/","title":{"rendered":"\u00c1cido c\u00edtrico monohidratado"},"content":{"rendered":"<p>\u3010CAS\u30115949-29-1 F\u00f3rmula molecular:C6H10O8 Masa molecular relativa:210.1388<\/p>\n<p>F\u00f3rmula estructural:<img alt=\"\" decoding=\"async\" class=\"alignnone size-full wp-image-5370\" src=\"https:\/\/jinancuchem.com\/wp-content\/uploads\/2025\/07\/\u56fe\u7247123.png\" width=\"254\" height=\"89\" srcset=\"https:\/\/jinancuchem.com\/wp-content\/uploads\/2025\/07\/\u56fe\u7247123.png 254w, https:\/\/jinancuchem.com\/wp-content\/uploads\/2025\/07\/\u56fe\u7247123-18x6.png 18w\" sizes=\"(max-width: 254px) 100vw, 254px\" \/><\/p>\n<p>&nbsp;<\/p>\n<h4>\u4e00\uff0ePropiedad del producto\uff1a<\/h4>\n<p>Polvos cristalinos blancos, cristales o gr\u00e1nulos incoloros<\/p>\n<p>&nbsp;<\/p>\n<h4>\u4e8c\uff0e\u00cdndice de calidad:<\/h4>\n<table>\n<tbody>\n<tr>\n<td><strong><b>Par\u00e1metro<\/b><\/strong><\/td>\n<td><strong><b>Especificaci\u00f3n<\/b><\/strong><\/td>\n<\/tr>\n<tr>\n<td><strong><b>Apariencia<\/b><\/strong><\/td>\n<td>Cristales incoloros o polvo cristalino blanco<\/td>\n<\/tr>\n<tr>\n<td><strong><b>Ensayo (C\u2086H\u2088O\u2087-H\u2082O)<\/b><\/strong><\/td>\n<td>\u2265 99,5%<\/td>\n<\/tr>\n<tr>\n<td><strong><b>Contenido en agua<\/b><\/strong><\/td>\n<td>7.5% &#8211; 9.0%<\/td>\n<\/tr>\n<tr>\n<td><strong><b>Sulfato (SO\u2084\u00b2-)<\/b><\/strong><\/td>\n<td>\u2264 0,03%<\/td>\n<\/tr>\n<tr>\n<td><strong><b>Oxalato (C\u2082O\u2084\u00b2-)<\/b><\/strong><\/td>\n<td>\u2264 0,01%<\/td>\n<\/tr>\n<tr>\n<td><strong><b>Metales pesados (como Pb)<\/b><\/strong><\/td>\n<td>\u2264 5 mg\/kg<\/td>\n<\/tr>\n<tr>\n<td><strong><b>Ars\u00e9nico (As)<\/b><\/strong><\/td>\n<td>\u2264 1 mg\/kg<\/td>\n<\/tr>\n<tr>\n<td><strong><b>Residuos en el encendido<\/b><\/strong><\/td>\n<td>\u2264 0,1%<\/td>\n<\/tr>\n<tr>\n<td><strong><b>Sustancias f\u00e1cilmente carbonizables<\/b><\/strong><\/td>\n<td>Pasa la prueba (no m\u00e1s oscuro que el est\u00e1ndar)<\/td>\n<\/tr>\n<\/tbody>\n<\/table>\n<p>&nbsp;<\/p>\n<h4>\u4e09\uff0e\u00c1mbito de aplicaci\u00f3n y uso\uff1a<\/h4>\n<p>El \u00e1cido c\u00edtrico se utiliza principalmente como acidulante, aromatizante, conservante y antis\u00e9ptico en la industria alimentaria y de bebidas, y como antioxidante, plastificante y detergente en las industrias qu\u00edmica, cosm\u00e9tica y de limpieza.<\/p>\n<p>&nbsp;<\/p>\n<h4>\u56db\uff0eEmbalaje y almacenamiento\uff1a<\/h4>\n<p>Bolsa compuesta de papel y pl\u00e1stico de 25 kg netos o bolsa de papel kraft de 3 capas con forro de PE, bolsas de PE para envasado pesado Form-Fill-Seal\uff1bBolsa Jumbo tejida de PP de 500 kg o 1000 kg netos con forro de PE<\/p>\n<p>Conservado en un lugar limpio, seco y bien ventilado<\/p>","protected":false},"excerpt":{"rendered":"<p>\u3010CAS\u30115949-29-1\u00a0\u00a0Molecular formula:C6H10O8\u00a0\u00a0Relative molecular\u00a0mass:210.1388 Structural formula: &nbsp; \u4e00\uff0eProduct Property\uff1a White Crystalline Powders, Colorless Crystals or Granules &nbsp; \u4e8c\uff0eQuality Index: Parameter Specification Appearance Colorless crystals or white crystalline powder Assay (C\u2086H\u2088O\u2087\u00b7H\u2082O) \u2265 99.5% Water Content 7.5% &#8211; 9.0% Sulfate (SO\u2084\u00b2\u207b) \u2264 0.03% Oxalate (C\u2082O\u2084\u00b2\u207b) \u2264 0.01% Heavy Metals (as Pb) \u2264 5 mg\/kg Arsenic (As) \u2264 1 [&hellip;]<\/p>\n","protected":false},"featured_media":5372,"template":"","meta":{"_seopress_robots_primary_cat":"","_seopress_titles_title":"","_seopress_titles_desc":"","_seopress_robots_index":"","_uag_custom_page_level_css":"","site-sidebar-layout":"default","site-content-layout":"","ast-site-content-layout":"default","site-content-style":"default","site-sidebar-style":"default","ast-global-header-display":"","ast-banner-title-visibility":"","ast-main-header-display":"","ast-hfb-above-header-display":"","ast-hfb-below-header-display":"","ast-hfb-mobile-header-display":"","site-post-title":"","ast-breadcrumbs-content":"","ast-featured-img":"","footer-sml-layout":"","theme-transparent-header-meta":"default","adv-header-id-meta":"","stick-header-meta":"default","header-above-stick-meta":"","header-main-stick-meta":"","header-below-stick-meta":"","astra-migrate-meta-layouts":"set","ast-page-background-enabled":"default","ast-page-background-meta":{"desktop":{"background-color":"","background-image":"","background-repeat":"repeat","background-position":"center center","background-size":"auto","background-attachment":"scroll","background-type":"","background-media":"","overlay-type":"","overlay-color":"","overlay-opacity":"","overlay-gradient":""},"tablet":{"background-color":"","background-image":"","background-repeat":"repeat","background-position":"center center","background-size":"auto","background-attachment":"scroll","background-type":"","background-media":"","overlay-type":"","overlay-color":"","overlay-opacity":"","overlay-gradient":""},"mobile":{"background-color":"","background-image":"","background-repeat":"repeat","background-position":"center center","background-size":"auto","background-attachment":"scroll","background-type":"","background-media":"","overlay-type":"","overlay-color":"","overlay-opacity":"","overlay-gradient":""}},"ast-content-background-meta":{"desktop":{"background-color":"var(--ast-global-color-5)","background-image":"","background-repeat":"repeat","background-position":"center center","background-size":"auto","background-attachment":"scroll","background-type":"","background-media":"","overlay-type":"","overlay-color":"","overlay-opacity":"","overlay-gradient":""},"tablet":{"background-color":"var(--ast-global-color-5)","background-image":"","background-repeat":"repeat","background-position":"center center","background-size":"auto","background-attachment":"scroll","background-type":"","background-media":"","overlay-type":"","overlay-color":"","overlay-opacity":"","overlay-gradient":""},"mobile":{"background-color":"var(--ast-global-color-5)","background-image":"","background-repeat":"repeat","background-position":"center center","background-size":"auto","background-attachment":"scroll","background-type":"","background-media":"","overlay-type":"","overlay-color":"","overlay-opacity":"","overlay-gradient":""}}},"product_brand":[],"product_cat":[67],"product_tag":[],"class_list":{"0":"post-5365","1":"product","2":"type-product","3":"status-publish","4":"has-post-thumbnail","6":"product_cat-food-additives","7":"desktop-align-left","8":"tablet-align-left","9":"mobile-align-left","10":"ast-product-gallery-layout-horizontal-slider","11":"ast-product-gallery-with-no-image","12":"ast-product-tabs-layout-horizontal","14":"first","15":"instock","16":"shipping-taxable","17":"product-type-simple"},"uagb_featured_image_src":{"full":["https:\/\/jinancuchem.com\/wp-content\/uploads\/2025\/07\/123.png",800,800,false],"thumbnail":["https:\/\/jinancuchem.com\/wp-content\/uploads\/2025\/07\/123-150x150.png",150,150,true],"medium":["https:\/\/jinancuchem.com\/wp-content\/uploads\/2025\/07\/123-300x300.png",300,300,true],"medium_large":["https:\/\/jinancuchem.com\/wp-content\/uploads\/2025\/07\/123-768x768.png",768,768,true],"large":["https:\/\/jinancuchem.com\/wp-content\/uploads\/2025\/07\/123.png",800,800,false],"1536x1536":["https:\/\/jinancuchem.com\/wp-content\/uploads\/2025\/07\/123.png",800,800,false],"2048x2048":["https:\/\/jinancuchem.com\/wp-content\/uploads\/2025\/07\/123.png",800,800,false],"trp-custom-language-flag":["https:\/\/jinancuchem.com\/wp-content\/uploads\/2025\/07\/123-12x12.png",12,12,true],"woocommerce_thumbnail":["https:\/\/jinancuchem.com\/wp-content\/uploads\/2025\/07\/123-300x300.png",300,300,true],"woocommerce_single":["https:\/\/jinancuchem.com\/wp-content\/uploads\/2025\/07\/123-500x500.png",500,500,true],"woocommerce_gallery_thumbnail":["https:\/\/jinancuchem.com\/wp-content\/uploads\/2025\/07\/123-100x100.png",100,100,true]},"uagb_author_info":{"display_name":"jinxing6611@gmail.com","author_link":"https:\/\/jinancuchem.com\/es\/author\/"},"uagb_comment_info":0,"uagb_excerpt":"\u3010CAS\u30115949-29-1\u00a0\u00a0Molecular formula:C6H10O8\u00a0\u00a0Relative molecular\u00a0mass:210.1388 Structural formula: &nbsp; \u4e00\uff0eProduct Property\uff1a White Crystalline Powders, Colorless Crystals or Granules &nbsp; \u4e8c\uff0eQuality Index: Parameter Specification Appearance Colorless crystals or white crystalline powder Assay (C\u2086H\u2088O\u2087\u00b7H\u2082O) \u2265 99.5% Water Content 7.5% &#8211; 9.0% Sulfate (SO\u2084\u00b2\u207b) \u2264 0.03% Oxalate (C\u2082O\u2084\u00b2\u207b) \u2264 0.01% Heavy Metals (as Pb) \u2264 5 mg\/kg Arsenic (As) \u2264 1&hellip;","_links":{"self":[{"href":"https:\/\/jinancuchem.com\/es\/wp-json\/wp\/v2\/product\/5365","targetHints":{"allow":["GET"]}}],"collection":[{"href":"https:\/\/jinancuchem.com\/es\/wp-json\/wp\/v2\/product"}],"about":[{"href":"https:\/\/jinancuchem.com\/es\/wp-json\/wp\/v2\/types\/product"}],"wp:featuredmedia":[{"embeddable":true,"href":"https:\/\/jinancuchem.com\/es\/wp-json\/wp\/v2\/media\/5372"}],"wp:attachment":[{"href":"https:\/\/jinancuchem.com\/es\/wp-json\/wp\/v2\/media?parent=5365"}],"wp:term":[{"taxonomy":"product_brand","embeddable":true,"href":"https:\/\/jinancuchem.com\/es\/wp-json\/wp\/v2\/product_brand?post=5365"},{"taxonomy":"product_cat","embeddable":true,"href":"https:\/\/jinancuchem.com\/es\/wp-json\/wp\/v2\/product_cat?post=5365"},{"taxonomy":"product_tag","embeddable":true,"href":"https:\/\/jinancuchem.com\/es\/wp-json\/wp\/v2\/product_tag?post=5365"}],"curies":[{"name":"wp","href":"https:\/\/api.w.org\/{rel}","templated":true}]}}