{"id":5374,"date":"2025-07-25T09:48:35","date_gmt":"2025-07-25T09:48:35","guid":{"rendered":"https:\/\/jinancuchem.com\/?post_type=product&#038;p=5374"},"modified":"2025-08-01T19:02:15","modified_gmt":"2025-08-01T19:02:15","slug":"dl-lactic-acid","status":"publish","type":"product","link":"https:\/\/jinancuchem.com\/es\/producto\/dl-lactic-acid\/","title":{"rendered":"\u00c1cido DL-l\u00e1ctico"},"content":{"rendered":"<p>\u3010CAS\u3011598-82-3 F\u00f3rmula molecular:  C3H6O3 Masa molecular relativa:90.0705<\/p>\n<p>F\u00f3rmula estructural:<img alt=\"\" decoding=\"async\" class=\"alignnone size-full wp-image-5379\" src=\"https:\/\/jinancuchem.com\/wp-content\/uploads\/2025\/07\/\u56fe\u7247124.png\" width=\"125\" height=\"69\" srcset=\"https:\/\/jinancuchem.com\/wp-content\/uploads\/2025\/07\/\u56fe\u7247124.png 125w, https:\/\/jinancuchem.com\/wp-content\/uploads\/2025\/07\/\u56fe\u7247124-18x10.png 18w\" sizes=\"(max-width: 125px) 100vw, 125px\" \/><\/p>\n<p>&nbsp;<\/p>\n<h4>\u4e00\uff0ePropiedad del producto\uff1a<\/h4>\n<p>Acidez suave: El \u00e1cido l\u00e1ctico tiene un sabor \u00e1cido suave y es adecuado para condimentar.<\/p>\n<p>Efecto antimicrobiano: puede inhibir eficazmente el crecimiento de microorganismos pat\u00f3genos y prolongar la vida \u00fatil de los alimentos.<\/p>\n<p>Solubilidad en agua: El \u00e1cido l\u00e1ctico es f\u00e1cilmente soluble en agua y se puede mezclar con agua, etanol, etc. libremente, lo que lo hace conveniente para su uso.<\/p>\n<p>&nbsp;<\/p>\n<h4>\u4e8c\uff0e\u00cdndice de calidad:<\/h4>\n<table>\n<tbody>\n<tr>\n<td><strong><b>Par\u00e1metro<\/b><\/strong><\/td>\n<td><strong><b>Unidad<\/b><\/strong><\/td>\n<td><strong><b>Especificaci\u00f3n<\/b><\/strong><strong><b>\u00a0(calidad alimentaria)<\/b><\/strong><\/td>\n<\/tr>\n<tr>\n<td><strong><b>Apariencia<\/b><\/strong><\/td>\n<td>-<\/td>\n<td>L\u00edquido incoloro o amarillento<\/td>\n<\/tr>\n<tr>\n<td><strong><b>Ensayo (C\u2083H\u2086O\u2083)<\/b><\/strong><\/td>\n<td>% (p\/p)<\/td>\n<td>\u2265 80,0 (soluci\u00f3n acuosa)<\/td>\n<\/tr>\n<tr>\n<td><strong><b>Sulfato (SO\u2084\u00b2-)<\/b><\/strong><\/td>\n<td>% (p\/p)<\/td>\n<td>\u2264 0.005<\/td>\n<\/tr>\n<tr>\n<td><strong><b>Cloruro (Cl-)<\/b><\/strong><\/td>\n<td>% (p\/p)<\/td>\n<td>\u2264 0.002<\/td>\n<\/tr>\n<tr>\n<td><strong><b>Hierro (Fe)<\/b><\/strong><\/td>\n<td>mg\/kg<\/td>\n<td>\u2264 10<\/td>\n<\/tr>\n<tr>\n<td><strong><b>Metales pesados (como Pb)<\/b><\/strong><\/td>\n<td>mg\/kg<\/td>\n<td>\u2264 5<\/td>\n<\/tr>\n<tr>\n<td><strong><b>Ars\u00e9nico (As)<\/b><\/strong><\/td>\n<td>mg\/kg<\/td>\n<td>\u2264 1<\/td>\n<\/tr>\n<tr>\n<td><strong><b>Az\u00facares<\/b><\/strong><\/td>\n<td>-<\/td>\n<td>Pasa la prueba (sin reducci\u00f3n)<\/td>\n<\/tr>\n<tr>\n<td><strong><b>\u00c1cidos vol\u00e1tiles (como \u00e1cido ac\u00e9tico)<\/b><\/strong><\/td>\n<td>% (p\/p)<\/td>\n<td>\u2264 0.2<\/td>\n<\/tr>\n<tr>\n<td><strong><b>Residuos en el encendido<\/b><\/strong><\/td>\n<td>% (p\/p)<\/td>\n<td>\u2264 0.1<\/td>\n<\/tr>\n<tr>\n<td><strong><b>Cianuro (CN-)<\/b><\/strong><\/td>\n<td>mg\/kg<\/td>\n<td>\u2264 5<\/td>\n<\/tr>\n<tr>\n<td><strong><b>Oxalato (C\u2082O\u2084\u00b2-)<\/b><\/strong><\/td>\n<td>mg\/kg<\/td>\n<td>\u2264 100<\/td>\n<\/tr>\n<tr>\n<td><strong><b>L\u00edmites microbiol\u00f3gicos<\/b><\/strong><\/td>\n<td>-<\/td>\n<td>Ausencia de agentes pat\u00f3genos<\/td>\n<\/tr>\n<\/tbody>\n<\/table>\n<p>&nbsp;<\/p>\n<h4>\u4e09\uff0e\u00c1mbito de aplicaci\u00f3n y uso\uff1a<\/h4>\n<p>Industria alimentaria: El \u00e1cido l\u00e1ctico se utiliza ampliamente en alimentos como la carne, las bebidas, la elaboraci\u00f3n de vino, los dulces y el pan, ya que puede regular los niveles de pH, realzar el sabor y prolongar la vida \u00fatil.<\/p>\n<p>Productos l\u00e1cteos: Como ingrediente natural, el \u00e1cido l\u00e1ctico se utiliza ampliamente en yogures, quesos y helados, potenciando el sabor y las propiedades antimicrobianas.<\/p>\n<p>Productos c\u00e1rnicos: En el procesado de la carne se utilizan derivados como el lactato s\u00f3dico y el lactato pot\u00e1sico, que pueden absorber la humedad e inhibir el crecimiento de bacterias de deterioro. Bebidas: En zumos de fruta y refrescos, el \u00e1cido l\u00e1ctico sirve como acidulante, realzando el sabor y manteniendo la estabilidad del producto.<\/p>\n<p>&nbsp;<\/p>\n<h4>\u56db\uff0eEmbalaje y almacenamiento\uff1a<\/h4>\n<p>El \u00e1cido l\u00e1ctico suele envasarse en bidones de polietileno de alta densidad (HDPE) de 25 kg\/barril, contenedores de acero inoxidable o contenedores IBC de pl\u00e1stico alimentario para evitar la corrosi\u00f3n y la contaminaci\u00f3n. El envase debe estar herm\u00e9ticamente cerrado para evitar la absorci\u00f3n de humedad y la oxidaci\u00f3n.<\/p>\n<p>&nbsp;<\/p>\n<p>Para su almacenamiento, el \u00e1cido l\u00e1ctico debe conservarse en un lugar fresco, seco y bien ventilado, alejado de la luz solar directa, fuentes de calor y materiales incompatibles (por ejemplo, oxidantes fuertes).<\/p>","protected":false},"excerpt":{"rendered":"<p>\u3010CAS\u3011598-82-3\u00a0\u00a0Molecular formula:\u00a0 C3H6O3 \u00a0\u00a0Relative molecular\u00a0mass:90.0705 Structural formula: &nbsp; \u4e00\uff0eProduct Property\uff1a Soft acidity: Lactic acid has a mild acidic taste and is suitable for seasoning. Antimicrobial effect: It can effectively inhibit the growth of pathogenic microorganisms and extend the shelf life of food. Water solubility: Lactic acid is easily soluble in water and can be mixed [&hellip;]<\/p>\n","protected":false},"featured_media":5380,"template":"","meta":{"_seopress_robots_primary_cat":"","_seopress_titles_title":"","_seopress_titles_desc":"","_seopress_robots_index":"","_uag_custom_page_level_css":"","site-sidebar-layout":"default","site-content-layout":"","ast-site-content-layout":"default","site-content-style":"default","site-sidebar-style":"default","ast-global-header-display":"","ast-banner-title-visibility":"","ast-main-header-display":"","ast-hfb-above-header-display":"","ast-hfb-below-header-display":"","ast-hfb-mobile-header-display":"","site-post-title":"","ast-breadcrumbs-content":"","ast-featured-img":"","footer-sml-layout":"","theme-transparent-header-meta":"default","adv-header-id-meta":"","stick-header-meta":"default","header-above-stick-meta":"","header-main-stick-meta":"","header-below-stick-meta":"","astra-migrate-meta-layouts":"set","ast-page-background-enabled":"default","ast-page-background-meta":{"desktop":{"background-color":"","background-image":"","background-repeat":"repeat","background-position":"center center","background-size":"auto","background-attachment":"scroll","background-type":"","background-media":"","overlay-type":"","overlay-color":"","overlay-opacity":"","overlay-gradient":""},"tablet":{"background-color":"","background-image":"","background-repeat":"repeat","background-position":"center center","background-size":"auto","background-attachment":"scroll","background-type":"","background-media":"","overlay-type":"","overlay-color":"","overlay-opacity":"","overlay-gradient":""},"mobile":{"background-color":"","background-image":"","background-repeat":"repeat","background-position":"center center","background-size":"auto","background-attachment":"scroll","background-type":"","background-media":"","overlay-type":"","overlay-color":"","overlay-opacity":"","overlay-gradient":""}},"ast-content-background-meta":{"desktop":{"background-color":"var(--ast-global-color-5)","background-image":"","background-repeat":"repeat","background-position":"center center","background-size":"auto","background-attachment":"scroll","background-type":"","background-media":"","overlay-type":"","overlay-color":"","overlay-opacity":"","overlay-gradient":""},"tablet":{"background-color":"var(--ast-global-color-5)","background-image":"","background-repeat":"repeat","background-position":"center center","background-size":"auto","background-attachment":"scroll","background-type":"","background-media":"","overlay-type":"","overlay-color":"","overlay-opacity":"","overlay-gradient":""},"mobile":{"background-color":"var(--ast-global-color-5)","background-image":"","background-repeat":"repeat","background-position":"center center","background-size":"auto","background-attachment":"scroll","background-type":"","background-media":"","overlay-type":"","overlay-color":"","overlay-opacity":"","overlay-gradient":""}}},"product_brand":[],"product_cat":[67],"product_tag":[],"class_list":{"0":"post-5374","1":"product","2":"type-product","3":"status-publish","4":"has-post-thumbnail","6":"product_cat-food-additives","7":"desktop-align-left","8":"tablet-align-left","9":"mobile-align-left","10":"ast-product-gallery-layout-horizontal-slider","11":"ast-product-gallery-with-no-image","12":"ast-product-tabs-layout-horizontal","14":"first","15":"instock","16":"featured","17":"shipping-taxable","18":"product-type-simple"},"uagb_featured_image_src":{"full":["https:\/\/jinancuchem.com\/wp-content\/uploads\/2025\/07\/124.png",800,800,false],"thumbnail":["https:\/\/jinancuchem.com\/wp-content\/uploads\/2025\/07\/124-150x150.png",150,150,true],"medium":["https:\/\/jinancuchem.com\/wp-content\/uploads\/2025\/07\/124-300x300.png",300,300,true],"medium_large":["https:\/\/jinancuchem.com\/wp-content\/uploads\/2025\/07\/124-768x768.png",768,768,true],"large":["https:\/\/jinancuchem.com\/wp-content\/uploads\/2025\/07\/124.png",800,800,false],"1536x1536":["https:\/\/jinancuchem.com\/wp-content\/uploads\/2025\/07\/124.png",800,800,false],"2048x2048":["https:\/\/jinancuchem.com\/wp-content\/uploads\/2025\/07\/124.png",800,800,false],"trp-custom-language-flag":["https:\/\/jinancuchem.com\/wp-content\/uploads\/2025\/07\/124-12x12.png",12,12,true],"woocommerce_thumbnail":["https:\/\/jinancuchem.com\/wp-content\/uploads\/2025\/07\/124-300x300.png",300,300,true],"woocommerce_single":["https:\/\/jinancuchem.com\/wp-content\/uploads\/2025\/07\/124-500x500.png",500,500,true],"woocommerce_gallery_thumbnail":["https:\/\/jinancuchem.com\/wp-content\/uploads\/2025\/07\/124-100x100.png",100,100,true]},"uagb_author_info":{"display_name":"jinxing6611@gmail.com","author_link":"https:\/\/jinancuchem.com\/es\/author\/"},"uagb_comment_info":0,"uagb_excerpt":"\u3010CAS\u3011598-82-3\u00a0\u00a0Molecular formula:\u00a0 C3H6O3 \u00a0\u00a0Relative molecular\u00a0mass:90.0705 Structural formula: &nbsp; \u4e00\uff0eProduct Property\uff1a Soft acidity: Lactic acid has a mild acidic taste and is suitable for seasoning. Antimicrobial effect: It can effectively inhibit the growth of pathogenic microorganisms and extend the shelf life of food. Water solubility: Lactic acid is easily soluble in water and can be mixed&hellip;","_links":{"self":[{"href":"https:\/\/jinancuchem.com\/es\/wp-json\/wp\/v2\/product\/5374","targetHints":{"allow":["GET"]}}],"collection":[{"href":"https:\/\/jinancuchem.com\/es\/wp-json\/wp\/v2\/product"}],"about":[{"href":"https:\/\/jinancuchem.com\/es\/wp-json\/wp\/v2\/types\/product"}],"wp:featuredmedia":[{"embeddable":true,"href":"https:\/\/jinancuchem.com\/es\/wp-json\/wp\/v2\/media\/5380"}],"wp:attachment":[{"href":"https:\/\/jinancuchem.com\/es\/wp-json\/wp\/v2\/media?parent=5374"}],"wp:term":[{"taxonomy":"product_brand","embeddable":true,"href":"https:\/\/jinancuchem.com\/es\/wp-json\/wp\/v2\/product_brand?post=5374"},{"taxonomy":"product_cat","embeddable":true,"href":"https:\/\/jinancuchem.com\/es\/wp-json\/wp\/v2\/product_cat?post=5374"},{"taxonomy":"product_tag","embeddable":true,"href":"https:\/\/jinancuchem.com\/es\/wp-json\/wp\/v2\/product_tag?post=5374"}],"curies":[{"name":"wp","href":"https:\/\/api.w.org\/{rel}","templated":true}]}}