{"id":5402,"date":"2025-07-25T09:55:13","date_gmt":"2025-07-25T09:55:13","guid":{"rendered":"https:\/\/jinancuchem.com\/?post_type=product&#038;p=5402"},"modified":"2025-07-25T09:55:14","modified_gmt":"2025-07-25T09:55:14","slug":"ethyl-acetate-2","status":"publish","type":"product","link":"https:\/\/jinancuchem.com\/es\/producto\/ethyl-acetate-2\/","title":{"rendered":"Acetato de etilo"},"content":{"rendered":"<p>CAS: 141-78-6<br \/>\nF\u00f3rmula molecular: C\u2084H\u2088O\u2082<br \/>\nMasa molecular relativa: 88,11<br \/>\nF\u00f3rmula estructural:<img alt=\"\" fetchpriority=\"high\" decoding=\"async\" class=\"alignnone size-medium wp-image-5409\" src=\"https:\/\/jinancuchem.com\/wp-content\/uploads\/2025\/07\/\u672a\u6807\u9898-2-34-300x300.jpg\" width=\"300\" height=\"300\" srcset=\"https:\/\/jinancuchem.com\/wp-content\/uploads\/2025\/07\/\u672a\u6807\u9898-2-34-300x300.jpg 300w, https:\/\/jinancuchem.com\/wp-content\/uploads\/2025\/07\/\u672a\u6807\u9898-2-34-150x150.jpg 150w, https:\/\/jinancuchem.com\/wp-content\/uploads\/2025\/07\/\u672a\u6807\u9898-2-34-12x12.jpg 12w, https:\/\/jinancuchem.com\/wp-content\/uploads\/2025\/07\/\u672a\u6807\u9898-2-34-100x100.jpg 100w, https:\/\/jinancuchem.com\/wp-content\/uploads\/2025\/07\/\u672a\u6807\u9898-2-34.jpg 400w\" sizes=\"(max-width: 300px) 100vw, 300px\" \/><\/p>\n<h3>1.Propiedad del producto<\/h3>\n<p>&nbsp;<\/p>\n<p>El acetato de etilo es un l\u00edquido incoloro y fragante con olor afrutado a pera. Es muy vol\u00e1til, miscible con la mayor\u00eda de los disolventes org\u00e1nicos y parcialmente soluble en agua (8,3 % a 20 \u00b0C). Punto de ebullici\u00f3n 77 \u00b0C, densidad 0,902 g cm-\u00b3 a 20 \u00b0C, punto de inflamaci\u00f3n -4 \u00b0C; los vapores forman mezclas explosivas con el aire.<\/p>\n<h3>2.Norma t\u00e9cnica<\/h3>\n<p>&nbsp;<\/p>\n<table>\n<tbody>\n<tr>\n<td><strong><b>Par\u00e1metro<\/b><\/strong><\/td>\n<td><strong><b>Especificaci\u00f3n<\/b><\/strong><\/td>\n<\/tr>\n<tr>\n<td>Apariencia<\/td>\n<td>L\u00edquido incoloro<\/td>\n<\/tr>\n<tr>\n<td>Pureza (GC)<\/td>\n<td>\u2265 99,9 %<\/td>\n<\/tr>\n<tr>\n<td>Contenido en agua<\/td>\n<td>\u2264 0,05 %<\/td>\n<\/tr>\n<tr>\n<td>Acidez (como \u00e1cido ac\u00e9tico)<\/td>\n<td>\u2264 0,005 %<\/td>\n<\/tr>\n<tr>\n<td>Color (APHA)<\/td>\n<td>\u2264 10<\/td>\n<\/tr>\n<\/tbody>\n<\/table>\n<h3>3.\u00c1mbito de aplicaci\u00f3n y uso<\/h3>\n<p>El acetato de etilo es uno de los \u00e9steres de \u00e1cidos grasos m\u00e1s utilizados. Es un disolvente de secado r\u00e1pido con una excelente solubilidad y es un excelente disolvente industrial. Tambi\u00e9n puede utilizarse como eluyente en cromatograf\u00eda en columna. Puede utilizarse para nitrocelulosa, etilcelulosa, caucho clorado y resinas de vinilo, \u00e9steres de acetato de celulosa, acetato de butilo de celulosa y caucho sint\u00e9tico. Tambi\u00e9n puede utilizarse como tinta l\u00edquida de nitrocelulosa para fotocopiadoras. Puede utilizarse como disolvente para adhesivos y diluyente para pintura. El acetato de etilo es un disolvente muy eficaz para muchos tipos de resinas y se utiliza mucho en la producci\u00f3n de tintas y en la fabricaci\u00f3n de cuero artificial. Se utiliza como reactivo anal\u00edtico, sustancia patr\u00f3n para an\u00e1lisis cromatogr\u00e1ficos y disolvente.<\/p>\n<p>&nbsp;<\/p>\n<h3>4.Embalaje y almacenamiento<\/h3>\n<p>&nbsp;<\/p>\n<p>El acetato de etilo se suministra en bidones de acero con revestimiento epoxi de 180 kg, contenedores cisterna ISO de 20 m\u00b3 o contenedores IBC de 1.000 litros. Cantidades m\u00e1s peque\u00f1as est\u00e1n disponibles en latas de HDPE de 20 L aprobadas por la ONU. Almacenar en un lugar fresco y bien ventilado por debajo de 30 \u00b0C, lejos de oxidantes, \u00e1cidos y fuentes de ignici\u00f3n. Mantener los recipientes bien cerrados y conectados el\u00e9ctricamente a tierra durante el trasvase para evitar descargas est\u00e1ticas y mantener la calidad del producto.<\/p>","protected":false},"excerpt":{"rendered":"<p>CAS: 141-78-6 Molecular formula: C\u2084H\u2088O\u2082 Relative molecular mass: 88.11 Structural formula: 1.Product Property &nbsp; Ethyl acetate is a colorless, fragrant liquid with a fruity pear-like odor. It is highly volatile, miscible with most organic solvents and partially soluble in water (8.3 % at 20 \u00b0C). Boiling point 77 \u00b0C, density 0.902 g cm\u207b\u00b3 at 20 [&hellip;]<\/p>\n","protected":false},"featured_media":5409,"template":"","meta":{"_seopress_robots_primary_cat":"","_seopress_titles_title":"","_seopress_titles_desc":"","_seopress_robots_index":"","_uag_custom_page_level_css":"","site-sidebar-layout":"default","site-content-layout":"","ast-site-content-layout":"default","site-content-style":"default","site-sidebar-style":"default","ast-global-header-display":"","ast-banner-title-visibility":"","ast-main-header-display":"","ast-hfb-above-header-display":"","ast-hfb-below-header-display":"","ast-hfb-mobile-header-display":"","site-post-title":"","ast-breadcrumbs-content":"","ast-featured-img":"","footer-sml-layout":"","theme-transparent-header-meta":"default","adv-header-id-meta":"","stick-header-meta":"default","header-above-stick-meta":"","header-main-stick-meta":"","header-below-stick-meta":"","astra-migrate-meta-layouts":"set","ast-page-background-enabled":"default","ast-page-background-meta":{"desktop":{"background-color":"","background-image":"","background-repeat":"repeat","background-position":"center center","background-size":"auto","background-attachment":"scroll","background-type":"","background-media":"","overlay-type":"","overlay-color":"","overlay-opacity":"","overlay-gradient":""},"tablet":{"background-color":"","background-image":"","background-repeat":"repeat","background-position":"center center","background-size":"auto","background-attachment":"scroll","background-type":"","background-media":"","overlay-type":"","overlay-color":"","overlay-opacity":"","overlay-gradient":""},"mobile":{"background-color":"","background-image":"","background-repeat":"repeat","background-position":"center center","background-size":"auto","background-attachment":"scroll","background-type":"","background-media":"","overlay-type":"","overlay-color":"","overlay-opacity":"","overlay-gradient":""}},"ast-content-background-meta":{"desktop":{"background-color":"var(--ast-global-color-5)","background-image":"","background-repeat":"repeat","background-position":"center center","background-size":"auto","background-attachment":"scroll","background-type":"","background-media":"","overlay-type":"","overlay-color":"","overlay-opacity":"","overlay-gradient":""},"tablet":{"background-color":"var(--ast-global-color-5)","background-image":"","background-repeat":"repeat","background-position":"center center","background-size":"auto","background-attachment":"scroll","background-type":"","background-media":"","overlay-type":"","overlay-color":"","overlay-opacity":"","overlay-gradient":""},"mobile":{"background-color":"var(--ast-global-color-5)","background-image":"","background-repeat":"repeat","background-position":"center center","background-size":"auto","background-attachment":"scroll","background-type":"","background-media":"","overlay-type":"","overlay-color":"","overlay-opacity":"","overlay-gradient":""}}},"product_brand":[],"product_cat":[69],"product_tag":[],"class_list":{"0":"post-5402","1":"product","2":"type-product","3":"status-publish","4":"has-post-thumbnail","6":"product_cat-daily-chemical-product","7":"desktop-align-left","8":"tablet-align-left","9":"mobile-align-left","10":"ast-product-gallery-layout-horizontal-slider","11":"ast-product-gallery-with-no-image","12":"ast-product-tabs-layout-horizontal","14":"first","15":"instock","16":"shipping-taxable","17":"product-type-simple"},"uagb_featured_image_src":{"full":["https:\/\/jinancuchem.com\/wp-content\/uploads\/2025\/07\/\u672a\u6807\u9898-2-34.jpg",400,400,false],"thumbnail":["https:\/\/jinancuchem.com\/wp-content\/uploads\/2025\/07\/\u672a\u6807\u9898-2-34-150x150.jpg",150,150,true],"medium":["https:\/\/jinancuchem.com\/wp-content\/uploads\/2025\/07\/\u672a\u6807\u9898-2-34-300x300.jpg",300,300,true],"medium_large":["https:\/\/jinancuchem.com\/wp-content\/uploads\/2025\/07\/\u672a\u6807\u9898-2-34.jpg",400,400,false],"large":["https:\/\/jinancuchem.com\/wp-content\/uploads\/2025\/07\/\u672a\u6807\u9898-2-34.jpg",400,400,false],"1536x1536":["https:\/\/jinancuchem.com\/wp-content\/uploads\/2025\/07\/\u672a\u6807\u9898-2-34.jpg",400,400,false],"2048x2048":["https:\/\/jinancuchem.com\/wp-content\/uploads\/2025\/07\/\u672a\u6807\u9898-2-34.jpg",400,400,false],"trp-custom-language-flag":["https:\/\/jinancuchem.com\/wp-content\/uploads\/2025\/07\/\u672a\u6807\u9898-2-34-12x12.jpg",12,12,true],"woocommerce_thumbnail":["https:\/\/jinancuchem.com\/wp-content\/uploads\/2025\/07\/\u672a\u6807\u9898-2-34-300x300.jpg",300,300,true],"woocommerce_single":["https:\/\/jinancuchem.com\/wp-content\/uploads\/2025\/07\/\u672a\u6807\u9898-2-34.jpg",400,400,false],"woocommerce_gallery_thumbnail":["https:\/\/jinancuchem.com\/wp-content\/uploads\/2025\/07\/\u672a\u6807\u9898-2-34-100x100.jpg",100,100,true]},"uagb_author_info":{"display_name":"jinxing6611@gmail.com","author_link":"https:\/\/jinancuchem.com\/es\/author\/"},"uagb_comment_info":0,"uagb_excerpt":"CAS: 141-78-6 Molecular formula: C\u2084H\u2088O\u2082 Relative molecular mass: 88.11 Structural formula: 1.Product Property &nbsp; Ethyl acetate is a colorless, fragrant liquid with a fruity pear-like odor. It is highly volatile, miscible with most organic solvents and partially soluble in water (8.3 % at 20 \u00b0C). Boiling point 77 \u00b0C, density 0.902 g cm\u207b\u00b3 at 20&hellip;","_links":{"self":[{"href":"https:\/\/jinancuchem.com\/es\/wp-json\/wp\/v2\/product\/5402","targetHints":{"allow":["GET"]}}],"collection":[{"href":"https:\/\/jinancuchem.com\/es\/wp-json\/wp\/v2\/product"}],"about":[{"href":"https:\/\/jinancuchem.com\/es\/wp-json\/wp\/v2\/types\/product"}],"wp:featuredmedia":[{"embeddable":true,"href":"https:\/\/jinancuchem.com\/es\/wp-json\/wp\/v2\/media\/5409"}],"wp:attachment":[{"href":"https:\/\/jinancuchem.com\/es\/wp-json\/wp\/v2\/media?parent=5402"}],"wp:term":[{"taxonomy":"product_brand","embeddable":true,"href":"https:\/\/jinancuchem.com\/es\/wp-json\/wp\/v2\/product_brand?post=5402"},{"taxonomy":"product_cat","embeddable":true,"href":"https:\/\/jinancuchem.com\/es\/wp-json\/wp\/v2\/product_cat?post=5402"},{"taxonomy":"product_tag","embeddable":true,"href":"https:\/\/jinancuchem.com\/es\/wp-json\/wp\/v2\/product_tag?post=5402"}],"curies":[{"name":"wp","href":"https:\/\/api.w.org\/{rel}","templated":true}]}}