{"id":5403,"date":"2025-07-25T09:54:53","date_gmt":"2025-07-25T09:54:53","guid":{"rendered":"https:\/\/jinancuchem.com\/?post_type=product&#038;p=5403"},"modified":"2025-07-25T09:54:53","modified_gmt":"2025-07-25T09:54:53","slug":"meso-erythritol","status":"publish","type":"product","link":"https:\/\/jinancuchem.com\/es\/producto\/meso-erythritol\/","title":{"rendered":"meso-Eritritol"},"content":{"rendered":"<p>\u3010CAS\u3011149-32-6 F\u00f3rmula molecular: C4H10O4 Masa molecular relativa:122.1198<\/p>\n<p>F\u00f3rmula estructural:<img alt=\"\" decoding=\"async\" class=\"alignnone size-full wp-image-5408\" src=\"https:\/\/jinancuchem.com\/wp-content\/uploads\/2025\/07\/\u56fe\u7247128.png\" width=\"183\" height=\"78\" srcset=\"https:\/\/jinancuchem.com\/wp-content\/uploads\/2025\/07\/\u56fe\u7247128.png 183w, https:\/\/jinancuchem.com\/wp-content\/uploads\/2025\/07\/\u56fe\u7247128-18x8.png 18w\" sizes=\"(max-width: 183px) 100vw, 183px\" \/><\/p>\n<p>&nbsp;<\/p>\n<h4>\u4e00\uff0ePropiedad del producto\uff1a<\/h4>\n<p>El eritritol es un tipo de compuesto de poliol C4 cristalino de color blanco con ventajas \u00fanicas como su bajo contenido cal\u00f3rico, su dulzor puro y su sabor refrescante. Comparado con la sacarosa, el eritritol tiene un contenido cal\u00f3rico de s\u00f3lo 0,4 kcal\/g, pero su dulzor alcanza 60-80% del de la sacarosa . El efecto refrescante que aporta su elevado calor de disoluci\u00f3n tambi\u00e9n le confiere un sabor refrescante caracter\u00edstico.<\/p>\n<p>&nbsp;<\/p>\n<h4>\u4e8c\uff0e\u00cdndice de calidad:<\/h4>\n<table>\n<tbody>\n<tr>\n<td><strong><b>Par\u00e1metro<\/b><\/strong><\/td>\n<td><strong><b>Unidad<\/b><\/strong><\/td>\n<td><strong><b>Especificaci\u00f3n (grado alimentario)<\/b><\/strong><\/td>\n<\/tr>\n<tr>\n<td><strong><b>Apariencia<\/b><\/strong><\/td>\n<td>-<\/td>\n<td>Polvo cristalino blanco<\/td>\n<\/tr>\n<tr>\n<td><strong><b>Ensayo (C\u2084H\u2081\u2080O\u2084)<\/b><\/strong><\/td>\n<td>% (p\/p)<\/td>\n<td>\u2265 99.5<\/td>\n<\/tr>\n<tr>\n<td><strong><b>P\u00e9rdida por secado<\/b><\/strong><\/td>\n<td>% (p\/p)<\/td>\n<td>\u2264 0.2<\/td>\n<\/tr>\n<tr>\n<td><strong><b>Residuos en el encendido<\/b><\/strong><\/td>\n<td>% (p\/p)<\/td>\n<td>\u2264 0.1<\/td>\n<\/tr>\n<tr>\n<td><strong><b>Az\u00facares reductores<\/b><\/strong><\/td>\n<td>% (p\/p)<\/td>\n<td>\u2264 0.3<\/td>\n<\/tr>\n<tr>\n<td><strong><b>Metales pesados (como Pb)<\/b><\/strong><\/td>\n<td>mg\/kg<\/td>\n<td>\u2264 5<\/td>\n<\/tr>\n<tr>\n<td><strong><b>Ars\u00e9nico (As)<\/b><\/strong><\/td>\n<td>mg\/kg<\/td>\n<td>\u2264 1<\/td>\n<\/tr>\n<tr>\n<td><strong><b>Sulfato (SO\u2084\u00b2-)<\/b><\/strong><\/td>\n<td>% (p\/p)<\/td>\n<td>\u2264 0.01<\/td>\n<\/tr>\n<tr>\n<td><strong><b>Cloruro (Cl-)<\/b><\/strong><\/td>\n<td>% (p\/p)<\/td>\n<td>\u2264 0.003<\/td>\n<\/tr>\n<tr>\n<td><strong><b>Plomo (Pb)<\/b><\/strong><\/td>\n<td>mg\/kg<\/td>\n<td>\u2264 1<\/td>\n<\/tr>\n<tr>\n<td><strong><b>N\u00edquel (Ni)<\/b><\/strong><\/td>\n<td>mg\/kg<\/td>\n<td>\u2264 2<\/td>\n<\/tr>\n<\/tbody>\n<\/table>\n<p>&nbsp;<\/p>\n<h4>\u4e09.\u00c1mbito de aplicaci\u00f3n y uso\uff1a<\/h4>\n<p>El eritritol, con sus excelentes propiedades f\u00edsicas y fisiol\u00f3gicas, tiene una gama muy amplia de aplicaciones en la industria alimentaria. Puede utilizarse como diluyente de edulcorantes bajos en calor\u00edas o edulcorantes de alto contenido en az\u00facar y se aplica en alimentos como caramelos (incluidos los productos de chocolate), productos l\u00e1cteos\/bebidas\/alcohol, productos de panader\u00eda, refrescos, caramelos, bebidas s\u00f3lidas, etc. El eritritol tambi\u00e9n se utiliza ampliamente en otros alimentos, como productos l\u00e1cteos, helados, reposter\u00eda, edulcorantes de mesa, etc.<\/p>\n<p>&nbsp;<\/p>\n<h4>\u56db\uff0eEmbalaje y almacenamiento\uff1a<\/h4>\n<p>El envase de este producto es de 25 kilogramos por saco.<\/p>\n<p>El eritritol alimentario suele envasarse en bolsas de papel kraft, bolsas tejidas o bolsas compuestas de papel de aluminio forradas con bolsas de polietileno (PE) alimentario.<\/p>\n<p>Debe almacenarse en un almac\u00e9n fresco, seco y bien ventilado, evitando la luz solar directa y las condiciones de humedad y temperatura elevadas. Se recomienda una temperatura \u2264 30\u2103 y una humedad relativa \u2264 60%. Mantener alejado de olores y sustancias corrosivas. Preste atenci\u00f3n a la prevenci\u00f3n de la humedad al apilar. La vida \u00fatil de los productos sin abrir es generalmente de 24 meses. Una vez abierto, debe sellarse para su almacenamiento para evitar que se apelmace.<\/p>","protected":false},"excerpt":{"rendered":"<p>\u3010CAS\u3011149-32-6\u00a0\u00a0Molecular formula: C4H10O4 Relative molecular\u00a0mass:122.1198 Structural formula: &nbsp; \u4e00\uff0eProduct Property\uff1a Erythritol is a type of white crystalline C4 polyol compound with unique advantages such as low calorie content, pure sweetness, and refreshing taste. Compared to sucrose, erythritol has a calorie content of only 0.4 kcal\/g, but its sweetness reaches 60-80% of that of sucrose . [&hellip;]<\/p>\n","protected":false},"featured_media":5410,"template":"","meta":{"_seopress_robots_primary_cat":"","_seopress_titles_title":"","_seopress_titles_desc":"","_seopress_robots_index":"","_uag_custom_page_level_css":"","site-sidebar-layout":"default","site-content-layout":"","ast-site-content-layout":"default","site-content-style":"default","site-sidebar-style":"default","ast-global-header-display":"","ast-banner-title-visibility":"","ast-main-header-display":"","ast-hfb-above-header-display":"","ast-hfb-below-header-display":"","ast-hfb-mobile-header-display":"","site-post-title":"","ast-breadcrumbs-content":"","ast-featured-img":"","footer-sml-layout":"","theme-transparent-header-meta":"default","adv-header-id-meta":"","stick-header-meta":"default","header-above-stick-meta":"","header-main-stick-meta":"","header-below-stick-meta":"","astra-migrate-meta-layouts":"set","ast-page-background-enabled":"default","ast-page-background-meta":{"desktop":{"background-color":"","background-image":"","background-repeat":"repeat","background-position":"center center","background-size":"auto","background-attachment":"scroll","background-type":"","background-media":"","overlay-type":"","overlay-color":"","overlay-opacity":"","overlay-gradient":""},"tablet":{"background-color":"","background-image":"","background-repeat":"repeat","background-position":"center center","background-size":"auto","background-attachment":"scroll","background-type":"","background-media":"","overlay-type":"","overlay-color":"","overlay-opacity":"","overlay-gradient":""},"mobile":{"background-color":"","background-image":"","background-repeat":"repeat","background-position":"center center","background-size":"auto","background-attachment":"scroll","background-type":"","background-media":"","overlay-type":"","overlay-color":"","overlay-opacity":"","overlay-gradient":""}},"ast-content-background-meta":{"desktop":{"background-color":"var(--ast-global-color-5)","background-image":"","background-repeat":"repeat","background-position":"center center","background-size":"auto","background-attachment":"scroll","background-type":"","background-media":"","overlay-type":"","overlay-color":"","overlay-opacity":"","overlay-gradient":""},"tablet":{"background-color":"var(--ast-global-color-5)","background-image":"","background-repeat":"repeat","background-position":"center center","background-size":"auto","background-attachment":"scroll","background-type":"","background-media":"","overlay-type":"","overlay-color":"","overlay-opacity":"","overlay-gradient":""},"mobile":{"background-color":"var(--ast-global-color-5)","background-image":"","background-repeat":"repeat","background-position":"center center","background-size":"auto","background-attachment":"scroll","background-type":"","background-media":"","overlay-type":"","overlay-color":"","overlay-opacity":"","overlay-gradient":""}}},"product_brand":[],"product_cat":[67],"product_tag":[],"class_list":{"0":"post-5403","1":"product","2":"type-product","3":"status-publish","4":"has-post-thumbnail","6":"product_cat-food-additives","7":"desktop-align-left","8":"tablet-align-left","9":"mobile-align-left","10":"ast-product-gallery-layout-horizontal-slider","11":"ast-product-gallery-with-no-image","12":"ast-product-tabs-layout-horizontal","14":"first","15":"instock","16":"shipping-taxable","17":"product-type-simple"},"uagb_featured_image_src":{"full":["https:\/\/jinancuchem.com\/wp-content\/uploads\/2025\/07\/128.png",800,800,false],"thumbnail":["https:\/\/jinancuchem.com\/wp-content\/uploads\/2025\/07\/128-150x150.png",150,150,true],"medium":["https:\/\/jinancuchem.com\/wp-content\/uploads\/2025\/07\/128-300x300.png",300,300,true],"medium_large":["https:\/\/jinancuchem.com\/wp-content\/uploads\/2025\/07\/128-768x768.png",768,768,true],"large":["https:\/\/jinancuchem.com\/wp-content\/uploads\/2025\/07\/128.png",800,800,false],"1536x1536":["https:\/\/jinancuchem.com\/wp-content\/uploads\/2025\/07\/128.png",800,800,false],"2048x2048":["https:\/\/jinancuchem.com\/wp-content\/uploads\/2025\/07\/128.png",800,800,false],"trp-custom-language-flag":["https:\/\/jinancuchem.com\/wp-content\/uploads\/2025\/07\/128-12x12.png",12,12,true],"woocommerce_thumbnail":["https:\/\/jinancuchem.com\/wp-content\/uploads\/2025\/07\/128-300x300.png",300,300,true],"woocommerce_single":["https:\/\/jinancuchem.com\/wp-content\/uploads\/2025\/07\/128-500x500.png",500,500,true],"woocommerce_gallery_thumbnail":["https:\/\/jinancuchem.com\/wp-content\/uploads\/2025\/07\/128-100x100.png",100,100,true]},"uagb_author_info":{"display_name":"jinxing6611@gmail.com","author_link":"https:\/\/jinancuchem.com\/es\/author\/"},"uagb_comment_info":0,"uagb_excerpt":"\u3010CAS\u3011149-32-6\u00a0\u00a0Molecular formula: C4H10O4 Relative molecular\u00a0mass:122.1198 Structural formula: &nbsp; \u4e00\uff0eProduct Property\uff1a Erythritol is a type of white crystalline C4 polyol compound with unique advantages such as low calorie content, pure sweetness, and refreshing taste. Compared to sucrose, erythritol has a calorie content of only 0.4 kcal\/g, but its sweetness reaches 60-80% of that of sucrose .&hellip;","_links":{"self":[{"href":"https:\/\/jinancuchem.com\/es\/wp-json\/wp\/v2\/product\/5403","targetHints":{"allow":["GET"]}}],"collection":[{"href":"https:\/\/jinancuchem.com\/es\/wp-json\/wp\/v2\/product"}],"about":[{"href":"https:\/\/jinancuchem.com\/es\/wp-json\/wp\/v2\/types\/product"}],"wp:featuredmedia":[{"embeddable":true,"href":"https:\/\/jinancuchem.com\/es\/wp-json\/wp\/v2\/media\/5410"}],"wp:attachment":[{"href":"https:\/\/jinancuchem.com\/es\/wp-json\/wp\/v2\/media?parent=5403"}],"wp:term":[{"taxonomy":"product_brand","embeddable":true,"href":"https:\/\/jinancuchem.com\/es\/wp-json\/wp\/v2\/product_brand?post=5403"},{"taxonomy":"product_cat","embeddable":true,"href":"https:\/\/jinancuchem.com\/es\/wp-json\/wp\/v2\/product_cat?post=5403"},{"taxonomy":"product_tag","embeddable":true,"href":"https:\/\/jinancuchem.com\/es\/wp-json\/wp\/v2\/product_tag?post=5403"}],"curies":[{"name":"wp","href":"https:\/\/api.w.org\/{rel}","templated":true}]}}