{"id":5412,"date":"2025-07-25T09:56:51","date_gmt":"2025-07-25T09:56:51","guid":{"rendered":"https:\/\/jinancuchem.com\/?post_type=product&#038;p=5412"},"modified":"2025-07-25T09:56:51","modified_gmt":"2025-07-25T09:56:51","slug":"glucono-%ce%b4-lactone-usp26-fcciv","status":"publish","type":"product","link":"https:\/\/jinancuchem.com\/es\/producto\/glucono-%ce%b4-lactone-usp26-fcciv\/","title":{"rendered":"Glucono-\u03b4-lactona USP26 FCCIV"},"content":{"rendered":"<p>\u3010CAS\u301190-80-2 F\u00f3rmula molecular:C6H10O6 Masa molecular relativa:178.14<\/p>\n<p>F\u00f3rmula estructural:<img alt=\"\" decoding=\"async\" class=\"alignnone size-full wp-image-5415\" src=\"https:\/\/jinancuchem.com\/wp-content\/uploads\/2025\/07\/\u56fe\u7247129.png\" width=\"265\" height=\"162\" srcset=\"https:\/\/jinancuchem.com\/wp-content\/uploads\/2025\/07\/\u56fe\u7247129.png 265w, https:\/\/jinancuchem.com\/wp-content\/uploads\/2025\/07\/\u56fe\u7247129-18x12.png 18w\" sizes=\"(max-width: 265px) 100vw, 265px\" \/><\/p>\n<p>&nbsp;<\/p>\n<h4>\u4e00\uff0ePropiedad del producto\uff1a<\/h4>\n<p>Cristalino blanco o polvo cristalino blanco, casi inodoro, de sabor inicialmente dulce y luego agrio. Soluble en agua.<\/p>\n<p>&nbsp;<\/p>\n<h4>\u4e8c\uff0e\u00cdndice de calidad:<\/h4>\n<table>\n<tbody>\n<tr>\n<td><strong><b>Par\u00e1metro<\/b><\/strong><\/td>\n<td><strong><b>Unidad<\/b><\/strong><\/td>\n<td><strong><b>Especificaci\u00f3n (grado alimentario)<\/b><\/strong><\/td>\n<\/tr>\n<tr>\n<td><strong><b>Apariencia<\/b><\/strong><\/td>\n<td>-<\/td>\n<td>Polvo cristalino blanco<\/td>\n<\/tr>\n<tr>\n<td><strong><b>Ensayo (C\u2086H\u2081\u2080O\u2086)<\/b><\/strong><\/td>\n<td>% (p\/p)<\/td>\n<td>\u2265 99.0<\/td>\n<\/tr>\n<tr>\n<td><strong><b>P\u00e9rdida por secado<\/b><\/strong><\/td>\n<td>% (p\/p)<\/td>\n<td>\u2264 0.5<\/td>\n<\/tr>\n<tr>\n<td><strong><b>Residuos en el encendido<\/b><\/strong><\/td>\n<td>% (p\/p)<\/td>\n<td>\u2264 0.05<\/td>\n<\/tr>\n<tr>\n<td><strong><b>Metales pesados (como Pb)<\/b><\/strong><\/td>\n<td>mg\/kg<\/td>\n<td>\u2264 10<\/td>\n<\/tr>\n<tr>\n<td><strong><b>Ars\u00e9nico (As)<\/b><\/strong><\/td>\n<td>mg\/kg<\/td>\n<td>\u2264 3<\/td>\n<\/tr>\n<tr>\n<td><strong><b>Hierro (Fe)<\/b><\/strong><\/td>\n<td>mg\/kg<\/td>\n<td>\u2264 20<\/td>\n<\/tr>\n<tr>\n<td><strong><b>Cloruro (Cl-)<\/b><\/strong><\/td>\n<td>% (p\/p)<\/td>\n<td>\u2264 0.02<\/td>\n<\/tr>\n<tr>\n<td><strong><b>Sulfato (SO\u2084\u00b2-)<\/b><\/strong><\/td>\n<td>% (p\/p)<\/td>\n<td>\u2264 0.03<\/td>\n<\/tr>\n<tr>\n<td><strong><b>Calcio (Ca)<\/b><\/strong><\/td>\n<td>% (p\/p)<\/td>\n<td>\u2264 0.03<\/td>\n<\/tr>\n<tr>\n<td><strong><b>pH (soluci\u00f3n 1%)<\/b><\/strong><\/td>\n<td>-<\/td>\n<td>3.5-4.5<\/td>\n<\/tr>\n<tr>\n<td><strong><b>L\u00edmites microbiol\u00f3gicos<\/b><\/strong><\/td>\n<td>-<\/td>\n<td>Recuento total en placa \u2264 1000 UFC\/g; Sin pat\u00f3genos.<\/td>\n<\/tr>\n<\/tbody>\n<\/table>\n<p>&nbsp;<\/p>\n<h4>\u4e09.\u00c1mbito de aplicaci\u00f3n y uso\uff1a<\/h4>\n<p>El \u00e1cido glucur\u00f3nico-\u03b4-lactona se utiliza como coagulante y se emplea principalmente en la producci\u00f3n de tofu. Tambi\u00e9n puede utilizarse como coagulante prote\u00ednico para productos l\u00e1cteos.<\/p>\n<p>&nbsp;<\/p>\n<h4>\u56db\uff0eEmbalaje y almacenamiento\uff1a<\/h4>\n<p>El envase de este producto es de 10 unidades \/ bolsa.<\/p>\n<p>Debe almacenarse en un almac\u00e9n fresco, seco y bien ventilado, evitando la luz solar directa y las condiciones de humedad y temperatura elevadas. Se recomienda una temperatura \u2264 30\u2103 y una humedad relativa \u2264 65%. Mantener alejado de sustancias corrosivas como \u00e1cidos y \u00e1lcalis. Preste atenci\u00f3n a la resistencia a la humedad y a la presi\u00f3n al apilar. La vida \u00fatil de los productos sin abrir es generalmente de 24 meses. Una vez abierto, es necesario sellarlo estrictamente para evitar la absorci\u00f3n de humedad y el apelmazamiento.<\/p>","protected":false},"excerpt":{"rendered":"<p>\u3010CAS\u301190-80-2\u00a0\u00a0Molecular formula:C6H10O6 Relative molecular\u00a0mass:178.14 Structural formula: &nbsp; \u4e00\uff0eProduct Property\uff1a White crystalline or white crystalline powder, almost odorless, initially sweet and then sour in taste. Soluble in water. &nbsp; \u4e8c\uff0eQuality Index: Parameter Unit Specification (Food Grade) Appearance \u2014 White crystalline powder Assay (C\u2086H\u2081\u2080O\u2086) % (w\/w) \u2265 99.0 Loss on Drying % (w\/w) \u2264 0.5 Residue on [&hellip;]<\/p>\n","protected":false},"featured_media":5418,"template":"","meta":{"_seopress_robots_primary_cat":"","_seopress_titles_title":"","_seopress_titles_desc":"","_seopress_robots_index":"","_uag_custom_page_level_css":"","site-sidebar-layout":"default","site-content-layout":"","ast-site-content-layout":"default","site-content-style":"default","site-sidebar-style":"default","ast-global-header-display":"","ast-banner-title-visibility":"","ast-main-header-display":"","ast-hfb-above-header-display":"","ast-hfb-below-header-display":"","ast-hfb-mobile-header-display":"","site-post-title":"","ast-breadcrumbs-content":"","ast-featured-img":"","footer-sml-layout":"","theme-transparent-header-meta":"default","adv-header-id-meta":"","stick-header-meta":"default","header-above-stick-meta":"","header-main-stick-meta":"","header-below-stick-meta":"","astra-migrate-meta-layouts":"set","ast-page-background-enabled":"default","ast-page-background-meta":{"desktop":{"background-color":"","background-image":"","background-repeat":"repeat","background-position":"center center","background-size":"auto","background-attachment":"scroll","background-type":"","background-media":"","overlay-type":"","overlay-color":"","overlay-opacity":"","overlay-gradient":""},"tablet":{"background-color":"","background-image":"","background-repeat":"repeat","background-position":"center center","background-size":"auto","background-attachment":"scroll","background-type":"","background-media":"","overlay-type":"","overlay-color":"","overlay-opacity":"","overlay-gradient":""},"mobile":{"background-color":"","background-image":"","background-repeat":"repeat","background-position":"center center","background-size":"auto","background-attachment":"scroll","background-type":"","background-media":"","overlay-type":"","overlay-color":"","overlay-opacity":"","overlay-gradient":""}},"ast-content-background-meta":{"desktop":{"background-color":"var(--ast-global-color-5)","background-image":"","background-repeat":"repeat","background-position":"center center","background-size":"auto","background-attachment":"scroll","background-type":"","background-media":"","overlay-type":"","overlay-color":"","overlay-opacity":"","overlay-gradient":""},"tablet":{"background-color":"var(--ast-global-color-5)","background-image":"","background-repeat":"repeat","background-position":"center center","background-size":"auto","background-attachment":"scroll","background-type":"","background-media":"","overlay-type":"","overlay-color":"","overlay-opacity":"","overlay-gradient":""},"mobile":{"background-color":"var(--ast-global-color-5)","background-image":"","background-repeat":"repeat","background-position":"center center","background-size":"auto","background-attachment":"scroll","background-type":"","background-media":"","overlay-type":"","overlay-color":"","overlay-opacity":"","overlay-gradient":""}}},"product_brand":[],"product_cat":[67],"product_tag":[],"class_list":{"0":"post-5412","1":"product","2":"type-product","3":"status-publish","4":"has-post-thumbnail","6":"product_cat-food-additives","7":"desktop-align-left","8":"tablet-align-left","9":"mobile-align-left","10":"ast-product-gallery-layout-horizontal-slider","11":"ast-product-gallery-with-no-image","12":"ast-product-tabs-layout-horizontal","14":"first","15":"instock","16":"shipping-taxable","17":"product-type-simple"},"uagb_featured_image_src":{"full":["https:\/\/jinancuchem.com\/wp-content\/uploads\/2025\/07\/129.png",800,800,false],"thumbnail":["https:\/\/jinancuchem.com\/wp-content\/uploads\/2025\/07\/129-150x150.png",150,150,true],"medium":["https:\/\/jinancuchem.com\/wp-content\/uploads\/2025\/07\/129-300x300.png",300,300,true],"medium_large":["https:\/\/jinancuchem.com\/wp-content\/uploads\/2025\/07\/129-768x768.png",768,768,true],"large":["https:\/\/jinancuchem.com\/wp-content\/uploads\/2025\/07\/129.png",800,800,false],"1536x1536":["https:\/\/jinancuchem.com\/wp-content\/uploads\/2025\/07\/129.png",800,800,false],"2048x2048":["https:\/\/jinancuchem.com\/wp-content\/uploads\/2025\/07\/129.png",800,800,false],"trp-custom-language-flag":["https:\/\/jinancuchem.com\/wp-content\/uploads\/2025\/07\/129-12x12.png",12,12,true],"woocommerce_thumbnail":["https:\/\/jinancuchem.com\/wp-content\/uploads\/2025\/07\/129-300x300.png",300,300,true],"woocommerce_single":["https:\/\/jinancuchem.com\/wp-content\/uploads\/2025\/07\/129-500x500.png",500,500,true],"woocommerce_gallery_thumbnail":["https:\/\/jinancuchem.com\/wp-content\/uploads\/2025\/07\/129-100x100.png",100,100,true]},"uagb_author_info":{"display_name":"jinxing6611@gmail.com","author_link":"https:\/\/jinancuchem.com\/es\/author\/"},"uagb_comment_info":0,"uagb_excerpt":"\u3010CAS\u301190-80-2\u00a0\u00a0Molecular formula:C6H10O6 Relative molecular\u00a0mass:178.14 Structural formula: &nbsp; \u4e00\uff0eProduct Property\uff1a White crystalline or white crystalline powder, almost odorless, initially sweet and then sour in taste. Soluble in water. &nbsp; \u4e8c\uff0eQuality Index: Parameter Unit Specification (Food Grade) Appearance \u2014 White crystalline powder Assay (C\u2086H\u2081\u2080O\u2086) % (w\/w) \u2265 99.0 Loss on Drying % (w\/w) \u2264 0.5 Residue on&hellip;","_links":{"self":[{"href":"https:\/\/jinancuchem.com\/es\/wp-json\/wp\/v2\/product\/5412","targetHints":{"allow":["GET"]}}],"collection":[{"href":"https:\/\/jinancuchem.com\/es\/wp-json\/wp\/v2\/product"}],"about":[{"href":"https:\/\/jinancuchem.com\/es\/wp-json\/wp\/v2\/types\/product"}],"wp:featuredmedia":[{"embeddable":true,"href":"https:\/\/jinancuchem.com\/es\/wp-json\/wp\/v2\/media\/5418"}],"wp:attachment":[{"href":"https:\/\/jinancuchem.com\/es\/wp-json\/wp\/v2\/media?parent=5412"}],"wp:term":[{"taxonomy":"product_brand","embeddable":true,"href":"https:\/\/jinancuchem.com\/es\/wp-json\/wp\/v2\/product_brand?post=5412"},{"taxonomy":"product_cat","embeddable":true,"href":"https:\/\/jinancuchem.com\/es\/wp-json\/wp\/v2\/product_cat?post=5412"},{"taxonomy":"product_tag","embeddable":true,"href":"https:\/\/jinancuchem.com\/es\/wp-json\/wp\/v2\/product_tag?post=5412"}],"curies":[{"name":"wp","href":"https:\/\/api.w.org\/{rel}","templated":true}]}}