{"id":5515,"date":"2025-07-28T08:46:14","date_gmt":"2025-07-28T08:46:14","guid":{"rendered":"https:\/\/jinancuchem.com\/?post_type=product&#038;p=5515"},"modified":"2025-07-28T08:46:14","modified_gmt":"2025-07-28T08:46:14","slug":"anti-static-agent-b-series","status":"publish","type":"product","link":"https:\/\/jinancuchem.com\/es\/producto\/anti-static-agent-b-series\/","title":{"rendered":"Agente antiest\u00e1tico Serie B"},"content":{"rendered":"<h3>\u4e00\uff0ePropiedad del producto<\/h3>\n<p>Los agentes antiest\u00e1ticos son un tipo de aditivo que se a\u00f1ade a los pl\u00e1sticos o se recubre en la superficie de los productos moldeados para reducir la acumulaci\u00f3n de electricidad est\u00e1tica. En general, seg\u00fan los distintos m\u00e9todos de aplicaci\u00f3n, los agentes antiest\u00e1ticos pueden clasificarse en dos categor\u00edas principales: los de adici\u00f3n interna y los de recubrimiento externo. El principal tipo utilizado en pl\u00e1sticos es el agente antiest\u00e1tico de tipo adici\u00f3n interna. Tambi\u00e9n pueden dividirse en dos categor\u00edas principales seg\u00fan el rendimiento de los agentes antiest\u00e1ticos: temporales y permanentes.<\/p>\n<h3>\u4e8c\uff0e\u00cdndice de calidad:<\/h3>\n<table>\n<tbody>\n<tr>\n<td><strong><b>Modelo<\/b><\/strong><\/td>\n<td><strong><b>B1<\/b><\/strong><\/td>\n<td><strong><b>B2<\/b><\/strong><\/td>\n<td><strong><b>B3<\/b><\/strong><\/td>\n<\/tr>\n<tr>\n<td>Nombre del producto<\/td>\n<td>Bis(\u03b2-hidroxietil) Cocamina<\/td>\n<td>Bis(\u03b2-hidroxietil) estearilamina<\/td>\n<td>Bis(\u03b2-hidroxietil) Tallowamina<\/td>\n<\/tr>\n<tr>\n<td>Aspecto (25\u00b0C)<\/td>\n<td>L\u00edquido incoloro a amarillo claro<\/td>\n<td>Cera incolora a amarillo claro<\/td>\n<td>S\u00f3lido incoloro a amarillo claro<\/td>\n<\/tr>\n<tr>\n<td>Valor de amina (mgKOH\/g)<\/td>\n<td>195-220<\/td>\n<td>150-165<\/td>\n<td>150-165<\/td>\n<\/tr>\n<tr>\n<td>Contenido<\/td>\n<td>\u226599%<\/td>\n<td>\u226599%<\/td>\n<td>\u226599%<\/td>\n<\/tr>\n<\/tbody>\n<\/table>\n<p>&nbsp;<\/p>\n<h3>\u4e09\uff0e\u00c1mbito de aplicaci\u00f3n y uso<\/h3>\n<p>Funciones b\u00e1sicas:<\/p>\n<p>Se utiliza como agente antiest\u00e1tico, emulsionante, rehumectante y lubricante<\/p>\n<p>Apto para pesticidas, herbicidas, aditivos para aceites y lubricantes textiles<\/p>\n<p>Se utiliza como emulsionante para tintas al agua y cosm\u00e9ticos<\/p>\n<p>Caracter\u00edsticas del producto y aplicaciones de cada modelo:<\/p>\n<p>(1) Dibeta-hidroxietil cocamidopropilamina:<\/p>\n<p>Se utiliza como aditivo interno tipo agente antiest\u00e1tico para resinas de polipropileno y ABS<\/p>\n<p>Adecuado para sistemas de generaci\u00f3n y circulaci\u00f3n de vapor, tambi\u00e9n tiene funciones antiest\u00e1ticas y anticorrosi\u00f3n.<\/p>\n<p>(2) Bis-(\u03b2-hidroxietil) amina de \u00e1cido este\u00e1rico:<\/p>\n<p>Agente antiest\u00e1tico espec\u00edfico para pl\u00e1sticos, especialmente indicado para poliestireno y sus copol\u00edmeros<\/p>\n<p>Tiene una excelente compatibilidad, resistencia al calor y estabilidad, y es seguro y no t\u00f3xico.<\/p>\n<p>Casos t\u00edpicos de aplicaci\u00f3n:<\/p>\n<p>\u2460 Tuber\u00edas de miner\u00eda: La adici\u00f3n de 0,25 partes (que contienen materiales auxiliares 55%) al polietileno de alta presi\u00f3n puede estabilizar la resistencia superficial a 10\u2078 \u03a9.<\/p>\n<p>\u2461 Recipientes interiores para lavadoras: La adici\u00f3n de 0,3 - 0,5% (que contiene materiales auxiliares 55%) a la resina de polipropileno hace que los productos sean menos propensos a mancharse y m\u00e1s f\u00e1ciles de limpiar.<\/p>\n<p>Tambi\u00e9n puede servir como emulsionante para sustancias a base de aceite con propiedades anticorrosivas.<\/p>\n<p>(3) Dibeta-hidroxietil estearamina:<\/p>\n<p>Se utiliza como aditivo interno tipo agente antiest\u00e1tico para polietileno<\/p>\n<p>La cantidad de adici\u00f3n recomendada es de 0,5 - 2%.<\/p>\n<h3>\u56db\uff0eEmbalaje y almacenamiento<\/h3>\n<p>Bidones de hierro de 200 kg \/ bidones de pl\u00e1stico de 50 kg Embalaje.<\/p>\n<p>De acuerdo con el almacenamiento y transporte de productos qu\u00edmicos en general.<\/p>\n<p>Almacenar en un lugar seco y bien ventilado.<\/p>\n<p>Caducidad: dos a\u00f1os.<\/p>","protected":false},"excerpt":{"rendered":"<p>\u4e00\uff0eProduct Property Antistatic agents are a type of additive that is added to plastics or coated on the surface of molded products to reduce the accumulation of static electricity. Generally, based on the different application methods, antistatic agents can be classified into two major categories: internal addition type and external coating type. The main type [&hellip;]<\/p>\n","protected":false},"featured_media":5518,"template":"","meta":{"_seopress_robots_primary_cat":"","_seopress_titles_title":"","_seopress_titles_desc":"","_seopress_robots_index":"","_uag_custom_page_level_css":"","site-sidebar-layout":"default","site-content-layout":"","ast-site-content-layout":"default","site-content-style":"default","site-sidebar-style":"default","ast-global-header-display":"","ast-banner-title-visibility":"","ast-main-header-display":"","ast-hfb-above-header-display":"","ast-hfb-below-header-display":"","ast-hfb-mobile-header-display":"","site-post-title":"","ast-breadcrumbs-content":"","ast-featured-img":"","footer-sml-layout":"","theme-transparent-header-meta":"default","adv-header-id-meta":"","stick-header-meta":"default","header-above-stick-meta":"","header-main-stick-meta":"","header-below-stick-meta":"","astra-migrate-meta-layouts":"set","ast-page-background-enabled":"default","ast-page-background-meta":{"desktop":{"background-color":"","background-image":"","background-repeat":"repeat","background-position":"center center","background-size":"auto","background-attachment":"scroll","background-type":"","background-media":"","overlay-type":"","overlay-color":"","overlay-opacity":"","overlay-gradient":""},"tablet":{"background-color":"","background-image":"","background-repeat":"repeat","background-position":"center center","background-size":"auto","background-attachment":"scroll","background-type":"","background-media":"","overlay-type":"","overlay-color":"","overlay-opacity":"","overlay-gradient":""},"mobile":{"background-color":"","background-image":"","background-repeat":"repeat","background-position":"center center","background-size":"auto","background-attachment":"scroll","background-type":"","background-media":"","overlay-type":"","overlay-color":"","overlay-opacity":"","overlay-gradient":""}},"ast-content-background-meta":{"desktop":{"background-color":"var(--ast-global-color-5)","background-image":"","background-repeat":"repeat","background-position":"center center","background-size":"auto","background-attachment":"scroll","background-type":"","background-media":"","overlay-type":"","overlay-color":"","overlay-opacity":"","overlay-gradient":""},"tablet":{"background-color":"var(--ast-global-color-5)","background-image":"","background-repeat":"repeat","background-position":"center center","background-size":"auto","background-attachment":"scroll","background-type":"","background-media":"","overlay-type":"","overlay-color":"","overlay-opacity":"","overlay-gradient":""},"mobile":{"background-color":"var(--ast-global-color-5)","background-image":"","background-repeat":"repeat","background-position":"center center","background-size":"auto","background-attachment":"scroll","background-type":"","background-media":"","overlay-type":"","overlay-color":"","overlay-opacity":"","overlay-gradient":""}}},"product_brand":[],"product_cat":[69],"product_tag":[],"class_list":{"0":"post-5515","1":"product","2":"type-product","3":"status-publish","4":"has-post-thumbnail","6":"product_cat-daily-chemical-product","7":"desktop-align-left","8":"tablet-align-left","9":"mobile-align-left","10":"ast-product-gallery-layout-horizontal-slider","11":"ast-product-gallery-with-no-image","12":"ast-product-tabs-layout-horizontal","14":"first","15":"instock","16":"shipping-taxable","17":"product-type-simple"},"uagb_featured_image_src":{"full":["https:\/\/jinancuchem.com\/wp-content\/uploads\/2025\/07\/\u672a\u6807\u9898-3-12.jpg",400,400,false],"thumbnail":["https:\/\/jinancuchem.com\/wp-content\/uploads\/2025\/07\/\u672a\u6807\u9898-3-12-150x150.jpg",150,150,true],"medium":["https:\/\/jinancuchem.com\/wp-content\/uploads\/2025\/07\/\u672a\u6807\u9898-3-12-300x300.jpg",300,300,true],"medium_large":["https:\/\/jinancuchem.com\/wp-content\/uploads\/2025\/07\/\u672a\u6807\u9898-3-12.jpg",400,400,false],"large":["https:\/\/jinancuchem.com\/wp-content\/uploads\/2025\/07\/\u672a\u6807\u9898-3-12.jpg",400,400,false],"1536x1536":["https:\/\/jinancuchem.com\/wp-content\/uploads\/2025\/07\/\u672a\u6807\u9898-3-12.jpg",400,400,false],"2048x2048":["https:\/\/jinancuchem.com\/wp-content\/uploads\/2025\/07\/\u672a\u6807\u9898-3-12.jpg",400,400,false],"trp-custom-language-flag":["https:\/\/jinancuchem.com\/wp-content\/uploads\/2025\/07\/\u672a\u6807\u9898-3-12-12x12.jpg",12,12,true],"woocommerce_thumbnail":["https:\/\/jinancuchem.com\/wp-content\/uploads\/2025\/07\/\u672a\u6807\u9898-3-12-300x300.jpg",300,300,true],"woocommerce_single":["https:\/\/jinancuchem.com\/wp-content\/uploads\/2025\/07\/\u672a\u6807\u9898-3-12.jpg",400,400,false],"woocommerce_gallery_thumbnail":["https:\/\/jinancuchem.com\/wp-content\/uploads\/2025\/07\/\u672a\u6807\u9898-3-12-100x100.jpg",100,100,true]},"uagb_author_info":{"display_name":"jinxing6611@gmail.com","author_link":"https:\/\/jinancuchem.com\/es\/author\/"},"uagb_comment_info":0,"uagb_excerpt":"\u4e00\uff0eProduct Property Antistatic agents are a type of additive that is added to plastics or coated on the surface of molded products to reduce the accumulation of static electricity. Generally, based on the different application methods, antistatic agents can be classified into two major categories: internal addition type and external coating type. The main type&hellip;","_links":{"self":[{"href":"https:\/\/jinancuchem.com\/es\/wp-json\/wp\/v2\/product\/5515","targetHints":{"allow":["GET"]}}],"collection":[{"href":"https:\/\/jinancuchem.com\/es\/wp-json\/wp\/v2\/product"}],"about":[{"href":"https:\/\/jinancuchem.com\/es\/wp-json\/wp\/v2\/types\/product"}],"wp:featuredmedia":[{"embeddable":true,"href":"https:\/\/jinancuchem.com\/es\/wp-json\/wp\/v2\/media\/5518"}],"wp:attachment":[{"href":"https:\/\/jinancuchem.com\/es\/wp-json\/wp\/v2\/media?parent=5515"}],"wp:term":[{"taxonomy":"product_brand","embeddable":true,"href":"https:\/\/jinancuchem.com\/es\/wp-json\/wp\/v2\/product_brand?post=5515"},{"taxonomy":"product_cat","embeddable":true,"href":"https:\/\/jinancuchem.com\/es\/wp-json\/wp\/v2\/product_cat?post=5515"},{"taxonomy":"product_tag","embeddable":true,"href":"https:\/\/jinancuchem.com\/es\/wp-json\/wp\/v2\/product_tag?post=5515"}],"curies":[{"name":"wp","href":"https:\/\/api.w.org\/{rel}","templated":true}]}}