{"id":5519,"date":"2025-07-28T08:48:31","date_gmt":"2025-07-28T08:48:31","guid":{"rendered":"https:\/\/jinancuchem.com\/?post_type=product&#038;p=5519"},"modified":"2025-07-28T08:48:31","modified_gmt":"2025-07-28T08:48:31","slug":"antistatic-agent-sn","status":"publish","type":"product","link":"https:\/\/jinancuchem.com\/es\/producto\/antistatic-agent-sn\/","title":{"rendered":"Agente antiest\u00e1tico SN"},"content":{"rendered":"<h3>\u4e00\uff0ePropiedad del producto<\/h3>\n<p>Es un tensioactivo cati\u00f3nico. Es f\u00e1cilmente soluble en agua, acetona, butanol, benceno, cloroformo, dimetilformamida, dioxano, etilenglicol, metilo (etilo o butilo), disolventes de celulosa, \u00e1cido ac\u00e9tico y agua a temperatura ambiente. Tambi\u00e9n puede disolverse en tetracloruro de carbono, dicloroetano, estireno, etc. a 50\u2103.<\/p>\n<p>Es estable en el \u00e1cido diluido 5% y el \u00e1lcali diluido. Se descompondr\u00e1 cuando la temperatura se eleva por encima de 180\u2103.<\/p>\n<p>Puede mezclarse con tensioactivos cati\u00f3nicos y no i\u00f3nicos, pero no debe utilizarse en el mismo ba\u00f1o que tensioactivos ani\u00f3nicos.<\/p>\n<h3>\u4e8c\uff0e\u00cdndice de calidad:<\/h3>\n<table>\n<tbody>\n<tr>\n<td><strong><b>Propiedad<\/b><\/strong><\/td>\n<td><strong><b>Especificaci\u00f3n<\/b><\/strong><\/td>\n<\/tr>\n<tr>\n<td>Aspecto (25\u00b0C)<\/td>\n<td>L\u00edquido viscoso transparente de color marr\u00f3n rojizo<\/td>\n<\/tr>\n<tr>\n<td>pH (soluci\u00f3n acuosa 1%, 20\u00b0C)<\/td>\n<td>6.0~8.0<\/td>\n<\/tr>\n<tr>\n<td>Contenido de sal de amonio cuaternario<\/td>\n<td>55%~60%<\/td>\n<\/tr>\n<\/tbody>\n<\/table>\n<p>&nbsp;<\/p>\n<h3>\u4e09\uff0e\u00c1mbito de aplicaci\u00f3n y uso<\/h3>\n<p>Es adecuado para eliminar la electricidad esttica en el proceso de hilatura de fibras sintticas como el polister, el nailon y el chlor\u7eb6\uff0c y tiene un excelente efecto antiesttico. El agente antiest\u00e1tico SN puede utilizarse solo o mezclado con otros agentes oleosos y emulsionantes sin tensioactivos ani\u00f3nicos para formar una soluci\u00f3n acuosa. Cuando los haces de fibras pasan a trav\u00e9s de la emulsi\u00f3n mencionada\uff0c se puede eliminar la electricidad est\u00e1tica. La dosificaci\u00f3n es generalmente de 0,2 - 0,5% del peso de la fibra.<\/p>\n<p>Puede utilizarse como agente de nivelaci\u00f3n para poliacrilonitrilo.<\/p>\n<p>En la industria del pl\u00e1stico, la eliminaci\u00f3n de la electricidad est\u00e1tica de los productos de pl\u00e1stico puede utilizarse como agente antiest\u00e1tico para cloruro de polivinilo, pel\u00edculas de polietileno y productos de pl\u00e1stico. Disuelva el agente antiest\u00e1tico SN en un disolvente adecuado, m\u00e9zclelo con una peque\u00f1a cantidad de polvo de pl\u00e1stico, s\u00e9quelo y, a continuaci\u00f3n, a\u00f1ada este material a todo el polvo de pl\u00e1stico. Procesarlo seg\u00fan los procedimientos normales. La dosis recomendada suele ser de 0,5 a 2% del peso del pl\u00e1stico.<\/p>\n<p>Se utiliza como disipador electrost\u00e1tico para la producci\u00f3n de rodillos de hilatura de caucho de nitrilo.<\/p>\n<p>Eliminador de est\u00e1tica de seda.<\/p>\n<p>Acelerador de reducci\u00f3n de \u00e1lcalis en tejidos de poli\u00e9ster imitaci\u00f3n seda.<\/p>\n<p>Emulsionante asf\u00e1ltico.<\/p>\n<h3>\u56db\uff0eEmbalaje y almacenamiento<\/h3>\n<p>45 kg en envase de barril de pl\u00e1stico.<\/p>\n<p>De acuerdo con el almacenamiento y transporte de productos qu\u00edmicos en general.<\/p>\n<p>Almacenar en un lugar seco y bien ventilado.<\/p>\n<p>Caducidad: dos a\u00f1os.<\/p>","protected":false},"excerpt":{"rendered":"<p>\u4e00\uff0eProduct Property It is a cationic surfactant. It is easily soluble in water, acetone, butanol, benzene, chloroform, dimethylformamide, dioxane, ethylene glycol, methyl (ethyl or butyl), cellulose solvents, acetic acid and water at room temperature. It can also be dissolved in carbon tetrachloride, dichloroethane, styrene, etc. at 50\u2103. It is stable at 5% dilute acid and [&hellip;]<\/p>\n","protected":false},"featured_media":5522,"template":"","meta":{"_seopress_robots_primary_cat":"","_seopress_titles_title":"","_seopress_titles_desc":"","_seopress_robots_index":"","_uag_custom_page_level_css":"","site-sidebar-layout":"default","site-content-layout":"","ast-site-content-layout":"default","site-content-style":"default","site-sidebar-style":"default","ast-global-header-display":"","ast-banner-title-visibility":"","ast-main-header-display":"","ast-hfb-above-header-display":"","ast-hfb-below-header-display":"","ast-hfb-mobile-header-display":"","site-post-title":"","ast-breadcrumbs-content":"","ast-featured-img":"","footer-sml-layout":"","theme-transparent-header-meta":"default","adv-header-id-meta":"","stick-header-meta":"default","header-above-stick-meta":"","header-main-stick-meta":"","header-below-stick-meta":"","astra-migrate-meta-layouts":"set","ast-page-background-enabled":"default","ast-page-background-meta":{"desktop":{"background-color":"","background-image":"","background-repeat":"repeat","background-position":"center center","background-size":"auto","background-attachment":"scroll","background-type":"","background-media":"","overlay-type":"","overlay-color":"","overlay-opacity":"","overlay-gradient":""},"tablet":{"background-color":"","background-image":"","background-repeat":"repeat","background-position":"center center","background-size":"auto","background-attachment":"scroll","background-type":"","background-media":"","overlay-type":"","overlay-color":"","overlay-opacity":"","overlay-gradient":""},"mobile":{"background-color":"","background-image":"","background-repeat":"repeat","background-position":"center center","background-size":"auto","background-attachment":"scroll","background-type":"","background-media":"","overlay-type":"","overlay-color":"","overlay-opacity":"","overlay-gradient":""}},"ast-content-background-meta":{"desktop":{"background-color":"var(--ast-global-color-5)","background-image":"","background-repeat":"repeat","background-position":"center center","background-size":"auto","background-attachment":"scroll","background-type":"","background-media":"","overlay-type":"","overlay-color":"","overlay-opacity":"","overlay-gradient":""},"tablet":{"background-color":"var(--ast-global-color-5)","background-image":"","background-repeat":"repeat","background-position":"center center","background-size":"auto","background-attachment":"scroll","background-type":"","background-media":"","overlay-type":"","overlay-color":"","overlay-opacity":"","overlay-gradient":""},"mobile":{"background-color":"var(--ast-global-color-5)","background-image":"","background-repeat":"repeat","background-position":"center center","background-size":"auto","background-attachment":"scroll","background-type":"","background-media":"","overlay-type":"","overlay-color":"","overlay-opacity":"","overlay-gradient":""}}},"product_brand":[],"product_cat":[69],"product_tag":[],"class_list":{"0":"post-5519","1":"product","2":"type-product","3":"status-publish","4":"has-post-thumbnail","6":"product_cat-daily-chemical-product","7":"desktop-align-left","8":"tablet-align-left","9":"mobile-align-left","10":"ast-product-gallery-layout-horizontal-slider","11":"ast-product-gallery-with-no-image","12":"ast-product-tabs-layout-horizontal","14":"first","15":"instock","16":"shipping-taxable","17":"product-type-simple"},"uagb_featured_image_src":{"full":["https:\/\/jinancuchem.com\/wp-content\/uploads\/2025\/07\/\u672a\u6807\u9898-3-13.jpg",400,400,false],"thumbnail":["https:\/\/jinancuchem.com\/wp-content\/uploads\/2025\/07\/\u672a\u6807\u9898-3-13-150x150.jpg",150,150,true],"medium":["https:\/\/jinancuchem.com\/wp-content\/uploads\/2025\/07\/\u672a\u6807\u9898-3-13-300x300.jpg",300,300,true],"medium_large":["https:\/\/jinancuchem.com\/wp-content\/uploads\/2025\/07\/\u672a\u6807\u9898-3-13.jpg",400,400,false],"large":["https:\/\/jinancuchem.com\/wp-content\/uploads\/2025\/07\/\u672a\u6807\u9898-3-13.jpg",400,400,false],"1536x1536":["https:\/\/jinancuchem.com\/wp-content\/uploads\/2025\/07\/\u672a\u6807\u9898-3-13.jpg",400,400,false],"2048x2048":["https:\/\/jinancuchem.com\/wp-content\/uploads\/2025\/07\/\u672a\u6807\u9898-3-13.jpg",400,400,false],"trp-custom-language-flag":["https:\/\/jinancuchem.com\/wp-content\/uploads\/2025\/07\/\u672a\u6807\u9898-3-13-12x12.jpg",12,12,true],"woocommerce_thumbnail":["https:\/\/jinancuchem.com\/wp-content\/uploads\/2025\/07\/\u672a\u6807\u9898-3-13-300x300.jpg",300,300,true],"woocommerce_single":["https:\/\/jinancuchem.com\/wp-content\/uploads\/2025\/07\/\u672a\u6807\u9898-3-13.jpg",400,400,false],"woocommerce_gallery_thumbnail":["https:\/\/jinancuchem.com\/wp-content\/uploads\/2025\/07\/\u672a\u6807\u9898-3-13-100x100.jpg",100,100,true]},"uagb_author_info":{"display_name":"jinxing6611@gmail.com","author_link":"https:\/\/jinancuchem.com\/es\/author\/"},"uagb_comment_info":0,"uagb_excerpt":"\u4e00\uff0eProduct Property It is a cationic surfactant. It is easily soluble in water, acetone, butanol, benzene, chloroform, dimethylformamide, dioxane, ethylene glycol, methyl (ethyl or butyl), cellulose solvents, acetic acid and water at room temperature. It can also be dissolved in carbon tetrachloride, dichloroethane, styrene, etc. at 50\u2103. It is stable at 5% dilute acid and&hellip;","_links":{"self":[{"href":"https:\/\/jinancuchem.com\/es\/wp-json\/wp\/v2\/product\/5519","targetHints":{"allow":["GET"]}}],"collection":[{"href":"https:\/\/jinancuchem.com\/es\/wp-json\/wp\/v2\/product"}],"about":[{"href":"https:\/\/jinancuchem.com\/es\/wp-json\/wp\/v2\/types\/product"}],"wp:featuredmedia":[{"embeddable":true,"href":"https:\/\/jinancuchem.com\/es\/wp-json\/wp\/v2\/media\/5522"}],"wp:attachment":[{"href":"https:\/\/jinancuchem.com\/es\/wp-json\/wp\/v2\/media?parent=5519"}],"wp:term":[{"taxonomy":"product_brand","embeddable":true,"href":"https:\/\/jinancuchem.com\/es\/wp-json\/wp\/v2\/product_brand?post=5519"},{"taxonomy":"product_cat","embeddable":true,"href":"https:\/\/jinancuchem.com\/es\/wp-json\/wp\/v2\/product_cat?post=5519"},{"taxonomy":"product_tag","embeddable":true,"href":"https:\/\/jinancuchem.com\/es\/wp-json\/wp\/v2\/product_tag?post=5519"}],"curies":[{"name":"wp","href":"https:\/\/api.w.org\/{rel}","templated":true}]}}