{"id":5547,"date":"2025-07-28T09:08:27","date_gmt":"2025-07-28T09:08:27","guid":{"rendered":"https:\/\/jinancuchem.com\/?post_type=product&#038;p=5547"},"modified":"2025-07-28T09:08:27","modified_gmt":"2025-07-28T09:08:27","slug":"c1618-phosphate","status":"publish","type":"product","link":"https:\/\/jinancuchem.com\/es\/producto\/c1618-phosphate\/","title":{"rendered":"C1618 Fosfato"},"content":{"rendered":"<h3>\u4e00\uff0ePropiedad del producto<\/h3>\n<p>El \u00e9ster fosfatado C1618 GTS es un tensioactivo ani\u00f3nico de alto rendimiento, con excelentes propiedades emulsionantes, dispersantes, antiest\u00e1ticas y lubricantes. Los grupos de \u00e9steres de fosfato de su estructura molecular confieren al producto una buena solubilidad en agua y caracter\u00edsticas de resistencia a la dureza, al tiempo que demuestran una extraordinaria estabilidad a altas temperaturas y propiedades de baja formaci\u00f3n de espuma.<\/p>\n<h3>\u4e8c\uff0e\u00cdndice de calidad:<\/h3>\n<table>\n<tbody>\n<tr>\n<td><strong><b>Especificaci\u00f3n<\/b><\/strong><\/td>\n<td><strong><b>Descripci\u00f3n<\/b><\/strong><\/td>\n<\/tr>\n<tr>\n<td><strong><b>Apariencia<\/b><\/strong><\/td>\n<td>S\u00f3lido incoloro a amarillo p\u00e1lido<\/td>\n<\/tr>\n<tr>\n<td><strong><b>Composici\u00f3n qu\u00edmica<\/b><\/strong><\/td>\n<td>Ester fosfato de alcohol graso<\/td>\n<\/tr>\n<tr>\n<td><strong><b>Tipo de producto<\/b><\/strong><\/td>\n<td>Diester<\/td>\n<\/tr>\n<tr>\n<td><strong><b>Tipo i\u00f3nico<\/b><\/strong><\/td>\n<td>Ani\u00f3nico<\/td>\n<\/tr>\n<tr>\n<td><strong><b>Contenido s\u00f3lido<\/b><\/strong><\/td>\n<td>&gt;98%<\/td>\n<\/tr>\n<tr>\n<td><strong><b>Punto de congelaci\u00f3n<\/b><\/strong><\/td>\n<td>56~62\u00b0C<\/td>\n<\/tr>\n<tr>\n<td><strong><b>\u00cdndice de acidez<\/b><\/strong><\/td>\n<td>&gt;210 mgKOH\/g<\/td>\n<\/tr>\n<\/tbody>\n<\/table>\n<p>&nbsp;<\/p>\n<h3>\u4e09\uff0e\u00c1mbito de aplicaci\u00f3n y uso<\/h3>\n<ol>\n<li>En el proceso de hilado de tejidos de fibra, los \u00e9steres de fosfato sirven como estabilizadores emulsionantes, especialmente en condiciones de alta alcalinidad, y tambi\u00e9n son un componente importante en los agentes lubricantes de fibras sint\u00e9ticas.<\/li>\n<li>En las industrias del papel, el pl\u00e1stico y el cuero, los \u00e9steres de fosfato tienen la funci\u00f3n de evitar la acumulaci\u00f3n de electricidad est\u00e1tica y favorecer la descarga r\u00e1pida de la misma. Por lo tanto, se utilizan como agentes antiest\u00e1ticos en sistemas altamente hidr\u00f3fobos y altamente hidr\u00f3filos. Adem\u00e1s, los \u00e9steres de fosfato tienen la capacidad de resistir el \u00e1cido, el \u00e1lcali y la sal, y pueden utilizarse en el curtido al cromo o el recurtido al cromo en el procesamiento del cuero, haciendo que la distribuci\u00f3n de las sales de cromo en el cuero sea m\u00e1s uniforme y permitiendo la combinaci\u00f3n de sales de cromo y cuero, consiguiendo un efecto de \"super\" lubricaci\u00f3n.<\/li>\n<li>En las industrias energ\u00e9tica y de materiales de construcci\u00f3n, los \u00e9steres de fosfato, como aditivos para autom\u00f3viles y combustibles de veh\u00edculos, pueden aumentar el valor de combusti\u00f3n de los productos derivados del petr\u00f3leo y reducir el consumo de energ\u00eda. En los materiales polim\u00e9ricos, se utilizan como estabilizadores y pueden emplearse para preparar vidrio de \u00e9ster de fosfato. Son adecuados como agentes de acoplamiento para tratar cargas como el carbonato c\u00e1lcico.<\/li>\n<li>En los auxiliares tecnol\u00f3gicos, los \u00e9steres de fosfato son un auxiliar multifuncional para el procesado de pl\u00e1sticos. Debido a su buena plasticidad, estabilidad, resistencia al calor, propiedad antiest\u00e1tica, propiedad anticontaminaci\u00f3n y transparencia, se han aplicado ampliamente en productos pl\u00e1sticos para edificios, muebles, minas, cintas transportadoras y componentes de transporte.<\/li>\n<li>Adem\u00e1s, las sales de \u00e9ster de fosfato tienen una excelente lubricidad, resistencia a la corrosi\u00f3n, resistencia al desgaste, propiedad antiest\u00e1tica, baja fricci\u00f3n, propiedad emulsionante, propiedad antisoldadura, etc. Pueden utilizarse como aceite de corte, aceite de trefilado, y tambi\u00e9n pueden mezclarse en emulsiones solubles en aceite y solubles en agua, y tienen propiedades de inhibici\u00f3n de la corrosi\u00f3n.<\/li>\n<\/ol>\n<h3>\u56db\uff0eEmbalaje y almacenamiento<\/h3>\n<p>25 kg ensacados.<\/p>\n<p>Almacenado y transportado de acuerdo con las normas generales de almacenamiento y transporte de productos qu\u00edmicos.<\/p>\n<p>Almacenar en un lugar seco y ventilado.<\/p>\n<p>Caducidad: dos a\u00f1os.<\/p>","protected":false},"excerpt":{"rendered":"<p>\u3010CAS\u3011911408-50-9 F\u00f3rmula molecular: C48H99O4P Peso molecular:771.271021<\/p>\n<p>F\u00f3rmula estructural:<img alt=\"\" fetchpriority=\"high\" decoding=\"async\" class=\"alignnone size-medium wp-image-5550\" src=\"https:\/\/jinancuchem.com\/wp-content\/uploads\/2025\/07\/\u672a\u6807\u9898-3-17-300x300.jpg\" width=\"300\" height=\"300\" srcset=\"https:\/\/jinancuchem.com\/wp-content\/uploads\/2025\/07\/\u672a\u6807\u9898-3-17-300x300.jpg 300w, https:\/\/jinancuchem.com\/wp-content\/uploads\/2025\/07\/\u672a\u6807\u9898-3-17-150x150.jpg 150w, https:\/\/jinancuchem.com\/wp-content\/uploads\/2025\/07\/\u672a\u6807\u9898-3-17-12x12.jpg 12w, https:\/\/jinancuchem.com\/wp-content\/uploads\/2025\/07\/\u672a\u6807\u9898-3-17-100x100.jpg 100w, https:\/\/jinancuchem.com\/wp-content\/uploads\/2025\/07\/\u672a\u6807\u9898-3-17.jpg 400w\" sizes=\"(max-width: 300px) 100vw, 300px\" \/><\/p>\n<p>&nbsp;<\/p>","protected":false},"featured_media":5550,"template":"","meta":{"_seopress_robots_primary_cat":"","_seopress_titles_title":"","_seopress_titles_desc":"","_seopress_robots_index":"","_uag_custom_page_level_css":"","site-sidebar-layout":"default","site-content-layout":"","ast-site-content-layout":"default","site-content-style":"default","site-sidebar-style":"default","ast-global-header-display":"","ast-banner-title-visibility":"","ast-main-header-display":"","ast-hfb-above-header-display":"","ast-hfb-below-header-display":"","ast-hfb-mobile-header-display":"","site-post-title":"","ast-breadcrumbs-content":"","ast-featured-img":"","footer-sml-layout":"","theme-transparent-header-meta":"default","adv-header-id-meta":"","stick-header-meta":"default","header-above-stick-meta":"","header-main-stick-meta":"","header-below-stick-meta":"","astra-migrate-meta-layouts":"set","ast-page-background-enabled":"default","ast-page-background-meta":{"desktop":{"background-color":"","background-image":"","background-repeat":"repeat","background-position":"center center","background-size":"auto","background-attachment":"scroll","background-type":"","background-media":"","overlay-type":"","overlay-color":"","overlay-opacity":"","overlay-gradient":""},"tablet":{"background-color":"","background-image":"","background-repeat":"repeat","background-position":"center center","background-size":"auto","background-attachment":"scroll","background-type":"","background-media":"","overlay-type":"","overlay-color":"","overlay-opacity":"","overlay-gradient":""},"mobile":{"background-color":"","background-image":"","background-repeat":"repeat","background-position":"center center","background-size":"auto","background-attachment":"scroll","background-type":"","background-media":"","overlay-type":"","overlay-color":"","overlay-opacity":"","overlay-gradient":""}},"ast-content-background-meta":{"desktop":{"background-color":"var(--ast-global-color-5)","background-image":"","background-repeat":"repeat","background-position":"center center","background-size":"auto","background-attachment":"scroll","background-type":"","background-media":"","overlay-type":"","overlay-color":"","overlay-opacity":"","overlay-gradient":""},"tablet":{"background-color":"var(--ast-global-color-5)","background-image":"","background-repeat":"repeat","background-position":"center center","background-size":"auto","background-attachment":"scroll","background-type":"","background-media":"","overlay-type":"","overlay-color":"","overlay-opacity":"","overlay-gradient":""},"mobile":{"background-color":"var(--ast-global-color-5)","background-image":"","background-repeat":"repeat","background-position":"center center","background-size":"auto","background-attachment":"scroll","background-type":"","background-media":"","overlay-type":"","overlay-color":"","overlay-opacity":"","overlay-gradient":""}}},"product_brand":[],"product_cat":[69],"product_tag":[],"class_list":{"0":"post-5547","1":"product","2":"type-product","3":"status-publish","4":"has-post-thumbnail","6":"product_cat-daily-chemical-product","7":"desktop-align-left","8":"tablet-align-left","9":"mobile-align-left","10":"ast-product-gallery-layout-horizontal-slider","11":"ast-product-gallery-with-no-image","12":"ast-product-tabs-layout-horizontal","14":"first","15":"instock","16":"shipping-taxable","17":"product-type-simple"},"uagb_featured_image_src":{"full":["https:\/\/jinancuchem.com\/wp-content\/uploads\/2025\/07\/\u672a\u6807\u9898-3-17.jpg",400,400,false],"thumbnail":["https:\/\/jinancuchem.com\/wp-content\/uploads\/2025\/07\/\u672a\u6807\u9898-3-17-150x150.jpg",150,150,true],"medium":["https:\/\/jinancuchem.com\/wp-content\/uploads\/2025\/07\/\u672a\u6807\u9898-3-17-300x300.jpg",300,300,true],"medium_large":["https:\/\/jinancuchem.com\/wp-content\/uploads\/2025\/07\/\u672a\u6807\u9898-3-17.jpg",400,400,false],"large":["https:\/\/jinancuchem.com\/wp-content\/uploads\/2025\/07\/\u672a\u6807\u9898-3-17.jpg",400,400,false],"1536x1536":["https:\/\/jinancuchem.com\/wp-content\/uploads\/2025\/07\/\u672a\u6807\u9898-3-17.jpg",400,400,false],"2048x2048":["https:\/\/jinancuchem.com\/wp-content\/uploads\/2025\/07\/\u672a\u6807\u9898-3-17.jpg",400,400,false],"trp-custom-language-flag":["https:\/\/jinancuchem.com\/wp-content\/uploads\/2025\/07\/\u672a\u6807\u9898-3-17-12x12.jpg",12,12,true],"woocommerce_thumbnail":["https:\/\/jinancuchem.com\/wp-content\/uploads\/2025\/07\/\u672a\u6807\u9898-3-17-300x300.jpg",300,300,true],"woocommerce_single":["https:\/\/jinancuchem.com\/wp-content\/uploads\/2025\/07\/\u672a\u6807\u9898-3-17.jpg",400,400,false],"woocommerce_gallery_thumbnail":["https:\/\/jinancuchem.com\/wp-content\/uploads\/2025\/07\/\u672a\u6807\u9898-3-17-100x100.jpg",100,100,true]},"uagb_author_info":{"display_name":"jinxing6611@gmail.com","author_link":"https:\/\/jinancuchem.com\/es\/author\/"},"uagb_comment_info":0,"uagb_excerpt":"\u3010CAS\u3011911408-50-9\u00a0\u00a0Molecular formula: C48H99O4P\u00a0\u00a0Molecular weight:771.271021 Structural formula: &nbsp;","_links":{"self":[{"href":"https:\/\/jinancuchem.com\/es\/wp-json\/wp\/v2\/product\/5547","targetHints":{"allow":["GET"]}}],"collection":[{"href":"https:\/\/jinancuchem.com\/es\/wp-json\/wp\/v2\/product"}],"about":[{"href":"https:\/\/jinancuchem.com\/es\/wp-json\/wp\/v2\/types\/product"}],"wp:featuredmedia":[{"embeddable":true,"href":"https:\/\/jinancuchem.com\/es\/wp-json\/wp\/v2\/media\/5550"}],"wp:attachment":[{"href":"https:\/\/jinancuchem.com\/es\/wp-json\/wp\/v2\/media?parent=5547"}],"wp:term":[{"taxonomy":"product_brand","embeddable":true,"href":"https:\/\/jinancuchem.com\/es\/wp-json\/wp\/v2\/product_brand?post=5547"},{"taxonomy":"product_cat","embeddable":true,"href":"https:\/\/jinancuchem.com\/es\/wp-json\/wp\/v2\/product_cat?post=5547"},{"taxonomy":"product_tag","embeddable":true,"href":"https:\/\/jinancuchem.com\/es\/wp-json\/wp\/v2\/product_tag?post=5547"}],"curies":[{"name":"wp","href":"https:\/\/api.w.org\/{rel}","templated":true}]}}