{"id":5551,"date":"2025-07-28T09:09:58","date_gmt":"2025-07-28T09:09:58","guid":{"rendered":"https:\/\/jinancuchem.com\/?post_type=product&#038;p=5551"},"modified":"2025-07-28T09:09:58","modified_gmt":"2025-07-28T09:09:58","slug":"castor-oil-phosphate","status":"publish","type":"product","link":"https:\/\/jinancuchem.com\/es\/producto\/castor-oil-phosphate\/","title":{"rendered":"Fosfato de ricino"},"content":{"rendered":"<h3>\u4e00\uff0ePropiedad del producto<\/h3>\n<p>El fosfato de aceite de ricino es un tensioactivo ani\u00f3nico de alto rendimiento que posee excelentes propiedades emulsionantes, resistencia a los electrolitos y funciones de lubricaci\u00f3n y prevenci\u00f3n de la oxidaci\u00f3n. Los grupos \u00e9ster fosfato de su mol\u00e9cula pueden adherirse eficazmente a la superficie met\u00e1lica, manteniendo la estabilidad en entornos de alta temperatura, alta salinidad y \u00e1cido-base. Tambi\u00e9n tiene caracter\u00edsticas de baja formaci\u00f3n de espuma y es adecuado para la producci\u00f3n industrial continua. Este producto tiene buena compatibilidad con diversos tensioactivos ani\u00f3nicos\/no i\u00f3nicos y se utiliza ampliamente en fluidos de procesamiento de metales, auxiliares textiles y productos qu\u00edmicos para el cuero, especialmente en sistemas complejos que requieren emulsificaci\u00f3n sin\u00e9rgica, lubricaci\u00f3n y prevenci\u00f3n de la oxidaci\u00f3n.<\/p>\n<h3>\u4e8c\uff0e\u00cdndice de calidad:<\/h3>\n<table>\n<tbody>\n<tr>\n<td><strong><b>Especificaci\u00f3n<\/b><\/strong><\/td>\n<td><strong><b>Descripci\u00f3n<\/b><\/strong><\/td>\n<\/tr>\n<tr>\n<td>Apariencia<\/td>\n<td>L\u00edquido aceitoso transparente de color marr\u00f3n amarillento<\/td>\n<\/tr>\n<tr>\n<td>Valor pH<\/td>\n<td>5,0~7,0 (1% soluci\u00f3n acuosa)<\/td>\n<\/tr>\n<tr>\n<td>Estabilidad de la emulsi\u00f3n<\/td>\n<td>Sin estratificaci\u00f3n ni flotaci\u00f3n de aceite durante 24 horas (cuando se diluye 1:9 con aceite neutro para preparar emulsi\u00f3n de engrase de cuero)<\/td>\n<\/tr>\n<\/tbody>\n<\/table>\n<h3>\u4e09\uff0e\u00c1mbito de aplicaci\u00f3n y uso<\/h3>\n<p>Posee excelentes propiedades, como baja tensi\u00f3n superficial, buena capacidad emulsionante, gran poder de limpieza, propiedad antiest\u00e1tica, no toxicidad, no irritaci\u00f3n y resistencia a los electrolitos. Puede utilizarse como emulgente y aditivo en productos qu\u00edmicos de uso diario, para preparar diversos detergentes, limpiadores, lavavajillas y agentes de limpieza en seco, como dispersante en s\u00edntesis org\u00e1nica y de pol\u00edmeros, como agente antiest\u00e1tico en la industria textil y como agente engrasante en la industria del cuero. Es un nuevo tipo de tensioactivo con amplias aplicaciones.<\/p>\n<h3>\u56db\uff0eEmbalaje y almacenamiento<\/h3>\n<p>Bidones de hierro de 200 kg, embalaje de bidones de pl\u00e1stico de 50 kg.<\/p>\n<p>De acuerdo con el almacenamiento y transporte de productos qu\u00edmicos en general.<\/p>\n<p>Almacenar en un lugar seco y bien ventilado.<\/p>\n<p>Caducidad: dos a\u00f1os.<\/p>","protected":false},"excerpt":{"rendered":"<p>\u4e00\uff0eProduct Property Castor oil phosphate\u00a0is a high-performance anionic surfactant that possesses excellent emulsifying properties, resistance to electrolytes, and lubrication and rust prevention functions. The phosphate ester groups in its molecule can effectively adhere to the metal surface, maintaining stability in high-temperature, high-salt, and acid-base environments. It also has low-foaming characteristics and is suitable for industrial [&hellip;]<\/p>\n","protected":false},"featured_media":5554,"template":"","meta":{"_seopress_robots_primary_cat":"","_seopress_titles_title":"","_seopress_titles_desc":"","_seopress_robots_index":"","_uag_custom_page_level_css":"","site-sidebar-layout":"default","site-content-layout":"","ast-site-content-layout":"default","site-content-style":"default","site-sidebar-style":"default","ast-global-header-display":"","ast-banner-title-visibility":"","ast-main-header-display":"","ast-hfb-above-header-display":"","ast-hfb-below-header-display":"","ast-hfb-mobile-header-display":"","site-post-title":"","ast-breadcrumbs-content":"","ast-featured-img":"","footer-sml-layout":"","theme-transparent-header-meta":"default","adv-header-id-meta":"","stick-header-meta":"default","header-above-stick-meta":"","header-main-stick-meta":"","header-below-stick-meta":"","astra-migrate-meta-layouts":"set","ast-page-background-enabled":"default","ast-page-background-meta":{"desktop":{"background-color":"","background-image":"","background-repeat":"repeat","background-position":"center center","background-size":"auto","background-attachment":"scroll","background-type":"","background-media":"","overlay-type":"","overlay-color":"","overlay-opacity":"","overlay-gradient":""},"tablet":{"background-color":"","background-image":"","background-repeat":"repeat","background-position":"center center","background-size":"auto","background-attachment":"scroll","background-type":"","background-media":"","overlay-type":"","overlay-color":"","overlay-opacity":"","overlay-gradient":""},"mobile":{"background-color":"","background-image":"","background-repeat":"repeat","background-position":"center center","background-size":"auto","background-attachment":"scroll","background-type":"","background-media":"","overlay-type":"","overlay-color":"","overlay-opacity":"","overlay-gradient":""}},"ast-content-background-meta":{"desktop":{"background-color":"var(--ast-global-color-5)","background-image":"","background-repeat":"repeat","background-position":"center center","background-size":"auto","background-attachment":"scroll","background-type":"","background-media":"","overlay-type":"","overlay-color":"","overlay-opacity":"","overlay-gradient":""},"tablet":{"background-color":"var(--ast-global-color-5)","background-image":"","background-repeat":"repeat","background-position":"center center","background-size":"auto","background-attachment":"scroll","background-type":"","background-media":"","overlay-type":"","overlay-color":"","overlay-opacity":"","overlay-gradient":""},"mobile":{"background-color":"var(--ast-global-color-5)","background-image":"","background-repeat":"repeat","background-position":"center center","background-size":"auto","background-attachment":"scroll","background-type":"","background-media":"","overlay-type":"","overlay-color":"","overlay-opacity":"","overlay-gradient":""}}},"product_brand":[],"product_cat":[69],"product_tag":[],"class_list":{"0":"post-5551","1":"product","2":"type-product","3":"status-publish","4":"has-post-thumbnail","6":"product_cat-daily-chemical-product","7":"desktop-align-left","8":"tablet-align-left","9":"mobile-align-left","10":"ast-product-gallery-layout-horizontal-slider","11":"ast-product-gallery-with-no-image","12":"ast-product-tabs-layout-horizontal","14":"first","15":"instock","16":"shipping-taxable","17":"product-type-simple"},"uagb_featured_image_src":{"full":["https:\/\/jinancuchem.com\/wp-content\/uploads\/2025\/07\/\u672a\u6807\u9898-4.jpg",300,300,false],"thumbnail":["https:\/\/jinancuchem.com\/wp-content\/uploads\/2025\/07\/\u672a\u6807\u9898-4-150x150.jpg",150,150,true],"medium":["https:\/\/jinancuchem.com\/wp-content\/uploads\/2025\/07\/\u672a\u6807\u9898-4.jpg",300,300,false],"medium_large":["https:\/\/jinancuchem.com\/wp-content\/uploads\/2025\/07\/\u672a\u6807\u9898-4.jpg",300,300,false],"large":["https:\/\/jinancuchem.com\/wp-content\/uploads\/2025\/07\/\u672a\u6807\u9898-4.jpg",300,300,false],"1536x1536":["https:\/\/jinancuchem.com\/wp-content\/uploads\/2025\/07\/\u672a\u6807\u9898-4.jpg",300,300,false],"2048x2048":["https:\/\/jinancuchem.com\/wp-content\/uploads\/2025\/07\/\u672a\u6807\u9898-4.jpg",300,300,false],"trp-custom-language-flag":["https:\/\/jinancuchem.com\/wp-content\/uploads\/2025\/07\/\u672a\u6807\u9898-4-12x12.jpg",12,12,true],"woocommerce_thumbnail":["https:\/\/jinancuchem.com\/wp-content\/uploads\/2025\/07\/\u672a\u6807\u9898-4.jpg",300,300,false],"woocommerce_single":["https:\/\/jinancuchem.com\/wp-content\/uploads\/2025\/07\/\u672a\u6807\u9898-4.jpg",300,300,false],"woocommerce_gallery_thumbnail":["https:\/\/jinancuchem.com\/wp-content\/uploads\/2025\/07\/\u672a\u6807\u9898-4-100x100.jpg",100,100,true]},"uagb_author_info":{"display_name":"jinxing6611@gmail.com","author_link":"https:\/\/jinancuchem.com\/es\/author\/"},"uagb_comment_info":0,"uagb_excerpt":"\u4e00\uff0eProduct Property Castor oil phosphate\u00a0is a high-performance anionic surfactant that possesses excellent emulsifying properties, resistance to electrolytes, and lubrication and rust prevention functions. The phosphate ester groups in its molecule can effectively adhere to the metal surface, maintaining stability in high-temperature, high-salt, and acid-base environments. It also has low-foaming characteristics and is suitable for industrial&hellip;","_links":{"self":[{"href":"https:\/\/jinancuchem.com\/es\/wp-json\/wp\/v2\/product\/5551","targetHints":{"allow":["GET"]}}],"collection":[{"href":"https:\/\/jinancuchem.com\/es\/wp-json\/wp\/v2\/product"}],"about":[{"href":"https:\/\/jinancuchem.com\/es\/wp-json\/wp\/v2\/types\/product"}],"wp:featuredmedia":[{"embeddable":true,"href":"https:\/\/jinancuchem.com\/es\/wp-json\/wp\/v2\/media\/5554"}],"wp:attachment":[{"href":"https:\/\/jinancuchem.com\/es\/wp-json\/wp\/v2\/media?parent=5551"}],"wp:term":[{"taxonomy":"product_brand","embeddable":true,"href":"https:\/\/jinancuchem.com\/es\/wp-json\/wp\/v2\/product_brand?post=5551"},{"taxonomy":"product_cat","embeddable":true,"href":"https:\/\/jinancuchem.com\/es\/wp-json\/wp\/v2\/product_cat?post=5551"},{"taxonomy":"product_tag","embeddable":true,"href":"https:\/\/jinancuchem.com\/es\/wp-json\/wp\/v2\/product_tag?post=5551"}],"curies":[{"name":"wp","href":"https:\/\/api.w.org\/{rel}","templated":true}]}}