{"id":5567,"date":"2025-07-28T09:15:01","date_gmt":"2025-07-28T09:15:01","guid":{"rendered":"https:\/\/jinancuchem.com\/?post_type=product&#038;p=5567"},"modified":"2025-07-28T09:15:02","modified_gmt":"2025-07-28T09:15:02","slug":"isopropyl-palmitate-e-1310pk-35","status":"publish","type":"product","link":"https:\/\/jinancuchem.com\/es\/producto\/isopropyl-palmitate-e-1310pk-35\/","title":{"rendered":"Palmitato de isopropilo E-1310PK-35"},"content":{"rendered":"<h3>\u4e00\uff0ePropiedad del producto<\/h3>\n<p>E-1310PK-35, un fosfato de estearato de isopropilo, es un tensioactivo a base de fosfato muy eficaz. Posee excelentes propiedades lubricantes y un buen rendimiento emulsionante, reduciendo eficazmente la fricci\u00f3n y el desgaste y estabilizando los componentes del aceite emulsionado. Al mismo tiempo, tiene funciones antioxidantes y anticorrosivas, capaces de proteger las superficies met\u00e1licas y retrasar la oxidaci\u00f3n y la corrosi\u00f3n. Su caracter\u00edstica de baja formaci\u00f3n de espuma garantiza un rendimiento estable del proceso en sistemas de procesamiento o circulaci\u00f3n de alta velocidad. Adem\u00e1s, es respetuoso con el medio ambiente y seguro, no contiene metales pesados y es adecuado para campos industriales como los fluidos de procesamiento de metales y los fluidos de corte.<\/p>\n<h3>\u4e8c\uff0e\u00cdndice de calidad:<\/h3>\n<table>\n<tbody>\n<tr>\n<td><strong><b>Propiedad<\/b><\/strong><\/td>\n<td><strong><b>Especificaci\u00f3n<\/b><\/strong><\/td>\n<\/tr>\n<tr>\n<td>Apariencia<\/td>\n<td>L\u00edquido viscoso entre incoloro y amarillo p\u00e1lido<\/td>\n<\/tr>\n<tr>\n<td>pH (soluci\u00f3n acuosa 1%)<\/td>\n<td>\u2264 3.5<\/td>\n<\/tr>\n<tr>\n<td>Contenido (ensayo)<\/td>\n<td>\u2265 95%<\/td>\n<\/tr>\n<\/tbody>\n<\/table>\n<h3>\u4e09\uff0e\u00c1mbito de aplicaci\u00f3n y uso<\/h3>\n<p>Excelente poder de limpieza, capacidad espumante y de dispersi\u00f3n;<\/p>\n<ol start=\"2\">\n<li>No t\u00f3xico y no irritante, similar a los fosfol\u00edpidos naturales, tiene una excelente afinidad con la piel y puede mejorar significativamente la suavidad del sistema de formulaci\u00f3n.<\/li>\n<li>Excelentes propiedades emulsionantes y de estabilidad. Tiene buena capacidad emulsionante para diversos aceites. La pasta preparada es fina y lustrosa, y tiene un efecto hidratante sobre la piel. Es resistente a los \u00e1cidos y \u00e1lcalis y a las altas temperaturas, pero no al agua dura.<\/li>\n<li>Excelentes propiedades descontaminantes, humectantes, dispersantes, antiest\u00e1ticas y antipilling, y puede ajustar eficazmente el coeficiente de fricci\u00f3n din\u00e1mica entre fibras.<\/li>\n<li>Buena biodegradabilidad y no contamina.<\/li>\n<li>La espuma es rica y fina, f\u00e1cil de aclarar. Despu\u00e9s del lavado, la piel se siente refrescante y confortable, sin tirantez. Tiene una excelente capacidad emulsionante, humectante y limpiadora.<\/li>\n<\/ol>\n<p>Aplicaci\u00f3n:<\/p>\n<p>Es especialmente adecuado como tensioactivo no i\u00f3nico poco espumoso para solubilizar en soluciones altamente alcalinas (hidr\u00f3xido s\u00f3dico). Tambi\u00e9n puede utilizarse como detergente para productos de uso diario y como materia prima para preparar penetrantes resistentes a los \u00e1lcalis, aceites mercerizantes y aceites de acabado.<\/p>\n<h3>\u56db\uff0eEmbalaje y almacenamiento<\/h3>\n<p>Embalaje en barril de pl\u00e1stico de 50 kg.<\/p>\n<p>Almacenado y transportado de acuerdo con las normas generales de almacenamiento y transporte de productos qu\u00edmicos.<\/p>\n<p>Almacenar en un lugar seco y ventilado.<\/p>\n<p>Caducidad: dos a\u00f1os.<\/p>","protected":false},"excerpt":{"rendered":"<p>\u4e00\uff0eProduct Property E-1310PK-35, an isopropyl stearate phosphate, is a highly efficient phosphate-based surfactant. It possesses excellent lubrication properties and good emulsifying performance, effectively reducing friction and wear and stabilizing the emulsified oil components. At the same time, it has anti-rust and anti-corrosion functions, capable of protecting metal surfaces and delaying oxidation and corrosion. Its low-foaming [&hellip;]<\/p>\n","protected":false},"featured_media":5570,"template":"","meta":{"_seopress_robots_primary_cat":"","_seopress_titles_title":"","_seopress_titles_desc":"","_seopress_robots_index":"","_uag_custom_page_level_css":"","site-sidebar-layout":"default","site-content-layout":"","ast-site-content-layout":"default","site-content-style":"default","site-sidebar-style":"default","ast-global-header-display":"","ast-banner-title-visibility":"","ast-main-header-display":"","ast-hfb-above-header-display":"","ast-hfb-below-header-display":"","ast-hfb-mobile-header-display":"","site-post-title":"","ast-breadcrumbs-content":"","ast-featured-img":"","footer-sml-layout":"","theme-transparent-header-meta":"default","adv-header-id-meta":"","stick-header-meta":"default","header-above-stick-meta":"","header-main-stick-meta":"","header-below-stick-meta":"","astra-migrate-meta-layouts":"set","ast-page-background-enabled":"default","ast-page-background-meta":{"desktop":{"background-color":"","background-image":"","background-repeat":"repeat","background-position":"center center","background-size":"auto","background-attachment":"scroll","background-type":"","background-media":"","overlay-type":"","overlay-color":"","overlay-opacity":"","overlay-gradient":""},"tablet":{"background-color":"","background-image":"","background-repeat":"repeat","background-position":"center center","background-size":"auto","background-attachment":"scroll","background-type":"","background-media":"","overlay-type":"","overlay-color":"","overlay-opacity":"","overlay-gradient":""},"mobile":{"background-color":"","background-image":"","background-repeat":"repeat","background-position":"center center","background-size":"auto","background-attachment":"scroll","background-type":"","background-media":"","overlay-type":"","overlay-color":"","overlay-opacity":"","overlay-gradient":""}},"ast-content-background-meta":{"desktop":{"background-color":"var(--ast-global-color-5)","background-image":"","background-repeat":"repeat","background-position":"center center","background-size":"auto","background-attachment":"scroll","background-type":"","background-media":"","overlay-type":"","overlay-color":"","overlay-opacity":"","overlay-gradient":""},"tablet":{"background-color":"var(--ast-global-color-5)","background-image":"","background-repeat":"repeat","background-position":"center center","background-size":"auto","background-attachment":"scroll","background-type":"","background-media":"","overlay-type":"","overlay-color":"","overlay-opacity":"","overlay-gradient":""},"mobile":{"background-color":"var(--ast-global-color-5)","background-image":"","background-repeat":"repeat","background-position":"center center","background-size":"auto","background-attachment":"scroll","background-type":"","background-media":"","overlay-type":"","overlay-color":"","overlay-opacity":"","overlay-gradient":""}}},"product_brand":[],"product_cat":[69],"product_tag":[],"class_list":{"0":"post-5567","1":"product","2":"type-product","3":"status-publish","4":"has-post-thumbnail","6":"product_cat-daily-chemical-product","7":"desktop-align-left","8":"tablet-align-left","9":"mobile-align-left","10":"ast-product-gallery-layout-horizontal-slider","11":"ast-product-gallery-with-no-image","12":"ast-product-tabs-layout-horizontal","14":"first","15":"instock","16":"shipping-taxable","17":"product-type-simple"},"uagb_featured_image_src":{"full":["https:\/\/jinancuchem.com\/wp-content\/uploads\/2025\/07\/\u672a\u6807\u9898-4-4.jpg",300,300,false],"thumbnail":["https:\/\/jinancuchem.com\/wp-content\/uploads\/2025\/07\/\u672a\u6807\u9898-4-4-150x150.jpg",150,150,true],"medium":["https:\/\/jinancuchem.com\/wp-content\/uploads\/2025\/07\/\u672a\u6807\u9898-4-4.jpg",300,300,false],"medium_large":["https:\/\/jinancuchem.com\/wp-content\/uploads\/2025\/07\/\u672a\u6807\u9898-4-4.jpg",300,300,false],"large":["https:\/\/jinancuchem.com\/wp-content\/uploads\/2025\/07\/\u672a\u6807\u9898-4-4.jpg",300,300,false],"1536x1536":["https:\/\/jinancuchem.com\/wp-content\/uploads\/2025\/07\/\u672a\u6807\u9898-4-4.jpg",300,300,false],"2048x2048":["https:\/\/jinancuchem.com\/wp-content\/uploads\/2025\/07\/\u672a\u6807\u9898-4-4.jpg",300,300,false],"trp-custom-language-flag":["https:\/\/jinancuchem.com\/wp-content\/uploads\/2025\/07\/\u672a\u6807\u9898-4-4-12x12.jpg",12,12,true],"woocommerce_thumbnail":["https:\/\/jinancuchem.com\/wp-content\/uploads\/2025\/07\/\u672a\u6807\u9898-4-4.jpg",300,300,false],"woocommerce_single":["https:\/\/jinancuchem.com\/wp-content\/uploads\/2025\/07\/\u672a\u6807\u9898-4-4.jpg",300,300,false],"woocommerce_gallery_thumbnail":["https:\/\/jinancuchem.com\/wp-content\/uploads\/2025\/07\/\u672a\u6807\u9898-4-4-100x100.jpg",100,100,true]},"uagb_author_info":{"display_name":"jinxing6611@gmail.com","author_link":"https:\/\/jinancuchem.com\/es\/author\/"},"uagb_comment_info":0,"uagb_excerpt":"\u4e00\uff0eProduct Property E-1310PK-35, an isopropyl stearate phosphate, is a highly efficient phosphate-based surfactant. It possesses excellent lubrication properties and good emulsifying performance, effectively reducing friction and wear and stabilizing the emulsified oil components. At the same time, it has anti-rust and anti-corrosion functions, capable of protecting metal surfaces and delaying oxidation and corrosion. Its low-foaming&hellip;","_links":{"self":[{"href":"https:\/\/jinancuchem.com\/es\/wp-json\/wp\/v2\/product\/5567","targetHints":{"allow":["GET"]}}],"collection":[{"href":"https:\/\/jinancuchem.com\/es\/wp-json\/wp\/v2\/product"}],"about":[{"href":"https:\/\/jinancuchem.com\/es\/wp-json\/wp\/v2\/types\/product"}],"wp:featuredmedia":[{"embeddable":true,"href":"https:\/\/jinancuchem.com\/es\/wp-json\/wp\/v2\/media\/5570"}],"wp:attachment":[{"href":"https:\/\/jinancuchem.com\/es\/wp-json\/wp\/v2\/media?parent=5567"}],"wp:term":[{"taxonomy":"product_brand","embeddable":true,"href":"https:\/\/jinancuchem.com\/es\/wp-json\/wp\/v2\/product_brand?post=5567"},{"taxonomy":"product_cat","embeddable":true,"href":"https:\/\/jinancuchem.com\/es\/wp-json\/wp\/v2\/product_cat?post=5567"},{"taxonomy":"product_tag","embeddable":true,"href":"https:\/\/jinancuchem.com\/es\/wp-json\/wp\/v2\/product_tag?post=5567"}],"curies":[{"name":"wp","href":"https:\/\/api.w.org\/{rel}","templated":true}]}}