{"id":5590,"date":"2025-07-28T09:47:14","date_gmt":"2025-07-28T09:47:14","guid":{"rendered":"https:\/\/jinancuchem.com\/?post_type=product&#038;p=5590"},"modified":"2025-07-28T09:47:15","modified_gmt":"2025-07-28T09:47:15","slug":"polyether-npe-108-npe-105","status":"publish","type":"product","link":"https:\/\/jinancuchem.com\/es\/producto\/polyether-npe-108-npe-105\/","title":{"rendered":"Poli\u00e9ter NPE-108, NPE-105"},"content":{"rendered":"<h3>\u4e00\uff0ePropiedad del producto<\/h3>\n<p>Este producto es muy soluble en agua. Durante el proceso de disoluci\u00f3n en agua, no se produce ning\u00fan fen\u00f3meno de hinchamiento. Tiene una excelente capacidad emulsionante, limpiadora y penetrante.<\/p>\n<p>Este producto es uno de los componentes de los agentes aceitosos para fibras sint\u00e9ticas. Adem\u00e1s de demostrar propiedades emulsionantes y antiest\u00e1ticas, tambi\u00e9n tiene una excelente fluidez a baja temperatura.<\/p>\n<h3>\u4e8c\uff0e\u00cdndice de calidad<\/h3>\n<table>\n<tbody>\n<tr>\n<td><strong><b>Especificaci\u00f3n<\/b><\/strong><\/td>\n<td><strong><b>Aspecto (25\u00b0C)<\/b><\/strong><\/td>\n<td><strong><b>Color (Pt-Co)<\/b><\/strong><\/td>\n<td><strong><b>Punto de turbidez (\u00b0C, 1% sol. ac.)<\/b><\/strong><\/td>\n<td><strong><b>Valor hidroxilo (mg KOH\/g)<\/b><\/strong><\/td>\n<td><strong><b>Humedad (%)<\/b><\/strong><\/td>\n<td><strong><b>pH (1% sol. ac.)<\/b><\/strong><\/td>\n<td><strong><b>Valor HLB<\/b><\/strong><\/td>\n<\/tr>\n<tr>\n<td><strong><b>NPE-108<\/b><\/strong><\/td>\n<td>L\u00edquido aceitoso entre incoloro y amarillo p\u00e1lido<\/td>\n<td>\u226420<\/td>\n<td>30~35<\/td>\n<td>-<\/td>\n<td>-<\/td>\n<td>5.0~7.0<\/td>\n<td>10~11<\/td>\n<\/tr>\n<tr>\n<td><strong><b>NPE-105<\/b><\/strong><\/td>\n<td>L\u00edquido aceitoso entre incoloro y amarillo p\u00e1lido<\/td>\n<td>\u226420<\/td>\n<td>38~44<\/td>\n<td>-<\/td>\n<td>-<\/td>\n<td>5.0~7.0<\/td>\n<td>11~12<\/td>\n<\/tr>\n<\/tbody>\n<\/table>\n<h3>\u4e09\uff0e\u00c1mbito de aplicaci\u00f3n y uso<\/h3>\n<p>En la industria de la tintura textil, estos aditivos se utilizan para fines como la tintura uniforme, la difusi\u00f3n, la humectaci\u00f3n y el lavado, y todos ellos tienen un excelente rendimiento; adem\u00e1s, sus propiedades espumantes son inferiores a las de los tensioactivos comunes.<\/p>\n<h3>\u56db\uff0eEmbalaje y almacenamiento<\/h3>\n<p>Envasado en bidones de hierro de 200 kg y bidones de pl\u00e1stico de 50 kg.<\/p>\n<p>Esta serie de productos no son inflamables y pueden almacenarse y transportarse de acuerdo con los m\u00e9todos de almacenamiento y transporte para productos qu\u00edmicos generales.<\/p>\n<p>Almacenar en un lugar seco y bien ventilado.<\/p>\n<p>Caducidad: dos a\u00f1os.<\/p>","protected":false},"excerpt":{"rendered":"<p>\u4e00\uff0eProduct Property This product is highly soluble in water. During the dissolution process in water, there is no swelling phenomenon. It has excellent emulsifying, cleaning and penetrating capabilities. This product is one of the components of synthetic fiber oil agents. Besides demonstrating emulsifying and anti-static properties, it also has excellent low-temperature fluidity. \u4e8c\uff0eQuality Index Specification [&hellip;]<\/p>\n","protected":false},"featured_media":5593,"template":"","meta":{"_seopress_robots_primary_cat":"","_seopress_titles_title":"","_seopress_titles_desc":"","_seopress_robots_index":"","_uag_custom_page_level_css":"","site-sidebar-layout":"default","site-content-layout":"","ast-site-content-layout":"default","site-content-style":"default","site-sidebar-style":"default","ast-global-header-display":"","ast-banner-title-visibility":"","ast-main-header-display":"","ast-hfb-above-header-display":"","ast-hfb-below-header-display":"","ast-hfb-mobile-header-display":"","site-post-title":"","ast-breadcrumbs-content":"","ast-featured-img":"","footer-sml-layout":"","theme-transparent-header-meta":"default","adv-header-id-meta":"","stick-header-meta":"default","header-above-stick-meta":"","header-main-stick-meta":"","header-below-stick-meta":"","astra-migrate-meta-layouts":"set","ast-page-background-enabled":"default","ast-page-background-meta":{"desktop":{"background-color":"","background-image":"","background-repeat":"repeat","background-position":"center center","background-size":"auto","background-attachment":"scroll","background-type":"","background-media":"","overlay-type":"","overlay-color":"","overlay-opacity":"","overlay-gradient":""},"tablet":{"background-color":"","background-image":"","background-repeat":"repeat","background-position":"center center","background-size":"auto","background-attachment":"scroll","background-type":"","background-media":"","overlay-type":"","overlay-color":"","overlay-opacity":"","overlay-gradient":""},"mobile":{"background-color":"","background-image":"","background-repeat":"repeat","background-position":"center center","background-size":"auto","background-attachment":"scroll","background-type":"","background-media":"","overlay-type":"","overlay-color":"","overlay-opacity":"","overlay-gradient":""}},"ast-content-background-meta":{"desktop":{"background-color":"var(--ast-global-color-5)","background-image":"","background-repeat":"repeat","background-position":"center center","background-size":"auto","background-attachment":"scroll","background-type":"","background-media":"","overlay-type":"","overlay-color":"","overlay-opacity":"","overlay-gradient":""},"tablet":{"background-color":"var(--ast-global-color-5)","background-image":"","background-repeat":"repeat","background-position":"center center","background-size":"auto","background-attachment":"scroll","background-type":"","background-media":"","overlay-type":"","overlay-color":"","overlay-opacity":"","overlay-gradient":""},"mobile":{"background-color":"var(--ast-global-color-5)","background-image":"","background-repeat":"repeat","background-position":"center center","background-size":"auto","background-attachment":"scroll","background-type":"","background-media":"","overlay-type":"","overlay-color":"","overlay-opacity":"","overlay-gradient":""}}},"product_brand":[],"product_cat":[69],"product_tag":[],"class_list":{"0":"post-5590","1":"product","2":"type-product","3":"status-publish","4":"has-post-thumbnail","6":"product_cat-daily-chemical-product","7":"desktop-align-left","8":"tablet-align-left","9":"mobile-align-left","10":"ast-product-gallery-layout-horizontal-slider","11":"ast-product-gallery-with-no-image","12":"ast-product-tabs-layout-horizontal","14":"first","15":"instock","16":"shipping-taxable","17":"product-type-simple"},"uagb_featured_image_src":{"full":["https:\/\/jinancuchem.com\/wp-content\/uploads\/2025\/07\/\u672a\u6807\u9898-4-9.jpg",300,300,false],"thumbnail":["https:\/\/jinancuchem.com\/wp-content\/uploads\/2025\/07\/\u672a\u6807\u9898-4-9-150x150.jpg",150,150,true],"medium":["https:\/\/jinancuchem.com\/wp-content\/uploads\/2025\/07\/\u672a\u6807\u9898-4-9.jpg",300,300,false],"medium_large":["https:\/\/jinancuchem.com\/wp-content\/uploads\/2025\/07\/\u672a\u6807\u9898-4-9.jpg",300,300,false],"large":["https:\/\/jinancuchem.com\/wp-content\/uploads\/2025\/07\/\u672a\u6807\u9898-4-9.jpg",300,300,false],"1536x1536":["https:\/\/jinancuchem.com\/wp-content\/uploads\/2025\/07\/\u672a\u6807\u9898-4-9.jpg",300,300,false],"2048x2048":["https:\/\/jinancuchem.com\/wp-content\/uploads\/2025\/07\/\u672a\u6807\u9898-4-9.jpg",300,300,false],"trp-custom-language-flag":["https:\/\/jinancuchem.com\/wp-content\/uploads\/2025\/07\/\u672a\u6807\u9898-4-9-12x12.jpg",12,12,true],"woocommerce_thumbnail":["https:\/\/jinancuchem.com\/wp-content\/uploads\/2025\/07\/\u672a\u6807\u9898-4-9.jpg",300,300,false],"woocommerce_single":["https:\/\/jinancuchem.com\/wp-content\/uploads\/2025\/07\/\u672a\u6807\u9898-4-9.jpg",300,300,false],"woocommerce_gallery_thumbnail":["https:\/\/jinancuchem.com\/wp-content\/uploads\/2025\/07\/\u672a\u6807\u9898-4-9-100x100.jpg",100,100,true]},"uagb_author_info":{"display_name":"jinxing6611@gmail.com","author_link":"https:\/\/jinancuchem.com\/es\/author\/"},"uagb_comment_info":0,"uagb_excerpt":"\u4e00\uff0eProduct Property This product is highly soluble in water. During the dissolution process in water, there is no swelling phenomenon. It has excellent emulsifying, cleaning and penetrating capabilities. This product is one of the components of synthetic fiber oil agents. Besides demonstrating emulsifying and anti-static properties, it also has excellent low-temperature fluidity. \u4e8c\uff0eQuality Index Specification&hellip;","_links":{"self":[{"href":"https:\/\/jinancuchem.com\/es\/wp-json\/wp\/v2\/product\/5590","targetHints":{"allow":["GET"]}}],"collection":[{"href":"https:\/\/jinancuchem.com\/es\/wp-json\/wp\/v2\/product"}],"about":[{"href":"https:\/\/jinancuchem.com\/es\/wp-json\/wp\/v2\/types\/product"}],"wp:featuredmedia":[{"embeddable":true,"href":"https:\/\/jinancuchem.com\/es\/wp-json\/wp\/v2\/media\/5593"}],"wp:attachment":[{"href":"https:\/\/jinancuchem.com\/es\/wp-json\/wp\/v2\/media?parent=5590"}],"wp:term":[{"taxonomy":"product_brand","embeddable":true,"href":"https:\/\/jinancuchem.com\/es\/wp-json\/wp\/v2\/product_brand?post=5590"},{"taxonomy":"product_cat","embeddable":true,"href":"https:\/\/jinancuchem.com\/es\/wp-json\/wp\/v2\/product_cat?post=5590"},{"taxonomy":"product_tag","embeddable":true,"href":"https:\/\/jinancuchem.com\/es\/wp-json\/wp\/v2\/product_tag?post=5590"}],"curies":[{"name":"wp","href":"https:\/\/api.w.org\/{rel}","templated":true}]}}