{"id":5614,"date":"2025-07-29T03:25:48","date_gmt":"2025-07-29T03:25:48","guid":{"rendered":"https:\/\/jinancuchem.com\/?post_type=product&#038;p=5614"},"modified":"2025-07-29T03:25:48","modified_gmt":"2025-07-29T03:25:48","slug":"polyethylene-glycol-monooleate","status":"publish","type":"product","link":"https:\/\/jinancuchem.com\/es\/producto\/polyethylene-glycol-monooleate\/","title":{"rendered":"monooleato de poli(etilenglicol)"},"content":{"rendered":"<h3>\u4e00\uff0ePropiedad del producto<\/h3>\n<p>El oleato de polietilenglicol es un tensioactivo no i\u00f3nico con excelentes propiedades emulsionantes, dispersantes y humectantes. Su estructura molecular contiene segmentos de polietilenglicol hidr\u00f3filos y grupos de oleato hidr\u00f3fobos, que pueden formar una interacci\u00f3n estable en la interfaz aceite-agua.<\/p>\n<h3>\u4e8c\uff0e\u00cdndice de calidad<\/h3>\n<table>\n<tbody>\n<tr>\n<td><strong><b>Producto<\/b><\/strong><\/td>\n<td><strong><b>Aspecto (25\u00b0C)<\/b><\/strong><\/td>\n<td><strong><b>\u00cdndice de acidez (mgKOH\/g)<\/b><\/strong><\/td>\n<td><strong><b>Valor de saponificaci\u00f3n (mgKOH\/g)<\/b><\/strong><\/td>\n<td><strong><b>Contenido (%)<\/b><\/strong><\/td>\n<td><strong><b>pH (1% sol. ac.)<\/b><\/strong><\/td>\n<td><strong><b>Valor HLB<\/b><\/strong><\/td>\n<\/tr>\n<tr>\n<td><strong><b>EGMS<\/b><\/strong><\/td>\n<td>S\u00f3lido entre amarillo p\u00e1lido y blanquecino<\/td>\n<td>\u22645<\/td>\n<td>170-190<\/td>\n<td>\u226599%<\/td>\n<td>5.0-7.0<\/td>\n<td>2-4<\/td>\n<\/tr>\n<tr>\n<td><strong><b>EGDS<\/b><\/strong><\/td>\n<td>S\u00f3lido entre amarillo p\u00e1lido y blanquecino<\/td>\n<td>\u226410<\/td>\n<td>185-200<\/td>\n<td>\u226599%<\/td>\n<td>5.0-7.0<\/td>\n<td>1.5<\/td>\n<\/tr>\n<tr>\n<td><strong><b>DEGMS<\/b><\/strong><\/td>\n<td>S\u00f3lido entre amarillo p\u00e1lido y blanquecino<\/td>\n<td>\u22645<\/td>\n<td>160-170<\/td>\n<td>\u226599%<\/td>\n<td>5.0-7.0<\/td>\n<td>3.5<\/td>\n<\/tr>\n<tr>\n<td><strong><b>DEGDS<\/b><\/strong><\/td>\n<td>S\u00f3lido entre amarillo p\u00e1lido y blanquecino<\/td>\n<td>\u226410<\/td>\n<td>184-194<\/td>\n<td>\u226599%<\/td>\n<td>5.0-7.0<\/td>\n<td>3<\/td>\n<\/tr>\n<tr>\n<td><strong><b>PEG400MS<\/b><\/strong><\/td>\n<td>S\u00f3lido entre amarillo p\u00e1lido y blanquecino<\/td>\n<td>\u22645<\/td>\n<td>75-95<\/td>\n<td>\u226599%<\/td>\n<td>5.0-7.0<\/td>\n<td>10.7-11.7<\/td>\n<\/tr>\n<tr>\n<td><strong><b>PEG400DS<\/b><\/strong><\/td>\n<td>S\u00f3lido entre amarillo p\u00e1lido y blanquecino<\/td>\n<td>\u226410<\/td>\n<td>110-130<\/td>\n<td>\u226599%<\/td>\n<td>5.0-7.0<\/td>\n<td>7.2-8.2<\/td>\n<\/tr>\n<tr>\n<td><strong><b>PEG200ML<\/b><\/strong><\/td>\n<td>L\u00edquido incoloro a amarillo p\u00e1lido<\/td>\n<td>\u22645<\/td>\n<td>140-155<\/td>\n<td>\u226599%<\/td>\n<td>5.0-7.0<\/td>\n<td>9.5<\/td>\n<\/tr>\n<tr>\n<td><strong><b>PEG200DL<\/b><\/strong><\/td>\n<td>L\u00edquido incoloro a amarillo p\u00e1lido<\/td>\n<td>\u226410<\/td>\n<td>195-210<\/td>\n<td>\u226599%<\/td>\n<td>5.0-7.0<\/td>\n<td>8<\/td>\n<\/tr>\n<tr>\n<td><strong><b>PEG400ML<\/b><\/strong><\/td>\n<td>L\u00edquido incoloro a amarillo p\u00e1lido<\/td>\n<td>\u22645<\/td>\n<td>90-110<\/td>\n<td>\u226599%<\/td>\n<td>5.0-7.0<\/td>\n<td>13<\/td>\n<\/tr>\n<tr>\n<td><strong><b>PEG400DL<\/b><\/strong><\/td>\n<td>L\u00edquido incoloro a amarillo p\u00e1lido<\/td>\n<td>\u226410<\/td>\n<td>130-155<\/td>\n<td>\u226599%<\/td>\n<td>5.0-7.0<\/td>\n<td>10.5<\/td>\n<\/tr>\n<tr>\n<td><strong><b>PEG400MO<\/b><\/strong><\/td>\n<td>L\u00edquido \u00e1mbar<\/td>\n<td>\u22645<\/td>\n<td>75-95<\/td>\n<td>\u226599%<\/td>\n<td>5.0-7.0<\/td>\n<td>11-12<\/td>\n<\/tr>\n<tr>\n<td><strong><b>PEG400DO<\/b><\/strong><\/td>\n<td>L\u00edquido \u00e1mbar<\/td>\n<td>\u226410<\/td>\n<td>100-130<\/td>\n<td>\u226599%<\/td>\n<td>5.0-7.0<\/td>\n<td>7-8<\/td>\n<\/tr>\n<tr>\n<td><strong><b>PEG600MO<\/b><\/strong><\/td>\n<td>L\u00edquido \u00e1mbar<\/td>\n<td>\u22645<\/td>\n<td>60-75<\/td>\n<td>\u226599%<\/td>\n<td>5.0-7.0<\/td>\n<td>13-14<\/td>\n<\/tr>\n<tr>\n<td><strong><b>PEG600DO<\/b><\/strong><\/td>\n<td>L\u00edquido \u00e1mbar<\/td>\n<td>\u226410<\/td>\n<td>85-105<\/td>\n<td>\u226599%<\/td>\n<td>5.0-7.0<\/td>\n<td>10-11<\/td>\n<\/tr>\n<tr>\n<td><strong><b>PEG4000MO<\/b><\/strong><\/td>\n<td>S\u00f3lido amarillo<\/td>\n<td>\u22645<\/td>\n<td>10-15<\/td>\n<td>\u226599%<\/td>\n<td>5.0-7.0<\/td>\n<td>18-18.5<\/td>\n<\/tr>\n<tr>\n<td><strong><b>PEG6000MO<\/b><\/strong><\/td>\n<td>S\u00f3lido amarillo<\/td>\n<td>\u22645<\/td>\n<td>5-10<\/td>\n<td>\u226599%<\/td>\n<td>5.0-7.0<\/td>\n<td>19<\/td>\n<\/tr>\n<tr>\n<td><strong><b>Oleato de PEG-264<\/b><\/strong><\/td>\n<td>L\u00edquido entre amarillo claro y amarillo<\/td>\n<td>\u22642<\/td>\n<td>117-123<\/td>\n<td>\u226599%<\/td>\n<td>5.0-7.0<\/td>\n<td>&#8211;<\/td>\n<\/tr>\n<\/tbody>\n<\/table>\n<h3>\u4e09\uff0e\u00c1mbito de aplicaci\u00f3n y uso<\/h3>\n<table>\n<tbody>\n<tr>\n<td><strong><b>Producto<\/b><\/strong><\/td>\n<td><strong><b>Propiedades<\/b><\/strong><\/td>\n<td><strong><b>Aplicaciones<\/b><\/strong><\/td>\n<\/tr>\n<tr>\n<td><strong><b>EGMS<\/b><\/strong>\u00a0\/\u00a0<strong><b>EGDS<\/b><\/strong><\/td>\n<td>Soluble en isopropanol, tolueno, aceite de soja, aceite mineral. Funciones: emulsificaci\u00f3n, solubilizaci\u00f3n, suavizante, antiest\u00e1tico.<\/td>\n<td>Textiles (emulsionante, dispersante, suavizante, agente antiest\u00e1tico), cosm\u00e9ticos (agente perlante), productos farmac\u00e9uticos (intermedio), metalurgia (lubricante, antiespumante).<\/td>\n<\/tr>\n<tr>\n<td><strong><b>DEGMS<\/b><\/strong>\u00a0\/\u00a0<strong><b>DEGDS<\/b><\/strong><\/td>\n<td>Insoluble en agua\/etanol\/\u00e9ter; dispersable en agua caliente.<\/td>\n<td>Productos farmac\u00e9uticos (solubilizante, potenciador de la penetraci\u00f3n), textiles (emulsionante, opacificante), alimentos (solubilizante de sabor\/color, regulador de la espuma).<\/td>\n<\/tr>\n<tr>\n<td><strong><b>PEG400MS<\/b><\/strong><\/td>\n<td>Soluble en disolventes org\u00e1nicos; dispersable en agua. Funciones: emulsificaci\u00f3n, ablandamiento, humectaci\u00f3n.<\/td>\n<td>Textiles (suavizante, lubricante), cosm\u00e9ticos (limpiador, abrillantador), papel (espesante de revestimientos), productos farmac\u00e9uticos (emulsionante), pinturas (ayuda a la molienda).<\/td>\n<\/tr>\n<tr>\n<td><strong><b>PEG400DS<\/b><\/strong><\/td>\n<td>Soluble en etanol\/isopropanol\/tolueno; dispersable en agua caliente. Funciones: dispersi\u00f3n, opacificaci\u00f3n, espesamiento.<\/td>\n<td>Textiles (lubricante de fibras, agente antiest\u00e1tico), cosm\u00e9ticos (espesante), metalurgia (lubricante), papel (suavizante de tejidos), plastificante de resinas.<\/td>\n<\/tr>\n<tr>\n<td><strong><b>PEG200ML<\/b><\/strong><\/td>\n<td>Dispersable en agua; forma emulsiones con aceites. Funciones: control de la viscosidad, antiespumante.<\/td>\n<td>Recubrimientos acuosos (antiespumante), pl\u00e1sticos vin\u00edlicos (reductor de viscosidad), tintes capilares (aditivo), suavizante de papel.<\/td>\n<\/tr>\n<tr>\n<td><strong><b>PEG200DL<\/b><\/strong><\/td>\n<td>Soluble en isopropanol\/acetona\/CCl\u2084; dispersable en agua.<\/td>\n<td>Coemulsionante autoemulsionante, desmoldeante, modificador de la viscosidad.<\/td>\n<\/tr>\n<tr>\n<td><strong><b>PEG400ML<\/b><\/strong><\/td>\n<td>Dispersable en agua. Funciones: lubricaci\u00f3n, antiespumante.<\/td>\n<td>Pinturas de l\u00e1tex (lubricante), textiles (agente nivelador), pigmentos (dispersante), cosm\u00e9ticos (emulsionante).<\/td>\n<\/tr>\n<tr>\n<td><strong><b>PEG400DL<\/b><\/strong><\/td>\n<td>Dispersable en agua. Funciones: antiest\u00e1tico, suavizante.<\/td>\n<td>Aceites de fibras sint\u00e9ticas (emulsionante), textiles (agente de acoplamiento), metalurgia (desengrasante), detergentes industriales.<\/td>\n<\/tr>\n<tr>\n<td><strong><b>PEG400MO<\/b><\/strong><\/td>\n<td>Soluble en benceno\/isopropanol; dispersable en agua. Biodegradable.<\/td>\n<td>Lubricante industrial, agentes de limpieza en seco, suavizante textil, fluidos de corte a base de aceite.<\/td>\n<\/tr>\n<tr>\n<td><strong><b>PEG400DO<\/b><\/strong><\/td>\n<td>Soluble en aceites minerales\/vegetales; dispersable en agua.<\/td>\n<td>Emulsionante W\/O,\u7164\u6cb9 emulsionante, lubricante industrial.<\/td>\n<\/tr>\n<tr>\n<td><strong><b>PEG600MO<\/b><\/strong>\u00a0\/\u00a0<strong><b>PEG600DO<\/b><\/strong>\u00a0\/\u00a0<strong><b>PEG4000MO<\/b><\/strong>\u00a0\/\u00a0<strong><b>PEG6000MO<\/b><\/strong><\/td>\n<td>Soluble en agua. Funciones: lavado, emulsificaci\u00f3n, lubricaci\u00f3n.<\/td>\n<td>Cosm\u00e9ticos (emulsionante O\/W), textiles (nivelador de colorantes), pesticidas (emulsionante), metalurgia (lubricante), limpieza \u00e1cida de PCB.<\/td>\n<\/tr>\n<tr>\n<td><strong><b>Oleato de PEG-264<\/b><\/strong><\/td>\n<td>Soluble en aceite; excelente suavidad, bajo punto de congelaci\u00f3n, resistente a la oxidaci\u00f3n.<\/td>\n<td>Emulsionante de fibra sint\u00e9tica (alta estabilidad t\u00e9rmica, baja volatilidad).<\/td>\n<\/tr>\n<\/tbody>\n<\/table>\n<h3>\u56db\uff0eEmbalaje y almacenamiento<\/h3>\n<p>Envasado en bidones de hierro de 200 kg y bidones de pl\u00e1stico de 50 kg.<\/p>\n<p>Esta serie de productos no son inflamables y pueden almacenarse y transportarse de acuerdo con los m\u00e9todos de almacenamiento y transporte para productos qu\u00edmicos generales.<\/p>\n<p>Almacenar en un lugar seco y bien ventilado.<\/p>\n<p>Caducidad: dos a\u00f1os.<\/p>","protected":false},"excerpt":{"rendered":"<p>\u3010CAS \u30119004-96-0;31943-11-0 F\u00f3rmula molecular: C28H54O7 Peso molecular: 502,72<\/p>\n<p>F\u00f3rmula estructural molecular\uff1a<img alt=\"\" fetchpriority=\"high\" decoding=\"async\" class=\"alignnone size-full wp-image-5617\" src=\"https:\/\/jinancuchem.com\/wp-content\/uploads\/2025\/07\/\u672a\u6807\u9898-1-100.jpg\" width=\"300\" height=\"300\" srcset=\"https:\/\/jinancuchem.com\/wp-content\/uploads\/2025\/07\/\u672a\u6807\u9898-1-100.jpg 300w, https:\/\/jinancuchem.com\/wp-content\/uploads\/2025\/07\/\u672a\u6807\u9898-1-100-150x150.jpg 150w, https:\/\/jinancuchem.com\/wp-content\/uploads\/2025\/07\/\u672a\u6807\u9898-1-100-12x12.jpg 12w, https:\/\/jinancuchem.com\/wp-content\/uploads\/2025\/07\/\u672a\u6807\u9898-1-100-100x100.jpg 100w\" sizes=\"(max-width: 300px) 100vw, 300px\" \/><\/p>","protected":false},"featured_media":5617,"template":"","meta":{"_seopress_robots_primary_cat":"","_seopress_titles_title":"","_seopress_titles_desc":"","_seopress_robots_index":"","_uag_custom_page_level_css":"","site-sidebar-layout":"default","site-content-layout":"","ast-site-content-layout":"default","site-content-style":"default","site-sidebar-style":"default","ast-global-header-display":"","ast-banner-title-visibility":"","ast-main-header-display":"","ast-hfb-above-header-display":"","ast-hfb-below-header-display":"","ast-hfb-mobile-header-display":"","site-post-title":"","ast-breadcrumbs-content":"","ast-featured-img":"","footer-sml-layout":"","theme-transparent-header-meta":"default","adv-header-id-meta":"","stick-header-meta":"default","header-above-stick-meta":"","header-main-stick-meta":"","header-below-stick-meta":"","astra-migrate-meta-layouts":"set","ast-page-background-enabled":"default","ast-page-background-meta":{"desktop":{"background-color":"","background-image":"","background-repeat":"repeat","background-position":"center center","background-size":"auto","background-attachment":"scroll","background-type":"","background-media":"","overlay-type":"","overlay-color":"","overlay-opacity":"","overlay-gradient":""},"tablet":{"background-color":"","background-image":"","background-repeat":"repeat","background-position":"center center","background-size":"auto","background-attachment":"scroll","background-type":"","background-media":"","overlay-type":"","overlay-color":"","overlay-opacity":"","overlay-gradient":""},"mobile":{"background-color":"","background-image":"","background-repeat":"repeat","background-position":"center center","background-size":"auto","background-attachment":"scroll","background-type":"","background-media":"","overlay-type":"","overlay-color":"","overlay-opacity":"","overlay-gradient":""}},"ast-content-background-meta":{"desktop":{"background-color":"var(--ast-global-color-5)","background-image":"","background-repeat":"repeat","background-position":"center center","background-size":"auto","background-attachment":"scroll","background-type":"","background-media":"","overlay-type":"","overlay-color":"","overlay-opacity":"","overlay-gradient":""},"tablet":{"background-color":"var(--ast-global-color-5)","background-image":"","background-repeat":"repeat","background-position":"center center","background-size":"auto","background-attachment":"scroll","background-type":"","background-media":"","overlay-type":"","overlay-color":"","overlay-opacity":"","overlay-gradient":""},"mobile":{"background-color":"var(--ast-global-color-5)","background-image":"","background-repeat":"repeat","background-position":"center center","background-size":"auto","background-attachment":"scroll","background-type":"","background-media":"","overlay-type":"","overlay-color":"","overlay-opacity":"","overlay-gradient":""}}},"product_brand":[],"product_cat":[69],"product_tag":[],"class_list":{"0":"post-5614","1":"product","2":"type-product","3":"status-publish","4":"has-post-thumbnail","6":"product_cat-daily-chemical-product","7":"desktop-align-left","8":"tablet-align-left","9":"mobile-align-left","10":"ast-product-gallery-layout-horizontal-slider","11":"ast-product-gallery-with-no-image","12":"ast-product-tabs-layout-horizontal","14":"first","15":"instock","16":"shipping-taxable","17":"product-type-simple"},"uagb_featured_image_src":{"full":["https:\/\/jinancuchem.com\/wp-content\/uploads\/2025\/07\/\u672a\u6807\u9898-1-100.jpg",300,300,false],"thumbnail":["https:\/\/jinancuchem.com\/wp-content\/uploads\/2025\/07\/\u672a\u6807\u9898-1-100-150x150.jpg",150,150,true],"medium":["https:\/\/jinancuchem.com\/wp-content\/uploads\/2025\/07\/\u672a\u6807\u9898-1-100.jpg",300,300,false],"medium_large":["https:\/\/jinancuchem.com\/wp-content\/uploads\/2025\/07\/\u672a\u6807\u9898-1-100.jpg",300,300,false],"large":["https:\/\/jinancuchem.com\/wp-content\/uploads\/2025\/07\/\u672a\u6807\u9898-1-100.jpg",300,300,false],"1536x1536":["https:\/\/jinancuchem.com\/wp-content\/uploads\/2025\/07\/\u672a\u6807\u9898-1-100.jpg",300,300,false],"2048x2048":["https:\/\/jinancuchem.com\/wp-content\/uploads\/2025\/07\/\u672a\u6807\u9898-1-100.jpg",300,300,false],"trp-custom-language-flag":["https:\/\/jinancuchem.com\/wp-content\/uploads\/2025\/07\/\u672a\u6807\u9898-1-100-12x12.jpg",12,12,true],"woocommerce_thumbnail":["https:\/\/jinancuchem.com\/wp-content\/uploads\/2025\/07\/\u672a\u6807\u9898-1-100.jpg",300,300,false],"woocommerce_single":["https:\/\/jinancuchem.com\/wp-content\/uploads\/2025\/07\/\u672a\u6807\u9898-1-100.jpg",300,300,false],"woocommerce_gallery_thumbnail":["https:\/\/jinancuchem.com\/wp-content\/uploads\/2025\/07\/\u672a\u6807\u9898-1-100-100x100.jpg",100,100,true]},"uagb_author_info":{"display_name":"jinxing6611@gmail.com","author_link":"https:\/\/jinancuchem.com\/es\/author\/"},"uagb_comment_info":0,"uagb_excerpt":"\u3010CAS \u30119004-96-0;31943-11-0 \u00a0Molecular formula: C28H54O7 \u00a0Molecular weight: 502.72 Molecular structural formula\uff1a","_links":{"self":[{"href":"https:\/\/jinancuchem.com\/es\/wp-json\/wp\/v2\/product\/5614","targetHints":{"allow":["GET"]}}],"collection":[{"href":"https:\/\/jinancuchem.com\/es\/wp-json\/wp\/v2\/product"}],"about":[{"href":"https:\/\/jinancuchem.com\/es\/wp-json\/wp\/v2\/types\/product"}],"wp:featuredmedia":[{"embeddable":true,"href":"https:\/\/jinancuchem.com\/es\/wp-json\/wp\/v2\/media\/5617"}],"wp:attachment":[{"href":"https:\/\/jinancuchem.com\/es\/wp-json\/wp\/v2\/media?parent=5614"}],"wp:term":[{"taxonomy":"product_brand","embeddable":true,"href":"https:\/\/jinancuchem.com\/es\/wp-json\/wp\/v2\/product_brand?post=5614"},{"taxonomy":"product_cat","embeddable":true,"href":"https:\/\/jinancuchem.com\/es\/wp-json\/wp\/v2\/product_cat?post=5614"},{"taxonomy":"product_tag","embeddable":true,"href":"https:\/\/jinancuchem.com\/es\/wp-json\/wp\/v2\/product_tag?post=5614"}],"curies":[{"name":"wp","href":"https:\/\/api.w.org\/{rel}","templated":true}]}}