{"id":5618,"date":"2025-07-29T03:28:41","date_gmt":"2025-07-29T03:28:41","guid":{"rendered":"https:\/\/jinancuchem.com\/?post_type=product&#038;p=5618"},"modified":"2025-08-01T19:00:31","modified_gmt":"2025-08-01T19:00:31","slug":"dyebath-agent-an-nifadin","status":"publish","type":"product","link":"https:\/\/jinancuchem.com\/es\/producto\/dyebath-agent-an-nifadin\/","title":{"rendered":"Agente tint\u00f3reo AN (Nifadin)"},"content":{"rendered":"<h3>\u4e00\uff0ePropiedad del producto<\/h3>\n<p>Es no i\u00f3nico en medios alcalinos y neutros, y cati\u00f3nico en medios \u00e1cidos. Tiene excelentes propiedades emulsionantes y niveladoras, y es estable frente a \u00e1cidos, \u00e1lcalis y aguas duras. Puede mezclarse con otras sustancias i\u00f3nicas activas en soluciones alcalinas y neutras.<\/p>\n<h3>\u4e8c\uff0e\u00cdndice de calidad<\/h3>\n<table>\n<tbody>\n<tr>\n<td><strong><b>Propiedad<\/b><\/strong><\/td>\n<td><strong><b>Especificaci\u00f3n<\/b><\/strong><\/td>\n<\/tr>\n<tr>\n<td><strong><b>Apariencia<\/b><\/strong><\/td>\n<td>Sustancia aceitosa o pastosa de color amarillo<\/td>\n<\/tr>\n<tr>\n<td><strong><b>Valor pH<\/b><\/strong>\u00a0(medici\u00f3n directa)<\/td>\n<td>6.0 &#8211; 7.0<\/td>\n<\/tr>\n<tr>\n<td><strong><b>Valor total de amina<\/b><\/strong><\/td>\n<td>70 \u00b1 5 mg KOH\/g<\/td>\n<\/tr>\n<tr>\n<td><strong><b>Valor de amina terciaria<\/b><\/strong><\/td>\n<td>70 \u00b1 5 mg KOH\/g<\/td>\n<\/tr>\n<tr>\n<td><strong><b>Diferencia amina terciaria total<\/b><\/strong><\/td>\n<td>\u2264 5 mg KOH\/g<\/td>\n<\/tr>\n<\/tbody>\n<\/table>\n<h3>\u4e09\uff0e\u00c1mbito de aplicaci\u00f3n y uso<\/h3>\n<p>Puede utilizarse como agente nivelador en lana, algod\u00f3n, seda y fibras sint\u00e9ticas. El aumento de la concentraci\u00f3n lo convertir\u00e1 en un agente blanqueador ideal.<\/p>\n<p>Como agente uniformizador de base \u00e1cida para la tintura, puede reducir la cantidad de \u00e1cido sulf\u00farico en el ba\u00f1o de tintura y minimizar el da\u00f1o a la resistencia del tejido.<\/p>\n<p>Como colorante neutro, es un agente nivelador para los colorantes reactivos.<\/p>\n<p>Es un agente de eliminaci\u00f3n de color para tejidos de lana y nailon. Se utiliza para la eliminaci\u00f3n del color y el te\u00f1ido uniforme de la lana, lo que puede mejorar el aspecto del tejido. Tambi\u00e9n puede mejorar la resistencia al desgaste del tejido en el te\u00f1ido con tinte helado y la estampaci\u00f3n.<\/p>\n<h3>\u56db\uff0eEmbalaje y almacenamiento<\/h3>\n<p>Embalaje en barril de pl\u00e1stico de 50 kg.<\/p>\n<p>De acuerdo con el almacenamiento y transporte de productos qu\u00edmicos en general.<\/p>\n<p>Almacenar en un lugar seco y bien ventilado.<\/p>\n<p>Caducidad: dos a\u00f1os.<\/p>","protected":false},"excerpt":{"rendered":"<p>\u4e00\uff0eProduct Property It is non-ionic in alkaline and neutral media, and cationic in acidic media. It has excellent emulsifying and leveling properties, and is stable to acids, alkalis and hard water. It can be mixed with other ionic active substances in alkaline and neutral solutions. \u4e8c\uff0eQuality Index Property Specification Appearance Yellow oily or paste-like substance [&hellip;]<\/p>\n","protected":false},"featured_media":5621,"template":"","meta":{"_seopress_robots_primary_cat":"","_seopress_titles_title":"","_seopress_titles_desc":"","_seopress_robots_index":"","_uag_custom_page_level_css":"","site-sidebar-layout":"default","site-content-layout":"","ast-site-content-layout":"default","site-content-style":"default","site-sidebar-style":"default","ast-global-header-display":"","ast-banner-title-visibility":"","ast-main-header-display":"","ast-hfb-above-header-display":"","ast-hfb-below-header-display":"","ast-hfb-mobile-header-display":"","site-post-title":"","ast-breadcrumbs-content":"","ast-featured-img":"","footer-sml-layout":"","theme-transparent-header-meta":"default","adv-header-id-meta":"","stick-header-meta":"default","header-above-stick-meta":"","header-main-stick-meta":"","header-below-stick-meta":"","astra-migrate-meta-layouts":"set","ast-page-background-enabled":"default","ast-page-background-meta":{"desktop":{"background-color":"","background-image":"","background-repeat":"repeat","background-position":"center center","background-size":"auto","background-attachment":"scroll","background-type":"","background-media":"","overlay-type":"","overlay-color":"","overlay-opacity":"","overlay-gradient":""},"tablet":{"background-color":"","background-image":"","background-repeat":"repeat","background-position":"center center","background-size":"auto","background-attachment":"scroll","background-type":"","background-media":"","overlay-type":"","overlay-color":"","overlay-opacity":"","overlay-gradient":""},"mobile":{"background-color":"","background-image":"","background-repeat":"repeat","background-position":"center center","background-size":"auto","background-attachment":"scroll","background-type":"","background-media":"","overlay-type":"","overlay-color":"","overlay-opacity":"","overlay-gradient":""}},"ast-content-background-meta":{"desktop":{"background-color":"var(--ast-global-color-5)","background-image":"","background-repeat":"repeat","background-position":"center center","background-size":"auto","background-attachment":"scroll","background-type":"","background-media":"","overlay-type":"","overlay-color":"","overlay-opacity":"","overlay-gradient":""},"tablet":{"background-color":"var(--ast-global-color-5)","background-image":"","background-repeat":"repeat","background-position":"center center","background-size":"auto","background-attachment":"scroll","background-type":"","background-media":"","overlay-type":"","overlay-color":"","overlay-opacity":"","overlay-gradient":""},"mobile":{"background-color":"var(--ast-global-color-5)","background-image":"","background-repeat":"repeat","background-position":"center center","background-size":"auto","background-attachment":"scroll","background-type":"","background-media":"","overlay-type":"","overlay-color":"","overlay-opacity":"","overlay-gradient":""}}},"product_brand":[],"product_cat":[69],"product_tag":[],"class_list":{"0":"post-5618","1":"product","2":"type-product","3":"status-publish","4":"has-post-thumbnail","6":"product_cat-daily-chemical-product","7":"desktop-align-left","8":"tablet-align-left","9":"mobile-align-left","10":"ast-product-gallery-layout-horizontal-slider","11":"ast-product-gallery-with-no-image","12":"ast-product-tabs-layout-horizontal","14":"first","15":"instock","16":"featured","17":"shipping-taxable","18":"product-type-simple"},"uagb_featured_image_src":{"full":["https:\/\/jinancuchem.com\/wp-content\/uploads\/2025\/07\/\u672a\u6807\u9898-1-101.jpg",300,300,false],"thumbnail":["https:\/\/jinancuchem.com\/wp-content\/uploads\/2025\/07\/\u672a\u6807\u9898-1-101-150x150.jpg",150,150,true],"medium":["https:\/\/jinancuchem.com\/wp-content\/uploads\/2025\/07\/\u672a\u6807\u9898-1-101.jpg",300,300,false],"medium_large":["https:\/\/jinancuchem.com\/wp-content\/uploads\/2025\/07\/\u672a\u6807\u9898-1-101.jpg",300,300,false],"large":["https:\/\/jinancuchem.com\/wp-content\/uploads\/2025\/07\/\u672a\u6807\u9898-1-101.jpg",300,300,false],"1536x1536":["https:\/\/jinancuchem.com\/wp-content\/uploads\/2025\/07\/\u672a\u6807\u9898-1-101.jpg",300,300,false],"2048x2048":["https:\/\/jinancuchem.com\/wp-content\/uploads\/2025\/07\/\u672a\u6807\u9898-1-101.jpg",300,300,false],"trp-custom-language-flag":["https:\/\/jinancuchem.com\/wp-content\/uploads\/2025\/07\/\u672a\u6807\u9898-1-101-12x12.jpg",12,12,true],"woocommerce_thumbnail":["https:\/\/jinancuchem.com\/wp-content\/uploads\/2025\/07\/\u672a\u6807\u9898-1-101.jpg",300,300,false],"woocommerce_single":["https:\/\/jinancuchem.com\/wp-content\/uploads\/2025\/07\/\u672a\u6807\u9898-1-101.jpg",300,300,false],"woocommerce_gallery_thumbnail":["https:\/\/jinancuchem.com\/wp-content\/uploads\/2025\/07\/\u672a\u6807\u9898-1-101-100x100.jpg",100,100,true]},"uagb_author_info":{"display_name":"jinxing6611@gmail.com","author_link":"https:\/\/jinancuchem.com\/es\/author\/"},"uagb_comment_info":0,"uagb_excerpt":"\u4e00\uff0eProduct Property It is non-ionic in alkaline and neutral media, and cationic in acidic media. It has excellent emulsifying and leveling properties, and is stable to acids, alkalis and hard water. It can be mixed with other ionic active substances in alkaline and neutral solutions. \u4e8c\uff0eQuality Index Property Specification Appearance Yellow oily or paste-like substance&hellip;","_links":{"self":[{"href":"https:\/\/jinancuchem.com\/es\/wp-json\/wp\/v2\/product\/5618","targetHints":{"allow":["GET"]}}],"collection":[{"href":"https:\/\/jinancuchem.com\/es\/wp-json\/wp\/v2\/product"}],"about":[{"href":"https:\/\/jinancuchem.com\/es\/wp-json\/wp\/v2\/types\/product"}],"wp:featuredmedia":[{"embeddable":true,"href":"https:\/\/jinancuchem.com\/es\/wp-json\/wp\/v2\/media\/5621"}],"wp:attachment":[{"href":"https:\/\/jinancuchem.com\/es\/wp-json\/wp\/v2\/media?parent=5618"}],"wp:term":[{"taxonomy":"product_brand","embeddable":true,"href":"https:\/\/jinancuchem.com\/es\/wp-json\/wp\/v2\/product_brand?post=5618"},{"taxonomy":"product_cat","embeddable":true,"href":"https:\/\/jinancuchem.com\/es\/wp-json\/wp\/v2\/product_cat?post=5618"},{"taxonomy":"product_tag","embeddable":true,"href":"https:\/\/jinancuchem.com\/es\/wp-json\/wp\/v2\/product_tag?post=5618"}],"curies":[{"name":"wp","href":"https:\/\/api.w.org\/{rel}","templated":true}]}}