{"id":5665,"date":"2025-07-29T03:47:16","date_gmt":"2025-07-29T03:47:16","guid":{"rendered":"https:\/\/jinancuchem.com\/?post_type=product&#038;p=5665"},"modified":"2025-08-01T19:00:11","modified_gmt":"2025-08-01T19:00:11","slug":"pesticide-emulsifier","status":"publish","type":"product","link":"https:\/\/jinancuchem.com\/es\/producto\/pesticide-emulsifier\/","title":{"rendered":"Emulsionante de plaguicidas"},"content":{"rendered":"<h3>\u4e00\uff0ePropiedad del producto<\/h3>\n<p>Los emulsionantes de plaguicidas son un tipo de tensioactivo que puede hacer que dos l\u00edquidos inmiscibles formen una emulsi\u00f3n estable. Lo consiguen reduciendo la tensi\u00f3n interfacial, lo que permite que los ingredientes activos del plaguicida se dispersen en el agua de forma diminuta, mejorando as\u00ed la estabilidad de la emulsi\u00f3n y la tasa de utilizaci\u00f3n biol\u00f3gica del plaguicida.<\/p>\n<h3>\u4e8c\uff0e\u00cdndice de calidad<\/h3>\n<table>\n<tbody>\n<tr>\n<td><strong><b>Par\u00e1metro de calidad<\/b><\/strong><\/td>\n<td><strong><b>Especificaci\u00f3n<\/b><\/strong><\/td>\n<td><strong><b>M\u00e9todo de ensayo<\/b><\/strong><\/td>\n<\/tr>\n<tr>\n<td><strong><b>Apariencia<\/b><\/strong><\/td>\n<td>L\u00edquido viscoso entre incoloro y amarillo p\u00e1lido<\/td>\n<td>Inspecci\u00f3n visual<\/td>\n<\/tr>\n<tr>\n<td><strong><b>Valor pH (soluci\u00f3n 1%)<\/b><\/strong><\/td>\n<td>5.0-7.0<\/td>\n<td>pH-metro (ASTM E70)<\/td>\n<\/tr>\n<tr>\n<td><strong><b>Contenido en agua<\/b><\/strong><\/td>\n<td>\u22641.0% (p\/p)<\/td>\n<td>Valoraci\u00f3n Karl Fischer<\/td>\n<\/tr>\n<tr>\n<td><strong><b>Contenido activo<\/b><\/strong><\/td>\n<td>\u226599% (p\/p)<\/td>\n<td>An\u00e1lisis gravim\u00e9trico<\/td>\n<\/tr>\n<tr>\n<td><strong><b>Estabilidad de la emulsi\u00f3n<\/b><\/strong><\/td>\n<td>Pass (sin separaci\u00f3n en 2h)<\/td>\n<td>CIPAC MT 36<\/td>\n<\/tr>\n<tr>\n<td><strong><b>Punto Nube<\/b><\/strong><\/td>\n<td>80-88\u00b0C (5% NaCl)<\/td>\n<td>ISO 3015<\/td>\n<\/tr>\n<tr>\n<td><strong><b>Valor Hidroxilo<\/b><\/strong><\/td>\n<td>82-92 mg KOH\/g<\/td>\n<td>ASTM D4274<\/td>\n<\/tr>\n<\/tbody>\n<\/table>\n<h3>\u4e09\uff0e\u00c1mbito de aplicaci\u00f3n y uso<\/h3>\n<p>Los emulsionantes de plaguicidas desempe\u00f1an un papel crucial en las formulaciones de plaguicidas y se utilizan habitualmente en la preparaci\u00f3n de diversas formulaciones, como emulsiones acuosas, microemulsiones y suspensiones. Las distintas formulaciones de emulsionantes pueden ajustarse en funci\u00f3n de las propiedades del plaguicida y los requisitos de uso para lograr el mejor efecto de emulsificaci\u00f3n.<\/p>\n<h3>\u56db\uff0eEmbalaje y almacenamiento<\/h3>\n<p>Envasado en bidones de hierro de 200 kg y bidones de pl\u00e1stico de 50 kg.<\/p>\n<p>De acuerdo con el almacenamiento y transporte de productos qu\u00edmicos en general.<\/p>\n<p>Almacenar en un lugar seco y bien ventilado.<\/p>\n<p>Caducidad: dos a\u00f1os.<\/p>","protected":false},"excerpt":{"rendered":"<p>\u4e00\uff0eProduct Property Pesticide emulsifiers are a type of surfactant that can cause two immiscible liquids to form a stable emulsion. They achieve this by reducing the interfacial tension, allowing the active ingredients of the pesticide to be dispersed in water in a minute form, thereby enhancing the stability of the emulsion and the biological utilization [&hellip;]<\/p>\n","protected":false},"featured_media":5668,"template":"","meta":{"_seopress_robots_primary_cat":"","_seopress_titles_title":"","_seopress_titles_desc":"","_seopress_robots_index":"","_uag_custom_page_level_css":"","site-sidebar-layout":"default","site-content-layout":"","ast-site-content-layout":"default","site-content-style":"default","site-sidebar-style":"default","ast-global-header-display":"","ast-banner-title-visibility":"","ast-main-header-display":"","ast-hfb-above-header-display":"","ast-hfb-below-header-display":"","ast-hfb-mobile-header-display":"","site-post-title":"","ast-breadcrumbs-content":"","ast-featured-img":"","footer-sml-layout":"","theme-transparent-header-meta":"default","adv-header-id-meta":"","stick-header-meta":"default","header-above-stick-meta":"","header-main-stick-meta":"","header-below-stick-meta":"","astra-migrate-meta-layouts":"set","ast-page-background-enabled":"default","ast-page-background-meta":{"desktop":{"background-color":"","background-image":"","background-repeat":"repeat","background-position":"center center","background-size":"auto","background-attachment":"scroll","background-type":"","background-media":"","overlay-type":"","overlay-color":"","overlay-opacity":"","overlay-gradient":""},"tablet":{"background-color":"","background-image":"","background-repeat":"repeat","background-position":"center center","background-size":"auto","background-attachment":"scroll","background-type":"","background-media":"","overlay-type":"","overlay-color":"","overlay-opacity":"","overlay-gradient":""},"mobile":{"background-color":"","background-image":"","background-repeat":"repeat","background-position":"center center","background-size":"auto","background-attachment":"scroll","background-type":"","background-media":"","overlay-type":"","overlay-color":"","overlay-opacity":"","overlay-gradient":""}},"ast-content-background-meta":{"desktop":{"background-color":"var(--ast-global-color-5)","background-image":"","background-repeat":"repeat","background-position":"center center","background-size":"auto","background-attachment":"scroll","background-type":"","background-media":"","overlay-type":"","overlay-color":"","overlay-opacity":"","overlay-gradient":""},"tablet":{"background-color":"var(--ast-global-color-5)","background-image":"","background-repeat":"repeat","background-position":"center center","background-size":"auto","background-attachment":"scroll","background-type":"","background-media":"","overlay-type":"","overlay-color":"","overlay-opacity":"","overlay-gradient":""},"mobile":{"background-color":"var(--ast-global-color-5)","background-image":"","background-repeat":"repeat","background-position":"center center","background-size":"auto","background-attachment":"scroll","background-type":"","background-media":"","overlay-type":"","overlay-color":"","overlay-opacity":"","overlay-gradient":""}}},"product_brand":[],"product_cat":[69],"product_tag":[],"class_list":{"0":"post-5665","1":"product","2":"type-product","3":"status-publish","4":"has-post-thumbnail","6":"product_cat-daily-chemical-product","7":"desktop-align-left","8":"tablet-align-left","9":"mobile-align-left","10":"ast-product-gallery-layout-horizontal-slider","11":"ast-product-gallery-with-no-image","12":"ast-product-tabs-layout-horizontal","14":"first","15":"instock","16":"featured","17":"shipping-taxable","18":"product-type-simple"},"uagb_featured_image_src":{"full":["https:\/\/jinancuchem.com\/wp-content\/uploads\/2025\/07\/\u672a\u6807\u9898-1-109.jpg",300,300,false],"thumbnail":["https:\/\/jinancuchem.com\/wp-content\/uploads\/2025\/07\/\u672a\u6807\u9898-1-109-150x150.jpg",150,150,true],"medium":["https:\/\/jinancuchem.com\/wp-content\/uploads\/2025\/07\/\u672a\u6807\u9898-1-109.jpg",300,300,false],"medium_large":["https:\/\/jinancuchem.com\/wp-content\/uploads\/2025\/07\/\u672a\u6807\u9898-1-109.jpg",300,300,false],"large":["https:\/\/jinancuchem.com\/wp-content\/uploads\/2025\/07\/\u672a\u6807\u9898-1-109.jpg",300,300,false],"1536x1536":["https:\/\/jinancuchem.com\/wp-content\/uploads\/2025\/07\/\u672a\u6807\u9898-1-109.jpg",300,300,false],"2048x2048":["https:\/\/jinancuchem.com\/wp-content\/uploads\/2025\/07\/\u672a\u6807\u9898-1-109.jpg",300,300,false],"trp-custom-language-flag":["https:\/\/jinancuchem.com\/wp-content\/uploads\/2025\/07\/\u672a\u6807\u9898-1-109-12x12.jpg",12,12,true],"woocommerce_thumbnail":["https:\/\/jinancuchem.com\/wp-content\/uploads\/2025\/07\/\u672a\u6807\u9898-1-109.jpg",300,300,false],"woocommerce_single":["https:\/\/jinancuchem.com\/wp-content\/uploads\/2025\/07\/\u672a\u6807\u9898-1-109.jpg",300,300,false],"woocommerce_gallery_thumbnail":["https:\/\/jinancuchem.com\/wp-content\/uploads\/2025\/07\/\u672a\u6807\u9898-1-109-100x100.jpg",100,100,true]},"uagb_author_info":{"display_name":"jinxing6611@gmail.com","author_link":"https:\/\/jinancuchem.com\/es\/author\/"},"uagb_comment_info":0,"uagb_excerpt":"\u4e00\uff0eProduct Property Pesticide emulsifiers are a type of surfactant that can cause two immiscible liquids to form a stable emulsion. They achieve this by reducing the interfacial tension, allowing the active ingredients of the pesticide to be dispersed in water in a minute form, thereby enhancing the stability of the emulsion and the biological utilization&hellip;","_links":{"self":[{"href":"https:\/\/jinancuchem.com\/es\/wp-json\/wp\/v2\/product\/5665","targetHints":{"allow":["GET"]}}],"collection":[{"href":"https:\/\/jinancuchem.com\/es\/wp-json\/wp\/v2\/product"}],"about":[{"href":"https:\/\/jinancuchem.com\/es\/wp-json\/wp\/v2\/types\/product"}],"wp:featuredmedia":[{"embeddable":true,"href":"https:\/\/jinancuchem.com\/es\/wp-json\/wp\/v2\/media\/5668"}],"wp:attachment":[{"href":"https:\/\/jinancuchem.com\/es\/wp-json\/wp\/v2\/media?parent=5665"}],"wp:term":[{"taxonomy":"product_brand","embeddable":true,"href":"https:\/\/jinancuchem.com\/es\/wp-json\/wp\/v2\/product_brand?post=5665"},{"taxonomy":"product_cat","embeddable":true,"href":"https:\/\/jinancuchem.com\/es\/wp-json\/wp\/v2\/product_cat?post=5665"},{"taxonomy":"product_tag","embeddable":true,"href":"https:\/\/jinancuchem.com\/es\/wp-json\/wp\/v2\/product_tag?post=5665"}],"curies":[{"name":"wp","href":"https:\/\/api.w.org\/{rel}","templated":true}]}}