{"id":6316,"date":"2025-08-07T02:37:48","date_gmt":"2025-08-07T02:37:48","guid":{"rendered":"https:\/\/jinancuchem.com\/?post_type=product&#038;p=6316"},"modified":"2025-08-07T02:37:49","modified_gmt":"2025-08-07T02:37:49","slug":"ethylene-glycol","status":"publish","type":"product","link":"https:\/\/jinancuchem.com\/es\/producto\/ethylene-glycol\/","title":{"rendered":"Etilenglicol"},"content":{"rendered":"<p>\u3010CAS\u3011107-21-1<\/p>\n<p>F\u00f3rmula qu\u00edmica: C2H6O2<\/p>\n<p>Peso molecular: 62,07<\/p>\n<p>\u3010F\u00f3rmula estructural\u3011<img alt=\"\" decoding=\"async\" class=\"alignnone size-full wp-image-6319\" src=\"https:\/\/jinancuchem.com\/wp-content\/uploads\/2025\/08\/Ethylene-glycol.jpg\" width=\"156\" height=\"51\" srcset=\"https:\/\/jinancuchem.com\/wp-content\/uploads\/2025\/08\/Ethylene-glycol.jpg 156w, https:\/\/jinancuchem.com\/wp-content\/uploads\/2025\/08\/Ethylene-glycol-18x6.jpg 18w\" sizes=\"(max-width: 156px) 100vw, 156px\" \/><\/p>\n<h3><strong><b>1. Propiedad del producto<\/b><\/strong><\/h3>\n<p>Punto de fusi\u00f3n: -13,2\u2103 Punto de ebullici\u00f3n: 197,5 Densidad: Densidad relativa (agua =1)1,11; Presi\u00f3n de vapor: 6,21kPa a 20\u2103 Punto de inflamaci\u00f3n: 110\u2103 Solubilidad: Miscible con agua, tambi\u00e9n miscible con etanol, \u00e9ter, etc. Estabilidad: Estable; Aspecto y propiedades: L\u00edquido incoloro, inodoro, de sabor dulce y viscoso.<\/p>\n<h3><strong><b>2. Normas de calidad<\/b><\/strong><\/h3>\n<table>\n<tbody>\n<tr>\n<td><strong><b>Par\u00e1metro<\/b><\/strong><\/td>\n<td><strong><b>Grado industrial<\/b><\/strong><\/td>\n<td><strong><b>Alto grado de pureza<\/b><\/strong><\/td>\n<\/tr>\n<tr>\n<td><strong><b>Pureza (C\u2082H\u2086O\u2082), % \u2265<\/b><\/strong><\/td>\n<td>99.0<\/td>\n<td>99.8<\/td>\n<\/tr>\n<tr>\n<td><strong><b>Contenido de agua, % \u2264.<\/b><\/strong><\/td>\n<td>0.2<\/td>\n<td>0.05<\/td>\n<\/tr>\n<tr>\n<td><strong><b>Acidez (como CH\u2083COOH), % \u2264.<\/b><\/strong><\/td>\n<td>0.005<\/td>\n<td>0.001<\/td>\n<\/tr>\n<tr>\n<td><strong><b>DEG (dietilenglicol), % \u2264<\/b><\/strong><\/td>\n<td>0.1<\/td>\n<td>0.01<\/td>\n<\/tr>\n<tr>\n<td><strong><b>Hierro (Fe), ppm \u2264.<\/b><\/strong><\/td>\n<td>1.0<\/td>\n<td>0.1<\/td>\n<\/tr>\n<tr>\n<td><strong><b>Cloruros (Cl-), ppm \u2264.<\/b><\/strong><\/td>\n<td>5.0<\/td>\n<td>1.0<\/td>\n<\/tr>\n<tr>\n<td><strong><b>Contenido en cenizas, % \u2264<\/b><\/strong><\/td>\n<td>0.01<\/td>\n<td>0.001<\/td>\n<\/tr>\n<\/tbody>\n<\/table>\n<h3><strong><b>3. \u00c1mbito de aplicaci\u00f3n y uso<\/b><\/strong><\/h3>\n<p>El etilenglicol se utiliza principalmente como\u00a0<strong><b>anticongelante y refrigerante<\/b><\/strong>\u00a0en sistemas de automoci\u00f3n y climatizaci\u00f3n debido a su bajo punto de congelaci\u00f3n (-12,9\u00b0C). Sirve como\u00a0<strong><b>materia prima<\/b><\/strong>\u00a0en la producci\u00f3n de fibra de poli\u00e9ster (PET) y pl\u00e1sticos. En la industria qu\u00edmica, funciona como\u00a0<strong><b>disolvente<\/b><\/strong>\u00a0y\u00a0<strong><b>humectante<\/b><\/strong>\u00a0en tintas, adhesivos y pinturas. Adem\u00e1s, se utiliza en\u00a0<strong><b>l\u00edquidos descongelantes<\/b><\/strong>\u00a0para aviones y pistas de aterrizaje. La manipulaci\u00f3n adecuada es esencial debido a su toxicidad, requiriendo equipos de protecci\u00f3n (guantes, gafas) durante su uso industrial.<\/p>\n<h3><strong><b>4. Embalaje y almacenamiento<\/b><\/strong><\/h3>\n<p>Punto de fusi\u00f3n: -13,2\u2103 Punto de ebullici\u00f3n: 197,5 Densidad: Densidad relativa (agua =1)1,11; Presi\u00f3n de vapor: 6,21kPa a 20\u2103 Punto de inflamaci\u00f3n: 110\u2103 Solubilidad: Miscible con agua, tambi\u00e9n miscible con etanol, \u00e9ter, etc. Estabilidad: Estable; Aspecto y propiedades: L\u00edquido incoloro, inodoro, de sabor dulce y viscoso.<\/p>","protected":false},"excerpt":{"rendered":"<p>\u3010CAS\u3011107-21-1 Chemical formula: C2H6O2 Molecular weight: 62.07 \u3010Structural Formula\u3011 1. Product Property Melting point: -13.2\u2103 Boiling point: 197.5 Density: Relative density (water =1)1.11; Vapor pressure: 6.21kPa at 20\u2103 Flash point: 110\u2103 Solubility: Miscible with water, also miscible with ethanol, ether, etc. Stability: Stable; Appearance and properties: Colorless, odorless, sweet-tasting, viscous liquid. 2. Quality Standards Parameter [&hellip;]<\/p>\n","protected":false},"featured_media":6319,"template":"","meta":{"_seopress_robots_primary_cat":"","_seopress_titles_title":"","_seopress_titles_desc":"","_seopress_robots_index":"","_uag_custom_page_level_css":"","site-sidebar-layout":"default","site-content-layout":"","ast-site-content-layout":"default","site-content-style":"default","site-sidebar-style":"default","ast-global-header-display":"","ast-banner-title-visibility":"","ast-main-header-display":"","ast-hfb-above-header-display":"","ast-hfb-below-header-display":"","ast-hfb-mobile-header-display":"","site-post-title":"","ast-breadcrumbs-content":"","ast-featured-img":"","footer-sml-layout":"","theme-transparent-header-meta":"default","adv-header-id-meta":"","stick-header-meta":"default","header-above-stick-meta":"","header-main-stick-meta":"","header-below-stick-meta":"","astra-migrate-meta-layouts":"set","ast-page-background-enabled":"default","ast-page-background-meta":{"desktop":{"background-color":"","background-image":"","background-repeat":"repeat","background-position":"center center","background-size":"auto","background-attachment":"scroll","background-type":"","background-media":"","overlay-type":"","overlay-color":"","overlay-opacity":"","overlay-gradient":""},"tablet":{"background-color":"","background-image":"","background-repeat":"repeat","background-position":"center center","background-size":"auto","background-attachment":"scroll","background-type":"","background-media":"","overlay-type":"","overlay-color":"","overlay-opacity":"","overlay-gradient":""},"mobile":{"background-color":"","background-image":"","background-repeat":"repeat","background-position":"center center","background-size":"auto","background-attachment":"scroll","background-type":"","background-media":"","overlay-type":"","overlay-color":"","overlay-opacity":"","overlay-gradient":""}},"ast-content-background-meta":{"desktop":{"background-color":"var(--ast-global-color-5)","background-image":"","background-repeat":"repeat","background-position":"center center","background-size":"auto","background-attachment":"scroll","background-type":"","background-media":"","overlay-type":"","overlay-color":"","overlay-opacity":"","overlay-gradient":""},"tablet":{"background-color":"var(--ast-global-color-5)","background-image":"","background-repeat":"repeat","background-position":"center center","background-size":"auto","background-attachment":"scroll","background-type":"","background-media":"","overlay-type":"","overlay-color":"","overlay-opacity":"","overlay-gradient":""},"mobile":{"background-color":"var(--ast-global-color-5)","background-image":"","background-repeat":"repeat","background-position":"center center","background-size":"auto","background-attachment":"scroll","background-type":"","background-media":"","overlay-type":"","overlay-color":"","overlay-opacity":"","overlay-gradient":""}}},"product_brand":[],"product_cat":[70],"product_tag":[],"class_list":{"0":"post-6316","1":"product","2":"type-product","3":"status-publish","4":"has-post-thumbnail","6":"product_cat-industrial-raw-materials","7":"desktop-align-left","8":"tablet-align-left","9":"mobile-align-left","10":"ast-product-gallery-layout-horizontal-slider","11":"ast-product-gallery-with-no-image","12":"ast-product-tabs-layout-horizontal","14":"first","15":"instock","16":"shipping-taxable","17":"product-type-simple"},"uagb_featured_image_src":{"full":["https:\/\/jinancuchem.com\/wp-content\/uploads\/2025\/08\/Ethylene-glycol.jpg",156,51,false],"thumbnail":["https:\/\/jinancuchem.com\/wp-content\/uploads\/2025\/08\/Ethylene-glycol-150x51.jpg",150,51,true],"medium":["https:\/\/jinancuchem.com\/wp-content\/uploads\/2025\/08\/Ethylene-glycol.jpg",156,51,false],"medium_large":["https:\/\/jinancuchem.com\/wp-content\/uploads\/2025\/08\/Ethylene-glycol.jpg",156,51,false],"large":["https:\/\/jinancuchem.com\/wp-content\/uploads\/2025\/08\/Ethylene-glycol.jpg",156,51,false],"1536x1536":["https:\/\/jinancuchem.com\/wp-content\/uploads\/2025\/08\/Ethylene-glycol.jpg",156,51,false],"2048x2048":["https:\/\/jinancuchem.com\/wp-content\/uploads\/2025\/08\/Ethylene-glycol.jpg",156,51,false],"trp-custom-language-flag":["https:\/\/jinancuchem.com\/wp-content\/uploads\/2025\/08\/Ethylene-glycol-18x6.jpg",18,6,true],"woocommerce_thumbnail":["https:\/\/jinancuchem.com\/wp-content\/uploads\/2025\/08\/Ethylene-glycol.jpg",156,51,false],"woocommerce_single":["https:\/\/jinancuchem.com\/wp-content\/uploads\/2025\/08\/Ethylene-glycol.jpg",156,51,false],"woocommerce_gallery_thumbnail":["https:\/\/jinancuchem.com\/wp-content\/uploads\/2025\/08\/Ethylene-glycol-100x51.jpg",100,51,true]},"uagb_author_info":{"display_name":"jinxing6611@gmail.com","author_link":"https:\/\/jinancuchem.com\/es\/author\/"},"uagb_comment_info":0,"uagb_excerpt":"\u3010CAS\u3011107-21-1 Chemical formula: C2H6O2 Molecular weight: 62.07 \u3010Structural Formula\u3011 1. Product Property Melting point: -13.2\u2103 Boiling point: 197.5 Density: Relative density (water =1)1.11; Vapor pressure: 6.21kPa at 20\u2103 Flash point: 110\u2103 Solubility: Miscible with water, also miscible with ethanol, ether, etc. Stability: Stable; Appearance and properties: Colorless, odorless, sweet-tasting, viscous liquid. 2. Quality Standards Parameter&hellip;","_links":{"self":[{"href":"https:\/\/jinancuchem.com\/es\/wp-json\/wp\/v2\/product\/6316","targetHints":{"allow":["GET"]}}],"collection":[{"href":"https:\/\/jinancuchem.com\/es\/wp-json\/wp\/v2\/product"}],"about":[{"href":"https:\/\/jinancuchem.com\/es\/wp-json\/wp\/v2\/types\/product"}],"wp:featuredmedia":[{"embeddable":true,"href":"https:\/\/jinancuchem.com\/es\/wp-json\/wp\/v2\/media\/6319"}],"wp:attachment":[{"href":"https:\/\/jinancuchem.com\/es\/wp-json\/wp\/v2\/media?parent=6316"}],"wp:term":[{"taxonomy":"product_brand","embeddable":true,"href":"https:\/\/jinancuchem.com\/es\/wp-json\/wp\/v2\/product_brand?post=6316"},{"taxonomy":"product_cat","embeddable":true,"href":"https:\/\/jinancuchem.com\/es\/wp-json\/wp\/v2\/product_cat?post=6316"},{"taxonomy":"product_tag","embeddable":true,"href":"https:\/\/jinancuchem.com\/es\/wp-json\/wp\/v2\/product_tag?post=6316"}],"curies":[{"name":"wp","href":"https:\/\/api.w.org\/{rel}","templated":true}]}}