{"id":6320,"date":"2025-08-07T02:39:02","date_gmt":"2025-08-07T02:39:02","guid":{"rendered":"https:\/\/jinancuchem.com\/?post_type=product&#038;p=6320"},"modified":"2025-08-07T02:44:40","modified_gmt":"2025-08-07T02:44:40","slug":"triethylamine-2","status":"publish","type":"product","link":"https:\/\/jinancuchem.com\/es\/producto\/triethylamine-2\/","title":{"rendered":"Trietilamina"},"content":{"rendered":"<p>\u3010CAS\u3011121-44-8<\/p>\n<p>F\u00f3rmula qu\u00edmica: C6H15N<\/p>\n<p>Peso molecular:101,19<\/p>\n<p>\u3010F\u00f3rmula estructural\u3011<img alt=\"\" decoding=\"async\" class=\"alignnone size-full wp-image-6323\" src=\"https:\/\/jinancuchem.com\/wp-content\/uploads\/2025\/08\/Triethylamine.jpg\" width=\"152\" height=\"98\" srcset=\"https:\/\/jinancuchem.com\/wp-content\/uploads\/2025\/08\/Triethylamine.jpg 152w, https:\/\/jinancuchem.com\/wp-content\/uploads\/2025\/08\/Triethylamine-150x98.jpg 150w, https:\/\/jinancuchem.com\/wp-content\/uploads\/2025\/08\/Triethylamine-18x12.jpg 18w\" sizes=\"(max-width: 152px) 100vw, 152px\" \/><\/p>\n<h3><strong><b>1. Propiedad del producto<\/b><\/strong><\/h3>\n<p>La trietilamina (f\u00f3rmula molecular: C6H15N), tambi\u00e9n conocida como N,N-dietil-etilamina, es la amina terciaria m\u00e1s simple con tres sustituyentes id\u00e9nticos. Posee propiedades t\u00edpicas de las aminas terciarias, como la formaci\u00f3n de sales y la oxidaci\u00f3n. La prueba de Hinsberg para la trietilamina no muestra ninguna reacci\u00f3n. Se presenta como un l\u00edquido transparente entre incoloro y amarillo p\u00e1lido con un fuerte olor amoniacal y emite un ligero humo en el aire. Punto de ebullici\u00f3n: 89,5\u00b0C, densidad relativa (agua = 1): 0,70, densidad relativa (aire = 1): 3,48, ligeramente soluble en agua y soluble en etanol y \u00e9ter. Su soluci\u00f3n acuosa es alcalina. Es inflamable, y su vapor puede formar mezclas explosivas con el aire, con un l\u00edmite de explosi\u00f3n de 1,2% a 8,0%. Es t\u00f3xico y altamente irritante.<\/p>\n<h3><b>2.\u00a0<\/b><strong><b>Normas de calidad<\/b><\/strong><\/h3>\n<table>\n<tbody>\n<tr>\n<td><strong><b>Par\u00e1metro<\/b><\/strong><\/td>\n<td><strong><b>Especificaci\u00f3n<\/b><\/strong><\/td>\n<\/tr>\n<tr>\n<td><strong><b>Pureza (GC) \u2265<\/b><\/strong><\/td>\n<td>99.0%<\/td>\n<\/tr>\n<tr>\n<td><strong><b>Contenido de agua \u2264<\/b><\/strong><\/td>\n<td>0.1%<\/td>\n<\/tr>\n<tr>\n<td><strong><b>Densidad (20\u00b0C, g\/cm\u00b3)<\/b><\/strong><\/td>\n<td>0.725-0.735<\/td>\n<\/tr>\n<tr>\n<td><strong><b>Intervalo de ebullici\u00f3n (1 atm, \u00b0C)<\/b><\/strong><\/td>\n<td>88-90<\/td>\n<\/tr>\n<tr>\n<td><strong><b>Residuo al evaporarse \u2264<\/b><\/strong><\/td>\n<td>0.01%<\/td>\n<\/tr>\n<tr>\n<td><strong><b>Metales pesados (Pb) \u2264<\/b><\/strong><\/td>\n<td>5 ppm<\/td>\n<\/tr>\n<tr>\n<td><strong><b>Hierro (Fe) \u2264<\/b><\/strong><\/td>\n<td>1 ppm<\/td>\n<\/tr>\n<tr>\n<td><strong><b>Apariencia<\/b><\/strong><\/td>\n<td>L\u00edquido transparente e incoloro<\/td>\n<\/tr>\n<\/tbody>\n<\/table>\n<h3><strong><b>3. \u00c1mbito de aplicaci\u00f3n y uso<\/b><\/strong><\/h3>\n<p>La trietilamina puede utilizarse como disolvente y materia prima en la industria de s\u00edntesis org\u00e1nica. Puede utilizarse para producir catalizadores para policarbonato por el m\u00e9todo del fosgeno, inhibidores de polimerizaci\u00f3n para tetrafluoroetileno, aceleradores de vulcanizaci\u00f3n del caucho, disolventes especiales en decapantes de pintura, agentes antiendurecedores para esmalte, tensioactivos, conservantes, fungicidas, resinas de intercambio i\u00f3nico, tintes, fragancias, f\u00e1rmacos, combustibles de alta energ\u00eda y propulsores l\u00edquidos para cohetes, etc.<\/p>\n<h3><strong><b>4. Embalaje y almacenamiento<\/b><\/strong><\/h3>\n<p>La trietilamina se suele envasar en\u00a0<strong><b>Bidones de acero de 200 L<\/b><\/strong>\u00a0o\u00a0<strong><b>Dep\u00f3sitos ISO<\/b><\/strong>\u00a0con cierres herm\u00e9ticos para evitar la absorci\u00f3n de humedad y la oxidaci\u00f3n. El almacenamiento debe realizarse en un\u00a0<strong><b>zona fresca, seca y bien ventilada<\/b><\/strong>\u00a0lejos de fuentes de calor y agentes oxidantes. Los recipientes deben estar conectados a tierra para evitar riesgos de electricidad est\u00e1tica. La temperatura de almacenamiento recomendada es\u00a0<strong><b>por debajo de 30\u00b0C<\/b><\/strong>con blanqueo de nitr\u00f3geno para minimizar la formaci\u00f3n de per\u00f3xido. La vida \u00fatil es de\u00a0<strong><b>12 meses<\/b><\/strong>\u00a0en condiciones adecuadas. Transporte como\u00a0<strong><b>l\u00edquido inflamable (UN 1296)<\/b><\/strong>\u00a0con el correspondiente etiquetado de peligro. Los trabajadores deben llevar\u00a0<strong><b>guantes, gafas y mascarillas resistentes a productos qu\u00edmicos<\/b><\/strong>\u00a0durante la manipulaci\u00f3n.<\/p>","protected":false},"excerpt":{"rendered":"<p>\u3010CAS\u3011121-44-8 Chemical formula: C6H15N Molecular weight:101.19 \u3010Structural Formula\u3011 1. Product Property Triethylamine (molecular formula: C6H15N), also known as N,N-diethyl ethylamine, is the simplest tertiary amine with three identical substituents. It possesses typical tertiary amine properties, including salt formation and oxidation. The Hinsberg test for triethylamine shows no reaction. It appears as a colorless to pale [&hellip;]<\/p>\n","protected":false},"featured_media":6323,"template":"","meta":{"_seopress_robots_primary_cat":"none","_seopress_titles_title":"","_seopress_titles_desc":"","_seopress_robots_index":"","_uag_custom_page_level_css":"","site-sidebar-layout":"default","site-content-layout":"","ast-site-content-layout":"default","site-content-style":"default","site-sidebar-style":"default","ast-global-header-display":"","ast-banner-title-visibility":"","ast-main-header-display":"","ast-hfb-above-header-display":"","ast-hfb-below-header-display":"","ast-hfb-mobile-header-display":"","site-post-title":"","ast-breadcrumbs-content":"","ast-featured-img":"","footer-sml-layout":"","theme-transparent-header-meta":"default","adv-header-id-meta":"","stick-header-meta":"default","header-above-stick-meta":"","header-main-stick-meta":"","header-below-stick-meta":"","astra-migrate-meta-layouts":"set","ast-page-background-enabled":"default","ast-page-background-meta":{"desktop":{"background-color":"","background-image":"","background-repeat":"repeat","background-position":"center center","background-size":"auto","background-attachment":"scroll","background-type":"","background-media":"","overlay-type":"","overlay-color":"","overlay-opacity":"","overlay-gradient":""},"tablet":{"background-color":"","background-image":"","background-repeat":"repeat","background-position":"center center","background-size":"auto","background-attachment":"scroll","background-type":"","background-media":"","overlay-type":"","overlay-color":"","overlay-opacity":"","overlay-gradient":""},"mobile":{"background-color":"","background-image":"","background-repeat":"repeat","background-position":"center center","background-size":"auto","background-attachment":"scroll","background-type":"","background-media":"","overlay-type":"","overlay-color":"","overlay-opacity":"","overlay-gradient":""}},"ast-content-background-meta":{"desktop":{"background-color":"var(--ast-global-color-5)","background-image":"","background-repeat":"repeat","background-position":"center center","background-size":"auto","background-attachment":"scroll","background-type":"","background-media":"","overlay-type":"","overlay-color":"","overlay-opacity":"","overlay-gradient":""},"tablet":{"background-color":"var(--ast-global-color-5)","background-image":"","background-repeat":"repeat","background-position":"center center","background-size":"auto","background-attachment":"scroll","background-type":"","background-media":"","overlay-type":"","overlay-color":"","overlay-opacity":"","overlay-gradient":""},"mobile":{"background-color":"var(--ast-global-color-5)","background-image":"","background-repeat":"repeat","background-position":"center center","background-size":"auto","background-attachment":"scroll","background-type":"","background-media":"","overlay-type":"","overlay-color":"","overlay-opacity":"","overlay-gradient":""}}},"product_brand":[],"product_cat":[70],"product_tag":[],"class_list":{"0":"post-6320","1":"product","2":"type-product","3":"status-publish","4":"has-post-thumbnail","6":"product_cat-industrial-raw-materials","7":"desktop-align-left","8":"tablet-align-left","9":"mobile-align-left","10":"ast-product-gallery-layout-horizontal-slider","11":"ast-product-gallery-with-no-image","12":"ast-product-tabs-layout-horizontal","14":"first","15":"instock","16":"shipping-taxable","17":"product-type-simple"},"uagb_featured_image_src":{"full":["https:\/\/jinancuchem.com\/wp-content\/uploads\/2025\/08\/Triethylamine.jpg",152,98,false],"thumbnail":["https:\/\/jinancuchem.com\/wp-content\/uploads\/2025\/08\/Triethylamine-150x98.jpg",150,98,true],"medium":["https:\/\/jinancuchem.com\/wp-content\/uploads\/2025\/08\/Triethylamine.jpg",152,98,false],"medium_large":["https:\/\/jinancuchem.com\/wp-content\/uploads\/2025\/08\/Triethylamine.jpg",152,98,false],"large":["https:\/\/jinancuchem.com\/wp-content\/uploads\/2025\/08\/Triethylamine.jpg",152,98,false],"1536x1536":["https:\/\/jinancuchem.com\/wp-content\/uploads\/2025\/08\/Triethylamine.jpg",152,98,false],"2048x2048":["https:\/\/jinancuchem.com\/wp-content\/uploads\/2025\/08\/Triethylamine.jpg",152,98,false],"trp-custom-language-flag":["https:\/\/jinancuchem.com\/wp-content\/uploads\/2025\/08\/Triethylamine-18x12.jpg",18,12,true],"woocommerce_thumbnail":["https:\/\/jinancuchem.com\/wp-content\/uploads\/2025\/08\/Triethylamine.jpg",152,98,false],"woocommerce_single":["https:\/\/jinancuchem.com\/wp-content\/uploads\/2025\/08\/Triethylamine.jpg",152,98,false],"woocommerce_gallery_thumbnail":["https:\/\/jinancuchem.com\/wp-content\/uploads\/2025\/08\/Triethylamine-100x98.jpg",100,98,true]},"uagb_author_info":{"display_name":"jinxing6611@gmail.com","author_link":"https:\/\/jinancuchem.com\/es\/author\/"},"uagb_comment_info":0,"uagb_excerpt":"\u3010CAS\u3011121-44-8 Chemical formula: C6H15N Molecular weight:101.19 \u3010Structural Formula\u3011 1. Product Property Triethylamine (molecular formula: C6H15N), also known as N,N-diethyl ethylamine, is the simplest tertiary amine with three identical substituents. It possesses typical tertiary amine properties, including salt formation and oxidation. The Hinsberg test for triethylamine shows no reaction. It appears as a colorless to pale&hellip;","_links":{"self":[{"href":"https:\/\/jinancuchem.com\/es\/wp-json\/wp\/v2\/product\/6320","targetHints":{"allow":["GET"]}}],"collection":[{"href":"https:\/\/jinancuchem.com\/es\/wp-json\/wp\/v2\/product"}],"about":[{"href":"https:\/\/jinancuchem.com\/es\/wp-json\/wp\/v2\/types\/product"}],"wp:featuredmedia":[{"embeddable":true,"href":"https:\/\/jinancuchem.com\/es\/wp-json\/wp\/v2\/media\/6323"}],"wp:attachment":[{"href":"https:\/\/jinancuchem.com\/es\/wp-json\/wp\/v2\/media?parent=6320"}],"wp:term":[{"taxonomy":"product_brand","embeddable":true,"href":"https:\/\/jinancuchem.com\/es\/wp-json\/wp\/v2\/product_brand?post=6320"},{"taxonomy":"product_cat","embeddable":true,"href":"https:\/\/jinancuchem.com\/es\/wp-json\/wp\/v2\/product_cat?post=6320"},{"taxonomy":"product_tag","embeddable":true,"href":"https:\/\/jinancuchem.com\/es\/wp-json\/wp\/v2\/product_tag?post=6320"}],"curies":[{"name":"wp","href":"https:\/\/api.w.org\/{rel}","templated":true}]}}