{"id":6324,"date":"2025-08-07T02:41:58","date_gmt":"2025-08-07T02:41:58","guid":{"rendered":"https:\/\/jinancuchem.com\/?post_type=product&#038;p=6324"},"modified":"2025-08-07T02:41:58","modified_gmt":"2025-08-07T02:41:58","slug":"ethylene-glycol-monoethyl-ether-acetate%ef%bc%88cac%ef%bc%89","status":"publish","type":"product","link":"https:\/\/jinancuchem.com\/es\/producto\/ethylene-glycol-monoethyl-ether-acetate%ef%bc%88cac%ef%bc%89\/","title":{"rendered":"Monoetil \u00e9ter acetato de etilenglicol\uff08CAC\uff09"},"content":{"rendered":"<p>\u3010CAS\u3011111-15-9<\/p>\n<p>F\u00f3rmula qu\u00edmica: C6H12O3<\/p>\n<p>Peso molecular:132,16<\/p>\n<p>\u3010F\u00f3rmula estructural\u3011<img alt=\"\" decoding=\"async\" class=\"alignnone size-full wp-image-6327\" src=\"https:\/\/jinancuchem.com\/wp-content\/uploads\/2025\/08\/Ethylene-glycol-monoethyl-ether-acetate\uff08CAC\uff09.jpg\" width=\"270\" height=\"84\" srcset=\"https:\/\/jinancuchem.com\/wp-content\/uploads\/2025\/08\/Ethylene-glycol-monoethyl-ether-acetate\uff08CAC\uff09.jpg 270w, https:\/\/jinancuchem.com\/wp-content\/uploads\/2025\/08\/Ethylene-glycol-monoethyl-ether-acetate\uff08CAC\uff09-18x6.jpg 18w\" sizes=\"(max-width: 270px) 100vw, 270px\" \/><\/p>\n<h3><strong><b>1. Propiedad del producto<\/b><\/strong><\/h3>\n<p>L\u00edquido incoloro. Punto de congelaci\u00f3n: -61,7\u2103, Punto de ebullici\u00f3n: 156,3\u2103, 51\u2103 (2,8kPa), Densidad relativa: 0,973 (20\u2103), Punto de fusi\u00f3n: -61,7\u2103, \u00cdndice de refracci\u00f3n: 1,4055 (20\u2103), Punto de inflamaci\u00f3n: 51\u2103 (vaso cerrado), 66\u2103 (vaso abierto), Punto de ignici\u00f3n: 379\u2103. Se puede mezclar con disolventes org\u00e1nicos comunes y es soluble en agua. Tiene una fragancia agradable parecida al \u00e9ster.<\/p>\n<h3><strong><b>2. Normas de calidad<\/b><\/strong><\/h3>\n<table>\n<tbody>\n<tr>\n<td><strong><b>Par\u00e1metro<\/b><\/strong><\/td>\n<td><strong><b>Especificaci\u00f3n<\/b><\/strong><\/td>\n<\/tr>\n<tr>\n<td><strong><b>Pureza (%)<\/b><\/strong><\/td>\n<td>\u2265 99.0<\/td>\n<\/tr>\n<tr>\n<td><strong><b>Apariencia<\/b><\/strong><\/td>\n<td>L\u00edquido transparente e incoloro<\/td>\n<\/tr>\n<tr>\n<td><strong><b>Densidad (20\u00b0C, g\/cm\u00b3)<\/b><\/strong><\/td>\n<td>0.970-0.980<\/td>\n<\/tr>\n<tr>\n<td><strong><b>\u00cdndice de refracci\u00f3n (20\u00b0C)<\/b><\/strong><\/td>\n<td>1.403-1.405<\/td>\n<\/tr>\n<tr>\n<td><strong><b>Acidez (como \u00e1cido ac\u00e9tico)<\/b><\/strong><\/td>\n<td>\u2264 0,01%<\/td>\n<\/tr>\n<tr>\n<td><strong><b>Contenido en agua<\/b><\/strong><\/td>\n<td>\u2264 0,1%<\/td>\n<\/tr>\n<tr>\n<td><strong><b>Intervalo del punto de ebullici\u00f3n<\/b><\/strong><\/td>\n<td>155-157\u00b0C<\/td>\n<\/tr>\n<tr>\n<td><strong><b>Punto de inflamaci\u00f3n (vaso cerrado)<\/b><\/strong><\/td>\n<td>\u2265 50\u00b0C<\/td>\n<\/tr>\n<\/tbody>\n<\/table>\n<h3><strong><b>3. \u00c1mbito de aplicaci\u00f3n y uso<\/b><\/strong><\/h3>\n<p>El CAC se utiliza ampliamente como disolvente de alto rendimiento en revestimientos, tintas y formulaciones de limpieza debido a su eficaz solvencia para resinas, tintes y aceites. Es un componente activo de decapantes, desengrasantes y limpiadores industriales. La industria gr\u00e1fica lo utiliza en tintas serigr\u00e1ficas y aplicaciones flexogr\u00e1ficas. Adem\u00e1s, funciona como agente coalescente en pinturas de l\u00e1tex y como disolvente de procesado en adhesivos. Su equilibrada tasa de evaporaci\u00f3n lo hace adecuado para sistemas de revestimiento industriales y de automoci\u00f3n.<\/p>\n<h3><strong><b>4. Embalaje y almacenamiento<\/b><\/strong><\/h3>\n<p>El CAC suele envasarse en bidones de acero de 200L, contenedores IBC de 1000L o camiones cisterna a granel para cantidades industriales. El almacenamiento debe realizarse en zonas frescas y bien ventiladas, alejadas de fuentes de calor y de la luz solar directa. Los contenedores deben estar herm\u00e9ticamente cerrados para evitar la absorci\u00f3n de humedad y la evaporaci\u00f3n. El producto es estable en condiciones normales, pero debe protegerse de oxidantes fuertes. La vida \u00fatil es de 24 meses si se almacena adecuadamente. El transporte requiere la clasificaci\u00f3n de l\u00edquido inflamable (UN 1172). Se recomienda el uso de equipo de protecci\u00f3n personal (guantes, gafas) durante su manipulaci\u00f3n debido a sus propiedades ligeramente irritantes.<\/p>","protected":false},"excerpt":{"rendered":"<p>\u3010CAS\u3011111-15-9 Chemical formula: C6H12O3 Molecular weight:132.16 \u3010Structural Formula\u3011 1. Product Property Colorless liquid. Freezing point: -61.7\u2103, Boiling point: 156.3\u2103, 51\u2103 (2.8kPa), Relative density: 0.973 (20\u2103), Melting point: -61.7\u2103, Refractive index: 1.4055 (20\u2103), Flash point: 51\u2103 (closed cup), 66\u2103 (open cup), Ignition point: 379\u2103. It can be mixed with common organic solvents and is soluble in [&hellip;]<\/p>\n","protected":false},"featured_media":6327,"template":"","meta":{"_seopress_robots_primary_cat":"","_seopress_titles_title":"","_seopress_titles_desc":"","_seopress_robots_index":"","_uag_custom_page_level_css":"","site-sidebar-layout":"default","site-content-layout":"","ast-site-content-layout":"default","site-content-style":"default","site-sidebar-style":"default","ast-global-header-display":"","ast-banner-title-visibility":"","ast-main-header-display":"","ast-hfb-above-header-display":"","ast-hfb-below-header-display":"","ast-hfb-mobile-header-display":"","site-post-title":"","ast-breadcrumbs-content":"","ast-featured-img":"","footer-sml-layout":"","theme-transparent-header-meta":"default","adv-header-id-meta":"","stick-header-meta":"default","header-above-stick-meta":"","header-main-stick-meta":"","header-below-stick-meta":"","astra-migrate-meta-layouts":"set","ast-page-background-enabled":"default","ast-page-background-meta":{"desktop":{"background-color":"","background-image":"","background-repeat":"repeat","background-position":"center center","background-size":"auto","background-attachment":"scroll","background-type":"","background-media":"","overlay-type":"","overlay-color":"","overlay-opacity":"","overlay-gradient":""},"tablet":{"background-color":"","background-image":"","background-repeat":"repeat","background-position":"center center","background-size":"auto","background-attachment":"scroll","background-type":"","background-media":"","overlay-type":"","overlay-color":"","overlay-opacity":"","overlay-gradient":""},"mobile":{"background-color":"","background-image":"","background-repeat":"repeat","background-position":"center center","background-size":"auto","background-attachment":"scroll","background-type":"","background-media":"","overlay-type":"","overlay-color":"","overlay-opacity":"","overlay-gradient":""}},"ast-content-background-meta":{"desktop":{"background-color":"var(--ast-global-color-5)","background-image":"","background-repeat":"repeat","background-position":"center center","background-size":"auto","background-attachment":"scroll","background-type":"","background-media":"","overlay-type":"","overlay-color":"","overlay-opacity":"","overlay-gradient":""},"tablet":{"background-color":"var(--ast-global-color-5)","background-image":"","background-repeat":"repeat","background-position":"center center","background-size":"auto","background-attachment":"scroll","background-type":"","background-media":"","overlay-type":"","overlay-color":"","overlay-opacity":"","overlay-gradient":""},"mobile":{"background-color":"var(--ast-global-color-5)","background-image":"","background-repeat":"repeat","background-position":"center center","background-size":"auto","background-attachment":"scroll","background-type":"","background-media":"","overlay-type":"","overlay-color":"","overlay-opacity":"","overlay-gradient":""}}},"product_brand":[],"product_cat":[70],"product_tag":[],"class_list":{"0":"post-6324","1":"product","2":"type-product","3":"status-publish","4":"has-post-thumbnail","6":"product_cat-industrial-raw-materials","7":"desktop-align-left","8":"tablet-align-left","9":"mobile-align-left","10":"ast-product-gallery-layout-horizontal-slider","11":"ast-product-gallery-with-no-image","12":"ast-product-tabs-layout-horizontal","14":"first","15":"instock","16":"shipping-taxable","17":"product-type-simple"},"uagb_featured_image_src":{"full":["https:\/\/jinancuchem.com\/wp-content\/uploads\/2025\/08\/Ethylene-glycol-monoethyl-ether-acetate\uff08CAC\uff09.jpg",270,84,false],"thumbnail":["https:\/\/jinancuchem.com\/wp-content\/uploads\/2025\/08\/Ethylene-glycol-monoethyl-ether-acetate\uff08CAC\uff09-150x84.jpg",150,84,true],"medium":["https:\/\/jinancuchem.com\/wp-content\/uploads\/2025\/08\/Ethylene-glycol-monoethyl-ether-acetate\uff08CAC\uff09.jpg",270,84,false],"medium_large":["https:\/\/jinancuchem.com\/wp-content\/uploads\/2025\/08\/Ethylene-glycol-monoethyl-ether-acetate\uff08CAC\uff09.jpg",270,84,false],"large":["https:\/\/jinancuchem.com\/wp-content\/uploads\/2025\/08\/Ethylene-glycol-monoethyl-ether-acetate\uff08CAC\uff09.jpg",270,84,false],"1536x1536":["https:\/\/jinancuchem.com\/wp-content\/uploads\/2025\/08\/Ethylene-glycol-monoethyl-ether-acetate\uff08CAC\uff09.jpg",270,84,false],"2048x2048":["https:\/\/jinancuchem.com\/wp-content\/uploads\/2025\/08\/Ethylene-glycol-monoethyl-ether-acetate\uff08CAC\uff09.jpg",270,84,false],"trp-custom-language-flag":["https:\/\/jinancuchem.com\/wp-content\/uploads\/2025\/08\/Ethylene-glycol-monoethyl-ether-acetate\uff08CAC\uff09-18x6.jpg",18,6,true],"woocommerce_thumbnail":["https:\/\/jinancuchem.com\/wp-content\/uploads\/2025\/08\/Ethylene-glycol-monoethyl-ether-acetate\uff08CAC\uff09.jpg",270,84,false],"woocommerce_single":["https:\/\/jinancuchem.com\/wp-content\/uploads\/2025\/08\/Ethylene-glycol-monoethyl-ether-acetate\uff08CAC\uff09.jpg",270,84,false],"woocommerce_gallery_thumbnail":["https:\/\/jinancuchem.com\/wp-content\/uploads\/2025\/08\/Ethylene-glycol-monoethyl-ether-acetate\uff08CAC\uff09-100x84.jpg",100,84,true]},"uagb_author_info":{"display_name":"jinxing6611@gmail.com","author_link":"https:\/\/jinancuchem.com\/es\/author\/"},"uagb_comment_info":0,"uagb_excerpt":"\u3010CAS\u3011111-15-9 Chemical formula: C6H12O3 Molecular weight:132.16 \u3010Structural Formula\u3011 1. Product Property Colorless liquid. Freezing point: -61.7\u2103, Boiling point: 156.3\u2103, 51\u2103 (2.8kPa), Relative density: 0.973 (20\u2103), Melting point: -61.7\u2103, Refractive index: 1.4055 (20\u2103), Flash point: 51\u2103 (closed cup), 66\u2103 (open cup), Ignition point: 379\u2103. It can be mixed with common organic solvents and is soluble in&hellip;","_links":{"self":[{"href":"https:\/\/jinancuchem.com\/es\/wp-json\/wp\/v2\/product\/6324","targetHints":{"allow":["GET"]}}],"collection":[{"href":"https:\/\/jinancuchem.com\/es\/wp-json\/wp\/v2\/product"}],"about":[{"href":"https:\/\/jinancuchem.com\/es\/wp-json\/wp\/v2\/types\/product"}],"wp:featuredmedia":[{"embeddable":true,"href":"https:\/\/jinancuchem.com\/es\/wp-json\/wp\/v2\/media\/6327"}],"wp:attachment":[{"href":"https:\/\/jinancuchem.com\/es\/wp-json\/wp\/v2\/media?parent=6324"}],"wp:term":[{"taxonomy":"product_brand","embeddable":true,"href":"https:\/\/jinancuchem.com\/es\/wp-json\/wp\/v2\/product_brand?post=6324"},{"taxonomy":"product_cat","embeddable":true,"href":"https:\/\/jinancuchem.com\/es\/wp-json\/wp\/v2\/product_cat?post=6324"},{"taxonomy":"product_tag","embeddable":true,"href":"https:\/\/jinancuchem.com\/es\/wp-json\/wp\/v2\/product_tag?post=6324"}],"curies":[{"name":"wp","href":"https:\/\/api.w.org\/{rel}","templated":true}]}}