{"id":6381,"date":"2025-08-07T03:20:20","date_gmt":"2025-08-07T03:20:20","guid":{"rendered":"https:\/\/jinancuchem.com\/?post_type=product&#038;p=6381"},"modified":"2025-08-07T03:20:20","modified_gmt":"2025-08-07T03:20:20","slug":"guanidine-nitrate","status":"publish","type":"product","link":"https:\/\/jinancuchem.com\/es\/producto\/guanidine-nitrate\/","title":{"rendered":"Nitrato de guanidina"},"content":{"rendered":"<p>CAS: 506-93-4<br \/>\nAlias: Nitrato de guanidinio, Mononitrato de guanidina<br \/>\nF\u00f3rmula molecular: CH\u2086N\u2084O\u2083 o CH\u2085N\u2083-HNO\u2083<br \/>\nMasa molecular relativa: 122,08<br \/>\nF\u00f3rmula estructural:<img alt=\"\" decoding=\"async\" class=\"alignnone size-full wp-image-6384\" src=\"https:\/\/jinancuchem.com\/wp-content\/uploads\/2025\/08\/Guanidine-Nitrate.jpg\" width=\"237\" height=\"112\" srcset=\"https:\/\/jinancuchem.com\/wp-content\/uploads\/2025\/08\/Guanidine-Nitrate.jpg 237w, https:\/\/jinancuchem.com\/wp-content\/uploads\/2025\/08\/Guanidine-Nitrate-18x9.jpg 18w\" sizes=\"(max-width: 237px) 100vw, 237px\" \/><strong><br \/>\n<\/strong><\/p>\n<ol>\n<li><b><\/b><strong><b>Propiedad del producto<\/b><\/strong><strong><b><br \/>\n<\/b><\/strong>El nitrato de guanidina es un polvo cristalino blanco o un s\u00f3lido granular con fuertes propiedades oxidantes. Es soluble en agua y ligeramente soluble en alcoholes, pero insoluble en disolventes apolares como la acetona y el benceno. Se descompone al calentarse y puede explotar bajo altas temperaturas, fricci\u00f3n o choque. Es estable en condiciones normales, pero debe mantenerse alejado de agentes reductores y materiales combustibles.<\/li>\n<\/ol>\n<h3><strong><b>2. Norma de calidad<\/b><\/strong><strong><b><br \/>\n<\/b><\/strong><\/h3>\n<table>\n<tbody>\n<tr>\n<td><strong><b>Par\u00e1metro<\/b><\/strong><\/td>\n<td><strong><b>Especificaci\u00f3n (grado industrial)<\/b><\/strong><\/td>\n<\/tr>\n<tr>\n<td>Apariencia<\/td>\n<td>Polvo cristalino o gr\u00e1nulos blancos<\/td>\n<\/tr>\n<tr>\n<td>Pureza (%)<\/td>\n<td>\u2265 97.0<\/td>\n<\/tr>\n<tr>\n<td>\u00c1cido n\u00edtrico libre (%)<\/td>\n<td>\u2264 0.50<\/td>\n<\/tr>\n<tr>\n<td>Nitrato de amonio libre (%)<\/td>\n<td>\u2264 0.50<\/td>\n<\/tr>\n<tr>\n<td>Humedad (%)<\/td>\n<td>\u2264 0.50<\/td>\n<\/tr>\n<tr>\n<td>Insolubles en agua (%)<\/td>\n<td>\u2264 0.10<\/td>\n<\/tr>\n<\/tbody>\n<\/table>\n<ol start=\"2\">\n<li><b><\/b><strong><b>\u00c1mbito de aplicaci\u00f3n y uso<\/b><\/strong><strong><b><br \/>\n<\/b><\/strong>El nitrato de guanidina se utiliza ampliamente en la industria qu\u00edmica como producto intermedio para la s\u00edntesis de productos farmac\u00e9uticos, agroqu\u00edmicos y otros derivados de la guanidina. Sirve como materia prima para la producci\u00f3n de nitroguanidina, que a su vez se utiliza en la fabricaci\u00f3n de medicamentos como las sulfonamidas y los antipal\u00fadicos. Adem\u00e1s, se emplea en la producci\u00f3n de desinfectantes, productos qu\u00edmicos fotogr\u00e1ficos y como componente de composiciones generadoras de gas para airbags de autom\u00f3viles.<\/li>\n<li><b><\/b><strong><b>Embalaje y almacenamiento<\/b><\/strong><strong><b><br \/>\n<\/b><\/strong>El nitrato de guanidina suele envasarse en bolsas tejidas de 25 kg con forro interior de pl\u00e1stico para evitar la entrada de humedad. Debe almacenarse en un almac\u00e9n fresco, seco y bien ventilado, lejos de fuentes de calor, ignici\u00f3n y materiales incompatibles como agentes reductores y combustibles. Durante el transporte, evite la exposici\u00f3n a la luz solar directa, la humedad y los golpes mec\u00e1nicos. Aseg\u00farese de que el embalaje permanece intacto para evitar fugas o contaminaci\u00f3n.<\/li>\n<\/ol>","protected":false},"excerpt":{"rendered":"<p>CAS: 506-93-4 Alias: Guanidinium nitrate, Guanidine mononitrate Molecular formula: CH\u2086N\u2084O\u2083 or CH\u2085N\u2083\u00b7HNO\u2083 Relative molecular mass: 122.08 Structural formula: Product Property Guanidine nitrate is a white crystalline powder or granular solid with strong oxidizing properties. It is soluble in water and slightly soluble in alcohols, but insoluble in non-polar solvents like acetone and benzene. It decomposes [&hellip;]<\/p>\n","protected":false},"featured_media":6384,"template":"","meta":{"_seopress_robots_primary_cat":"","_seopress_titles_title":"","_seopress_titles_desc":"","_seopress_robots_index":"","_uag_custom_page_level_css":"","site-sidebar-layout":"default","site-content-layout":"","ast-site-content-layout":"default","site-content-style":"default","site-sidebar-style":"default","ast-global-header-display":"","ast-banner-title-visibility":"","ast-main-header-display":"","ast-hfb-above-header-display":"","ast-hfb-below-header-display":"","ast-hfb-mobile-header-display":"","site-post-title":"","ast-breadcrumbs-content":"","ast-featured-img":"","footer-sml-layout":"","theme-transparent-header-meta":"default","adv-header-id-meta":"","stick-header-meta":"default","header-above-stick-meta":"","header-main-stick-meta":"","header-below-stick-meta":"","astra-migrate-meta-layouts":"set","ast-page-background-enabled":"default","ast-page-background-meta":{"desktop":{"background-color":"","background-image":"","background-repeat":"repeat","background-position":"center center","background-size":"auto","background-attachment":"scroll","background-type":"","background-media":"","overlay-type":"","overlay-color":"","overlay-opacity":"","overlay-gradient":""},"tablet":{"background-color":"","background-image":"","background-repeat":"repeat","background-position":"center center","background-size":"auto","background-attachment":"scroll","background-type":"","background-media":"","overlay-type":"","overlay-color":"","overlay-opacity":"","overlay-gradient":""},"mobile":{"background-color":"","background-image":"","background-repeat":"repeat","background-position":"center center","background-size":"auto","background-attachment":"scroll","background-type":"","background-media":"","overlay-type":"","overlay-color":"","overlay-opacity":"","overlay-gradient":""}},"ast-content-background-meta":{"desktop":{"background-color":"var(--ast-global-color-5)","background-image":"","background-repeat":"repeat","background-position":"center center","background-size":"auto","background-attachment":"scroll","background-type":"","background-media":"","overlay-type":"","overlay-color":"","overlay-opacity":"","overlay-gradient":""},"tablet":{"background-color":"var(--ast-global-color-5)","background-image":"","background-repeat":"repeat","background-position":"center center","background-size":"auto","background-attachment":"scroll","background-type":"","background-media":"","overlay-type":"","overlay-color":"","overlay-opacity":"","overlay-gradient":""},"mobile":{"background-color":"var(--ast-global-color-5)","background-image":"","background-repeat":"repeat","background-position":"center center","background-size":"auto","background-attachment":"scroll","background-type":"","background-media":"","overlay-type":"","overlay-color":"","overlay-opacity":"","overlay-gradient":""}}},"product_brand":[],"product_cat":[70],"product_tag":[],"class_list":{"0":"post-6381","1":"product","2":"type-product","3":"status-publish","4":"has-post-thumbnail","6":"product_cat-industrial-raw-materials","7":"desktop-align-left","8":"tablet-align-left","9":"mobile-align-left","10":"ast-product-gallery-layout-horizontal-slider","11":"ast-product-gallery-with-no-image","12":"ast-product-tabs-layout-horizontal","14":"first","15":"instock","16":"shipping-taxable","17":"product-type-simple"},"uagb_featured_image_src":{"full":["https:\/\/jinancuchem.com\/wp-content\/uploads\/2025\/08\/Guanidine-Nitrate.jpg",237,112,false],"thumbnail":["https:\/\/jinancuchem.com\/wp-content\/uploads\/2025\/08\/Guanidine-Nitrate-150x112.jpg",150,112,true],"medium":["https:\/\/jinancuchem.com\/wp-content\/uploads\/2025\/08\/Guanidine-Nitrate.jpg",237,112,false],"medium_large":["https:\/\/jinancuchem.com\/wp-content\/uploads\/2025\/08\/Guanidine-Nitrate.jpg",237,112,false],"large":["https:\/\/jinancuchem.com\/wp-content\/uploads\/2025\/08\/Guanidine-Nitrate.jpg",237,112,false],"1536x1536":["https:\/\/jinancuchem.com\/wp-content\/uploads\/2025\/08\/Guanidine-Nitrate.jpg",237,112,false],"2048x2048":["https:\/\/jinancuchem.com\/wp-content\/uploads\/2025\/08\/Guanidine-Nitrate.jpg",237,112,false],"trp-custom-language-flag":["https:\/\/jinancuchem.com\/wp-content\/uploads\/2025\/08\/Guanidine-Nitrate-18x9.jpg",18,9,true],"woocommerce_thumbnail":["https:\/\/jinancuchem.com\/wp-content\/uploads\/2025\/08\/Guanidine-Nitrate.jpg",237,112,false],"woocommerce_single":["https:\/\/jinancuchem.com\/wp-content\/uploads\/2025\/08\/Guanidine-Nitrate.jpg",237,112,false],"woocommerce_gallery_thumbnail":["https:\/\/jinancuchem.com\/wp-content\/uploads\/2025\/08\/Guanidine-Nitrate-100x100.jpg",100,100,true]},"uagb_author_info":{"display_name":"jinxing6611@gmail.com","author_link":"https:\/\/jinancuchem.com\/es\/author\/"},"uagb_comment_info":0,"uagb_excerpt":"CAS: 506-93-4 Alias: Guanidinium nitrate, Guanidine mononitrate Molecular formula: CH\u2086N\u2084O\u2083 or CH\u2085N\u2083\u00b7HNO\u2083 Relative molecular mass: 122.08 Structural formula: Product Property Guanidine nitrate is a white crystalline powder or granular solid with strong oxidizing properties. It is soluble in water and slightly soluble in alcohols, but insoluble in non-polar solvents like acetone and benzene. It decomposes&hellip;","_links":{"self":[{"href":"https:\/\/jinancuchem.com\/es\/wp-json\/wp\/v2\/product\/6381","targetHints":{"allow":["GET"]}}],"collection":[{"href":"https:\/\/jinancuchem.com\/es\/wp-json\/wp\/v2\/product"}],"about":[{"href":"https:\/\/jinancuchem.com\/es\/wp-json\/wp\/v2\/types\/product"}],"wp:featuredmedia":[{"embeddable":true,"href":"https:\/\/jinancuchem.com\/es\/wp-json\/wp\/v2\/media\/6384"}],"wp:attachment":[{"href":"https:\/\/jinancuchem.com\/es\/wp-json\/wp\/v2\/media?parent=6381"}],"wp:term":[{"taxonomy":"product_brand","embeddable":true,"href":"https:\/\/jinancuchem.com\/es\/wp-json\/wp\/v2\/product_brand?post=6381"},{"taxonomy":"product_cat","embeddable":true,"href":"https:\/\/jinancuchem.com\/es\/wp-json\/wp\/v2\/product_cat?post=6381"},{"taxonomy":"product_tag","embeddable":true,"href":"https:\/\/jinancuchem.com\/es\/wp-json\/wp\/v2\/product_tag?post=6381"}],"curies":[{"name":"wp","href":"https:\/\/api.w.org\/{rel}","templated":true}]}}