{"id":6389,"date":"2025-08-07T03:23:56","date_gmt":"2025-08-07T03:23:56","guid":{"rendered":"https:\/\/jinancuchem.com\/?post_type=product&#038;p=6389"},"modified":"2025-08-07T03:23:56","modified_gmt":"2025-08-07T03:23:56","slug":"basic-copper-nitrate","status":"publish","type":"product","link":"https:\/\/jinancuchem.com\/es\/producto\/basic-copper-nitrate\/","title":{"rendered":"Nitrato de cobre b\u00e1sico"},"content":{"rendered":"<p><strong><b>CAS<\/b><\/strong><strong><b>: 12158-75-7<\/b><\/strong><strong><b><br \/>\n<\/b><\/strong><strong><b>Alias<\/b><\/strong><strong><b>: Nitrato de cobre b\u00e1sico; Nitrato c\u00faprico b\u00e1sico<\/b><\/strong><strong><b><br \/>\n<\/b><\/strong><strong><b>F\u00f3rmula molecular<\/b><\/strong><strong><b>:<\/b><\/strong><strong><b>CuHNO4(-2)<\/b><\/strong><strong><b><br \/>\n<\/b><\/strong><strong><b>Masa molecular relativa<\/b><\/strong><strong><b>:<\/b><\/strong><strong><b>142.56<\/b><\/strong><strong><b><br \/>\n<\/b><\/strong><strong><b>F\u00f3rmula estructural<\/b><\/strong><strong><b>:<img alt=\"\" decoding=\"async\" class=\"alignnone size-full wp-image-6392\" src=\"https:\/\/jinancuchem.com\/wp-content\/uploads\/2025\/08\/Basic-Copper-Nitrate.jpg\" width=\"115\" height=\"110\" srcset=\"https:\/\/jinancuchem.com\/wp-content\/uploads\/2025\/08\/Basic-Copper-Nitrate.jpg 115w, https:\/\/jinancuchem.com\/wp-content\/uploads\/2025\/08\/Basic-Copper-Nitrate-13x12.jpg 13w\" sizes=\"(max-width: 115px) 100vw, 115px\" \/><\/b><\/strong><strong><b><br \/>\n<\/b><\/strong><strong><b>1. Propiedad del producto<\/b><\/strong><\/p>\n<p>El nitrato de cobre b\u00e1sico es un polvo azul claro con una densidad de 3,4 g\/cm\u00b3. Es insoluble en agua y alcohol, pero soluble en \u00e1cidos diluidos y soluciones de amon\u00edaco. Presenta fuertes propiedades oxidantes y se descompone al calentarlo para producir \u00f3xido de cobre, di\u00f3xido de nitr\u00f3geno y ox\u00edgeno. El compuesto es estable en condiciones normales, pero debe manipularse con cuidado debido a su naturaleza oxidante.<\/p>\n<h3><strong><b>2. Norma de calidad<\/b><\/strong><\/h3>\n<table>\n<tbody>\n<tr>\n<td><strong><b>Par\u00e1metro<\/b><\/strong><\/td>\n<td><strong><b>Especificaci\u00f3n<\/b><\/strong><\/td>\n<\/tr>\n<tr>\n<td>Apariencia<\/td>\n<td>Polvo azul claro<\/td>\n<\/tr>\n<tr>\n<td>Contenido en cobre (Cu)<\/td>\n<td>52,5% - 53,6%<\/td>\n<\/tr>\n<tr>\n<td>Contenido de nitrato (NO\u2083-)<\/td>\n<td>25,3% - 26,3%<\/td>\n<\/tr>\n<tr>\n<td>Humedad<\/td>\n<td>\u2264 0,3%<\/td>\n<\/tr>\n<tr>\n<td>pH (soluci\u00f3n 100 g\/L)<\/td>\n<td>5.5 - 7.5<\/td>\n<\/tr>\n<tr>\n<td>Tama\u00f1o de las part\u00edculas (D50)<\/td>\n<td>\u2264 1,5 \u03bcm (para grado especial)<\/td>\n<\/tr>\n<tr>\n<td>Sodio (Na)<\/td>\n<td>\u2264 0,5%<\/td>\n<\/tr>\n<\/tbody>\n<\/table>\n<h3><strong><b>3. \u00c1mbito de aplicaci\u00f3n y uso<\/b><\/strong><\/h3>\n<p>El nitrato b\u00e1sico de cobre se utiliza ampliamente como catalizador en reacciones de s\u00edntesis org\u00e1nica, sobre todo en procesos de oxidaci\u00f3n. Tambi\u00e9n es un eficaz conservante de la madera y los textiles por sus propiedades antimicrobianas y antif\u00fangicas. En la ciencia de los materiales, se utiliza para preparar productos intermedios y nanomateriales a base de cobre. Adem\u00e1s, se emplea en la producci\u00f3n de composiciones generadoras de gas para los sistemas de seguridad de los autom\u00f3viles.<\/p>\n<h3><strong><b>4. Embalaje y almacenamiento<\/b><\/strong><\/h3>\n<p>El nitrato de cobre b\u00e1sico se suele envasar en sacos tejidos de 25 kg con forro de pl\u00e1stico de doble capa para garantizar el sellado y la resistencia a la humedad. Debe almacenarse en un almac\u00e9n fresco, seco y bien ventilado. El envase debe estar herm\u00e9ticamente cerrado para evitar la entrada de humedad. Es esencial evitar el contacto con \u00e1cidos, combustibles y agentes reductores durante el almacenamiento y el transporte. La vida \u00fatil suele ser de 24 meses en condiciones de almacenamiento adecuadas.<\/p>\n<p>&nbsp;<\/p>","protected":false},"excerpt":{"rendered":"<p>CAS: 12158-75-7 Alias: Copper nitrate basic; Cupric nitrate basic Molecular formula:CuHNO4(-2) Relative molecular mass:142.56 Structural formula: 1. Product Property Basic copper nitrate is a light blue powder with a density of 3.4 g\/cm\u00b3. It is insoluble in water and alcohol but soluble in dilute acids and ammonia solution. It exhibits strong oxidizing properties and decomposes [&hellip;]<\/p>\n","protected":false},"featured_media":6392,"template":"","meta":{"_seopress_robots_primary_cat":"","_seopress_titles_title":"","_seopress_titles_desc":"","_seopress_robots_index":"","_uag_custom_page_level_css":"","site-sidebar-layout":"default","site-content-layout":"","ast-site-content-layout":"default","site-content-style":"default","site-sidebar-style":"default","ast-global-header-display":"","ast-banner-title-visibility":"","ast-main-header-display":"","ast-hfb-above-header-display":"","ast-hfb-below-header-display":"","ast-hfb-mobile-header-display":"","site-post-title":"","ast-breadcrumbs-content":"","ast-featured-img":"","footer-sml-layout":"","theme-transparent-header-meta":"default","adv-header-id-meta":"","stick-header-meta":"default","header-above-stick-meta":"","header-main-stick-meta":"","header-below-stick-meta":"","astra-migrate-meta-layouts":"set","ast-page-background-enabled":"default","ast-page-background-meta":{"desktop":{"background-color":"","background-image":"","background-repeat":"repeat","background-position":"center center","background-size":"auto","background-attachment":"scroll","background-type":"","background-media":"","overlay-type":"","overlay-color":"","overlay-opacity":"","overlay-gradient":""},"tablet":{"background-color":"","background-image":"","background-repeat":"repeat","background-position":"center center","background-size":"auto","background-attachment":"scroll","background-type":"","background-media":"","overlay-type":"","overlay-color":"","overlay-opacity":"","overlay-gradient":""},"mobile":{"background-color":"","background-image":"","background-repeat":"repeat","background-position":"center center","background-size":"auto","background-attachment":"scroll","background-type":"","background-media":"","overlay-type":"","overlay-color":"","overlay-opacity":"","overlay-gradient":""}},"ast-content-background-meta":{"desktop":{"background-color":"var(--ast-global-color-5)","background-image":"","background-repeat":"repeat","background-position":"center center","background-size":"auto","background-attachment":"scroll","background-type":"","background-media":"","overlay-type":"","overlay-color":"","overlay-opacity":"","overlay-gradient":""},"tablet":{"background-color":"var(--ast-global-color-5)","background-image":"","background-repeat":"repeat","background-position":"center center","background-size":"auto","background-attachment":"scroll","background-type":"","background-media":"","overlay-type":"","overlay-color":"","overlay-opacity":"","overlay-gradient":""},"mobile":{"background-color":"var(--ast-global-color-5)","background-image":"","background-repeat":"repeat","background-position":"center center","background-size":"auto","background-attachment":"scroll","background-type":"","background-media":"","overlay-type":"","overlay-color":"","overlay-opacity":"","overlay-gradient":""}}},"product_brand":[],"product_cat":[70],"product_tag":[],"class_list":{"0":"post-6389","1":"product","2":"type-product","3":"status-publish","4":"has-post-thumbnail","6":"product_cat-industrial-raw-materials","7":"desktop-align-left","8":"tablet-align-left","9":"mobile-align-left","10":"ast-product-gallery-layout-horizontal-slider","11":"ast-product-gallery-with-no-image","12":"ast-product-tabs-layout-horizontal","14":"first","15":"instock","16":"shipping-taxable","17":"product-type-simple"},"uagb_featured_image_src":{"full":["https:\/\/jinancuchem.com\/wp-content\/uploads\/2025\/08\/Basic-Copper-Nitrate.jpg",115,110,false],"thumbnail":["https:\/\/jinancuchem.com\/wp-content\/uploads\/2025\/08\/Basic-Copper-Nitrate.jpg",115,110,false],"medium":["https:\/\/jinancuchem.com\/wp-content\/uploads\/2025\/08\/Basic-Copper-Nitrate.jpg",115,110,false],"medium_large":["https:\/\/jinancuchem.com\/wp-content\/uploads\/2025\/08\/Basic-Copper-Nitrate.jpg",115,110,false],"large":["https:\/\/jinancuchem.com\/wp-content\/uploads\/2025\/08\/Basic-Copper-Nitrate.jpg",115,110,false],"1536x1536":["https:\/\/jinancuchem.com\/wp-content\/uploads\/2025\/08\/Basic-Copper-Nitrate.jpg",115,110,false],"2048x2048":["https:\/\/jinancuchem.com\/wp-content\/uploads\/2025\/08\/Basic-Copper-Nitrate.jpg",115,110,false],"trp-custom-language-flag":["https:\/\/jinancuchem.com\/wp-content\/uploads\/2025\/08\/Basic-Copper-Nitrate-13x12.jpg",13,12,true],"woocommerce_thumbnail":["https:\/\/jinancuchem.com\/wp-content\/uploads\/2025\/08\/Basic-Copper-Nitrate.jpg",115,110,false],"woocommerce_single":["https:\/\/jinancuchem.com\/wp-content\/uploads\/2025\/08\/Basic-Copper-Nitrate.jpg",115,110,false],"woocommerce_gallery_thumbnail":["https:\/\/jinancuchem.com\/wp-content\/uploads\/2025\/08\/Basic-Copper-Nitrate-100x100.jpg",100,100,true]},"uagb_author_info":{"display_name":"jinxing6611@gmail.com","author_link":"https:\/\/jinancuchem.com\/es\/author\/"},"uagb_comment_info":0,"uagb_excerpt":"CAS: 12158-75-7 Alias: Copper nitrate basic; Cupric nitrate basic Molecular formula:CuHNO4(-2) Relative molecular mass:142.56 Structural formula: 1. Product Property Basic copper nitrate is a light blue powder with a density of 3.4 g\/cm\u00b3. It is insoluble in water and alcohol but soluble in dilute acids and ammonia solution. It exhibits strong oxidizing properties and decomposes&hellip;","_links":{"self":[{"href":"https:\/\/jinancuchem.com\/es\/wp-json\/wp\/v2\/product\/6389","targetHints":{"allow":["GET"]}}],"collection":[{"href":"https:\/\/jinancuchem.com\/es\/wp-json\/wp\/v2\/product"}],"about":[{"href":"https:\/\/jinancuchem.com\/es\/wp-json\/wp\/v2\/types\/product"}],"wp:featuredmedia":[{"embeddable":true,"href":"https:\/\/jinancuchem.com\/es\/wp-json\/wp\/v2\/media\/6392"}],"wp:attachment":[{"href":"https:\/\/jinancuchem.com\/es\/wp-json\/wp\/v2\/media?parent=6389"}],"wp:term":[{"taxonomy":"product_brand","embeddable":true,"href":"https:\/\/jinancuchem.com\/es\/wp-json\/wp\/v2\/product_brand?post=6389"},{"taxonomy":"product_cat","embeddable":true,"href":"https:\/\/jinancuchem.com\/es\/wp-json\/wp\/v2\/product_cat?post=6389"},{"taxonomy":"product_tag","embeddable":true,"href":"https:\/\/jinancuchem.com\/es\/wp-json\/wp\/v2\/product_tag?post=6389"}],"curies":[{"name":"wp","href":"https:\/\/api.w.org\/{rel}","templated":true}]}}