{"id":6425,"date":"2025-08-07T08:08:32","date_gmt":"2025-08-07T08:08:32","guid":{"rendered":"https:\/\/jinancuchem.com\/?post_type=product&#038;p=6425"},"modified":"2025-08-07T08:08:32","modified_gmt":"2025-08-07T08:08:32","slug":"lemon-essence","status":"publish","type":"product","link":"https:\/\/jinancuchem.com\/es\/producto\/lemon-essence\/","title":{"rendered":"Esencia de lim\u00f3n"},"content":{"rendered":"<p>La esencia de lim\u00f3n es un aditivo alimentario con esencia de fruta y un refrescante aroma a lim\u00f3n. La fruta del lim\u00f3n tiene un olor dulce y fragante. Su aroma caracter\u00edstico es similar al de otros c\u00edtricos, pero tambi\u00e9n tiene una nota fresca y refrescante. Los componentes arom\u00e1ticos de la esencia de lim\u00f3n contienen una gran cantidad de pineno, \u03b3-terpineno y \u03b1-pinoleno. La materia prima m\u00e1s adecuada para preparar esencia de lim\u00f3n es el lim\u00f3n.<\/p>","protected":false},"excerpt":{"rendered":"<p>Lemon Essence is a fruit-essenceed food additive with a refreshing lemon aroma. The lemon fruit has a sweet and fragrant smell. Its characteristic aroma is similar to that of other citrus fruits, but it also has a cool and refreshing note. The aroma components of lemon essence contain a large amount of pinene, \u03b3-terpinene, and [&hellip;]<\/p>\n","protected":false},"featured_media":6428,"template":"","meta":{"_seopress_robots_primary_cat":"","_seopress_titles_title":"","_seopress_titles_desc":"","_seopress_robots_index":"","_uag_custom_page_level_css":"","site-sidebar-layout":"default","site-content-layout":"","ast-site-content-layout":"default","site-content-style":"default","site-sidebar-style":"default","ast-global-header-display":"","ast-banner-title-visibility":"","ast-main-header-display":"","ast-hfb-above-header-display":"","ast-hfb-below-header-display":"","ast-hfb-mobile-header-display":"","site-post-title":"","ast-breadcrumbs-content":"","ast-featured-img":"","footer-sml-layout":"","theme-transparent-header-meta":"default","adv-header-id-meta":"","stick-header-meta":"default","header-above-stick-meta":"","header-main-stick-meta":"","header-below-stick-meta":"","astra-migrate-meta-layouts":"set","ast-page-background-enabled":"default","ast-page-background-meta":{"desktop":{"background-color":"","background-image":"","background-repeat":"repeat","background-position":"center center","background-size":"auto","background-attachment":"scroll","background-type":"","background-media":"","overlay-type":"","overlay-color":"","overlay-opacity":"","overlay-gradient":""},"tablet":{"background-color":"","background-image":"","background-repeat":"repeat","background-position":"center center","background-size":"auto","background-attachment":"scroll","background-type":"","background-media":"","overlay-type":"","overlay-color":"","overlay-opacity":"","overlay-gradient":""},"mobile":{"background-color":"","background-image":"","background-repeat":"repeat","background-position":"center center","background-size":"auto","background-attachment":"scroll","background-type":"","background-media":"","overlay-type":"","overlay-color":"","overlay-opacity":"","overlay-gradient":""}},"ast-content-background-meta":{"desktop":{"background-color":"var(--ast-global-color-5)","background-image":"","background-repeat":"repeat","background-position":"center center","background-size":"auto","background-attachment":"scroll","background-type":"","background-media":"","overlay-type":"","overlay-color":"","overlay-opacity":"","overlay-gradient":""},"tablet":{"background-color":"var(--ast-global-color-5)","background-image":"","background-repeat":"repeat","background-position":"center center","background-size":"auto","background-attachment":"scroll","background-type":"","background-media":"","overlay-type":"","overlay-color":"","overlay-opacity":"","overlay-gradient":""},"mobile":{"background-color":"var(--ast-global-color-5)","background-image":"","background-repeat":"repeat","background-position":"center center","background-size":"auto","background-attachment":"scroll","background-type":"","background-media":"","overlay-type":"","overlay-color":"","overlay-opacity":"","overlay-gradient":""}}},"product_brand":[],"product_cat":[71],"product_tag":[],"class_list":{"0":"post-6425","1":"product","2":"type-product","3":"status-publish","4":"has-post-thumbnail","6":"product_cat-essence","7":"desktop-align-left","8":"tablet-align-left","9":"mobile-align-left","10":"ast-product-gallery-layout-horizontal-slider","11":"ast-product-gallery-with-no-image","12":"ast-product-tabs-layout-horizontal","14":"first","15":"instock","16":"shipping-taxable","17":"product-type-simple"},"uagb_featured_image_src":{"full":["https:\/\/jinancuchem.com\/wp-content\/uploads\/2025\/08\/Lemon-Essence.jpg",343,272,false],"thumbnail":["https:\/\/jinancuchem.com\/wp-content\/uploads\/2025\/08\/Lemon-Essence-150x150.jpg",150,150,true],"medium":["https:\/\/jinancuchem.com\/wp-content\/uploads\/2025\/08\/Lemon-Essence-300x238.jpg",300,238,true],"medium_large":["https:\/\/jinancuchem.com\/wp-content\/uploads\/2025\/08\/Lemon-Essence.jpg",343,272,false],"large":["https:\/\/jinancuchem.com\/wp-content\/uploads\/2025\/08\/Lemon-Essence.jpg",343,272,false],"1536x1536":["https:\/\/jinancuchem.com\/wp-content\/uploads\/2025\/08\/Lemon-Essence.jpg",343,272,false],"2048x2048":["https:\/\/jinancuchem.com\/wp-content\/uploads\/2025\/08\/Lemon-Essence.jpg",343,272,false],"trp-custom-language-flag":["https:\/\/jinancuchem.com\/wp-content\/uploads\/2025\/08\/Lemon-Essence-15x12.jpg",15,12,true],"woocommerce_thumbnail":["https:\/\/jinancuchem.com\/wp-content\/uploads\/2025\/08\/Lemon-Essence-300x272.jpg",300,272,true],"woocommerce_single":["https:\/\/jinancuchem.com\/wp-content\/uploads\/2025\/08\/Lemon-Essence.jpg",343,272,false],"woocommerce_gallery_thumbnail":["https:\/\/jinancuchem.com\/wp-content\/uploads\/2025\/08\/Lemon-Essence-100x100.jpg",100,100,true]},"uagb_author_info":{"display_name":"jinxing6611@gmail.com","author_link":"https:\/\/jinancuchem.com\/es\/author\/"},"uagb_comment_info":0,"uagb_excerpt":"Lemon Essence is a fruit-essenceed food additive with a refreshing lemon aroma. The lemon fruit has a sweet and fragrant smell. Its characteristic aroma is similar to that of other citrus fruits, but it also has a cool and refreshing note. The aroma components of lemon essence contain a large amount of pinene, \u03b3-terpinene, and&hellip;","_links":{"self":[{"href":"https:\/\/jinancuchem.com\/es\/wp-json\/wp\/v2\/product\/6425","targetHints":{"allow":["GET"]}}],"collection":[{"href":"https:\/\/jinancuchem.com\/es\/wp-json\/wp\/v2\/product"}],"about":[{"href":"https:\/\/jinancuchem.com\/es\/wp-json\/wp\/v2\/types\/product"}],"wp:featuredmedia":[{"embeddable":true,"href":"https:\/\/jinancuchem.com\/es\/wp-json\/wp\/v2\/media\/6428"}],"wp:attachment":[{"href":"https:\/\/jinancuchem.com\/es\/wp-json\/wp\/v2\/media?parent=6425"}],"wp:term":[{"taxonomy":"product_brand","embeddable":true,"href":"https:\/\/jinancuchem.com\/es\/wp-json\/wp\/v2\/product_brand?post=6425"},{"taxonomy":"product_cat","embeddable":true,"href":"https:\/\/jinancuchem.com\/es\/wp-json\/wp\/v2\/product_cat?post=6425"},{"taxonomy":"product_tag","embeddable":true,"href":"https:\/\/jinancuchem.com\/es\/wp-json\/wp\/v2\/product_tag?post=6425"}],"curies":[{"name":"wp","href":"https:\/\/api.w.org\/{rel}","templated":true}]}}