{"id":4123,"date":"2025-07-25T02:40:42","date_gmt":"2025-07-25T02:40:42","guid":{"rendered":"https:\/\/jinancuchem.com\/?post_type=product&#038;p=4123"},"modified":"2025-07-28T00:23:45","modified_gmt":"2025-07-28T00:23:45","slug":"ethyl-formate","status":"publish","type":"product","link":"https:\/\/jinancuchem.com\/fr\/produit\/ethyl-formate\/","title":{"rendered":"Formiate d'\u00e9thyle"},"content":{"rendered":"<p>\u3010CAS\u3011109-94-4<\/p>\n<p>Alias : ESTER \u00c9THYLIQUE DE L'ACIDE FORMIQUE ; \u00c9THER FORMIQUE ; M\u00c9THANOATE D'\u00c9THYLE<\/p>\n<p>Formule mol\u00e9culaire : C<sub>3<\/sub>H<sub>6<\/sub>O<sub>2<\/sub>\u00a0\u00a0Masse mol\u00e9culaire relative : 74,08<\/p>\n<p>Formule structurelle :<img alt=\"\" decoding=\"async\" class=\"alignnone size-full wp-image-4130\" src=\"https:\/\/jinancuchem.com\/wp-content\/uploads\/2025\/07\/\u56fe\u72472-4.png\" width=\"150\" height=\"34\" srcset=\"https:\/\/jinancuchem.com\/wp-content\/uploads\/2025\/07\/\u56fe\u72472-4.png 150w, https:\/\/jinancuchem.com\/wp-content\/uploads\/2025\/07\/\u56fe\u72472-4-18x4.png 18w\" sizes=\"(max-width: 150px) 100vw, 150px\" \/><\/p>\n<p>&nbsp;<\/p>\n<h4>1.Propri\u00e9t\u00e9 du produit<\/h4>\n<p>Le formiate d'\u00e9thyle est un liquide incolore l\u00e9g\u00e8rement soluble dans l'eau et soluble dans la plupart des solvants organiques tels que le benz\u00e8ne, l'\u00e9thanol et l'\u00e9ther. Il est principalement utilis\u00e9 comme solvant pour l'acide ac\u00e9tique ou la nitrocellulose, ainsi que dans la synth\u00e8se de parfums et dans la production pharmaceutique.<\/p>\n<p>&nbsp;<\/p>\n<h4>2.<\/h4>\n<table>\n<tbody>\n<tr>\n<td><strong><b>Param\u00e8tres<\/b><\/strong><\/td>\n<td><strong><b>Qualit\u00e9 industrielle<\/b><\/strong><\/td>\n<td><strong><b>Qualit\u00e9 alimentaire (FEMA 2434)<\/b><\/strong><\/td>\n<\/tr>\n<tr>\n<td><strong><b>La puret\u00e9<\/b><\/strong><\/td>\n<td>\u226598.0%<\/td>\n<td>\u226599.0%<\/td>\n<\/tr>\n<tr>\n<td><strong><b>Apparence<\/b><\/strong><\/td>\n<td>Liquide incolore<\/td>\n<td>Liquide incolore<\/td>\n<\/tr>\n<tr>\n<td><strong><b>Odeur<\/b><\/strong><\/td>\n<td>\u00c9th\u00e9r\u00e9, semblable au rhum<\/td>\n<td>Doux, fruit\u00e9<\/td>\n<\/tr>\n<tr>\n<td><strong><b>Densit\u00e9 (20\u00b0C)<\/b><\/strong><\/td>\n<td>0,915-0,925 g\/cm\u00b3<\/td>\n<td>0,917-0,923 g\/cm\u00b3<\/td>\n<\/tr>\n<tr>\n<td><strong><b>Indice de r\u00e9fraction (20\u00b0C)<\/b><\/strong><\/td>\n<td>1.359-1.363<\/td>\n<td>1.360-1.362<\/td>\n<\/tr>\n<tr>\n<td><strong><b>Acidit\u00e9 (en tant qu'acide formique)<\/b><\/strong><\/td>\n<td>\u22640.05%<\/td>\n<td>\u22640.02%<\/td>\n<\/tr>\n<tr>\n<td><strong><b>Teneur en eau<\/b><\/strong><\/td>\n<td>\u22640.1%<\/td>\n<td>\u22640.05%<\/td>\n<\/tr>\n<\/tbody>\n<\/table>\n<p>&nbsp;<\/p>\n<h4>3. Champ d'application et utilisation<\/h4>\n<p>Le formiate d'\u00e9thyle est utilis\u00e9 comme solvant pour la nitrocellulose, l'ac\u00e9tate de cellulose, etc., et comme bact\u00e9ricide, larvicide et fumigant pour les aliments, les cigarettes, les c\u00e9r\u00e9ales et les fruits secs. Le formiate d'\u00e9thyle peut \u00e9galement \u00eatre utilis\u00e9 comme essence pour m\u00e9langer les parfums des p\u00eaches, des bananes, des pommes, des abricots, des ananas, des baies, etc. et peut \u00e9galement \u00eatre utilis\u00e9 comme agent aromatique pour le beurre, le brandy, le vin doux et le whisky.<\/p>\n<p>&nbsp;<\/p>\n<h4>4. l'emballage et le stockage<\/h4>\n<p>Le formiate d'\u00e9thyle est conditionn\u00e9 dans des f\u00fbts en plastique HDPE de 25 kg ou dans des f\u00fbts en aluminium. Pour les produits de qualit\u00e9 alimentaire, l'azote doit \u00eatre rempli pour la protection. Il doit \u00eatre stock\u00e9 dans un entrep\u00f4t \u00e0 l'\u00e9preuve du feu (&lt; 25\u2103), strictement \u00e9loign\u00e9 des sources d&#039;incendie, prot\u00e9g\u00e9 de la lumi\u00e8re et de la mise \u00e0 la terre, et stock\u00e9 avec une ventilation. La dur\u00e9e de conservation est de 12 mois.<\/p>","protected":false},"excerpt":{"rendered":"<p>\u3010CAS\u3011109-94-4 Alias: FORMIC ACID ETHYL ESTER;FORMIC ETHER;ETHYL METHANOATE Molecular formula: C3H6O2\u00a0\u00a0Relative molecular mass: 74.08 Structural formula: &nbsp; 1.Product Property Ethyl formate is a colorless liquid that is slightly soluble in water and soluble in most organic solvents such as benzene, ethanol, and ether. It is mainly used as a solvent for acetic acid or nitrocellulose, [&hellip;]<\/p>\n","protected":false},"featured_media":4126,"template":"","meta":{"_seopress_robots_primary_cat":"none","_seopress_titles_title":"","_seopress_titles_desc":"","_seopress_robots_index":"","_uag_custom_page_level_css":"","site-sidebar-layout":"default","site-content-layout":"","ast-site-content-layout":"default","site-content-style":"default","site-sidebar-style":"default","ast-global-header-display":"","ast-banner-title-visibility":"","ast-main-header-display":"","ast-hfb-above-header-display":"","ast-hfb-below-header-display":"","ast-hfb-mobile-header-display":"","site-post-title":"","ast-breadcrumbs-content":"","ast-featured-img":"","footer-sml-layout":"","theme-transparent-header-meta":"default","adv-header-id-meta":"","stick-header-meta":"default","header-above-stick-meta":"","header-main-stick-meta":"","header-below-stick-meta":"","astra-migrate-meta-layouts":"set","ast-page-background-enabled":"default","ast-page-background-meta":{"desktop":{"background-color":"","background-image":"","background-repeat":"repeat","background-position":"center center","background-size":"auto","background-attachment":"scroll","background-type":"","background-media":"","overlay-type":"","overlay-color":"","overlay-opacity":"","overlay-gradient":""},"tablet":{"background-color":"","background-image":"","background-repeat":"repeat","background-position":"center center","background-size":"auto","background-attachment":"scroll","background-type":"","background-media":"","overlay-type":"","overlay-color":"","overlay-opacity":"","overlay-gradient":""},"mobile":{"background-color":"","background-image":"","background-repeat":"repeat","background-position":"center center","background-size":"auto","background-attachment":"scroll","background-type":"","background-media":"","overlay-type":"","overlay-color":"","overlay-opacity":"","overlay-gradient":""}},"ast-content-background-meta":{"desktop":{"background-color":"var(--ast-global-color-5)","background-image":"","background-repeat":"repeat","background-position":"center center","background-size":"auto","background-attachment":"scroll","background-type":"","background-media":"","overlay-type":"","overlay-color":"","overlay-opacity":"","overlay-gradient":""},"tablet":{"background-color":"var(--ast-global-color-5)","background-image":"","background-repeat":"repeat","background-position":"center center","background-size":"auto","background-attachment":"scroll","background-type":"","background-media":"","overlay-type":"","overlay-color":"","overlay-opacity":"","overlay-gradient":""},"mobile":{"background-color":"var(--ast-global-color-5)","background-image":"","background-repeat":"repeat","background-position":"center center","background-size":"auto","background-attachment":"scroll","background-type":"","background-media":"","overlay-type":"","overlay-color":"","overlay-opacity":"","overlay-gradient":""}}},"product_brand":[],"product_cat":[67],"product_tag":[],"class_list":{"0":"post-4123","1":"product","2":"type-product","3":"status-publish","4":"has-post-thumbnail","6":"product_cat-food-additives","7":"desktop-align-left","8":"tablet-align-left","9":"mobile-align-left","10":"ast-product-gallery-layout-horizontal-slider","11":"ast-product-gallery-with-no-image","12":"ast-product-tabs-layout-horizontal","14":"first","15":"instock","16":"shipping-taxable","17":"product-type-simple"},"uagb_featured_image_src":{"full":["https:\/\/jinancuchem.com\/wp-content\/uploads\/2025\/07\/\u672a\u6807\u9898-1-2.png",800,800,false],"thumbnail":["https:\/\/jinancuchem.com\/wp-content\/uploads\/2025\/07\/\u672a\u6807\u9898-1-2-150x150.png",150,150,true],"medium":["https:\/\/jinancuchem.com\/wp-content\/uploads\/2025\/07\/\u672a\u6807\u9898-1-2-300x300.png",300,300,true],"medium_large":["https:\/\/jinancuchem.com\/wp-content\/uploads\/2025\/07\/\u672a\u6807\u9898-1-2-768x768.png",768,768,true],"large":["https:\/\/jinancuchem.com\/wp-content\/uploads\/2025\/07\/\u672a\u6807\u9898-1-2.png",800,800,false],"1536x1536":["https:\/\/jinancuchem.com\/wp-content\/uploads\/2025\/07\/\u672a\u6807\u9898-1-2.png",800,800,false],"2048x2048":["https:\/\/jinancuchem.com\/wp-content\/uploads\/2025\/07\/\u672a\u6807\u9898-1-2.png",800,800,false],"trp-custom-language-flag":["https:\/\/jinancuchem.com\/wp-content\/uploads\/2025\/07\/\u672a\u6807\u9898-1-2-12x12.png",12,12,true],"woocommerce_thumbnail":["https:\/\/jinancuchem.com\/wp-content\/uploads\/2025\/07\/\u672a\u6807\u9898-1-2-300x300.png",300,300,true],"woocommerce_single":["https:\/\/jinancuchem.com\/wp-content\/uploads\/2025\/07\/\u672a\u6807\u9898-1-2-600x600.png",500,500,true],"woocommerce_gallery_thumbnail":["https:\/\/jinancuchem.com\/wp-content\/uploads\/2025\/07\/\u672a\u6807\u9898-1-2-100x100.png",100,100,true]},"uagb_author_info":{"display_name":"jinxing6611@gmail.com","author_link":"https:\/\/jinancuchem.com\/fr\/author\/"},"uagb_comment_info":0,"uagb_excerpt":"\u3010CAS\u3011109-94-4 Alias: FORMIC ACID ETHYL ESTER;FORMIC ETHER;ETHYL METHANOATE Molecular formula: C3H6O2\u00a0\u00a0Relative molecular mass: 74.08 Structural formula: &nbsp; 1.Product Property Ethyl formate is a colorless liquid that is slightly soluble in water and soluble in most organic solvents such as benzene, ethanol, and ether. It is mainly used as a solvent for acetic acid or nitrocellulose,\u2026","_links":{"self":[{"href":"https:\/\/jinancuchem.com\/fr\/wp-json\/wp\/v2\/product\/4123","targetHints":{"allow":["GET"]}}],"collection":[{"href":"https:\/\/jinancuchem.com\/fr\/wp-json\/wp\/v2\/product"}],"about":[{"href":"https:\/\/jinancuchem.com\/fr\/wp-json\/wp\/v2\/types\/product"}],"wp:featuredmedia":[{"embeddable":true,"href":"https:\/\/jinancuchem.com\/fr\/wp-json\/wp\/v2\/media\/4126"}],"wp:attachment":[{"href":"https:\/\/jinancuchem.com\/fr\/wp-json\/wp\/v2\/media?parent=4123"}],"wp:term":[{"taxonomy":"product_brand","embeddable":true,"href":"https:\/\/jinancuchem.com\/fr\/wp-json\/wp\/v2\/product_brand?post=4123"},{"taxonomy":"product_cat","embeddable":true,"href":"https:\/\/jinancuchem.com\/fr\/wp-json\/wp\/v2\/product_cat?post=4123"},{"taxonomy":"product_tag","embeddable":true,"href":"https:\/\/jinancuchem.com\/fr\/wp-json\/wp\/v2\/product_tag?post=4123"}],"curies":[{"name":"wp","href":"https:\/\/api.w.org\/{rel}","templated":true}]}}