{"id":4127,"date":"2025-07-25T02:43:45","date_gmt":"2025-07-25T02:43:45","guid":{"rendered":"https:\/\/jinancuchem.com\/?post_type=product&#038;p=4127"},"modified":"2025-07-25T02:43:45","modified_gmt":"2025-07-25T02:43:45","slug":"hydrolyzed-polymaleic-anhydride%ef%bc%88hpma%ef%bc%89","status":"publish","type":"product","link":"https:\/\/jinancuchem.com\/fr\/produit\/hydrolyzed-polymaleic-anhydride%ef%bc%88hpma%ef%bc%89\/","title":{"rendered":"Anhydride polymal\u00e9ique hydrolys\u00e9\uff08HPMA\uff09"},"content":{"rendered":"<p>Anhydride polymal\u00e9ique hydrolys\u00e9<\/p>\n<p>Description du produit : L'HPMA est un polym\u00e8re de faible poids mol\u00e9culaire, avec un poids mol\u00e9culaire moyen de 400-800. Pas de toxicit\u00e9, soluble dans l'eau, haute stabilit\u00e9 chimique et thermique, temp\u00e9rature de d\u00e9composition sup\u00e9rieure \u00e0 330\u2103.<\/p>\n<p>CAS\u3011 26099-09-02<\/p>\n<p>Dequest\uff1aP9000<\/p>\n<p>Formule structurelle\uff1a<img alt=\"\" fetchpriority=\"high\" decoding=\"async\" class=\"alignnone size-full wp-image-4139\" src=\"https:\/\/jinancuchem.com\/wp-content\/uploads\/2025\/07\/\u672a\u6807\u9898-1.jpg\" width=\"800\" height=\"800\" srcset=\"https:\/\/jinancuchem.com\/wp-content\/uploads\/2025\/07\/\u672a\u6807\u9898-1.jpg 800w, https:\/\/jinancuchem.com\/wp-content\/uploads\/2025\/07\/\u672a\u6807\u9898-1-300x300.jpg 300w, https:\/\/jinancuchem.com\/wp-content\/uploads\/2025\/07\/\u672a\u6807\u9898-1-150x150.jpg 150w, https:\/\/jinancuchem.com\/wp-content\/uploads\/2025\/07\/\u672a\u6807\u9898-1-768x768.jpg 768w, https:\/\/jinancuchem.com\/wp-content\/uploads\/2025\/07\/\u672a\u6807\u9898-1-12x12.jpg 12w, https:\/\/jinancuchem.com\/wp-content\/uploads\/2025\/07\/\u672a\u6807\u9898-1-600x600.jpg 600w, https:\/\/jinancuchem.com\/wp-content\/uploads\/2025\/07\/\u672a\u6807\u9898-1-100x100.jpg 100w\" sizes=\"(max-width: 800px) 100vw, 800px\" \/><\/p>\n<ol>\n<li>Propri\u00e9t\u00e9 du produit<\/li>\n<\/ol>\n<p>L'HPMA est un polym\u00e8re de faible poids mol\u00e9culaire, dont le poids mol\u00e9culaire moyen est compris entre 400 et 800. Pas de toxicit\u00e9, soluble dans l'eau, haute stabilit\u00e9 chimique et thermique, temp\u00e9rature de d\u00e9composition sup\u00e9rieure \u00e0 330\u2103. HPMA a un effet de seuil \u00e9vident sous une temp\u00e9rature \u00e9lev\u00e9e (350\u2103) et un niveau de pH \u00e9lev\u00e9 (8,3), appropri\u00e9 pour \u00eatre utilis\u00e9 dans le syst\u00e8me d'eau alcaline ou construit avec des agents. Il a une bonne inhibition de l'\u00e9chelle contre les \u00e9chelles de carbonate et de phosphate sous la temp\u00e9rature 300\u2103 avec une dur\u00e9e d'efficacit\u00e9 aussi longue que 100 heures. En raison de ses bonnes propri\u00e9t\u00e9s d'inhibition de l'entartrage et de tol\u00e9rance aux temp\u00e9ratures \u00e9lev\u00e9es, le HPMA est largement utilis\u00e9 dans les usines de dessalement de l'\u00e9quipement de vaporisation flash, les chaudi\u00e8res \u00e0 basse pression, les locomotives \u00e0 vapeur, l'\u00e9vaporation du p\u00e9trole brut, les ol\u00e9oducs et les syst\u00e8mes industriels de circulation de l'eau froide. En outre, le HPMA a un bon effet d'inhibition de la corrosion lorsqu'il est utilis\u00e9 avec du sel de zinc.<\/p>\n<p>L'HPMA peut \u00e9galement \u00eatre utilis\u00e9 comme additif pour le ciment.<\/p>\n<ol>\n<li>Indice de qualit\u00e9 :<\/li>\n<\/ol>\n<table>\n<tbody>\n<tr>\n<td>Articles<\/td>\n<td>Index<\/td>\n<\/tr>\n<tr>\n<td>Apparence<\/td>\n<td>Liquide transparent jaune-rouge clair<\/td>\n<\/tr>\n<tr>\n<td>Teneur en mati\u00e8res solides \uff05<\/td>\n<td>48.0<\/td>\n<\/tr>\n<tr>\n<td>Valeur du brome mg\/g<\/td>\n<td>80.0<\/td>\n<\/tr>\n<tr>\n<td>Poids mol\u00e9culaire moyen<\/td>\n<td>450<\/td>\n<\/tr>\n<tr>\n<td>PH (solution 1\uff05)<\/td>\n<td>2.0~3.0<\/td>\n<\/tr>\n<tr>\n<td>Densit\u00e9 \uff0820\u2103\uff09g\/cm3<\/td>\n<td>1.18<\/td>\n<\/tr>\n<\/tbody>\n<\/table>\n<p>III. L'utilisation<\/p>\n<p>L'HPMA est g\u00e9n\u00e9ralement utilis\u00e9 avec un phosphonate organique \u00e0 un dosage de 1 \u00e0 15 ppm pour le syst\u00e8me de circulation d'eau froide, l'eau de remplissage des champs p\u00e9trolif\u00e8res, la d\u00e9shydratation du p\u00e9trole brut et les chaudi\u00e8res \u00e0 basse pression. L'HPMA poss\u00e8de de bonnes propri\u00e9t\u00e9s d'inhibition de l'entartrage (98%) et de d\u00e9capage de l'entartrage. Utilis\u00e9 avec des sels de zinc, il peut inhiber efficacement la corrosion de l'acier au carbone.<\/p>\n<p>\u2163. S\u00e9curit\u00e9 et protection :<\/p>\n<p>Ce produit est acide. \u00c9viter le contact avec les yeux et la peau. En cas de contact, rincer \u00e0 l'eau.<\/p>\n<ol>\n<li>Emballage et stockage<\/li>\n<\/ol>\n<p>Il est normalement emball\u00e9 dans des f\u00fbts en plastique de 25 kg ou dans des f\u00fbts \u00e0 la demande du client. Il peut \u00eatre stock\u00e9 pendant 10 mois.<\/p>","protected":false},"excerpt":{"rendered":"<p>Hydrolyzed Polymaleic Anhydride Product description: HPMA is a low molecular weight polymeride, with average molecular weight 400-800. No toxicity, soluble in water, high chemical and thermal stability, decomposed temperature above 330\u2103. CAS\u3011\u00a026099-09-02 Dequest\uff1aP9000 Structural formula\uff1a Product Property HPMA is a low molecular weight polymeride, with average molecular weight 400-800. No toxicity, soluble in water, high [&hellip;]<\/p>\n","protected":false},"featured_media":4139,"template":"","meta":{"_seopress_robots_primary_cat":"","_seopress_titles_title":"","_seopress_titles_desc":"","_seopress_robots_index":"","_uag_custom_page_level_css":"","site-sidebar-layout":"default","site-content-layout":"","ast-site-content-layout":"default","site-content-style":"default","site-sidebar-style":"default","ast-global-header-display":"","ast-banner-title-visibility":"","ast-main-header-display":"","ast-hfb-above-header-display":"","ast-hfb-below-header-display":"","ast-hfb-mobile-header-display":"","site-post-title":"","ast-breadcrumbs-content":"","ast-featured-img":"","footer-sml-layout":"","theme-transparent-header-meta":"default","adv-header-id-meta":"","stick-header-meta":"default","header-above-stick-meta":"","header-main-stick-meta":"","header-below-stick-meta":"","astra-migrate-meta-layouts":"set","ast-page-background-enabled":"default","ast-page-background-meta":{"desktop":{"background-color":"","background-image":"","background-repeat":"repeat","background-position":"center center","background-size":"auto","background-attachment":"scroll","background-type":"","background-media":"","overlay-type":"","overlay-color":"","overlay-opacity":"","overlay-gradient":""},"tablet":{"background-color":"","background-image":"","background-repeat":"repeat","background-position":"center center","background-size":"auto","background-attachment":"scroll","background-type":"","background-media":"","overlay-type":"","overlay-color":"","overlay-opacity":"","overlay-gradient":""},"mobile":{"background-color":"","background-image":"","background-repeat":"repeat","background-position":"center center","background-size":"auto","background-attachment":"scroll","background-type":"","background-media":"","overlay-type":"","overlay-color":"","overlay-opacity":"","overlay-gradient":""}},"ast-content-background-meta":{"desktop":{"background-color":"var(--ast-global-color-5)","background-image":"","background-repeat":"repeat","background-position":"center center","background-size":"auto","background-attachment":"scroll","background-type":"","background-media":"","overlay-type":"","overlay-color":"","overlay-opacity":"","overlay-gradient":""},"tablet":{"background-color":"var(--ast-global-color-5)","background-image":"","background-repeat":"repeat","background-position":"center center","background-size":"auto","background-attachment":"scroll","background-type":"","background-media":"","overlay-type":"","overlay-color":"","overlay-opacity":"","overlay-gradient":""},"mobile":{"background-color":"var(--ast-global-color-5)","background-image":"","background-repeat":"repeat","background-position":"center center","background-size":"auto","background-attachment":"scroll","background-type":"","background-media":"","overlay-type":"","overlay-color":"","overlay-opacity":"","overlay-gradient":""}}},"product_brand":[],"product_cat":[66],"product_tag":[],"class_list":{"0":"post-4127","1":"product","2":"type-product","3":"status-publish","4":"has-post-thumbnail","6":"product_cat-water-treatment-raw-materials","7":"desktop-align-left","8":"tablet-align-left","9":"mobile-align-left","10":"ast-product-gallery-layout-horizontal-slider","11":"ast-product-gallery-with-no-image","12":"ast-product-tabs-layout-horizontal","14":"first","15":"instock","16":"shipping-taxable","17":"product-type-simple"},"uagb_featured_image_src":{"full":["https:\/\/jinancuchem.com\/wp-content\/uploads\/2025\/07\/\u672a\u6807\u9898-1.jpg",800,800,false],"thumbnail":["https:\/\/jinancuchem.com\/wp-content\/uploads\/2025\/07\/\u672a\u6807\u9898-1-150x150.jpg",150,150,true],"medium":["https:\/\/jinancuchem.com\/wp-content\/uploads\/2025\/07\/\u672a\u6807\u9898-1-300x300.jpg",300,300,true],"medium_large":["https:\/\/jinancuchem.com\/wp-content\/uploads\/2025\/07\/\u672a\u6807\u9898-1-768x768.jpg",768,768,true],"large":["https:\/\/jinancuchem.com\/wp-content\/uploads\/2025\/07\/\u672a\u6807\u9898-1.jpg",800,800,false],"1536x1536":["https:\/\/jinancuchem.com\/wp-content\/uploads\/2025\/07\/\u672a\u6807\u9898-1.jpg",800,800,false],"2048x2048":["https:\/\/jinancuchem.com\/wp-content\/uploads\/2025\/07\/\u672a\u6807\u9898-1.jpg",800,800,false],"trp-custom-language-flag":["https:\/\/jinancuchem.com\/wp-content\/uploads\/2025\/07\/\u672a\u6807\u9898-1-12x12.jpg",12,12,true],"woocommerce_thumbnail":["https:\/\/jinancuchem.com\/wp-content\/uploads\/2025\/07\/\u672a\u6807\u9898-1-300x300.jpg",300,300,true],"woocommerce_single":["https:\/\/jinancuchem.com\/wp-content\/uploads\/2025\/07\/\u672a\u6807\u9898-1-600x600.jpg",500,500,true],"woocommerce_gallery_thumbnail":["https:\/\/jinancuchem.com\/wp-content\/uploads\/2025\/07\/\u672a\u6807\u9898-1-100x100.jpg",100,100,true]},"uagb_author_info":{"display_name":"jinxing6611@gmail.com","author_link":"https:\/\/jinancuchem.com\/fr\/author\/"},"uagb_comment_info":0,"uagb_excerpt":"Hydrolyzed Polymaleic Anhydride Product description: HPMA is a low molecular weight polymeride, with average molecular weight 400-800. No toxicity, soluble in water, high chemical and thermal stability, decomposed temperature above 330\u2103. CAS\u3011\u00a026099-09-02 Dequest\uff1aP9000 Structural formula\uff1a Product Property HPMA is a low molecular weight polymeride, with average molecular weight 400-800. No toxicity, soluble in water, high\u2026","_links":{"self":[{"href":"https:\/\/jinancuchem.com\/fr\/wp-json\/wp\/v2\/product\/4127","targetHints":{"allow":["GET"]}}],"collection":[{"href":"https:\/\/jinancuchem.com\/fr\/wp-json\/wp\/v2\/product"}],"about":[{"href":"https:\/\/jinancuchem.com\/fr\/wp-json\/wp\/v2\/types\/product"}],"wp:featuredmedia":[{"embeddable":true,"href":"https:\/\/jinancuchem.com\/fr\/wp-json\/wp\/v2\/media\/4139"}],"wp:attachment":[{"href":"https:\/\/jinancuchem.com\/fr\/wp-json\/wp\/v2\/media?parent=4127"}],"wp:term":[{"taxonomy":"product_brand","embeddable":true,"href":"https:\/\/jinancuchem.com\/fr\/wp-json\/wp\/v2\/product_brand?post=4127"},{"taxonomy":"product_cat","embeddable":true,"href":"https:\/\/jinancuchem.com\/fr\/wp-json\/wp\/v2\/product_cat?post=4127"},{"taxonomy":"product_tag","embeddable":true,"href":"https:\/\/jinancuchem.com\/fr\/wp-json\/wp\/v2\/product_tag?post=4127"}],"curies":[{"name":"wp","href":"https:\/\/api.w.org\/{rel}","templated":true}]}}