{"id":4131,"date":"2025-07-25T02:42:38","date_gmt":"2025-07-25T02:42:38","guid":{"rendered":"https:\/\/jinancuchem.com\/?post_type=product&#038;p=4131"},"modified":"2025-07-28T00:24:36","modified_gmt":"2025-07-28T00:24:36","slug":"butyl-acetate","status":"publish","type":"product","link":"https:\/\/jinancuchem.com\/fr\/produit\/butyl-acetate\/","title":{"rendered":"Ac\u00e9tate de butyle"},"content":{"rendered":"<p>\u3010CAS\u3011123-86-4<\/p>\n<p>Alias : N-BUTYLACETATEESTER;BUTYLACETAT 85 P.;Essigsure-n-butylester<\/p>\n<p>Formule mol\u00e9culaire : C<sub>6<\/sub>H<sub>12<\/sub>O<sub>2<\/sub>\u00a0\u00a0\u00a0Masse mol\u00e9culaire relative : 116,16<\/p>\n<p>Formule structurelle :<img alt=\"\" decoding=\"async\" class=\"alignnone size-full wp-image-4135\" src=\"https:\/\/jinancuchem.com\/wp-content\/uploads\/2025\/07\/\u56fe\u72473-3.png\" width=\"216\" height=\"78\" srcset=\"https:\/\/jinancuchem.com\/wp-content\/uploads\/2025\/07\/\u56fe\u72473-3.png 216w, https:\/\/jinancuchem.com\/wp-content\/uploads\/2025\/07\/\u56fe\u72473-3-18x7.png 18w\" sizes=\"(max-width: 216px) 100vw, 216px\" \/><\/p>\n<p>&nbsp;<\/p>\n<h4>1.Propri\u00e9t\u00e9 du produit<\/h4>\n<p>L'ac\u00e9tate de butyle est un type d'ester d'acide carboxylique de parfum synth\u00e9tique. Il s'agit d'un liquide incolore et transparent \u00e0 l'ar\u00f4me fruit\u00e9 puissant. Il peut \u00eatre m\u00e9lang\u00e9 et dissous librement avec l'\u00e9thanol et l'\u00e9ther, et peut \u00eatre dissous dans la plupart des solvants organiques. Il est l\u00e9g\u00e8rement soluble dans l'eau, avec une solubilit\u00e9 de 0,05 g dans l'eau. Sa vapeur a un faible effet anesth\u00e9siant et la concentration autoris\u00e9e dans l'air est de 0,2 g\/l.<\/p>\n<p>&nbsp;<\/p>\n<h4>2.<\/h4>\n<table>\n<tbody>\n<tr>\n<td><strong><b>Param\u00e8tres<\/b><\/strong><\/td>\n<td><strong><b>Qualit\u00e9 industrielle<\/b><\/strong><\/td>\n<td><strong><b>Qualit\u00e9 alimentaire (FEMA 2174)<\/b><\/strong><\/td>\n<\/tr>\n<tr>\n<td><strong><b>La puret\u00e9<\/b><\/strong><\/td>\n<td>\u226599.0%<\/td>\n<td>\u226599.5%<\/td>\n<\/tr>\n<tr>\n<td><strong><b>Apparence<\/b><\/strong><\/td>\n<td>Liquide incolore<\/td>\n<td>Liquide incolore<\/td>\n<\/tr>\n<tr>\n<td><strong><b>Odeur<\/b><\/strong><\/td>\n<td>Fruit\u00e9, semblable \u00e0 la poire<\/td>\n<td>Doux, caract\u00e9ristique<\/td>\n<\/tr>\n<tr>\n<td><strong><b>Densit\u00e9 (20\u00b0C)<\/b><\/strong><\/td>\n<td>0,878-0,883 g\/cm\u00b3<\/td>\n<td>0,880-0,882 g\/cm\u00b3<\/td>\n<\/tr>\n<tr>\n<td><strong><b>Indice de r\u00e9fraction (20\u00b0C)<\/b><\/strong><\/td>\n<td>1.393-1.397<\/td>\n<td>1.394-1.396<\/td>\n<\/tr>\n<tr>\n<td><strong><b>Acidit\u00e9 (en tant qu'acide ac\u00e9tique)<\/b><\/strong><\/td>\n<td>\u22640.01%<\/td>\n<td>\u22640.005%<\/td>\n<\/tr>\n<tr>\n<td><strong><b>Teneur en eau<\/b><\/strong><\/td>\n<td>\u22640.05%<\/td>\n<td>\u22640.02%<\/td>\n<\/tr>\n<\/tbody>\n<\/table>\n<p>&nbsp;<\/p>\n<h4>3. Champ d'application et utilisation<\/h4>\n<p>L'ac\u00e9tate de butyle est une sorte de mati\u00e8re premi\u00e8re aromatique. Il est utilis\u00e9 pour pr\u00e9parer des essences aromatis\u00e9es aux fruits comme la banane, l'ananas, l'abricot, la p\u00eache et la fraise, et est appliqu\u00e9 comme solvant dans l'alimentation, le caoutchouc naturel, les r\u00e9sines synth\u00e9tiques, la nitrocellulose, le cuir artificiel, la base des films photographiques, les plastiques, les agents aromatiques et la m\u00e9decine.<\/p>\n<p>&nbsp;<\/p>\n<h4>4. l'emballage et le stockage<\/h4>\n<p>L'ac\u00e9tate de butyle est conditionn\u00e9 dans des f\u00fbts en fer galvanis\u00e9s de 25 kg ou des f\u00fbts en plastique HDPE. Pour les produits de qualit\u00e9 alimentaire, une doublure en film PE est n\u00e9cessaire \u00e0 l'int\u00e9rieur. Il doit \u00eatre stock\u00e9 dans un endroit frais et ventil\u00e9 (&lt; 25\u2103), \u00e0 l&#039;\u00e9cart des sources de feu et des oxydants. Il doit \u00eatre ferm\u00e9 herm\u00e9tiquement pour \u00e9viter l&#039;\u00e9vaporation. La dur\u00e9e de conservation est de 24 mois.<\/p>","protected":false},"excerpt":{"rendered":"<p>\u3010CAS\u3011123-86-4 Alias: N-BUTYLACETATEESTER;BUTYLACETAT 85 P.;Essigsure-n-butylester Molecular formula: C6H12O2\u00a0\u00a0\u00a0Relative molecular mass: 116.16 Structural formula: &nbsp; 1.Product Property Butyl acetate is a type of carboxylic acid ester synthetic fragrance. It is a colorless, transparent liquid with a strong fruity aroma. It can be mixed and dissolved with ethanol and ether freely, and can be dissolved in most [&hellip;]<\/p>\n","protected":false},"featured_media":4134,"template":"","meta":{"_seopress_robots_primary_cat":"none","_seopress_titles_title":"","_seopress_titles_desc":"","_seopress_robots_index":"","_uag_custom_page_level_css":"","site-sidebar-layout":"default","site-content-layout":"","ast-site-content-layout":"default","site-content-style":"default","site-sidebar-style":"default","ast-global-header-display":"","ast-banner-title-visibility":"","ast-main-header-display":"","ast-hfb-above-header-display":"","ast-hfb-below-header-display":"","ast-hfb-mobile-header-display":"","site-post-title":"","ast-breadcrumbs-content":"","ast-featured-img":"","footer-sml-layout":"","theme-transparent-header-meta":"default","adv-header-id-meta":"","stick-header-meta":"default","header-above-stick-meta":"","header-main-stick-meta":"","header-below-stick-meta":"","astra-migrate-meta-layouts":"set","ast-page-background-enabled":"default","ast-page-background-meta":{"desktop":{"background-color":"","background-image":"","background-repeat":"repeat","background-position":"center center","background-size":"auto","background-attachment":"scroll","background-type":"","background-media":"","overlay-type":"","overlay-color":"","overlay-opacity":"","overlay-gradient":""},"tablet":{"background-color":"","background-image":"","background-repeat":"repeat","background-position":"center center","background-size":"auto","background-attachment":"scroll","background-type":"","background-media":"","overlay-type":"","overlay-color":"","overlay-opacity":"","overlay-gradient":""},"mobile":{"background-color":"","background-image":"","background-repeat":"repeat","background-position":"center center","background-size":"auto","background-attachment":"scroll","background-type":"","background-media":"","overlay-type":"","overlay-color":"","overlay-opacity":"","overlay-gradient":""}},"ast-content-background-meta":{"desktop":{"background-color":"var(--ast-global-color-5)","background-image":"","background-repeat":"repeat","background-position":"center center","background-size":"auto","background-attachment":"scroll","background-type":"","background-media":"","overlay-type":"","overlay-color":"","overlay-opacity":"","overlay-gradient":""},"tablet":{"background-color":"var(--ast-global-color-5)","background-image":"","background-repeat":"repeat","background-position":"center center","background-size":"auto","background-attachment":"scroll","background-type":"","background-media":"","overlay-type":"","overlay-color":"","overlay-opacity":"","overlay-gradient":""},"mobile":{"background-color":"var(--ast-global-color-5)","background-image":"","background-repeat":"repeat","background-position":"center center","background-size":"auto","background-attachment":"scroll","background-type":"","background-media":"","overlay-type":"","overlay-color":"","overlay-opacity":"","overlay-gradient":""}}},"product_brand":[],"product_cat":[67],"product_tag":[],"class_list":{"0":"post-4131","1":"product","2":"type-product","3":"status-publish","4":"has-post-thumbnail","6":"product_cat-food-additives","7":"desktop-align-left","8":"tablet-align-left","9":"mobile-align-left","10":"ast-product-gallery-layout-horizontal-slider","11":"ast-product-gallery-with-no-image","12":"ast-product-tabs-layout-horizontal","14":"first","15":"instock","16":"shipping-taxable","17":"product-type-simple"},"uagb_featured_image_src":{"full":["https:\/\/jinancuchem.com\/wp-content\/uploads\/2025\/07\/2.png",800,800,false],"thumbnail":["https:\/\/jinancuchem.com\/wp-content\/uploads\/2025\/07\/2-150x150.png",150,150,true],"medium":["https:\/\/jinancuchem.com\/wp-content\/uploads\/2025\/07\/2-300x300.png",300,300,true],"medium_large":["https:\/\/jinancuchem.com\/wp-content\/uploads\/2025\/07\/2-768x768.png",768,768,true],"large":["https:\/\/jinancuchem.com\/wp-content\/uploads\/2025\/07\/2.png",800,800,false],"1536x1536":["https:\/\/jinancuchem.com\/wp-content\/uploads\/2025\/07\/2.png",800,800,false],"2048x2048":["https:\/\/jinancuchem.com\/wp-content\/uploads\/2025\/07\/2.png",800,800,false],"trp-custom-language-flag":["https:\/\/jinancuchem.com\/wp-content\/uploads\/2025\/07\/2-12x12.png",12,12,true],"woocommerce_thumbnail":["https:\/\/jinancuchem.com\/wp-content\/uploads\/2025\/07\/2-300x300.png",300,300,true],"woocommerce_single":["https:\/\/jinancuchem.com\/wp-content\/uploads\/2025\/07\/2-600x600.png",500,500,true],"woocommerce_gallery_thumbnail":["https:\/\/jinancuchem.com\/wp-content\/uploads\/2025\/07\/2-100x100.png",100,100,true]},"uagb_author_info":{"display_name":"jinxing6611@gmail.com","author_link":"https:\/\/jinancuchem.com\/fr\/author\/"},"uagb_comment_info":0,"uagb_excerpt":"\u3010CAS\u3011123-86-4 Alias: N-BUTYLACETATEESTER;BUTYLACETAT 85 P.;Essigsure-n-butylester Molecular formula: C6H12O2\u00a0\u00a0\u00a0Relative molecular mass: 116.16 Structural formula: &nbsp; 1.Product Property Butyl acetate is a type of carboxylic acid ester synthetic fragrance. It is a colorless, transparent liquid with a strong fruity aroma. It can be mixed and dissolved with ethanol and ether freely, and can be dissolved in most\u2026","_links":{"self":[{"href":"https:\/\/jinancuchem.com\/fr\/wp-json\/wp\/v2\/product\/4131","targetHints":{"allow":["GET"]}}],"collection":[{"href":"https:\/\/jinancuchem.com\/fr\/wp-json\/wp\/v2\/product"}],"about":[{"href":"https:\/\/jinancuchem.com\/fr\/wp-json\/wp\/v2\/types\/product"}],"wp:featuredmedia":[{"embeddable":true,"href":"https:\/\/jinancuchem.com\/fr\/wp-json\/wp\/v2\/media\/4134"}],"wp:attachment":[{"href":"https:\/\/jinancuchem.com\/fr\/wp-json\/wp\/v2\/media?parent=4131"}],"wp:term":[{"taxonomy":"product_brand","embeddable":true,"href":"https:\/\/jinancuchem.com\/fr\/wp-json\/wp\/v2\/product_brand?post=4131"},{"taxonomy":"product_cat","embeddable":true,"href":"https:\/\/jinancuchem.com\/fr\/wp-json\/wp\/v2\/product_cat?post=4131"},{"taxonomy":"product_tag","embeddable":true,"href":"https:\/\/jinancuchem.com\/fr\/wp-json\/wp\/v2\/product_tag?post=4131"}],"curies":[{"name":"wp","href":"https:\/\/api.w.org\/{rel}","templated":true}]}}