{"id":4141,"date":"2025-07-25T02:46:45","date_gmt":"2025-07-25T02:46:45","guid":{"rendered":"https:\/\/jinancuchem.com\/?post_type=product&#038;p=4141"},"modified":"2025-07-25T02:46:45","modified_gmt":"2025-07-25T02:46:45","slug":"copolymer-of-maleic-and-acylic-acid","status":"publish","type":"product","link":"https:\/\/jinancuchem.com\/fr\/produit\/copolymer-of-maleic-and-acylic-acid\/","title":{"rendered":"Copolym\u00e8re d'acide mal\u00e9ique et d'acide acylique"},"content":{"rendered":"<p>MA-AA<\/p>\n<p>Copolym\u00e8re d'acide mal\u00e9ique et d'acide acylique<\/p>\n<p>Description du produit : MA\/AA est un poly\u00e9lectrolyte de faible poids mol\u00e9culaire, un copolym\u00e8re d'anhydride mal\u00e9ique et d'acide acrylique.<\/p>\n<p>\u3010CAS\u301126677-99-6<\/p>\n<p>Formule structurelle :<img alt=\"\" fetchpriority=\"high\" decoding=\"async\" class=\"alignnone size-full wp-image-4147\" src=\"https:\/\/jinancuchem.com\/wp-content\/uploads\/2025\/07\/\u672a\u6807\u9898-1-1.jpg\" width=\"800\" height=\"800\" srcset=\"https:\/\/jinancuchem.com\/wp-content\/uploads\/2025\/07\/\u672a\u6807\u9898-1-1.jpg 800w, https:\/\/jinancuchem.com\/wp-content\/uploads\/2025\/07\/\u672a\u6807\u9898-1-1-300x300.jpg 300w, https:\/\/jinancuchem.com\/wp-content\/uploads\/2025\/07\/\u672a\u6807\u9898-1-1-150x150.jpg 150w, https:\/\/jinancuchem.com\/wp-content\/uploads\/2025\/07\/\u672a\u6807\u9898-1-1-768x768.jpg 768w, https:\/\/jinancuchem.com\/wp-content\/uploads\/2025\/07\/\u672a\u6807\u9898-1-1-12x12.jpg 12w, https:\/\/jinancuchem.com\/wp-content\/uploads\/2025\/07\/\u672a\u6807\u9898-1-1-600x600.jpg 600w, https:\/\/jinancuchem.com\/wp-content\/uploads\/2025\/07\/\u672a\u6807\u9898-1-1-100x100.jpg 100w\" sizes=\"(max-width: 800px) 100vw, 800px\" \/><\/p>\n<ol>\n<li>Propri\u00e9t\u00e9 du produit<\/li>\n<\/ol>\n<p>MA\/AA est un poly\u00e9lectrolyte de faible poids mol\u00e9culaire, un copolym\u00e8re d'anhydride mal\u00e9ique et d'acide acrylique. Il a une bonne performance de dispersant contre le carbonate et d'inhibition du tartre pour le phosphate. Il a une bonne stabilit\u00e9 thermique et peut \u00eatre utilis\u00e9 \u00e0 haute temp\u00e9rature (300\u2103). MA\/AA a une bonne compatibilit\u00e9 lorsqu'il est utilis\u00e9 avec d'autres agents. MA\/AA est largement utilis\u00e9 dans les chaudi\u00e8res \u00e0 basse pression, le chauffage centralis\u00e9, les climatiseurs centralis\u00e9s et les syst\u00e8mes de refroidissement par circulation. Il peut \u00e9galement \u00eatre utilis\u00e9 comme dispersant ch\u00e9lateur dans les domaines du tissage et de la teinture.<\/p>\n<ol>\n<li>Index technique<\/li>\n<\/ol>\n<table>\n<tbody>\n<tr>\n<td width=\"234\">Articles<\/td>\n<td width=\"249\">Index<\/td>\n<\/tr>\n<tr>\n<td width=\"234\">Apparence<\/td>\n<td width=\"249\">Liquide brun clair<\/td>\n<\/tr>\n<tr>\n<td width=\"234\">Teneur en mati\u00e8res solides \uff05<\/td>\n<td width=\"249\">48<\/td>\n<\/tr>\n<tr>\n<td width=\"234\">Monom\u00e8re libre ( MA) %,<\/td>\n<td width=\"249\">9.0<\/td>\n<\/tr>\n<tr>\n<td width=\"234\">Densit\u00e9 \uff0820\u2103\uff09g\/cm3<\/td>\n<td width=\"249\">1.18min<\/td>\n<\/tr>\n<tr>\n<td width=\"234\">pH(1\uff05solution)<\/td>\n<td width=\"249\">2.0~3.0<\/td>\n<\/tr>\n<\/tbody>\n<\/table>\n<p>III. Champ d'application<\/p>\n<p>MA\/AA est utilis\u00e9 dans les syst\u00e8mes de circulation d'eau froide, les chaudi\u00e8res \u00e0 moyenne ou basse pression et les syst\u00e8mes de distillation dans lesquels des temp\u00e9ratures \u00e9lev\u00e9es sont g\u00e9n\u00e9ralement rencontr\u00e9es. Lorsque MA\/AA est utilis\u00e9 avec d'autres phosphates organiques, le dosage de 2-10mg\/L est pr\u00e9f\u00e9rable.<\/p>\n<p>Le dosage pour l'utilisation comme d\u00e9tergent pour tissage et teinture et comme d\u00e9tergent accessoire doit \u00eatre d\u00e9termin\u00e9 par des exp\u00e9riences.<\/p>\n<ol>\n<li>S\u00e9curit\u00e9 et protection :<\/li>\n<\/ol>\n<p>Ce produit est acide. \u00c9viter le contact avec les yeux et la peau. En cas de contact, rincer \u00e0 l'eau.<\/p>\n<ol>\n<li>Emballage et stockage<\/li>\n<\/ol>\n<p>Il est normalement conditionn\u00e9 dans des f\u00fbts en plastique de 25 ou 200 kg et stock\u00e9 pendant 12 mois.<\/p>","protected":false},"excerpt":{"rendered":"<p>MA-AA Copolymer of Maleic and Acylic Acid Product description: MA\/AA is a low molecular weight polyelectrolyte, a copolymer of maleic anhydride and acrylic acid. \u3010CAS\u301126677-99-6 Structural formula: Product Property MA\/AA is a low molecular weight polyelectrolyte, a copolymer of maleic anhydride and acrylic acid. It has good dispersant performance against carbonate and scale inhibition for [&hellip;]<\/p>\n","protected":false},"featured_media":4147,"template":"","meta":{"_seopress_robots_primary_cat":"","_seopress_titles_title":"","_seopress_titles_desc":"","_seopress_robots_index":"","_uag_custom_page_level_css":"","site-sidebar-layout":"default","site-content-layout":"","ast-site-content-layout":"default","site-content-style":"default","site-sidebar-style":"default","ast-global-header-display":"","ast-banner-title-visibility":"","ast-main-header-display":"","ast-hfb-above-header-display":"","ast-hfb-below-header-display":"","ast-hfb-mobile-header-display":"","site-post-title":"","ast-breadcrumbs-content":"","ast-featured-img":"","footer-sml-layout":"","theme-transparent-header-meta":"default","adv-header-id-meta":"","stick-header-meta":"default","header-above-stick-meta":"","header-main-stick-meta":"","header-below-stick-meta":"","astra-migrate-meta-layouts":"set","ast-page-background-enabled":"default","ast-page-background-meta":{"desktop":{"background-color":"","background-image":"","background-repeat":"repeat","background-position":"center center","background-size":"auto","background-attachment":"scroll","background-type":"","background-media":"","overlay-type":"","overlay-color":"","overlay-opacity":"","overlay-gradient":""},"tablet":{"background-color":"","background-image":"","background-repeat":"repeat","background-position":"center center","background-size":"auto","background-attachment":"scroll","background-type":"","background-media":"","overlay-type":"","overlay-color":"","overlay-opacity":"","overlay-gradient":""},"mobile":{"background-color":"","background-image":"","background-repeat":"repeat","background-position":"center center","background-size":"auto","background-attachment":"scroll","background-type":"","background-media":"","overlay-type":"","overlay-color":"","overlay-opacity":"","overlay-gradient":""}},"ast-content-background-meta":{"desktop":{"background-color":"var(--ast-global-color-5)","background-image":"","background-repeat":"repeat","background-position":"center center","background-size":"auto","background-attachment":"scroll","background-type":"","background-media":"","overlay-type":"","overlay-color":"","overlay-opacity":"","overlay-gradient":""},"tablet":{"background-color":"var(--ast-global-color-5)","background-image":"","background-repeat":"repeat","background-position":"center center","background-size":"auto","background-attachment":"scroll","background-type":"","background-media":"","overlay-type":"","overlay-color":"","overlay-opacity":"","overlay-gradient":""},"mobile":{"background-color":"var(--ast-global-color-5)","background-image":"","background-repeat":"repeat","background-position":"center center","background-size":"auto","background-attachment":"scroll","background-type":"","background-media":"","overlay-type":"","overlay-color":"","overlay-opacity":"","overlay-gradient":""}}},"product_brand":[],"product_cat":[66],"product_tag":[],"class_list":{"0":"post-4141","1":"product","2":"type-product","3":"status-publish","4":"has-post-thumbnail","6":"product_cat-water-treatment-raw-materials","7":"desktop-align-left","8":"tablet-align-left","9":"mobile-align-left","10":"ast-product-gallery-layout-horizontal-slider","11":"ast-product-gallery-with-no-image","12":"ast-product-tabs-layout-horizontal","14":"first","15":"instock","16":"shipping-taxable","17":"product-type-simple"},"uagb_featured_image_src":{"full":["https:\/\/jinancuchem.com\/wp-content\/uploads\/2025\/07\/\u672a\u6807\u9898-1-1.jpg",800,800,false],"thumbnail":["https:\/\/jinancuchem.com\/wp-content\/uploads\/2025\/07\/\u672a\u6807\u9898-1-1-150x150.jpg",150,150,true],"medium":["https:\/\/jinancuchem.com\/wp-content\/uploads\/2025\/07\/\u672a\u6807\u9898-1-1-300x300.jpg",300,300,true],"medium_large":["https:\/\/jinancuchem.com\/wp-content\/uploads\/2025\/07\/\u672a\u6807\u9898-1-1-768x768.jpg",768,768,true],"large":["https:\/\/jinancuchem.com\/wp-content\/uploads\/2025\/07\/\u672a\u6807\u9898-1-1.jpg",800,800,false],"1536x1536":["https:\/\/jinancuchem.com\/wp-content\/uploads\/2025\/07\/\u672a\u6807\u9898-1-1.jpg",800,800,false],"2048x2048":["https:\/\/jinancuchem.com\/wp-content\/uploads\/2025\/07\/\u672a\u6807\u9898-1-1.jpg",800,800,false],"trp-custom-language-flag":["https:\/\/jinancuchem.com\/wp-content\/uploads\/2025\/07\/\u672a\u6807\u9898-1-1-12x12.jpg",12,12,true],"woocommerce_thumbnail":["https:\/\/jinancuchem.com\/wp-content\/uploads\/2025\/07\/\u672a\u6807\u9898-1-1-300x300.jpg",300,300,true],"woocommerce_single":["https:\/\/jinancuchem.com\/wp-content\/uploads\/2025\/07\/\u672a\u6807\u9898-1-1-600x600.jpg",500,500,true],"woocommerce_gallery_thumbnail":["https:\/\/jinancuchem.com\/wp-content\/uploads\/2025\/07\/\u672a\u6807\u9898-1-1-100x100.jpg",100,100,true]},"uagb_author_info":{"display_name":"jinxing6611@gmail.com","author_link":"https:\/\/jinancuchem.com\/fr\/author\/"},"uagb_comment_info":0,"uagb_excerpt":"MA-AA Copolymer of Maleic and Acylic Acid Product description: MA\/AA is a low molecular weight polyelectrolyte, a copolymer of maleic anhydride and acrylic acid. \u3010CAS\u301126677-99-6 Structural formula: Product Property MA\/AA is a low molecular weight polyelectrolyte, a copolymer of maleic anhydride and acrylic acid. It has good dispersant performance against carbonate and scale inhibition for\u2026","_links":{"self":[{"href":"https:\/\/jinancuchem.com\/fr\/wp-json\/wp\/v2\/product\/4141","targetHints":{"allow":["GET"]}}],"collection":[{"href":"https:\/\/jinancuchem.com\/fr\/wp-json\/wp\/v2\/product"}],"about":[{"href":"https:\/\/jinancuchem.com\/fr\/wp-json\/wp\/v2\/types\/product"}],"wp:featuredmedia":[{"embeddable":true,"href":"https:\/\/jinancuchem.com\/fr\/wp-json\/wp\/v2\/media\/4147"}],"wp:attachment":[{"href":"https:\/\/jinancuchem.com\/fr\/wp-json\/wp\/v2\/media?parent=4141"}],"wp:term":[{"taxonomy":"product_brand","embeddable":true,"href":"https:\/\/jinancuchem.com\/fr\/wp-json\/wp\/v2\/product_brand?post=4141"},{"taxonomy":"product_cat","embeddable":true,"href":"https:\/\/jinancuchem.com\/fr\/wp-json\/wp\/v2\/product_cat?post=4141"},{"taxonomy":"product_tag","embeddable":true,"href":"https:\/\/jinancuchem.com\/fr\/wp-json\/wp\/v2\/product_tag?post=4141"}],"curies":[{"name":"wp","href":"https:\/\/api.w.org\/{rel}","templated":true}]}}