{"id":4148,"date":"2025-07-25T02:47:50","date_gmt":"2025-07-25T02:47:50","guid":{"rendered":"https:\/\/jinancuchem.com\/?post_type=product&#038;p=4148"},"modified":"2025-07-28T00:26:32","modified_gmt":"2025-07-28T00:26:32","slug":"isobutyl-acetate","status":"publish","type":"product","link":"https:\/\/jinancuchem.com\/fr\/produit\/isobutyl-acetate\/","title":{"rendered":"Ac\u00e9tate d'isobutyle"},"content":{"rendered":"<p>\u3010CAS\u3011110-19-0<\/p>\n<p>Alias : ac\u00e9tate de sobutyle, ac\u00e9tate de 2-m\u00e9thylpropyle ; AC\u00c9TATE D'ISOBUTYL (SG)<\/p>\n<p>Formule mol\u00e9culaire : C<sub>6<\/sub>H<sub>12<\/sub>O<sub>2<\/sub>\u00a0\u00a0\u00a0Masse mol\u00e9culaire relative : 116,16<\/p>\n<p>Formule structurelle :<img alt=\"\" decoding=\"async\" class=\"alignnone size-full wp-image-4154\" src=\"https:\/\/jinancuchem.com\/wp-content\/uploads\/2025\/07\/\u56fe\u72475-3.png\" width=\"180\" height=\"112\" srcset=\"https:\/\/jinancuchem.com\/wp-content\/uploads\/2025\/07\/\u56fe\u72475-3.png 180w, https:\/\/jinancuchem.com\/wp-content\/uploads\/2025\/07\/\u56fe\u72475-3-18x12.png 18w\" sizes=\"(max-width: 180px) 100vw, 180px\" \/><\/p>\n<p>&nbsp;<\/p>\n<h4>1.Propri\u00e9t\u00e9 du produit<\/h4>\n<p>L'ac\u00e9tate d'isobutyle est \u00e9galement connu sous le nom d'ester d'isobutyle de l'acide ac\u00e9tique. Il s'agit du produit d'est\u00e9rification de l'acide ac\u00e9tique et du 2-butanol. C'est un liquide blanc comme l'eau avec un l\u00e9ger ar\u00f4me fruit\u00e9 d'ester. Il est l\u00e9g\u00e8rement soluble dans l'eau et miscible avec l'\u00e9thanol, l'\u00e9ther et d'autres solvants organiques tels que les alcools, les \u00e9thers et les hydrocarbures.<\/p>\n<p>&nbsp;<\/p>\n<h4>2.<\/h4>\n<table>\n<tbody>\n<tr>\n<td><strong><b>Param\u00e8tres<\/b><\/strong><\/td>\n<td><strong><b>Qualit\u00e9 industrielle<\/b><\/strong><\/td>\n<td><strong><b>Qualit\u00e9 alimentaire (FEMA 2175)<\/b><\/strong><\/td>\n<\/tr>\n<tr>\n<td><strong><b>La puret\u00e9<\/b><\/strong><\/td>\n<td>\u226598.0%<\/td>\n<td>\u226599.0%<\/td>\n<\/tr>\n<tr>\n<td><strong><b>Apparence<\/b><\/strong><\/td>\n<td>Liquide incolore<\/td>\n<td>Liquide incolore<\/td>\n<\/tr>\n<tr>\n<td><strong><b>Odeur<\/b><\/strong><\/td>\n<td>Fruit\u00e9, semblable \u00e0 la banane<\/td>\n<td>Doux, caract\u00e9ristique<\/td>\n<\/tr>\n<tr>\n<td><strong><b>Densit\u00e9 (20\u00b0C)<\/b><\/strong><\/td>\n<td>0,868-0,875 g\/cm\u00b3<\/td>\n<td>0,870-0,873 g\/cm\u00b3<\/td>\n<\/tr>\n<tr>\n<td><strong><b>Indice de r\u00e9fraction (20\u00b0C)<\/b><\/strong><\/td>\n<td>1.389-1.393<\/td>\n<td>1.390-1.392<\/td>\n<\/tr>\n<tr>\n<td><strong><b>Acidit\u00e9 (en tant qu'acide ac\u00e9tique)<\/b><\/strong><\/td>\n<td>\u22640.02%<\/td>\n<td>\u22640.01%<\/td>\n<\/tr>\n<tr>\n<td><strong><b>M\u00e9taux lourds (Pb)<\/b><\/strong><\/td>\n<td>\u22645 ppm<\/td>\n<td>\u22642 ppm<\/td>\n<\/tr>\n<\/tbody>\n<\/table>\n<p>&nbsp;<\/p>\n<h4>3. Champ d'application et utilisation<\/h4>\n<p>L'ac\u00e9tate d'isobutyle a un ar\u00f4me de pomme et de framboise. Il est souvent utilis\u00e9 comme agent aromatisant pour les fruits et entre dans la composition d'ar\u00f4mes de banane, de framboise, d'ananas, de fraise, de cr\u00e8me, de framboise et de poire. Il est \u00e9galement utilis\u00e9 comme agent de m\u00e9lange pour les roses.<\/p>\n<p>&nbsp;<\/p>\n<h4>4. l'emballage et le stockage<\/h4>\n<p>L'ac\u00e9tate d'isobutyle est conditionn\u00e9 dans des f\u00fbts en plastique HDPE de 25 kg ou des f\u00fbts en fer galvanis\u00e9. Pour les produits de qualit\u00e9 alimentaire, il doit \u00eatre recouvert d'un film PE. Il doit \u00eatre stock\u00e9 dans un entrep\u00f4t ignifuge (&lt; 25\u2103), \u00e0 l&#039;\u00e9cart des sources de feu et des oxydants, et ferm\u00e9 herm\u00e9tiquement pour \u00e9viter l&#039;\u00e9vaporation. La dur\u00e9e de conservation est de 24 mois.<\/p>","protected":false},"excerpt":{"rendered":"<p>\u3010CAS\u3011110-19-0 Alias: sobutylacetate,2-methylpropylacetate;ISOBUTYL ACETATE(SG) Molecular formula: C6H12O2\u00a0\u00a0\u00a0Relative molecular mass: 116.16 Structural formula: &nbsp; 1.Product Property Isobutyl acetate is also known as Acetic Acid Isobutyl Ester. It is the esterification product of acetic acid and 2-butanol. It is a water-white liquid with a gentle fruity ester aroma. It is slightly soluble in water and miscible with [&hellip;]<\/p>\n","protected":false},"featured_media":4152,"template":"","meta":{"_seopress_robots_primary_cat":"none","_seopress_titles_title":"","_seopress_titles_desc":"","_seopress_robots_index":"","_uag_custom_page_level_css":"","site-sidebar-layout":"default","site-content-layout":"","ast-site-content-layout":"default","site-content-style":"default","site-sidebar-style":"default","ast-global-header-display":"","ast-banner-title-visibility":"","ast-main-header-display":"","ast-hfb-above-header-display":"","ast-hfb-below-header-display":"","ast-hfb-mobile-header-display":"","site-post-title":"","ast-breadcrumbs-content":"","ast-featured-img":"","footer-sml-layout":"","theme-transparent-header-meta":"default","adv-header-id-meta":"","stick-header-meta":"default","header-above-stick-meta":"","header-main-stick-meta":"","header-below-stick-meta":"","astra-migrate-meta-layouts":"set","ast-page-background-enabled":"default","ast-page-background-meta":{"desktop":{"background-color":"","background-image":"","background-repeat":"repeat","background-position":"center center","background-size":"auto","background-attachment":"scroll","background-type":"","background-media":"","overlay-type":"","overlay-color":"","overlay-opacity":"","overlay-gradient":""},"tablet":{"background-color":"","background-image":"","background-repeat":"repeat","background-position":"center center","background-size":"auto","background-attachment":"scroll","background-type":"","background-media":"","overlay-type":"","overlay-color":"","overlay-opacity":"","overlay-gradient":""},"mobile":{"background-color":"","background-image":"","background-repeat":"repeat","background-position":"center center","background-size":"auto","background-attachment":"scroll","background-type":"","background-media":"","overlay-type":"","overlay-color":"","overlay-opacity":"","overlay-gradient":""}},"ast-content-background-meta":{"desktop":{"background-color":"var(--ast-global-color-5)","background-image":"","background-repeat":"repeat","background-position":"center center","background-size":"auto","background-attachment":"scroll","background-type":"","background-media":"","overlay-type":"","overlay-color":"","overlay-opacity":"","overlay-gradient":""},"tablet":{"background-color":"var(--ast-global-color-5)","background-image":"","background-repeat":"repeat","background-position":"center center","background-size":"auto","background-attachment":"scroll","background-type":"","background-media":"","overlay-type":"","overlay-color":"","overlay-opacity":"","overlay-gradient":""},"mobile":{"background-color":"var(--ast-global-color-5)","background-image":"","background-repeat":"repeat","background-position":"center center","background-size":"auto","background-attachment":"scroll","background-type":"","background-media":"","overlay-type":"","overlay-color":"","overlay-opacity":"","overlay-gradient":""}}},"product_brand":[],"product_cat":[67],"product_tag":[],"class_list":{"0":"post-4148","1":"product","2":"type-product","3":"status-publish","4":"has-post-thumbnail","6":"product_cat-food-additives","7":"desktop-align-left","8":"tablet-align-left","9":"mobile-align-left","10":"ast-product-gallery-layout-horizontal-slider","11":"ast-product-gallery-with-no-image","12":"ast-product-tabs-layout-horizontal","14":"first","15":"instock","16":"shipping-taxable","17":"product-type-simple"},"uagb_featured_image_src":{"full":["https:\/\/jinancuchem.com\/wp-content\/uploads\/2025\/07\/5.png",800,800,false],"thumbnail":["https:\/\/jinancuchem.com\/wp-content\/uploads\/2025\/07\/5-150x150.png",150,150,true],"medium":["https:\/\/jinancuchem.com\/wp-content\/uploads\/2025\/07\/5-300x300.png",300,300,true],"medium_large":["https:\/\/jinancuchem.com\/wp-content\/uploads\/2025\/07\/5-768x768.png",768,768,true],"large":["https:\/\/jinancuchem.com\/wp-content\/uploads\/2025\/07\/5.png",800,800,false],"1536x1536":["https:\/\/jinancuchem.com\/wp-content\/uploads\/2025\/07\/5.png",800,800,false],"2048x2048":["https:\/\/jinancuchem.com\/wp-content\/uploads\/2025\/07\/5.png",800,800,false],"trp-custom-language-flag":["https:\/\/jinancuchem.com\/wp-content\/uploads\/2025\/07\/5-12x12.png",12,12,true],"woocommerce_thumbnail":["https:\/\/jinancuchem.com\/wp-content\/uploads\/2025\/07\/5-300x300.png",300,300,true],"woocommerce_single":["https:\/\/jinancuchem.com\/wp-content\/uploads\/2025\/07\/5-600x600.png",500,500,true],"woocommerce_gallery_thumbnail":["https:\/\/jinancuchem.com\/wp-content\/uploads\/2025\/07\/5-100x100.png",100,100,true]},"uagb_author_info":{"display_name":"jinxing6611@gmail.com","author_link":"https:\/\/jinancuchem.com\/fr\/author\/"},"uagb_comment_info":0,"uagb_excerpt":"\u3010CAS\u3011110-19-0 Alias: sobutylacetate,2-methylpropylacetate;ISOBUTYL ACETATE(SG) Molecular formula: C6H12O2\u00a0\u00a0\u00a0Relative molecular mass: 116.16 Structural formula: &nbsp; 1.Product Property Isobutyl acetate is also known as Acetic Acid Isobutyl Ester. It is the esterification product of acetic acid and 2-butanol. It is a water-white liquid with a gentle fruity ester aroma. It is slightly soluble in water and miscible with\u2026","_links":{"self":[{"href":"https:\/\/jinancuchem.com\/fr\/wp-json\/wp\/v2\/product\/4148","targetHints":{"allow":["GET"]}}],"collection":[{"href":"https:\/\/jinancuchem.com\/fr\/wp-json\/wp\/v2\/product"}],"about":[{"href":"https:\/\/jinancuchem.com\/fr\/wp-json\/wp\/v2\/types\/product"}],"wp:featuredmedia":[{"embeddable":true,"href":"https:\/\/jinancuchem.com\/fr\/wp-json\/wp\/v2\/media\/4152"}],"wp:attachment":[{"href":"https:\/\/jinancuchem.com\/fr\/wp-json\/wp\/v2\/media?parent=4148"}],"wp:term":[{"taxonomy":"product_brand","embeddable":true,"href":"https:\/\/jinancuchem.com\/fr\/wp-json\/wp\/v2\/product_brand?post=4148"},{"taxonomy":"product_cat","embeddable":true,"href":"https:\/\/jinancuchem.com\/fr\/wp-json\/wp\/v2\/product_cat?post=4148"},{"taxonomy":"product_tag","embeddable":true,"href":"https:\/\/jinancuchem.com\/fr\/wp-json\/wp\/v2\/product_tag?post=4148"}],"curies":[{"name":"wp","href":"https:\/\/api.w.org\/{rel}","templated":true}]}}