{"id":4151,"date":"2025-07-25T02:49:06","date_gmt":"2025-07-25T02:49:06","guid":{"rendered":"https:\/\/jinancuchem.com\/?post_type=product&#038;p=4151"},"modified":"2025-07-25T02:49:06","modified_gmt":"2025-07-25T02:49:06","slug":"acrylic-acid-2-hydroxypropyl-acrylate-copolymer%ef%bc%88t-225%ef%bc%89","status":"publish","type":"product","link":"https:\/\/jinancuchem.com\/fr\/produit\/acrylic-acid-2-hydroxypropyl-acrylate-copolymer%ef%bc%88t-225%ef%bc%89\/","title":{"rendered":"Copolym\u00e8re d'acide acrylique et d'acrylate de 2-hydroxypropyle\uff08T-225\uff09"},"content":{"rendered":"<p>Copolym\u00e8re d'acide acrylique et d'acrylate de 2-hydroxypropyle<\/p>\n<p>Description du produit : Le copolym\u00e8re MA-AA est un agent de traitement de l'eau form\u00e9 par la copolym\u00e9risation de l'acide mal\u00e9ique et de l'acide acrylique dans un certain rapport. Ce produit a un fort effet dispersant sur les carbonates et autres substances. Il a une grande stabilit\u00e9 thermique et peut \u00eatre utilis\u00e9 dans des conditions difficiles telles que la temp\u00e9rature \u00e9lev\u00e9e de 300\u2103. Il est utilis\u00e9 comme inhibiteur de tartre dispersant dans l'industrie du traitement des eaux industrielles et comme agent ch\u00e9lateur dispersant dans l'industrie de la teinture.<\/p>\n<p>\u3010CAS\u3011 26677-99-6 Alias\uff1a MA\/AA<\/p>\n<p>Formule structurelle<img alt=\"\" fetchpriority=\"high\" decoding=\"async\" class=\"alignnone size-full wp-image-4147\" src=\"https:\/\/jinancuchem.com\/wp-content\/uploads\/2025\/07\/\u672a\u6807\u9898-1-1.jpg\" width=\"800\" height=\"800\" srcset=\"https:\/\/jinancuchem.com\/wp-content\/uploads\/2025\/07\/\u672a\u6807\u9898-1-1.jpg 800w, https:\/\/jinancuchem.com\/wp-content\/uploads\/2025\/07\/\u672a\u6807\u9898-1-1-300x300.jpg 300w, https:\/\/jinancuchem.com\/wp-content\/uploads\/2025\/07\/\u672a\u6807\u9898-1-1-150x150.jpg 150w, https:\/\/jinancuchem.com\/wp-content\/uploads\/2025\/07\/\u672a\u6807\u9898-1-1-768x768.jpg 768w, https:\/\/jinancuchem.com\/wp-content\/uploads\/2025\/07\/\u672a\u6807\u9898-1-1-12x12.jpg 12w, https:\/\/jinancuchem.com\/wp-content\/uploads\/2025\/07\/\u672a\u6807\u9898-1-1-600x600.jpg 600w, https:\/\/jinancuchem.com\/wp-content\/uploads\/2025\/07\/\u672a\u6807\u9898-1-1-100x100.jpg 100w\" sizes=\"(max-width: 800px) 100vw, 800px\" \/><\/p>\n<ol start=\"2\">\n<li>Propri\u00e9t\u00e9s :<\/li>\n<\/ol>\n<p>Il pr\u00e9sente de meilleures caract\u00e9ristiques d'inhibition et de dispersion du calcaire que le produit similaire T-225 de la soci\u00e9t\u00e9 Kurita, qui peut \u00eatre construit avec du phosphate organique, avec un effet sp\u00e9cial d'inhibition et de dispersion du phosphate de calcium, de l'oxyde ferrique et de la salet\u00e9, dispersant l'argile et les taches de graisse avec une certaine fonction d'inhibition de la corrosion.<\/p>\n<ol start=\"3\">\n<li>Utilisation :<\/li>\n<\/ol>\n<p>Le copolym\u00e8re d'acrylate est dot\u00e9 d'une fonction d'inhibition et de dispersion dans un syst\u00e8me d'eau froide \u00e0 circulation ouverte et peut \u00eatre utilis\u00e9 ind\u00e9pendamment ou associ\u00e9 \u00e0 d'autres produits chimiques dans des syst\u00e8mes d'eau tels que l'eau de refroidissement ou l'eau de chaudi\u00e8re.<\/p>\n<ol start=\"4\">\n<li>Indice de qualit\u00e9 :<\/li>\n<\/ol>\n<table>\n<tbody>\n<tr>\n<td rowspan=\"2\" width=\"211\">articles<\/td>\n<td colspan=\"2\">index<\/td>\n<\/tr>\n<tr>\n<td>Neutre<\/td>\n<td>Acide<\/td>\n<\/tr>\n<tr>\n<td width=\"211\">Apparence<\/td>\n<td colspan=\"2\" width=\"350\">Liquide incolore \u00e0 jaune<\/td>\n<\/tr>\n<tr>\n<td width=\"211\">Contenu solide %<\/td>\n<td width=\"175\">30.0 min<\/td>\n<td width=\"174\">30.0 min<\/td>\n<\/tr>\n<tr>\n<td width=\"211\">Monom\u00e8re libre (comme AA )%<\/td>\n<td width=\"175\">0,5 max<\/td>\n<td width=\"174\">0,5 max<\/td>\n<\/tr>\n<tr>\n<td width=\"211\">pH(solution d'eau 1%)<\/td>\n<td width=\"175\">7.5\u00b11.0<\/td>\n<td width=\"174\">2.5\u00b10.5<\/td>\n<\/tr>\n<tr>\n<td width=\"211\">Nombre de viscosit\u00e9 limite (30\u2103) dl\/g<\/td>\n<td colspan=\"2\" width=\"350\">0.065~0.095<\/td>\n<\/tr>\n<tr>\n<td width=\"211\">Densit\u00e9 (20\u2103)g\/cm3<\/td>\n<td colspan=\"2\" width=\"350\">1.10 m<\/td>\n<\/tr>\n<\/tbody>\n<\/table>\n<ol start=\"5\">\n<li>Emballage et stockage :<\/li>\n<\/ol>\n<p>Il est emball\u00e9 dans des seaux en plastique d'un poids net de 25 kg et stock\u00e9 dans une pi\u00e8ce de \u3009-5\u2103.<\/p>","protected":false},"excerpt":{"rendered":"<p>Acrylic Acid-2-Hydroxypropyl Acrylate Copolymer Product Description: The copolymer MA-AA is a water treatment agent formed by the copolymerization of maleic acid and acrylic acid in a certain ratio. This product has a strong dispersing effect on carbonates and other substances. It has high thermal stability and can be used under harsh conditions such as 300\u2103 [&hellip;]<\/p>\n","protected":false},"featured_media":4147,"template":"","meta":{"_seopress_robots_primary_cat":"","_seopress_titles_title":"","_seopress_titles_desc":"","_seopress_robots_index":"","_uag_custom_page_level_css":"","site-sidebar-layout":"default","site-content-layout":"","ast-site-content-layout":"default","site-content-style":"default","site-sidebar-style":"default","ast-global-header-display":"","ast-banner-title-visibility":"","ast-main-header-display":"","ast-hfb-above-header-display":"","ast-hfb-below-header-display":"","ast-hfb-mobile-header-display":"","site-post-title":"","ast-breadcrumbs-content":"","ast-featured-img":"","footer-sml-layout":"","theme-transparent-header-meta":"default","adv-header-id-meta":"","stick-header-meta":"default","header-above-stick-meta":"","header-main-stick-meta":"","header-below-stick-meta":"","astra-migrate-meta-layouts":"set","ast-page-background-enabled":"default","ast-page-background-meta":{"desktop":{"background-color":"","background-image":"","background-repeat":"repeat","background-position":"center center","background-size":"auto","background-attachment":"scroll","background-type":"","background-media":"","overlay-type":"","overlay-color":"","overlay-opacity":"","overlay-gradient":""},"tablet":{"background-color":"","background-image":"","background-repeat":"repeat","background-position":"center center","background-size":"auto","background-attachment":"scroll","background-type":"","background-media":"","overlay-type":"","overlay-color":"","overlay-opacity":"","overlay-gradient":""},"mobile":{"background-color":"","background-image":"","background-repeat":"repeat","background-position":"center center","background-size":"auto","background-attachment":"scroll","background-type":"","background-media":"","overlay-type":"","overlay-color":"","overlay-opacity":"","overlay-gradient":""}},"ast-content-background-meta":{"desktop":{"background-color":"var(--ast-global-color-5)","background-image":"","background-repeat":"repeat","background-position":"center center","background-size":"auto","background-attachment":"scroll","background-type":"","background-media":"","overlay-type":"","overlay-color":"","overlay-opacity":"","overlay-gradient":""},"tablet":{"background-color":"var(--ast-global-color-5)","background-image":"","background-repeat":"repeat","background-position":"center center","background-size":"auto","background-attachment":"scroll","background-type":"","background-media":"","overlay-type":"","overlay-color":"","overlay-opacity":"","overlay-gradient":""},"mobile":{"background-color":"var(--ast-global-color-5)","background-image":"","background-repeat":"repeat","background-position":"center center","background-size":"auto","background-attachment":"scroll","background-type":"","background-media":"","overlay-type":"","overlay-color":"","overlay-opacity":"","overlay-gradient":""}}},"product_brand":[],"product_cat":[66],"product_tag":[],"class_list":{"0":"post-4151","1":"product","2":"type-product","3":"status-publish","4":"has-post-thumbnail","6":"product_cat-water-treatment-raw-materials","7":"desktop-align-left","8":"tablet-align-left","9":"mobile-align-left","10":"ast-product-gallery-layout-horizontal-slider","11":"ast-product-gallery-with-no-image","12":"ast-product-tabs-layout-horizontal","14":"first","15":"instock","16":"shipping-taxable","17":"product-type-simple"},"uagb_featured_image_src":{"full":["https:\/\/jinancuchem.com\/wp-content\/uploads\/2025\/07\/\u672a\u6807\u9898-1-1.jpg",800,800,false],"thumbnail":["https:\/\/jinancuchem.com\/wp-content\/uploads\/2025\/07\/\u672a\u6807\u9898-1-1-150x150.jpg",150,150,true],"medium":["https:\/\/jinancuchem.com\/wp-content\/uploads\/2025\/07\/\u672a\u6807\u9898-1-1-300x300.jpg",300,300,true],"medium_large":["https:\/\/jinancuchem.com\/wp-content\/uploads\/2025\/07\/\u672a\u6807\u9898-1-1-768x768.jpg",768,768,true],"large":["https:\/\/jinancuchem.com\/wp-content\/uploads\/2025\/07\/\u672a\u6807\u9898-1-1.jpg",800,800,false],"1536x1536":["https:\/\/jinancuchem.com\/wp-content\/uploads\/2025\/07\/\u672a\u6807\u9898-1-1.jpg",800,800,false],"2048x2048":["https:\/\/jinancuchem.com\/wp-content\/uploads\/2025\/07\/\u672a\u6807\u9898-1-1.jpg",800,800,false],"trp-custom-language-flag":["https:\/\/jinancuchem.com\/wp-content\/uploads\/2025\/07\/\u672a\u6807\u9898-1-1-12x12.jpg",12,12,true],"woocommerce_thumbnail":["https:\/\/jinancuchem.com\/wp-content\/uploads\/2025\/07\/\u672a\u6807\u9898-1-1-300x300.jpg",300,300,true],"woocommerce_single":["https:\/\/jinancuchem.com\/wp-content\/uploads\/2025\/07\/\u672a\u6807\u9898-1-1-600x600.jpg",500,500,true],"woocommerce_gallery_thumbnail":["https:\/\/jinancuchem.com\/wp-content\/uploads\/2025\/07\/\u672a\u6807\u9898-1-1-100x100.jpg",100,100,true]},"uagb_author_info":{"display_name":"jinxing6611@gmail.com","author_link":"https:\/\/jinancuchem.com\/fr\/author\/"},"uagb_comment_info":0,"uagb_excerpt":"Acrylic Acid-2-Hydroxypropyl Acrylate Copolymer Product Description: The copolymer MA-AA is a water treatment agent formed by the copolymerization of maleic acid and acrylic acid in a certain ratio. This product has a strong dispersing effect on carbonates and other substances. It has high thermal stability and can be used under harsh conditions such as 300\u2103\u2026","_links":{"self":[{"href":"https:\/\/jinancuchem.com\/fr\/wp-json\/wp\/v2\/product\/4151","targetHints":{"allow":["GET"]}}],"collection":[{"href":"https:\/\/jinancuchem.com\/fr\/wp-json\/wp\/v2\/product"}],"about":[{"href":"https:\/\/jinancuchem.com\/fr\/wp-json\/wp\/v2\/types\/product"}],"wp:featuredmedia":[{"embeddable":true,"href":"https:\/\/jinancuchem.com\/fr\/wp-json\/wp\/v2\/media\/4147"}],"wp:attachment":[{"href":"https:\/\/jinancuchem.com\/fr\/wp-json\/wp\/v2\/media?parent=4151"}],"wp:term":[{"taxonomy":"product_brand","embeddable":true,"href":"https:\/\/jinancuchem.com\/fr\/wp-json\/wp\/v2\/product_brand?post=4151"},{"taxonomy":"product_cat","embeddable":true,"href":"https:\/\/jinancuchem.com\/fr\/wp-json\/wp\/v2\/product_cat?post=4151"},{"taxonomy":"product_tag","embeddable":true,"href":"https:\/\/jinancuchem.com\/fr\/wp-json\/wp\/v2\/product_tag?post=4151"}],"curies":[{"name":"wp","href":"https:\/\/api.w.org\/{rel}","templated":true}]}}